{"id":2754,"date":"2020-07-02T16:52:03","date_gmt":"2020-07-02T16:52:03","guid":{"rendered":"https:\/\/todotrial.com\/tienda\/product\/dvds-tt2015-02-13-17-27-57\/"},"modified":"2025-02-20T17:28:54","modified_gmt":"2025-02-20T16:28:54","slug":"dvds-tt2015-02-13-17-27-57","status":"publish","type":"product","link":"https:\/\/todotrial.com\/tienda\/dvds-tt2015-02-13-17-27-57\/","title":{"rendered":"TT 2000-09 (10 DVD) Boxset incl TT Centenary Celebration"},"content":{"rendered":"<p>TT 2000-09 (10 DVD) Boxset incl TT Centenary Celebration DVD<\/p>\n<p>Esta colecci\u00f3n asombrosa re\u00fane la acci\u00f3n r\u00e1pida y competitiva de una d\u00e9cada que hace historia de la Isla de Man TT.<\/p>\n<p>Recogiendo donde el sistema del Set de 1985-1999 TT lo dej\u00f3, esta colecci\u00f3n de 12 discos ofrece las revisiones oficiales completas de todas las reuniones TT 2000-2009, con la cobertura de cada Semana de Pr\u00e1ctica y la acci\u00f3n de cada carrera.<\/p>\n<p>La revision de cada a\u00f1o se completa con lo mejor material de archivo, incluyendo la h\u00e1bil combinaci\u00f3n de on board, tierra y trabajo de c\u00e1mara a\u00e9rea que ha permitido la cobertura del TT de permanecer a la vanguardia. Adem\u00e1s, por supuesto, hay un mont\u00f3n de entrevistas y extras.<\/p>\n<p>La colecci\u00f3n est\u00e1 llena de h\u00e9roes, leyendas, m\u00e1quinas y momentos ic\u00f3nicos de la era definitoria que trajeron el TT en el siglo 21, y vieron el evento a trav\u00e9s de su 100 aniversario y m\u00e1s all\u00e1.<\/p>\n<p>Por supuesto, no hab\u00eda carreras en 2001 debido a la aparici\u00f3n de enfermedades de la fiebre aftosa, lo que no hay revisi\u00f3n de DVD para ese a\u00f1o. En cambio, para asegurar que usted reciba 10 DVDs y una historia completa de la d\u00e9cada, hemos incluido el TT documental aclamado por la cr\u00edtica: Celebraci\u00f3n del Centenario, presentado por Murray Walker.<\/p>\n<p>Idioma: Ingl\u00e9s ( Aunque lo verdaderamente importante son las im\u00e1genes y el ruido ambiente de las maquinas)<\/p>\n","protected":false},"excerpt":{"rendered":"<p>TT 2000-09 (10 DVD) Boxset incl TT Centenary Celebration DVD-2.071 minutos<\/p>\n","protected":false},"featured_media":2753,"comment_status":"open","ping_status":"closed","template":"","meta":[],"product_brand":[],"product_cat":[15],"product_tag":[],"class_list":{"0":"post-2754","1":"product","2":"type-product","3":"status-publish","4":"has-post-thumbnail","6":"product_cat-uncategorized","8":"first","9":"outofstock","10":"taxable","11":"shipping-taxable","12":"purchasable","13":"product-type-simple"},"yoast_head":"<!-- This site is optimized with the Yoast SEO Premium plugin v21.2 (Yoast SEO v27.3) - https:\/\/yoast.com\/product\/yoast-seo-premium-wordpress\/ -->\n<title>TT 2000-09 (10 DVD) Boxset incl TT Centenary Celebration - Tienda de todotrial<\/title>\n<meta name=\"robots\" content=\"index, follow, max-snippet:-1, max-image-preview:large, max-video-preview:-1\" \/>\n<link rel=\"canonical\" href=\"https:\/\/todotrial.com\/tienda\/dvds-tt2015-02-13-17-27-57\/\" \/>\n<meta property=\"og:locale\" content=\"es_ES\" \/>\n<meta property=\"og:type\" content=\"article\" \/>\n<meta property=\"og:title\" content=\"TT 2000-09 (10 DVD) Boxset incl TT Centenary Celebration\" \/>\n<meta property=\"og:description\" content=\"TT 2000-09 (10 DVD) Boxset incl TT Centenary Celebration DVD-2.071 minutos\" \/>\n<meta property=\"og:url\" content=\"https:\/\/todotrial.com\/tienda\/dvds-tt2015-02-13-17-27-57\/\" \/>\n<meta property=\"og:site_name\" content=\"Tienda de todotrial\" \/>\n<meta property=\"article:modified_time\" content=\"2025-02-20T16:28:54+00:00\" \/>\n<meta property=\"og:image\" content=\"https:\/\/todotrial.com\/tienda\/wp-content\/uploads\/2020\/07\/1754.jpg\" \/>\n\t<meta property=\"og:image:width\" content=\"360\" \/>\n\t<meta property=\"og:image:height\" content=\"366\" \/>\n\t<meta property=\"og:image:type\" content=\"image\/jpeg\" \/>\n<meta name=\"twitter:card\" content=\"summary_large_image\" \/>\n<meta name=\"twitter:label1\" content=\"Tiempo de lectura\" \/>\n\t<meta name=\"twitter:data1\" content=\"1 minuto\" \/>\n<script type=\"application\/ld+json\" class=\"yoast-schema-graph\">{\"@context\":\"https:\\\/\\\/schema.org\",\"@graph\":[{\"@type\":\"WebPage\",\"@id\":\"https:\\\/\\\/todotrial.com\\\/tienda\\\/dvds-tt2015-02-13-17-27-57\\\/\",\"url\":\"https:\\\/\\\/todotrial.com\\\/tienda\\\/dvds-tt2015-02-13-17-27-57\\\/\",\"name\":\"TT 2000-09 (10 DVD) Boxset incl TT Centenary Celebration - Tienda de todotrial\",\"isPartOf\":{\"@id\":\"https:\\\/\\\/todotrial.com\\\/tienda\\\/#website\"},\"primaryImageOfPage\":{\"@id\":\"https:\\\/\\\/todotrial.com\\\/tienda\\\/dvds-tt2015-02-13-17-27-57\\\/#primaryimage\"},\"image\":{\"@id\":\"https:\\\/\\\/todotrial.com\\\/tienda\\\/dvds-tt2015-02-13-17-27-57\\\/#primaryimage\"},\"thumbnailUrl\":\"https:\\\/\\\/todotrial.com\\\/tienda\\\/wp-content\\\/uploads\\\/2020\\\/07\\\/1754.jpg\",\"datePublished\":\"2020-07-02T16:52:03+00:00\",\"dateModified\":\"2025-02-20T16:28:54+00:00\",\"breadcrumb\":{\"@id\":\"https:\\\/\\\/todotrial.com\\\/tienda\\\/dvds-tt2015-02-13-17-27-57\\\/#breadcrumb\"},\"inLanguage\":\"es\",\"potentialAction\":[{\"@type\":\"ReadAction\",\"target\":[\"https:\\\/\\\/todotrial.com\\\/tienda\\\/dvds-tt2015-02-13-17-27-57\\\/\"]}]},{\"@type\":\"ImageObject\",\"inLanguage\":\"es\",\"@id\":\"https:\\\/\\\/todotrial.com\\\/tienda\\\/dvds-tt2015-02-13-17-27-57\\\/#primaryimage\",\"url\":\"https:\\\/\\\/todotrial.com\\\/tienda\\\/wp-content\\\/uploads\\\/2020\\\/07\\\/1754.jpg\",\"contentUrl\":\"https:\\\/\\\/todotrial.com\\\/tienda\\\/wp-content\\\/uploads\\\/2020\\\/07\\\/1754.jpg\",\"width\":360,\"height\":366},{\"@type\":\"BreadcrumbList\",\"@id\":\"https:\\\/\\\/todotrial.com\\\/tienda\\\/dvds-tt2015-02-13-17-27-57\\\/#breadcrumb\",\"itemListElement\":[{\"@type\":\"ListItem\",\"position\":1,\"name\":\"Portada\",\"item\":\"https:\\\/\\\/todotrial.com\\\/tienda\\\/\"},{\"@type\":\"ListItem\",\"position\":2,\"name\":\"Shop\",\"item\":\"https:\\\/\\\/todotrial.com\\\/tienda\\\/shop\\\/\"},{\"@type\":\"ListItem\",\"position\":3,\"name\":\"TT 2000-09 (10 DVD) Boxset incl TT Centenary Celebration\"}]},{\"@type\":\"WebSite\",\"@id\":\"https:\\\/\\\/todotrial.com\\\/tienda\\\/#website\",\"url\":\"https:\\\/\\\/todotrial.com\\\/tienda\\\/\",\"name\":\"Tienda de todotrial\",\"description\":\"\",\"potentialAction\":[{\"@type\":\"SearchAction\",\"target\":{\"@type\":\"EntryPoint\",\"urlTemplate\":\"https:\\\/\\\/todotrial.com\\\/tienda\\\/?s={search_term_string}\"},\"query-input\":{\"@type\":\"PropertyValueSpecification\",\"valueRequired\":true,\"valueName\":\"search_term_string\"}}],\"inLanguage\":\"es\"}]}<\/script>\n<!-- \/ Yoast SEO Premium plugin. -->","yoast_head_json":{"title":"TT 2000-09 (10 DVD) Boxset incl TT Centenary Celebration - Tienda de todotrial","robots":{"index":"index","follow":"follow","max-snippet":"max-snippet:-1","max-image-preview":"max-image-preview:large","max-video-preview":"max-video-preview:-1"},"canonical":"https:\/\/todotrial.com\/tienda\/dvds-tt2015-02-13-17-27-57\/","og_locale":"es_ES","og_type":"article","og_title":"TT 2000-09 (10 DVD) Boxset incl TT Centenary Celebration","og_description":"TT 2000-09 (10 DVD) Boxset incl TT Centenary Celebration DVD-2.071 minutos","og_url":"https:\/\/todotrial.com\/tienda\/dvds-tt2015-02-13-17-27-57\/","og_site_name":"Tienda de todotrial","article_modified_time":"2025-02-20T16:28:54+00:00","og_image":[{"width":360,"height":366,"url":"https:\/\/todotrial.com\/tienda\/wp-content\/uploads\/2020\/07\/1754.jpg","type":"image\/jpeg"}],"twitter_card":"summary_large_image","twitter_misc":{"Tiempo de lectura":"1 minuto"},"schema":{"@context":"https:\/\/schema.org","@graph":[{"@type":"WebPage","@id":"https:\/\/todotrial.com\/tienda\/dvds-tt2015-02-13-17-27-57\/","url":"https:\/\/todotrial.com\/tienda\/dvds-tt2015-02-13-17-27-57\/","name":"TT 2000-09 (10 DVD) Boxset incl TT Centenary Celebration - Tienda de todotrial","isPartOf":{"@id":"https:\/\/todotrial.com\/tienda\/#website"},"primaryImageOfPage":{"@id":"https:\/\/todotrial.com\/tienda\/dvds-tt2015-02-13-17-27-57\/#primaryimage"},"image":{"@id":"https:\/\/todotrial.com\/tienda\/dvds-tt2015-02-13-17-27-57\/#primaryimage"},"thumbnailUrl":"https:\/\/todotrial.com\/tienda\/wp-content\/uploads\/2020\/07\/1754.jpg","datePublished":"2020-07-02T16:52:03+00:00","dateModified":"2025-02-20T16:28:54+00:00","breadcrumb":{"@id":"https:\/\/todotrial.com\/tienda\/dvds-tt2015-02-13-17-27-57\/#breadcrumb"},"inLanguage":"es","potentialAction":[{"@type":"ReadAction","target":["https:\/\/todotrial.com\/tienda\/dvds-tt2015-02-13-17-27-57\/"]}]},{"@type":"ImageObject","inLanguage":"es","@id":"https:\/\/todotrial.com\/tienda\/dvds-tt2015-02-13-17-27-57\/#primaryimage","url":"https:\/\/todotrial.com\/tienda\/wp-content\/uploads\/2020\/07\/1754.jpg","contentUrl":"https:\/\/todotrial.com\/tienda\/wp-content\/uploads\/2020\/07\/1754.jpg","width":360,"height":366},{"@type":"BreadcrumbList","@id":"https:\/\/todotrial.com\/tienda\/dvds-tt2015-02-13-17-27-57\/#breadcrumb","itemListElement":[{"@type":"ListItem","position":1,"name":"Portada","item":"https:\/\/todotrial.com\/tienda\/"},{"@type":"ListItem","position":2,"name":"Shop","item":"https:\/\/todotrial.com\/tienda\/shop\/"},{"@type":"ListItem","position":3,"name":"TT 2000-09 (10 DVD) Boxset incl TT Centenary Celebration"}]},{"@type":"WebSite","@id":"https:\/\/todotrial.com\/tienda\/#website","url":"https:\/\/todotrial.com\/tienda\/","name":"Tienda de todotrial","description":"","potentialAction":[{"@type":"SearchAction","target":{"@type":"EntryPoint","urlTemplate":"https:\/\/todotrial.com\/tienda\/?s={search_term_string}"},"query-input":{"@type":"PropertyValueSpecification","valueRequired":true,"valueName":"search_term_string"}}],"inLanguage":"es"}]}},"_links":{"self":[{"href":"https:\/\/todotrial.com\/tienda\/wp-json\/wp\/v2\/product\/2754","targetHints":{"allow":["GET"]}}],"collection":[{"href":"https:\/\/todotrial.com\/tienda\/wp-json\/wp\/v2\/product"}],"about":[{"href":"https:\/\/todotrial.com\/tienda\/wp-json\/wp\/v2\/types\/product"}],"replies":[{"embeddable":true,"href":"https:\/\/todotrial.com\/tienda\/wp-json\/wp\/v2\/comments?post=2754"}],"version-history":[{"count":0,"href":"https:\/\/todotrial.com\/tienda\/wp-json\/wp\/v2\/product\/2754\/revisions"}],"wp:featuredmedia":[{"embeddable":true,"href":"https:\/\/todotrial.com\/tienda\/wp-json\/wp\/v2\/media\/2753"}],"wp:attachment":[{"href":"https:\/\/todotrial.com\/tienda\/wp-json\/wp\/v2\/media?parent=2754"}],"wp:term":[{"taxonomy":"product_brand","embeddable":true,"href":"https:\/\/todotrial.com\/tienda\/wp-json\/wp\/v2\/product_brand?post=2754"},{"taxonomy":"product_cat","embeddable":true,"href":"https:\/\/todotrial.com\/tienda\/wp-json\/wp\/v2\/product_cat?post=2754"},{"taxonomy":"product_tag","embeddable":true,"href":"https:\/\/todotrial.com\/tienda\/wp-json\/wp\/v2\/product_tag?post=2754"}],"curies":[{"name":"wp","href":"https:\/\/api.w.org\/{rel}","templated":true}]}}