{"id":2752,"date":"2020-07-02T16:51:58","date_gmt":"2020-07-02T16:51:58","guid":{"rendered":"https:\/\/todotrial.com\/tienda\/product\/dvds-tt2015-02-13-16-38-41\/"},"modified":"2025-02-20T17:28:55","modified_gmt":"2025-02-20T16:28:55","slug":"dvds-tt2015-02-13-16-38-41","status":"publish","type":"product","link":"https:\/\/todotrial.com\/tienda\/dvds-tt2015-02-13-16-38-41\/","title":{"rendered":"TT Closer To The Edge"},"content":{"rendered":"<p>TT Closer To The Edge DVD<\/p>\n<p>Este impresionante documental sobre el TT ha conseguido audiencias de cine desde su lanzamiento a principios de 2011 y se convirti\u00f3 en un best-seller instant\u00e1neo cuando se lanz\u00f3 en el Reino Unido en DVD y Blu-ray. S\u00f3lo echa un vistazo a algunas de las cr\u00edticas de cine para TT Closer To The Edge<\/p>\n<p>TT3D: Closer to the Edge preseleccionado para cinco premios de la industria:<\/p>\n<p>Campa\u00f1a de Cine Independiente Brit\u00e1nico del A\u00f1o<br \/>Mejor Documental de lanzamiento del A\u00f1o<br \/>Mejor Campa\u00f1a del A\u00f1o para una pel\u00edcula en 3D<br \/>Estreno del A\u00f1o<br \/>V\u00eddeo del A\u00f1o<\/p>\n<p>TT3D:. \u00abAlgunos de los mejores pilotos de la historia reciente, entre ellos Michael Dunlop, John McGuinness, Conor Cummins y Ian Hutchinson, son todos contratados en ofrecer sus experiencias .Todos ellos invariablemente, se han visto envueltos en una larga lista de heridas en los dedos del p\u00ede, complementado por algunos horrible im\u00e1genes de los accidentes, todo se muestra en tres gloriosas dimensiones \u00ab. Top Gear<\/p>\n<p>A pesar de que esto no est\u00e1 en la etiqueta duque &#8211; y yo realmente quer\u00eda que fuera! &#8211; Puedo decir que es la mejor pel\u00edcula sobre un tema deldeporte del motor que he visto, y usted no tiene que ser un forofo del TT para disfrutarlo.<\/p>\n<p>Idioma: Ingl\u00e9s ( Aunque lo verdaderamente importante son las im\u00e1genes y el ruido ambiente de las maquinas)<\/p>\n<p>&nbsp;<\/p>\n","protected":false},"excerpt":{"rendered":"<p>TT Closer To The Edge DVD<\/p>\n","protected":false},"featured_media":2751,"comment_status":"open","ping_status":"closed","template":"","meta":[],"product_brand":[],"product_cat":[15],"product_tag":[],"class_list":{"0":"post-2752","1":"product","2":"type-product","3":"status-publish","4":"has-post-thumbnail","6":"product_cat-uncategorized","8":"first","9":"outofstock","10":"taxable","11":"shipping-taxable","12":"purchasable","13":"product-type-simple"},"yoast_head":"<!-- This site is optimized with the Yoast SEO Premium plugin v21.2 (Yoast SEO v27.3) - https:\/\/yoast.com\/product\/yoast-seo-premium-wordpress\/ -->\n<title>TT Closer To The Edge - Tienda de todotrial<\/title>\n<meta name=\"robots\" content=\"index, follow, max-snippet:-1, max-image-preview:large, max-video-preview:-1\" \/>\n<link rel=\"canonical\" href=\"https:\/\/todotrial.com\/tienda\/dvds-tt2015-02-13-16-38-41\/\" \/>\n<meta property=\"og:locale\" content=\"es_ES\" \/>\n<meta property=\"og:type\" content=\"article\" \/>\n<meta property=\"og:title\" content=\"TT Closer To The Edge\" \/>\n<meta property=\"og:description\" content=\"TT Closer To The Edge DVD\" \/>\n<meta property=\"og:url\" content=\"https:\/\/todotrial.com\/tienda\/dvds-tt2015-02-13-16-38-41\/\" \/>\n<meta property=\"og:site_name\" content=\"Tienda de todotrial\" \/>\n<meta property=\"article:modified_time\" content=\"2025-02-20T16:28:55+00:00\" \/>\n<meta property=\"og:image\" content=\"https:\/\/todotrial.com\/tienda\/wp-content\/uploads\/2020\/07\/8888.jpg\" \/>\n\t<meta property=\"og:image:width\" content=\"360\" \/>\n\t<meta property=\"og:image:height\" content=\"559\" \/>\n\t<meta property=\"og:image:type\" content=\"image\/jpeg\" \/>\n<meta name=\"twitter:card\" content=\"summary_large_image\" \/>\n<meta name=\"twitter:label1\" content=\"Tiempo de lectura\" \/>\n\t<meta name=\"twitter:data1\" content=\"1 minuto\" \/>\n<script type=\"application\/ld+json\" class=\"yoast-schema-graph\">{\"@context\":\"https:\\\/\\\/schema.org\",\"@graph\":[{\"@type\":\"WebPage\",\"@id\":\"https:\\\/\\\/todotrial.com\\\/tienda\\\/dvds-tt2015-02-13-16-38-41\\\/\",\"url\":\"https:\\\/\\\/todotrial.com\\\/tienda\\\/dvds-tt2015-02-13-16-38-41\\\/\",\"name\":\"TT Closer To The Edge - Tienda de todotrial\",\"isPartOf\":{\"@id\":\"https:\\\/\\\/todotrial.com\\\/tienda\\\/#website\"},\"primaryImageOfPage\":{\"@id\":\"https:\\\/\\\/todotrial.com\\\/tienda\\\/dvds-tt2015-02-13-16-38-41\\\/#primaryimage\"},\"image\":{\"@id\":\"https:\\\/\\\/todotrial.com\\\/tienda\\\/dvds-tt2015-02-13-16-38-41\\\/#primaryimage\"},\"thumbnailUrl\":\"https:\\\/\\\/todotrial.com\\\/tienda\\\/wp-content\\\/uploads\\\/2020\\\/07\\\/8888.jpg\",\"datePublished\":\"2020-07-02T16:51:58+00:00\",\"dateModified\":\"2025-02-20T16:28:55+00:00\",\"breadcrumb\":{\"@id\":\"https:\\\/\\\/todotrial.com\\\/tienda\\\/dvds-tt2015-02-13-16-38-41\\\/#breadcrumb\"},\"inLanguage\":\"es\",\"potentialAction\":[{\"@type\":\"ReadAction\",\"target\":[\"https:\\\/\\\/todotrial.com\\\/tienda\\\/dvds-tt2015-02-13-16-38-41\\\/\"]}]},{\"@type\":\"ImageObject\",\"inLanguage\":\"es\",\"@id\":\"https:\\\/\\\/todotrial.com\\\/tienda\\\/dvds-tt2015-02-13-16-38-41\\\/#primaryimage\",\"url\":\"https:\\\/\\\/todotrial.com\\\/tienda\\\/wp-content\\\/uploads\\\/2020\\\/07\\\/8888.jpg\",\"contentUrl\":\"https:\\\/\\\/todotrial.com\\\/tienda\\\/wp-content\\\/uploads\\\/2020\\\/07\\\/8888.jpg\",\"width\":360,\"height\":559},{\"@type\":\"BreadcrumbList\",\"@id\":\"https:\\\/\\\/todotrial.com\\\/tienda\\\/dvds-tt2015-02-13-16-38-41\\\/#breadcrumb\",\"itemListElement\":[{\"@type\":\"ListItem\",\"position\":1,\"name\":\"Portada\",\"item\":\"https:\\\/\\\/todotrial.com\\\/tienda\\\/\"},{\"@type\":\"ListItem\",\"position\":2,\"name\":\"Shop\",\"item\":\"https:\\\/\\\/todotrial.com\\\/tienda\\\/shop\\\/\"},{\"@type\":\"ListItem\",\"position\":3,\"name\":\"TT Closer To The Edge\"}]},{\"@type\":\"WebSite\",\"@id\":\"https:\\\/\\\/todotrial.com\\\/tienda\\\/#website\",\"url\":\"https:\\\/\\\/todotrial.com\\\/tienda\\\/\",\"name\":\"Tienda de todotrial\",\"description\":\"\",\"potentialAction\":[{\"@type\":\"SearchAction\",\"target\":{\"@type\":\"EntryPoint\",\"urlTemplate\":\"https:\\\/\\\/todotrial.com\\\/tienda\\\/?s={search_term_string}\"},\"query-input\":{\"@type\":\"PropertyValueSpecification\",\"valueRequired\":true,\"valueName\":\"search_term_string\"}}],\"inLanguage\":\"es\"}]}<\/script>\n<!-- \/ Yoast SEO Premium plugin. -->","yoast_head_json":{"title":"TT Closer To The Edge - Tienda de todotrial","robots":{"index":"index","follow":"follow","max-snippet":"max-snippet:-1","max-image-preview":"max-image-preview:large","max-video-preview":"max-video-preview:-1"},"canonical":"https:\/\/todotrial.com\/tienda\/dvds-tt2015-02-13-16-38-41\/","og_locale":"es_ES","og_type":"article","og_title":"TT Closer To The Edge","og_description":"TT Closer To The Edge DVD","og_url":"https:\/\/todotrial.com\/tienda\/dvds-tt2015-02-13-16-38-41\/","og_site_name":"Tienda de todotrial","article_modified_time":"2025-02-20T16:28:55+00:00","og_image":[{"width":360,"height":559,"url":"https:\/\/todotrial.com\/tienda\/wp-content\/uploads\/2020\/07\/8888.jpg","type":"image\/jpeg"}],"twitter_card":"summary_large_image","twitter_misc":{"Tiempo de lectura":"1 minuto"},"schema":{"@context":"https:\/\/schema.org","@graph":[{"@type":"WebPage","@id":"https:\/\/todotrial.com\/tienda\/dvds-tt2015-02-13-16-38-41\/","url":"https:\/\/todotrial.com\/tienda\/dvds-tt2015-02-13-16-38-41\/","name":"TT Closer To The Edge - Tienda de todotrial","isPartOf":{"@id":"https:\/\/todotrial.com\/tienda\/#website"},"primaryImageOfPage":{"@id":"https:\/\/todotrial.com\/tienda\/dvds-tt2015-02-13-16-38-41\/#primaryimage"},"image":{"@id":"https:\/\/todotrial.com\/tienda\/dvds-tt2015-02-13-16-38-41\/#primaryimage"},"thumbnailUrl":"https:\/\/todotrial.com\/tienda\/wp-content\/uploads\/2020\/07\/8888.jpg","datePublished":"2020-07-02T16:51:58+00:00","dateModified":"2025-02-20T16:28:55+00:00","breadcrumb":{"@id":"https:\/\/todotrial.com\/tienda\/dvds-tt2015-02-13-16-38-41\/#breadcrumb"},"inLanguage":"es","potentialAction":[{"@type":"ReadAction","target":["https:\/\/todotrial.com\/tienda\/dvds-tt2015-02-13-16-38-41\/"]}]},{"@type":"ImageObject","inLanguage":"es","@id":"https:\/\/todotrial.com\/tienda\/dvds-tt2015-02-13-16-38-41\/#primaryimage","url":"https:\/\/todotrial.com\/tienda\/wp-content\/uploads\/2020\/07\/8888.jpg","contentUrl":"https:\/\/todotrial.com\/tienda\/wp-content\/uploads\/2020\/07\/8888.jpg","width":360,"height":559},{"@type":"BreadcrumbList","@id":"https:\/\/todotrial.com\/tienda\/dvds-tt2015-02-13-16-38-41\/#breadcrumb","itemListElement":[{"@type":"ListItem","position":1,"name":"Portada","item":"https:\/\/todotrial.com\/tienda\/"},{"@type":"ListItem","position":2,"name":"Shop","item":"https:\/\/todotrial.com\/tienda\/shop\/"},{"@type":"ListItem","position":3,"name":"TT Closer To The Edge"}]},{"@type":"WebSite","@id":"https:\/\/todotrial.com\/tienda\/#website","url":"https:\/\/todotrial.com\/tienda\/","name":"Tienda de todotrial","description":"","potentialAction":[{"@type":"SearchAction","target":{"@type":"EntryPoint","urlTemplate":"https:\/\/todotrial.com\/tienda\/?s={search_term_string}"},"query-input":{"@type":"PropertyValueSpecification","valueRequired":true,"valueName":"search_term_string"}}],"inLanguage":"es"}]}},"_links":{"self":[{"href":"https:\/\/todotrial.com\/tienda\/wp-json\/wp\/v2\/product\/2752","targetHints":{"allow":["GET"]}}],"collection":[{"href":"https:\/\/todotrial.com\/tienda\/wp-json\/wp\/v2\/product"}],"about":[{"href":"https:\/\/todotrial.com\/tienda\/wp-json\/wp\/v2\/types\/product"}],"replies":[{"embeddable":true,"href":"https:\/\/todotrial.com\/tienda\/wp-json\/wp\/v2\/comments?post=2752"}],"version-history":[{"count":0,"href":"https:\/\/todotrial.com\/tienda\/wp-json\/wp\/v2\/product\/2752\/revisions"}],"wp:featuredmedia":[{"embeddable":true,"href":"https:\/\/todotrial.com\/tienda\/wp-json\/wp\/v2\/media\/2751"}],"wp:attachment":[{"href":"https:\/\/todotrial.com\/tienda\/wp-json\/wp\/v2\/media?parent=2752"}],"wp:term":[{"taxonomy":"product_brand","embeddable":true,"href":"https:\/\/todotrial.com\/tienda\/wp-json\/wp\/v2\/product_brand?post=2752"},{"taxonomy":"product_cat","embeddable":true,"href":"https:\/\/todotrial.com\/tienda\/wp-json\/wp\/v2\/product_cat?post=2752"},{"taxonomy":"product_tag","embeddable":true,"href":"https:\/\/todotrial.com\/tienda\/wp-json\/wp\/v2\/product_tag?post=2752"}],"curies":[{"name":"wp","href":"https:\/\/api.w.org\/{rel}","templated":true}]}}