{"id":2744,"date":"2020-07-02T16:51:32","date_gmt":"2020-07-02T16:51:32","guid":{"rendered":"https:\/\/todotrial.com\/tienda\/product\/dvds-tt2015-02-12-19-35-08\/"},"modified":"2025-02-20T17:28:59","modified_gmt":"2025-02-20T16:28:59","slug":"dvds-tt2015-02-12-19-35-08","status":"publish","type":"product","link":"https:\/\/todotrial.com\/tienda\/dvds-tt2015-02-12-19-35-08\/","title":{"rendered":"TT 2014 Review DVD"},"content":{"rendered":"<p>TT 2014 Review DVD<\/p>\n<p>La Revista Oficial de la 2014 Isla de Man TT tiene tanta non-stop acci\u00f3n en cuatro horas en las que ha sido dif\u00edcil para los editores saber qu\u00e9 dejar fuera!<\/p>\n<p>\u2022 Michael Dunlop gana 4 carreras &#8211; el nuevo rey de la carretera de la dinast\u00eda Dunlop<\/p>\n<p>\u2022 La primera vuelta 132 mph de \u00abBruce Almighty\u00bb Anstey<\/p>\n<p>Victorias populares para Gary Johnson y Dean Harrison &#8211; superestrellas del TT \u2022<\/p>\n<p>Rendimiento excelente del reci\u00e9n llegado Peter Hickman incluyendo una vuelta 129 mph en una moto Superstock.<\/p>\n<p>\u2022 retorno triunfante de BMW, 75 a\u00f1os despu\u00e9s de la \u00faltima victoria apoyado por su f\u00e1brica<\/p>\n<p>\u2022 Espectaculares vistas y sonidos de la impresionante y nueva competidora Norton<\/p>\n<p>\u2022 la primera victoria de Triumph en 10 a\u00f1os<\/p>\n<p>\u2022 La victoria 17a de Dave Molyneux en Sidecars y la primera para Conrad Harrison<\/p>\n<p>\u2022 John McGuinness bate el r\u00e9cord TT Zero con la vuelta 117 mph en una moto el\u00e9ctrica<\/p>\n<p>Todo est\u00e1 aqu\u00ed, y adem\u00e1s m\u00e1s, por lo que no te pierdas la m\u00e1s completa TT Revisi\u00f3n<\/p>\n<p>Idioma: Ingl\u00e9s ( Aunque lo verdaderamente importante son las im\u00e1genes y el ruido ambiente de las maquinas)<\/p>\n","protected":false},"excerpt":{"rendered":"<p>TT 2014 Review DVD- 240 minutos<\/p>\n","protected":false},"featured_media":2743,"comment_status":"open","ping_status":"closed","template":"","meta":[],"product_brand":[],"product_cat":[15],"product_tag":[],"class_list":{"0":"post-2744","1":"product","2":"type-product","3":"status-publish","4":"has-post-thumbnail","6":"product_cat-uncategorized","8":"first","9":"outofstock","10":"taxable","11":"shipping-taxable","12":"purchasable","13":"product-type-simple"},"yoast_head":"<!-- This site is optimized with the Yoast SEO Premium plugin v21.2 (Yoast SEO v27.4) - https:\/\/yoast.com\/product\/yoast-seo-premium-wordpress\/ -->\n<title>TT 2014 Review DVD - Tienda de todotrial<\/title>\n<meta name=\"robots\" content=\"index, follow, max-snippet:-1, max-image-preview:large, max-video-preview:-1\" \/>\n<link rel=\"canonical\" href=\"https:\/\/todotrial.com\/tienda\/dvds-tt2015-02-12-19-35-08\/\" \/>\n<meta property=\"og:locale\" content=\"es_ES\" \/>\n<meta property=\"og:type\" content=\"article\" \/>\n<meta property=\"og:title\" content=\"TT 2014 Review DVD\" \/>\n<meta property=\"og:description\" content=\"TT 2014 Review DVD- 240 minutos\" \/>\n<meta property=\"og:url\" content=\"https:\/\/todotrial.com\/tienda\/dvds-tt2015-02-12-19-35-08\/\" \/>\n<meta property=\"og:site_name\" content=\"Tienda de todotrial\" \/>\n<meta property=\"article:modified_time\" content=\"2025-02-20T16:28:59+00:00\" \/>\n<meta property=\"og:image\" content=\"https:\/\/todotrial.com\/tienda\/wp-content\/uploads\/2020\/07\/1918.jpg\" \/>\n\t<meta property=\"og:image:width\" content=\"360\" \/>\n\t<meta property=\"og:image:height\" content=\"511\" \/>\n\t<meta property=\"og:image:type\" content=\"image\/jpeg\" \/>\n<meta name=\"twitter:card\" content=\"summary_large_image\" \/>\n<meta name=\"twitter:label1\" content=\"Tiempo de lectura\" \/>\n\t<meta name=\"twitter:data1\" content=\"1 minuto\" \/>\n<script type=\"application\/ld+json\" class=\"yoast-schema-graph\">{\"@context\":\"https:\\\/\\\/schema.org\",\"@graph\":[{\"@type\":\"WebPage\",\"@id\":\"https:\\\/\\\/todotrial.com\\\/tienda\\\/dvds-tt2015-02-12-19-35-08\\\/\",\"url\":\"https:\\\/\\\/todotrial.com\\\/tienda\\\/dvds-tt2015-02-12-19-35-08\\\/\",\"name\":\"TT 2014 Review DVD - Tienda de todotrial\",\"isPartOf\":{\"@id\":\"https:\\\/\\\/todotrial.com\\\/tienda\\\/#website\"},\"primaryImageOfPage\":{\"@id\":\"https:\\\/\\\/todotrial.com\\\/tienda\\\/dvds-tt2015-02-12-19-35-08\\\/#primaryimage\"},\"image\":{\"@id\":\"https:\\\/\\\/todotrial.com\\\/tienda\\\/dvds-tt2015-02-12-19-35-08\\\/#primaryimage\"},\"thumbnailUrl\":\"https:\\\/\\\/todotrial.com\\\/tienda\\\/wp-content\\\/uploads\\\/2020\\\/07\\\/1918.jpg\",\"datePublished\":\"2020-07-02T16:51:32+00:00\",\"dateModified\":\"2025-02-20T16:28:59+00:00\",\"breadcrumb\":{\"@id\":\"https:\\\/\\\/todotrial.com\\\/tienda\\\/dvds-tt2015-02-12-19-35-08\\\/#breadcrumb\"},\"inLanguage\":\"es\",\"potentialAction\":[{\"@type\":\"ReadAction\",\"target\":[\"https:\\\/\\\/todotrial.com\\\/tienda\\\/dvds-tt2015-02-12-19-35-08\\\/\"]}]},{\"@type\":\"ImageObject\",\"inLanguage\":\"es\",\"@id\":\"https:\\\/\\\/todotrial.com\\\/tienda\\\/dvds-tt2015-02-12-19-35-08\\\/#primaryimage\",\"url\":\"https:\\\/\\\/todotrial.com\\\/tienda\\\/wp-content\\\/uploads\\\/2020\\\/07\\\/1918.jpg\",\"contentUrl\":\"https:\\\/\\\/todotrial.com\\\/tienda\\\/wp-content\\\/uploads\\\/2020\\\/07\\\/1918.jpg\",\"width\":360,\"height\":511},{\"@type\":\"BreadcrumbList\",\"@id\":\"https:\\\/\\\/todotrial.com\\\/tienda\\\/dvds-tt2015-02-12-19-35-08\\\/#breadcrumb\",\"itemListElement\":[{\"@type\":\"ListItem\",\"position\":1,\"name\":\"Portada\",\"item\":\"https:\\\/\\\/todotrial.com\\\/tienda\\\/\"},{\"@type\":\"ListItem\",\"position\":2,\"name\":\"Shop\",\"item\":\"https:\\\/\\\/todotrial.com\\\/tienda\\\/shop\\\/\"},{\"@type\":\"ListItem\",\"position\":3,\"name\":\"TT 2014 Review DVD\"}]},{\"@type\":\"WebSite\",\"@id\":\"https:\\\/\\\/todotrial.com\\\/tienda\\\/#website\",\"url\":\"https:\\\/\\\/todotrial.com\\\/tienda\\\/\",\"name\":\"Tienda de todotrial\",\"description\":\"\",\"potentialAction\":[{\"@type\":\"SearchAction\",\"target\":{\"@type\":\"EntryPoint\",\"urlTemplate\":\"https:\\\/\\\/todotrial.com\\\/tienda\\\/?s={search_term_string}\"},\"query-input\":{\"@type\":\"PropertyValueSpecification\",\"valueRequired\":true,\"valueName\":\"search_term_string\"}}],\"inLanguage\":\"es\"}]}<\/script>\n<!-- \/ Yoast SEO Premium plugin. -->","yoast_head_json":{"title":"TT 2014 Review DVD - Tienda de todotrial","robots":{"index":"index","follow":"follow","max-snippet":"max-snippet:-1","max-image-preview":"max-image-preview:large","max-video-preview":"max-video-preview:-1"},"canonical":"https:\/\/todotrial.com\/tienda\/dvds-tt2015-02-12-19-35-08\/","og_locale":"es_ES","og_type":"article","og_title":"TT 2014 Review DVD","og_description":"TT 2014 Review DVD- 240 minutos","og_url":"https:\/\/todotrial.com\/tienda\/dvds-tt2015-02-12-19-35-08\/","og_site_name":"Tienda de todotrial","article_modified_time":"2025-02-20T16:28:59+00:00","og_image":[{"width":360,"height":511,"url":"https:\/\/todotrial.com\/tienda\/wp-content\/uploads\/2020\/07\/1918.jpg","type":"image\/jpeg"}],"twitter_card":"summary_large_image","twitter_misc":{"Tiempo de lectura":"1 minuto"},"schema":{"@context":"https:\/\/schema.org","@graph":[{"@type":"WebPage","@id":"https:\/\/todotrial.com\/tienda\/dvds-tt2015-02-12-19-35-08\/","url":"https:\/\/todotrial.com\/tienda\/dvds-tt2015-02-12-19-35-08\/","name":"TT 2014 Review DVD - Tienda de todotrial","isPartOf":{"@id":"https:\/\/todotrial.com\/tienda\/#website"},"primaryImageOfPage":{"@id":"https:\/\/todotrial.com\/tienda\/dvds-tt2015-02-12-19-35-08\/#primaryimage"},"image":{"@id":"https:\/\/todotrial.com\/tienda\/dvds-tt2015-02-12-19-35-08\/#primaryimage"},"thumbnailUrl":"https:\/\/todotrial.com\/tienda\/wp-content\/uploads\/2020\/07\/1918.jpg","datePublished":"2020-07-02T16:51:32+00:00","dateModified":"2025-02-20T16:28:59+00:00","breadcrumb":{"@id":"https:\/\/todotrial.com\/tienda\/dvds-tt2015-02-12-19-35-08\/#breadcrumb"},"inLanguage":"es","potentialAction":[{"@type":"ReadAction","target":["https:\/\/todotrial.com\/tienda\/dvds-tt2015-02-12-19-35-08\/"]}]},{"@type":"ImageObject","inLanguage":"es","@id":"https:\/\/todotrial.com\/tienda\/dvds-tt2015-02-12-19-35-08\/#primaryimage","url":"https:\/\/todotrial.com\/tienda\/wp-content\/uploads\/2020\/07\/1918.jpg","contentUrl":"https:\/\/todotrial.com\/tienda\/wp-content\/uploads\/2020\/07\/1918.jpg","width":360,"height":511},{"@type":"BreadcrumbList","@id":"https:\/\/todotrial.com\/tienda\/dvds-tt2015-02-12-19-35-08\/#breadcrumb","itemListElement":[{"@type":"ListItem","position":1,"name":"Portada","item":"https:\/\/todotrial.com\/tienda\/"},{"@type":"ListItem","position":2,"name":"Shop","item":"https:\/\/todotrial.com\/tienda\/shop\/"},{"@type":"ListItem","position":3,"name":"TT 2014 Review DVD"}]},{"@type":"WebSite","@id":"https:\/\/todotrial.com\/tienda\/#website","url":"https:\/\/todotrial.com\/tienda\/","name":"Tienda de todotrial","description":"","potentialAction":[{"@type":"SearchAction","target":{"@type":"EntryPoint","urlTemplate":"https:\/\/todotrial.com\/tienda\/?s={search_term_string}"},"query-input":{"@type":"PropertyValueSpecification","valueRequired":true,"valueName":"search_term_string"}}],"inLanguage":"es"}]}},"_links":{"self":[{"href":"https:\/\/todotrial.com\/tienda\/wp-json\/wp\/v2\/product\/2744","targetHints":{"allow":["GET"]}}],"collection":[{"href":"https:\/\/todotrial.com\/tienda\/wp-json\/wp\/v2\/product"}],"about":[{"href":"https:\/\/todotrial.com\/tienda\/wp-json\/wp\/v2\/types\/product"}],"replies":[{"embeddable":true,"href":"https:\/\/todotrial.com\/tienda\/wp-json\/wp\/v2\/comments?post=2744"}],"version-history":[{"count":0,"href":"https:\/\/todotrial.com\/tienda\/wp-json\/wp\/v2\/product\/2744\/revisions"}],"wp:featuredmedia":[{"embeddable":true,"href":"https:\/\/todotrial.com\/tienda\/wp-json\/wp\/v2\/media\/2743"}],"wp:attachment":[{"href":"https:\/\/todotrial.com\/tienda\/wp-json\/wp\/v2\/media?parent=2744"}],"wp:term":[{"taxonomy":"product_brand","embeddable":true,"href":"https:\/\/todotrial.com\/tienda\/wp-json\/wp\/v2\/product_brand?post=2744"},{"taxonomy":"product_cat","embeddable":true,"href":"https:\/\/todotrial.com\/tienda\/wp-json\/wp\/v2\/product_cat?post=2744"},{"taxonomy":"product_tag","embeddable":true,"href":"https:\/\/todotrial.com\/tienda\/wp-json\/wp\/v2\/product_tag?post=2744"}],"curies":[{"name":"wp","href":"https:\/\/api.w.org\/{rel}","templated":true}]}}