{"id":2742,"date":"2020-07-02T16:51:26","date_gmt":"2020-07-02T16:51:26","guid":{"rendered":"https:\/\/todotrial.com\/tienda\/product\/dvds-mx2015-02-11-21-24-49\/"},"modified":"2025-02-20T17:28:59","modified_gmt":"2025-02-20T16:28:59","slug":"dvds-mx2015-02-11-21-24-49","status":"publish","type":"product","link":"https:\/\/todotrial.com\/tienda\/dvds-mx2015-02-11-21-24-49\/","title":{"rendered":"Mundial Motocross 1990"},"content":{"rendered":"<p>World Motocross Championship Review 1990 DVD- 152 minutos<\/p>\n<p>L\u00edneas de batalla frescas se dibujaron cuando las estrellas se reunieron para la primera ronda de lo que promet\u00eda ser una de las m\u00e1s emocionantes temporadas del Campeonato del Mundo de Motocross 500cc nunca.<\/p>\n<p>As\u00ed que muchos grandes nombres ten\u00edan mucho que demostrar cuando el campeonato de 1990 se puso en marcha. El brit\u00e1nico David Thorpe se hab\u00eda trasladado a Kawasaki desde Honda, donde hab\u00eda ganado tres coronas mundiales, su compatriota brit\u00e1nico Kurt Nicoll, ahora con KTM, estaba decidido a montar un intento verdadero de llevarse elcampeonato, Eric Geboers estaba lejos de recuperar el t\u00edtulo que habia perdido con Thorpe el a\u00f1o anterior y Jeff Leisk estaba listo para cumplir con la promesa de 1989.<\/p>\n<p>Sin embargo, fue la estrella en ascenso estadounidense Billy Liles quien domin\u00f3 las dos carreras en la primera ronda en Holanda. Mientras Thorpe regres\u00f3 de vuelta a la contienda con doble victoria en Austria, era Liles, con cuatro victorias en su haber, quien lideraba el campeonato de cara a la ronda italiana.<br \/>Luego sobrevino el desastre &#8211; una fuerte ca\u00edda en el traicionero circuito italiano dej\u00f3 a Liles em la enfermer\u00eda con una pierna rota y sin poder defender su ventaja en el campeonato.<\/p>\n<p>El bega Geboers belgas se eelev\u00f3 al reto y, con siete rondas pendientes, el \u00fanico hombre en ganar 125cc, 250cc y 500cc t\u00edtulos MX ten\u00eda una ventaja dominante en la carrera por la corona mundial de 1990.Cuando se disputaron las \u00faltimas carreras del campeonato a 12 asaltos, Geboers mantuvo la calma &#8211; a pesar de la dura carga de los rivales Thorpe, Dirk Geukens, Jacky Martens y una nueva estrella brit\u00e1nica, adolescente Paul Mallin.<\/p>\n<p>En su propio terreno, con dos rondas de margen, Geboers consigui\u00f3 la victoria y su segundo t\u00edtulo del Campeonato del Mundo de 500cc &#8211; una asombrosa actuaci\u00f3n de una de las verdaderas estrellas de este deporte. Disfruta de toda la acci\u00f3n incre\u00edble y ve la historia de una temporada espectacular motocross como se desarrolla, con m\u00e1ximas espectaculares y bajas dram\u00e1ticas de un a\u00f1o inolvidable de las carreras de barro-abundante en con un metraje impresionante, digitalmente remasterizado y reeditado .<\/p>\n<p>Idioma: Ingl\u00e9s ( Aunque lo verdaderamente importante son las im\u00e1genes y el ruido ambiente de las maquinas)<\/p>\n","protected":false},"excerpt":{"rendered":"<p>World Motocross Championship Review 1990 DVD- 152 minutos<\/p>\n","protected":false},"featured_media":2741,"comment_status":"open","ping_status":"closed","template":"","meta":[],"product_brand":[],"product_cat":[15],"product_tag":[],"class_list":{"0":"post-2742","1":"product","2":"type-product","3":"status-publish","4":"has-post-thumbnail","6":"product_cat-uncategorized","8":"first","9":"instock","10":"taxable","11":"shipping-taxable","12":"purchasable","13":"product-type-simple"},"yoast_head":"<!-- This site is optimized with the Yoast SEO Premium plugin v21.2 (Yoast SEO v27.5) - https:\/\/yoast.com\/product\/yoast-seo-premium-wordpress\/ -->\n<title>Mundial Motocross 1990 - Tienda de todotrial<\/title>\n<meta name=\"robots\" content=\"index, follow, max-snippet:-1, max-image-preview:large, max-video-preview:-1\" \/>\n<link rel=\"canonical\" href=\"https:\/\/todotrial.com\/tienda\/dvds-mx2015-02-11-21-24-49\/\" \/>\n<meta property=\"og:locale\" content=\"es_ES\" \/>\n<meta property=\"og:type\" content=\"article\" \/>\n<meta property=\"og:title\" content=\"Mundial Motocross 1990\" \/>\n<meta property=\"og:description\" content=\"World Motocross Championship Review 1990 DVD- 152 minutos\" \/>\n<meta property=\"og:url\" content=\"https:\/\/todotrial.com\/tienda\/dvds-mx2015-02-11-21-24-49\/\" \/>\n<meta property=\"og:site_name\" content=\"Tienda de todotrial\" \/>\n<meta property=\"article:modified_time\" content=\"2025-02-20T16:28:59+00:00\" \/>\n<meta property=\"og:image\" content=\"https:\/\/todotrial.com\/tienda\/wp-content\/uploads\/2020\/07\/world-motocross-championship-review-1990-dvd-152-minutos.jpg\" \/>\n\t<meta property=\"og:image:width\" content=\"360\" \/>\n\t<meta property=\"og:image:height\" content=\"518\" \/>\n\t<meta property=\"og:image:type\" content=\"image\/jpeg\" \/>\n<meta name=\"twitter:card\" content=\"summary_large_image\" \/>\n<meta name=\"twitter:label1\" content=\"Tiempo de lectura\" \/>\n\t<meta name=\"twitter:data1\" content=\"2 minutos\" \/>\n<script type=\"application\/ld+json\" class=\"yoast-schema-graph\">{\"@context\":\"https:\\\/\\\/schema.org\",\"@graph\":[{\"@type\":\"WebPage\",\"@id\":\"https:\\\/\\\/todotrial.com\\\/tienda\\\/dvds-mx2015-02-11-21-24-49\\\/\",\"url\":\"https:\\\/\\\/todotrial.com\\\/tienda\\\/dvds-mx2015-02-11-21-24-49\\\/\",\"name\":\"Mundial Motocross 1990 - Tienda de todotrial\",\"isPartOf\":{\"@id\":\"https:\\\/\\\/todotrial.com\\\/tienda\\\/#website\"},\"primaryImageOfPage\":{\"@id\":\"https:\\\/\\\/todotrial.com\\\/tienda\\\/dvds-mx2015-02-11-21-24-49\\\/#primaryimage\"},\"image\":{\"@id\":\"https:\\\/\\\/todotrial.com\\\/tienda\\\/dvds-mx2015-02-11-21-24-49\\\/#primaryimage\"},\"thumbnailUrl\":\"https:\\\/\\\/todotrial.com\\\/tienda\\\/wp-content\\\/uploads\\\/2020\\\/07\\\/world-motocross-championship-review-1990-dvd-152-minutos.jpg\",\"datePublished\":\"2020-07-02T16:51:26+00:00\",\"dateModified\":\"2025-02-20T16:28:59+00:00\",\"breadcrumb\":{\"@id\":\"https:\\\/\\\/todotrial.com\\\/tienda\\\/dvds-mx2015-02-11-21-24-49\\\/#breadcrumb\"},\"inLanguage\":\"es\",\"potentialAction\":[{\"@type\":\"ReadAction\",\"target\":[\"https:\\\/\\\/todotrial.com\\\/tienda\\\/dvds-mx2015-02-11-21-24-49\\\/\"]}]},{\"@type\":\"ImageObject\",\"inLanguage\":\"es\",\"@id\":\"https:\\\/\\\/todotrial.com\\\/tienda\\\/dvds-mx2015-02-11-21-24-49\\\/#primaryimage\",\"url\":\"https:\\\/\\\/todotrial.com\\\/tienda\\\/wp-content\\\/uploads\\\/2020\\\/07\\\/world-motocross-championship-review-1990-dvd-152-minutos.jpg\",\"contentUrl\":\"https:\\\/\\\/todotrial.com\\\/tienda\\\/wp-content\\\/uploads\\\/2020\\\/07\\\/world-motocross-championship-review-1990-dvd-152-minutos.jpg\",\"width\":360,\"height\":518},{\"@type\":\"BreadcrumbList\",\"@id\":\"https:\\\/\\\/todotrial.com\\\/tienda\\\/dvds-mx2015-02-11-21-24-49\\\/#breadcrumb\",\"itemListElement\":[{\"@type\":\"ListItem\",\"position\":1,\"name\":\"Portada\",\"item\":\"https:\\\/\\\/todotrial.com\\\/tienda\\\/\"},{\"@type\":\"ListItem\",\"position\":2,\"name\":\"Shop\",\"item\":\"https:\\\/\\\/todotrial.com\\\/tienda\\\/shop\\\/\"},{\"@type\":\"ListItem\",\"position\":3,\"name\":\"Mundial Motocross 1990\"}]},{\"@type\":\"WebSite\",\"@id\":\"https:\\\/\\\/todotrial.com\\\/tienda\\\/#website\",\"url\":\"https:\\\/\\\/todotrial.com\\\/tienda\\\/\",\"name\":\"Tienda de todotrial\",\"description\":\"\",\"potentialAction\":[{\"@type\":\"SearchAction\",\"target\":{\"@type\":\"EntryPoint\",\"urlTemplate\":\"https:\\\/\\\/todotrial.com\\\/tienda\\\/?s={search_term_string}\"},\"query-input\":{\"@type\":\"PropertyValueSpecification\",\"valueRequired\":true,\"valueName\":\"search_term_string\"}}],\"inLanguage\":\"es\"}]}<\/script>\n<!-- \/ Yoast SEO Premium plugin. -->","yoast_head_json":{"title":"Mundial Motocross 1990 - Tienda de todotrial","robots":{"index":"index","follow":"follow","max-snippet":"max-snippet:-1","max-image-preview":"max-image-preview:large","max-video-preview":"max-video-preview:-1"},"canonical":"https:\/\/todotrial.com\/tienda\/dvds-mx2015-02-11-21-24-49\/","og_locale":"es_ES","og_type":"article","og_title":"Mundial Motocross 1990","og_description":"World Motocross Championship Review 1990 DVD- 152 minutos","og_url":"https:\/\/todotrial.com\/tienda\/dvds-mx2015-02-11-21-24-49\/","og_site_name":"Tienda de todotrial","article_modified_time":"2025-02-20T16:28:59+00:00","og_image":[{"width":360,"height":518,"url":"https:\/\/todotrial.com\/tienda\/wp-content\/uploads\/2020\/07\/world-motocross-championship-review-1990-dvd-152-minutos.jpg","type":"image\/jpeg"}],"twitter_card":"summary_large_image","twitter_misc":{"Tiempo de lectura":"2 minutos"},"schema":{"@context":"https:\/\/schema.org","@graph":[{"@type":"WebPage","@id":"https:\/\/todotrial.com\/tienda\/dvds-mx2015-02-11-21-24-49\/","url":"https:\/\/todotrial.com\/tienda\/dvds-mx2015-02-11-21-24-49\/","name":"Mundial Motocross 1990 - Tienda de todotrial","isPartOf":{"@id":"https:\/\/todotrial.com\/tienda\/#website"},"primaryImageOfPage":{"@id":"https:\/\/todotrial.com\/tienda\/dvds-mx2015-02-11-21-24-49\/#primaryimage"},"image":{"@id":"https:\/\/todotrial.com\/tienda\/dvds-mx2015-02-11-21-24-49\/#primaryimage"},"thumbnailUrl":"https:\/\/todotrial.com\/tienda\/wp-content\/uploads\/2020\/07\/world-motocross-championship-review-1990-dvd-152-minutos.jpg","datePublished":"2020-07-02T16:51:26+00:00","dateModified":"2025-02-20T16:28:59+00:00","breadcrumb":{"@id":"https:\/\/todotrial.com\/tienda\/dvds-mx2015-02-11-21-24-49\/#breadcrumb"},"inLanguage":"es","potentialAction":[{"@type":"ReadAction","target":["https:\/\/todotrial.com\/tienda\/dvds-mx2015-02-11-21-24-49\/"]}]},{"@type":"ImageObject","inLanguage":"es","@id":"https:\/\/todotrial.com\/tienda\/dvds-mx2015-02-11-21-24-49\/#primaryimage","url":"https:\/\/todotrial.com\/tienda\/wp-content\/uploads\/2020\/07\/world-motocross-championship-review-1990-dvd-152-minutos.jpg","contentUrl":"https:\/\/todotrial.com\/tienda\/wp-content\/uploads\/2020\/07\/world-motocross-championship-review-1990-dvd-152-minutos.jpg","width":360,"height":518},{"@type":"BreadcrumbList","@id":"https:\/\/todotrial.com\/tienda\/dvds-mx2015-02-11-21-24-49\/#breadcrumb","itemListElement":[{"@type":"ListItem","position":1,"name":"Portada","item":"https:\/\/todotrial.com\/tienda\/"},{"@type":"ListItem","position":2,"name":"Shop","item":"https:\/\/todotrial.com\/tienda\/shop\/"},{"@type":"ListItem","position":3,"name":"Mundial Motocross 1990"}]},{"@type":"WebSite","@id":"https:\/\/todotrial.com\/tienda\/#website","url":"https:\/\/todotrial.com\/tienda\/","name":"Tienda de todotrial","description":"","potentialAction":[{"@type":"SearchAction","target":{"@type":"EntryPoint","urlTemplate":"https:\/\/todotrial.com\/tienda\/?s={search_term_string}"},"query-input":{"@type":"PropertyValueSpecification","valueRequired":true,"valueName":"search_term_string"}}],"inLanguage":"es"}]}},"_links":{"self":[{"href":"https:\/\/todotrial.com\/tienda\/wp-json\/wp\/v2\/product\/2742","targetHints":{"allow":["GET"]}}],"collection":[{"href":"https:\/\/todotrial.com\/tienda\/wp-json\/wp\/v2\/product"}],"about":[{"href":"https:\/\/todotrial.com\/tienda\/wp-json\/wp\/v2\/types\/product"}],"replies":[{"embeddable":true,"href":"https:\/\/todotrial.com\/tienda\/wp-json\/wp\/v2\/comments?post=2742"}],"version-history":[{"count":0,"href":"https:\/\/todotrial.com\/tienda\/wp-json\/wp\/v2\/product\/2742\/revisions"}],"wp:featuredmedia":[{"embeddable":true,"href":"https:\/\/todotrial.com\/tienda\/wp-json\/wp\/v2\/media\/2741"}],"wp:attachment":[{"href":"https:\/\/todotrial.com\/tienda\/wp-json\/wp\/v2\/media?parent=2742"}],"wp:term":[{"taxonomy":"product_brand","embeddable":true,"href":"https:\/\/todotrial.com\/tienda\/wp-json\/wp\/v2\/product_brand?post=2742"},{"taxonomy":"product_cat","embeddable":true,"href":"https:\/\/todotrial.com\/tienda\/wp-json\/wp\/v2\/product_cat?post=2742"},{"taxonomy":"product_tag","embeddable":true,"href":"https:\/\/todotrial.com\/tienda\/wp-json\/wp\/v2\/product_tag?post=2742"}],"curies":[{"name":"wp","href":"https:\/\/api.w.org\/{rel}","templated":true}]}}