{"id":2726,"date":"2020-07-02T16:50:21","date_gmt":"2020-07-02T16:50:21","guid":{"rendered":"https:\/\/todotrial.com\/tienda\/product\/dvds-mx2015-02-11-12-52-57\/"},"modified":"2025-02-20T17:29:06","modified_gmt":"2025-02-20T16:29:06","slug":"dvds-mx2015-02-11-12-52-57","status":"publish","type":"product","link":"https:\/\/todotrial.com\/tienda\/dvds-mx2015-02-11-12-52-57\/","title":{"rendered":"Motocross Championship Review 1987"},"content":{"rendered":"<p>Motocross Championship Review 1987 DVD<\/p>\n<p>Salpicados por el barro, empapados por la lluvia y buscando la gloria &#8211; esta es la historia de una \u00e9poca impresionante de un motocross espectacular, lleno de acci\u00f3n, incidentes y controversia.<\/p>\n<p>El brit\u00e1nico David Thorpe sal\u00eda para anotar un &#8216;hat trick&#8217; de t\u00edtulos del Campeonato del Mundo de 500cc cuando los mejores pilotos de motocross en la Tierra se reunieron en Espa\u00f1a para la primera de 12 rondas de adrenalina . Sin embargo, despu\u00e9s de un comienzo brillante, campe\u00f3n en 1985 y 1986 el titulo para Thorpe fue puesto en duda cuando pas\u00f3 por las carreras escandinavas sin victorias.<\/p>\n<p>Archi-rival Georges Jobe, el campe\u00f3n del mundo por dos veces de 250cc, surgi\u00f3 como un retador importante al titulo.<\/p>\n<p>A mitad de camino , la temporada de Thorpe fue arruinada por un accidente con rotura de brazo que lo dej\u00f3 incapaz de montar una verdadera defensa de su corona mundial. Parec\u00eda Jobe se llevar\u00eda el t\u00edtulo, pero emergi\u00f3 un nuevo desaf\u00edo brit\u00e1nico &#8211; Kurt Nicoll.<\/p>\n<p>Con Jobe, Thorpe, Nicoll, Lungqvist, Martens y mucho m\u00e1s!<\/p>\n<p>Nicoll gan\u00f3 la primera carrera del Gran Premio de Gran Breta\u00f1a frente a 35,000 aficionados y mantuvo su forma incre\u00edble para llevar la lucha al belga Jobe . Con s\u00f3lo dos rondas pendientes, Nicoll ten\u00eda un tiro a su alcance en el campeonato, pero sus esperanzas se desvanecieron por un accidente al final de la carrera en Luxemburgo &#8211; permitiendo a Jobe hacerse con su primer Campeonato del Mundo de 500c con una ronda de sobra.<\/p>\n<p>Las emociones, los problemas y la tensi\u00f3n de una temporada incre\u00edble son capturados en tres horas de filmaci\u00f3n, disponible en DVD por primera vez. Im\u00e1genes de las carreras impresionantes y entrevistas con los principales competidores te ponen en el coraz\u00f3n de la acci\u00f3n mientras se desarrolla todo.<\/p>\n<p>Idioma: Ingl\u00e9s ( Aunque lo verdaderamente importante son las im\u00e1genes y el ruido ambiente de las maquinas)<\/p>\n","protected":false},"excerpt":{"rendered":"<p>Motocross Championship Review 1987 DVD- 183 minutos<\/p>\n","protected":false},"featured_media":2725,"comment_status":"open","ping_status":"closed","template":"","meta":[],"product_brand":[],"product_cat":[15],"product_tag":[],"class_list":{"0":"post-2726","1":"product","2":"type-product","3":"status-publish","4":"has-post-thumbnail","6":"product_cat-uncategorized","8":"first","9":"instock","10":"taxable","11":"shipping-taxable","12":"purchasable","13":"product-type-simple"},"yoast_head":"<!-- This site is optimized with the Yoast SEO Premium plugin v21.2 (Yoast SEO v27.5) - https:\/\/yoast.com\/product\/yoast-seo-premium-wordpress\/ -->\n<title>Motocross Championship Review 1987 - Tienda de todotrial<\/title>\n<meta name=\"robots\" content=\"index, follow, max-snippet:-1, max-image-preview:large, max-video-preview:-1\" \/>\n<link rel=\"canonical\" href=\"https:\/\/todotrial.com\/tienda\/dvds-mx2015-02-11-12-52-57\/\" \/>\n<meta property=\"og:locale\" content=\"es_ES\" \/>\n<meta property=\"og:type\" content=\"article\" \/>\n<meta property=\"og:title\" content=\"Motocross Championship Review 1987\" \/>\n<meta property=\"og:description\" content=\"Motocross Championship Review 1987 DVD- 183 minutos\" \/>\n<meta property=\"og:url\" content=\"https:\/\/todotrial.com\/tienda\/dvds-mx2015-02-11-12-52-57\/\" \/>\n<meta property=\"og:site_name\" content=\"Tienda de todotrial\" \/>\n<meta property=\"article:modified_time\" content=\"2025-02-20T16:29:06+00:00\" \/>\n<meta property=\"og:image\" content=\"https:\/\/todotrial.com\/tienda\/wp-content\/uploads\/2020\/07\/4783.jpg\" \/>\n\t<meta property=\"og:image:width\" content=\"360\" \/>\n\t<meta property=\"og:image:height\" content=\"521\" \/>\n\t<meta property=\"og:image:type\" content=\"image\/jpeg\" \/>\n<meta name=\"twitter:card\" content=\"summary_large_image\" \/>\n<meta name=\"twitter:label1\" content=\"Tiempo de lectura\" \/>\n\t<meta name=\"twitter:data1\" content=\"2 minutos\" \/>\n<script type=\"application\/ld+json\" class=\"yoast-schema-graph\">{\"@context\":\"https:\\\/\\\/schema.org\",\"@graph\":[{\"@type\":\"WebPage\",\"@id\":\"https:\\\/\\\/todotrial.com\\\/tienda\\\/dvds-mx2015-02-11-12-52-57\\\/\",\"url\":\"https:\\\/\\\/todotrial.com\\\/tienda\\\/dvds-mx2015-02-11-12-52-57\\\/\",\"name\":\"Motocross Championship Review 1987 - Tienda de todotrial\",\"isPartOf\":{\"@id\":\"https:\\\/\\\/todotrial.com\\\/tienda\\\/#website\"},\"primaryImageOfPage\":{\"@id\":\"https:\\\/\\\/todotrial.com\\\/tienda\\\/dvds-mx2015-02-11-12-52-57\\\/#primaryimage\"},\"image\":{\"@id\":\"https:\\\/\\\/todotrial.com\\\/tienda\\\/dvds-mx2015-02-11-12-52-57\\\/#primaryimage\"},\"thumbnailUrl\":\"https:\\\/\\\/todotrial.com\\\/tienda\\\/wp-content\\\/uploads\\\/2020\\\/07\\\/4783.jpg\",\"datePublished\":\"2020-07-02T16:50:21+00:00\",\"dateModified\":\"2025-02-20T16:29:06+00:00\",\"breadcrumb\":{\"@id\":\"https:\\\/\\\/todotrial.com\\\/tienda\\\/dvds-mx2015-02-11-12-52-57\\\/#breadcrumb\"},\"inLanguage\":\"es\",\"potentialAction\":[{\"@type\":\"ReadAction\",\"target\":[\"https:\\\/\\\/todotrial.com\\\/tienda\\\/dvds-mx2015-02-11-12-52-57\\\/\"]}]},{\"@type\":\"ImageObject\",\"inLanguage\":\"es\",\"@id\":\"https:\\\/\\\/todotrial.com\\\/tienda\\\/dvds-mx2015-02-11-12-52-57\\\/#primaryimage\",\"url\":\"https:\\\/\\\/todotrial.com\\\/tienda\\\/wp-content\\\/uploads\\\/2020\\\/07\\\/4783.jpg\",\"contentUrl\":\"https:\\\/\\\/todotrial.com\\\/tienda\\\/wp-content\\\/uploads\\\/2020\\\/07\\\/4783.jpg\",\"width\":360,\"height\":521},{\"@type\":\"BreadcrumbList\",\"@id\":\"https:\\\/\\\/todotrial.com\\\/tienda\\\/dvds-mx2015-02-11-12-52-57\\\/#breadcrumb\",\"itemListElement\":[{\"@type\":\"ListItem\",\"position\":1,\"name\":\"Portada\",\"item\":\"https:\\\/\\\/todotrial.com\\\/tienda\\\/\"},{\"@type\":\"ListItem\",\"position\":2,\"name\":\"Shop\",\"item\":\"https:\\\/\\\/todotrial.com\\\/tienda\\\/shop\\\/\"},{\"@type\":\"ListItem\",\"position\":3,\"name\":\"Motocross Championship Review 1987\"}]},{\"@type\":\"WebSite\",\"@id\":\"https:\\\/\\\/todotrial.com\\\/tienda\\\/#website\",\"url\":\"https:\\\/\\\/todotrial.com\\\/tienda\\\/\",\"name\":\"Tienda de todotrial\",\"description\":\"\",\"potentialAction\":[{\"@type\":\"SearchAction\",\"target\":{\"@type\":\"EntryPoint\",\"urlTemplate\":\"https:\\\/\\\/todotrial.com\\\/tienda\\\/?s={search_term_string}\"},\"query-input\":{\"@type\":\"PropertyValueSpecification\",\"valueRequired\":true,\"valueName\":\"search_term_string\"}}],\"inLanguage\":\"es\"}]}<\/script>\n<!-- \/ Yoast SEO Premium plugin. -->","yoast_head_json":{"title":"Motocross Championship Review 1987 - Tienda de todotrial","robots":{"index":"index","follow":"follow","max-snippet":"max-snippet:-1","max-image-preview":"max-image-preview:large","max-video-preview":"max-video-preview:-1"},"canonical":"https:\/\/todotrial.com\/tienda\/dvds-mx2015-02-11-12-52-57\/","og_locale":"es_ES","og_type":"article","og_title":"Motocross Championship Review 1987","og_description":"Motocross Championship Review 1987 DVD- 183 minutos","og_url":"https:\/\/todotrial.com\/tienda\/dvds-mx2015-02-11-12-52-57\/","og_site_name":"Tienda de todotrial","article_modified_time":"2025-02-20T16:29:06+00:00","og_image":[{"width":360,"height":521,"url":"https:\/\/todotrial.com\/tienda\/wp-content\/uploads\/2020\/07\/4783.jpg","type":"image\/jpeg"}],"twitter_card":"summary_large_image","twitter_misc":{"Tiempo de lectura":"2 minutos"},"schema":{"@context":"https:\/\/schema.org","@graph":[{"@type":"WebPage","@id":"https:\/\/todotrial.com\/tienda\/dvds-mx2015-02-11-12-52-57\/","url":"https:\/\/todotrial.com\/tienda\/dvds-mx2015-02-11-12-52-57\/","name":"Motocross Championship Review 1987 - Tienda de todotrial","isPartOf":{"@id":"https:\/\/todotrial.com\/tienda\/#website"},"primaryImageOfPage":{"@id":"https:\/\/todotrial.com\/tienda\/dvds-mx2015-02-11-12-52-57\/#primaryimage"},"image":{"@id":"https:\/\/todotrial.com\/tienda\/dvds-mx2015-02-11-12-52-57\/#primaryimage"},"thumbnailUrl":"https:\/\/todotrial.com\/tienda\/wp-content\/uploads\/2020\/07\/4783.jpg","datePublished":"2020-07-02T16:50:21+00:00","dateModified":"2025-02-20T16:29:06+00:00","breadcrumb":{"@id":"https:\/\/todotrial.com\/tienda\/dvds-mx2015-02-11-12-52-57\/#breadcrumb"},"inLanguage":"es","potentialAction":[{"@type":"ReadAction","target":["https:\/\/todotrial.com\/tienda\/dvds-mx2015-02-11-12-52-57\/"]}]},{"@type":"ImageObject","inLanguage":"es","@id":"https:\/\/todotrial.com\/tienda\/dvds-mx2015-02-11-12-52-57\/#primaryimage","url":"https:\/\/todotrial.com\/tienda\/wp-content\/uploads\/2020\/07\/4783.jpg","contentUrl":"https:\/\/todotrial.com\/tienda\/wp-content\/uploads\/2020\/07\/4783.jpg","width":360,"height":521},{"@type":"BreadcrumbList","@id":"https:\/\/todotrial.com\/tienda\/dvds-mx2015-02-11-12-52-57\/#breadcrumb","itemListElement":[{"@type":"ListItem","position":1,"name":"Portada","item":"https:\/\/todotrial.com\/tienda\/"},{"@type":"ListItem","position":2,"name":"Shop","item":"https:\/\/todotrial.com\/tienda\/shop\/"},{"@type":"ListItem","position":3,"name":"Motocross Championship Review 1987"}]},{"@type":"WebSite","@id":"https:\/\/todotrial.com\/tienda\/#website","url":"https:\/\/todotrial.com\/tienda\/","name":"Tienda de todotrial","description":"","potentialAction":[{"@type":"SearchAction","target":{"@type":"EntryPoint","urlTemplate":"https:\/\/todotrial.com\/tienda\/?s={search_term_string}"},"query-input":{"@type":"PropertyValueSpecification","valueRequired":true,"valueName":"search_term_string"}}],"inLanguage":"es"}]}},"_links":{"self":[{"href":"https:\/\/todotrial.com\/tienda\/wp-json\/wp\/v2\/product\/2726","targetHints":{"allow":["GET"]}}],"collection":[{"href":"https:\/\/todotrial.com\/tienda\/wp-json\/wp\/v2\/product"}],"about":[{"href":"https:\/\/todotrial.com\/tienda\/wp-json\/wp\/v2\/types\/product"}],"replies":[{"embeddable":true,"href":"https:\/\/todotrial.com\/tienda\/wp-json\/wp\/v2\/comments?post=2726"}],"version-history":[{"count":0,"href":"https:\/\/todotrial.com\/tienda\/wp-json\/wp\/v2\/product\/2726\/revisions"}],"wp:featuredmedia":[{"embeddable":true,"href":"https:\/\/todotrial.com\/tienda\/wp-json\/wp\/v2\/media\/2725"}],"wp:attachment":[{"href":"https:\/\/todotrial.com\/tienda\/wp-json\/wp\/v2\/media?parent=2726"}],"wp:term":[{"taxonomy":"product_brand","embeddable":true,"href":"https:\/\/todotrial.com\/tienda\/wp-json\/wp\/v2\/product_brand?post=2726"},{"taxonomy":"product_cat","embeddable":true,"href":"https:\/\/todotrial.com\/tienda\/wp-json\/wp\/v2\/product_cat?post=2726"},{"taxonomy":"product_tag","embeddable":true,"href":"https:\/\/todotrial.com\/tienda\/wp-json\/wp\/v2\/product_tag?post=2726"}],"curies":[{"name":"wp","href":"https:\/\/api.w.org\/{rel}","templated":true}]}}