{"id":2710,"date":"2020-07-02T16:49:35","date_gmt":"2020-07-02T16:49:35","guid":{"rendered":"https:\/\/todotrial.com\/tienda\/product\/dvds-mx2015-02-09-21-41-02\/"},"modified":"2025-02-20T17:29:13","modified_gmt":"2025-02-20T16:29:13","slug":"dvds-mx2015-02-09-21-41-02","status":"publish","type":"product","link":"https:\/\/todotrial.com\/tienda\/dvds-mx2015-02-09-21-41-02\/","title":{"rendered":"Motocross 500 GP 1989 &#8211; San Marino"},"content":{"rendered":"<p>Motocross 500 GP 1989 &#8211; San Marino DVD<\/p>\n<p>Otra ronda de dura lucha del campeonato mundial tuvo lugar en el Circuito de San Marino en Italia. David Thorpe en forma dinamita estaba decidido a cerrar la brecha de puntos entre \u00e9l y el actual campe\u00f3n mundial Eric Geboers. El hombre del d\u00eda para muchos fans fue Jeff Leisk quien confirm\u00f3 su lugar como una estrella de motocross mundial. M\u00e1s abajo en la pelea cabeza a cabeza entre Kurt Nicoll y Giovanni Cavatorta. Este video muestra 35 minutos de la mejor acci\u00f3n de San Marino, m\u00e1s una mirada retrospectiva a la ronda 3 del campeonato de 500, en el GP de Austria y algunos clips de Trampas Parker mostrardo el camino a casa en los 125s.<\/p>\n<p>Idioma: Ingl\u00e9s ( Aunque lo verdaderamente importante son las im\u00e1genes y el ruido ambiente de las maquinas)<\/p>\n","protected":false},"excerpt":{"rendered":"<p>Motocross 500 GP 1989 &#8211; San Marino DVD<\/p>\n","protected":false},"featured_media":2709,"comment_status":"open","ping_status":"closed","template":"","meta":[],"product_brand":[],"product_cat":[15],"product_tag":[],"class_list":{"0":"post-2710","1":"product","2":"type-product","3":"status-publish","4":"has-post-thumbnail","6":"product_cat-uncategorized","8":"first","9":"instock","10":"taxable","11":"shipping-taxable","12":"purchasable","13":"product-type-simple"},"yoast_head":"<!-- This site is optimized with the Yoast SEO Premium plugin v21.2 (Yoast SEO v27.5) - https:\/\/yoast.com\/product\/yoast-seo-premium-wordpress\/ -->\n<title>Motocross 500 GP 1989 - San Marino - Tienda de todotrial<\/title>\n<meta name=\"robots\" content=\"index, follow, max-snippet:-1, max-image-preview:large, max-video-preview:-1\" \/>\n<link rel=\"canonical\" href=\"https:\/\/todotrial.com\/tienda\/dvds-mx2015-02-09-21-41-02\/\" \/>\n<meta property=\"og:locale\" content=\"es_ES\" \/>\n<meta property=\"og:type\" content=\"article\" \/>\n<meta property=\"og:title\" content=\"Motocross 500 GP 1989 - San Marino\" \/>\n<meta property=\"og:description\" content=\"Motocross 500 GP 1989 - San Marino DVD\" \/>\n<meta property=\"og:url\" content=\"https:\/\/todotrial.com\/tienda\/dvds-mx2015-02-09-21-41-02\/\" \/>\n<meta property=\"og:site_name\" content=\"Tienda de todotrial\" \/>\n<meta property=\"article:modified_time\" content=\"2025-02-20T16:29:13+00:00\" \/>\n<meta property=\"og:image\" content=\"https:\/\/todotrial.com\/tienda\/wp-content\/uploads\/2020\/07\/2281da.jpg\" \/>\n\t<meta property=\"og:image:width\" content=\"360\" \/>\n\t<meta property=\"og:image:height\" content=\"517\" \/>\n\t<meta property=\"og:image:type\" content=\"image\/jpeg\" \/>\n<meta name=\"twitter:card\" content=\"summary_large_image\" \/>\n<meta name=\"twitter:label1\" content=\"Tiempo de lectura\" \/>\n\t<meta name=\"twitter:data1\" content=\"1 minuto\" \/>\n<script type=\"application\/ld+json\" class=\"yoast-schema-graph\">{\"@context\":\"https:\\\/\\\/schema.org\",\"@graph\":[{\"@type\":\"WebPage\",\"@id\":\"https:\\\/\\\/todotrial.com\\\/tienda\\\/dvds-mx2015-02-09-21-41-02\\\/\",\"url\":\"https:\\\/\\\/todotrial.com\\\/tienda\\\/dvds-mx2015-02-09-21-41-02\\\/\",\"name\":\"Motocross 500 GP 1989 - San Marino - Tienda de todotrial\",\"isPartOf\":{\"@id\":\"https:\\\/\\\/todotrial.com\\\/tienda\\\/#website\"},\"primaryImageOfPage\":{\"@id\":\"https:\\\/\\\/todotrial.com\\\/tienda\\\/dvds-mx2015-02-09-21-41-02\\\/#primaryimage\"},\"image\":{\"@id\":\"https:\\\/\\\/todotrial.com\\\/tienda\\\/dvds-mx2015-02-09-21-41-02\\\/#primaryimage\"},\"thumbnailUrl\":\"https:\\\/\\\/todotrial.com\\\/tienda\\\/wp-content\\\/uploads\\\/2020\\\/07\\\/2281da.jpg\",\"datePublished\":\"2020-07-02T16:49:35+00:00\",\"dateModified\":\"2025-02-20T16:29:13+00:00\",\"breadcrumb\":{\"@id\":\"https:\\\/\\\/todotrial.com\\\/tienda\\\/dvds-mx2015-02-09-21-41-02\\\/#breadcrumb\"},\"inLanguage\":\"es\",\"potentialAction\":[{\"@type\":\"ReadAction\",\"target\":[\"https:\\\/\\\/todotrial.com\\\/tienda\\\/dvds-mx2015-02-09-21-41-02\\\/\"]}]},{\"@type\":\"ImageObject\",\"inLanguage\":\"es\",\"@id\":\"https:\\\/\\\/todotrial.com\\\/tienda\\\/dvds-mx2015-02-09-21-41-02\\\/#primaryimage\",\"url\":\"https:\\\/\\\/todotrial.com\\\/tienda\\\/wp-content\\\/uploads\\\/2020\\\/07\\\/2281da.jpg\",\"contentUrl\":\"https:\\\/\\\/todotrial.com\\\/tienda\\\/wp-content\\\/uploads\\\/2020\\\/07\\\/2281da.jpg\",\"width\":360,\"height\":517},{\"@type\":\"BreadcrumbList\",\"@id\":\"https:\\\/\\\/todotrial.com\\\/tienda\\\/dvds-mx2015-02-09-21-41-02\\\/#breadcrumb\",\"itemListElement\":[{\"@type\":\"ListItem\",\"position\":1,\"name\":\"Portada\",\"item\":\"https:\\\/\\\/todotrial.com\\\/tienda\\\/\"},{\"@type\":\"ListItem\",\"position\":2,\"name\":\"Shop\",\"item\":\"https:\\\/\\\/todotrial.com\\\/tienda\\\/shop\\\/\"},{\"@type\":\"ListItem\",\"position\":3,\"name\":\"Motocross 500 GP 1989 &#8211; San Marino\"}]},{\"@type\":\"WebSite\",\"@id\":\"https:\\\/\\\/todotrial.com\\\/tienda\\\/#website\",\"url\":\"https:\\\/\\\/todotrial.com\\\/tienda\\\/\",\"name\":\"Tienda de todotrial\",\"description\":\"\",\"potentialAction\":[{\"@type\":\"SearchAction\",\"target\":{\"@type\":\"EntryPoint\",\"urlTemplate\":\"https:\\\/\\\/todotrial.com\\\/tienda\\\/?s={search_term_string}\"},\"query-input\":{\"@type\":\"PropertyValueSpecification\",\"valueRequired\":true,\"valueName\":\"search_term_string\"}}],\"inLanguage\":\"es\"}]}<\/script>\n<!-- \/ Yoast SEO Premium plugin. -->","yoast_head_json":{"title":"Motocross 500 GP 1989 - San Marino - Tienda de todotrial","robots":{"index":"index","follow":"follow","max-snippet":"max-snippet:-1","max-image-preview":"max-image-preview:large","max-video-preview":"max-video-preview:-1"},"canonical":"https:\/\/todotrial.com\/tienda\/dvds-mx2015-02-09-21-41-02\/","og_locale":"es_ES","og_type":"article","og_title":"Motocross 500 GP 1989 - San Marino","og_description":"Motocross 500 GP 1989 - San Marino DVD","og_url":"https:\/\/todotrial.com\/tienda\/dvds-mx2015-02-09-21-41-02\/","og_site_name":"Tienda de todotrial","article_modified_time":"2025-02-20T16:29:13+00:00","og_image":[{"width":360,"height":517,"url":"https:\/\/todotrial.com\/tienda\/wp-content\/uploads\/2020\/07\/2281da.jpg","type":"image\/jpeg"}],"twitter_card":"summary_large_image","twitter_misc":{"Tiempo de lectura":"1 minuto"},"schema":{"@context":"https:\/\/schema.org","@graph":[{"@type":"WebPage","@id":"https:\/\/todotrial.com\/tienda\/dvds-mx2015-02-09-21-41-02\/","url":"https:\/\/todotrial.com\/tienda\/dvds-mx2015-02-09-21-41-02\/","name":"Motocross 500 GP 1989 - San Marino - Tienda de todotrial","isPartOf":{"@id":"https:\/\/todotrial.com\/tienda\/#website"},"primaryImageOfPage":{"@id":"https:\/\/todotrial.com\/tienda\/dvds-mx2015-02-09-21-41-02\/#primaryimage"},"image":{"@id":"https:\/\/todotrial.com\/tienda\/dvds-mx2015-02-09-21-41-02\/#primaryimage"},"thumbnailUrl":"https:\/\/todotrial.com\/tienda\/wp-content\/uploads\/2020\/07\/2281da.jpg","datePublished":"2020-07-02T16:49:35+00:00","dateModified":"2025-02-20T16:29:13+00:00","breadcrumb":{"@id":"https:\/\/todotrial.com\/tienda\/dvds-mx2015-02-09-21-41-02\/#breadcrumb"},"inLanguage":"es","potentialAction":[{"@type":"ReadAction","target":["https:\/\/todotrial.com\/tienda\/dvds-mx2015-02-09-21-41-02\/"]}]},{"@type":"ImageObject","inLanguage":"es","@id":"https:\/\/todotrial.com\/tienda\/dvds-mx2015-02-09-21-41-02\/#primaryimage","url":"https:\/\/todotrial.com\/tienda\/wp-content\/uploads\/2020\/07\/2281da.jpg","contentUrl":"https:\/\/todotrial.com\/tienda\/wp-content\/uploads\/2020\/07\/2281da.jpg","width":360,"height":517},{"@type":"BreadcrumbList","@id":"https:\/\/todotrial.com\/tienda\/dvds-mx2015-02-09-21-41-02\/#breadcrumb","itemListElement":[{"@type":"ListItem","position":1,"name":"Portada","item":"https:\/\/todotrial.com\/tienda\/"},{"@type":"ListItem","position":2,"name":"Shop","item":"https:\/\/todotrial.com\/tienda\/shop\/"},{"@type":"ListItem","position":3,"name":"Motocross 500 GP 1989 &#8211; San Marino"}]},{"@type":"WebSite","@id":"https:\/\/todotrial.com\/tienda\/#website","url":"https:\/\/todotrial.com\/tienda\/","name":"Tienda de todotrial","description":"","potentialAction":[{"@type":"SearchAction","target":{"@type":"EntryPoint","urlTemplate":"https:\/\/todotrial.com\/tienda\/?s={search_term_string}"},"query-input":{"@type":"PropertyValueSpecification","valueRequired":true,"valueName":"search_term_string"}}],"inLanguage":"es"}]}},"_links":{"self":[{"href":"https:\/\/todotrial.com\/tienda\/wp-json\/wp\/v2\/product\/2710","targetHints":{"allow":["GET"]}}],"collection":[{"href":"https:\/\/todotrial.com\/tienda\/wp-json\/wp\/v2\/product"}],"about":[{"href":"https:\/\/todotrial.com\/tienda\/wp-json\/wp\/v2\/types\/product"}],"replies":[{"embeddable":true,"href":"https:\/\/todotrial.com\/tienda\/wp-json\/wp\/v2\/comments?post=2710"}],"version-history":[{"count":0,"href":"https:\/\/todotrial.com\/tienda\/wp-json\/wp\/v2\/product\/2710\/revisions"}],"wp:featuredmedia":[{"embeddable":true,"href":"https:\/\/todotrial.com\/tienda\/wp-json\/wp\/v2\/media\/2709"}],"wp:attachment":[{"href":"https:\/\/todotrial.com\/tienda\/wp-json\/wp\/v2\/media?parent=2710"}],"wp:term":[{"taxonomy":"product_brand","embeddable":true,"href":"https:\/\/todotrial.com\/tienda\/wp-json\/wp\/v2\/product_brand?post=2710"},{"taxonomy":"product_cat","embeddable":true,"href":"https:\/\/todotrial.com\/tienda\/wp-json\/wp\/v2\/product_cat?post=2710"},{"taxonomy":"product_tag","embeddable":true,"href":"https:\/\/todotrial.com\/tienda\/wp-json\/wp\/v2\/product_tag?post=2710"}],"curies":[{"name":"wp","href":"https:\/\/api.w.org\/{rel}","templated":true}]}}