{"id":2706,"date":"2020-07-02T16:49:24","date_gmt":"2020-07-02T16:49:24","guid":{"rendered":"https:\/\/todotrial.com\/tienda\/product\/dvds-trial2015-02-09-18-49-16\/"},"modified":"2025-02-20T17:29:14","modified_gmt":"2025-02-20T16:29:14","slug":"dvds-trial2015-02-09-18-49-16","status":"publish","type":"product","link":"https:\/\/todotrial.com\/tienda\/dvds-trial2015-02-09-18-49-16\/","title":{"rendered":"Scottish  Trial Pre-65  2008"},"content":{"rendered":"<p>Scottish Trial Pre-65 2008 DVD<\/p>\n<p>Como es habitual, los Scottish Pre &#8217;65 volvieron a presentar overbooking de inscripciones y muchos fueron los que no pudieron lograr una participaci\u00f3n en el sorteo. Los que s\u00ed tuvieron suerte disfrutaron de dos d\u00edas de trial en los fant\u00e1sticos alrrededores de Kinlochleven, 30 minutos al sur de Fort William.<\/p>\n<p>El tiempo fue excelente, excepto por una tormenta de 15 minutos en la que los espectadores buscaron donde guarecerse y los pilotos esperaban que no les tocase el urno de entrar a zona antes de que pasase el chaparr\u00f3n. Muchos de los pilotos top Pre &#8217;65 llegaron de diferentes pa\u00edses y disputaron una dura lucha continental encabezada en principio por el mejor representante espa\u00f1ol, Carlos Casas. El vencedor del a\u00f1o pasado, Tony Calvert buscaba repetir victoria mientras los dem\u00e1s buscaban su propio reto, que para muchos podr\u00eda ser hacer un cero en las zonas del Pipeline.<\/p>\n<p>En este video se ha tratado de captar las mejores im\u00e1genes de acci\u00f3n, con 3 c\u00e1maras distribuidas por el recorrido en ambos d\u00edas. Si participase lo m\u00e1s seguro es que salgas realizando un buen paso por alguna zona. Un video para coleccionar con los mejores pasos por los espectaculares paisajes de Escocia.<\/p>\n<p>Idioma: Ingl\u00e9s ( Aunque lo verdaderamente importante son las im\u00e1genes y el ruido ambiente de las maquinas)<\/p>\n","protected":false},"excerpt":{"rendered":"<p>Scottish  Trial Pre-65  2008 DVD<\/p>\n","protected":false},"featured_media":2705,"comment_status":"open","ping_status":"closed","template":"","meta":[],"product_brand":[],"product_cat":[15],"product_tag":[],"class_list":{"0":"post-2706","1":"product","2":"type-product","3":"status-publish","4":"has-post-thumbnail","6":"product_cat-uncategorized","8":"first","9":"outofstock","10":"taxable","11":"shipping-taxable","12":"purchasable","13":"product-type-simple"},"yoast_head":"<!-- This site is optimized with the Yoast SEO Premium plugin v21.2 (Yoast SEO v27.3) - https:\/\/yoast.com\/product\/yoast-seo-premium-wordpress\/ -->\n<title>Scottish Trial Pre-65 2008 - Tienda de todotrial<\/title>\n<meta name=\"robots\" content=\"index, follow, max-snippet:-1, max-image-preview:large, max-video-preview:-1\" \/>\n<link rel=\"canonical\" href=\"https:\/\/todotrial.com\/tienda\/dvds-trial2015-02-09-18-49-16\/\" \/>\n<meta property=\"og:locale\" content=\"es_ES\" \/>\n<meta property=\"og:type\" content=\"article\" \/>\n<meta property=\"og:title\" content=\"Scottish Trial Pre-65 2008\" \/>\n<meta property=\"og:description\" content=\"Scottish Trial Pre-65 2008 DVD\" \/>\n<meta property=\"og:url\" content=\"https:\/\/todotrial.com\/tienda\/dvds-trial2015-02-09-18-49-16\/\" \/>\n<meta property=\"og:site_name\" content=\"Tienda de todotrial\" \/>\n<meta property=\"article:modified_time\" content=\"2025-02-20T16:29:14+00:00\" \/>\n<meta property=\"og:image\" content=\"https:\/\/todotrial.com\/tienda\/wp-content\/uploads\/2020\/07\/dvdscottishpre65-08.jpg\" \/>\n\t<meta property=\"og:image:width\" content=\"257\" \/>\n\t<meta property=\"og:image:height\" content=\"350\" \/>\n\t<meta property=\"og:image:type\" content=\"image\/jpeg\" \/>\n<meta name=\"twitter:card\" content=\"summary_large_image\" \/>\n<meta name=\"twitter:label1\" content=\"Tiempo de lectura\" \/>\n\t<meta name=\"twitter:data1\" content=\"1 minuto\" \/>\n<script type=\"application\/ld+json\" class=\"yoast-schema-graph\">{\"@context\":\"https:\\\/\\\/schema.org\",\"@graph\":[{\"@type\":\"WebPage\",\"@id\":\"https:\\\/\\\/todotrial.com\\\/tienda\\\/dvds-trial2015-02-09-18-49-16\\\/\",\"url\":\"https:\\\/\\\/todotrial.com\\\/tienda\\\/dvds-trial2015-02-09-18-49-16\\\/\",\"name\":\"Scottish Trial Pre-65 2008 - Tienda de todotrial\",\"isPartOf\":{\"@id\":\"https:\\\/\\\/todotrial.com\\\/tienda\\\/#website\"},\"primaryImageOfPage\":{\"@id\":\"https:\\\/\\\/todotrial.com\\\/tienda\\\/dvds-trial2015-02-09-18-49-16\\\/#primaryimage\"},\"image\":{\"@id\":\"https:\\\/\\\/todotrial.com\\\/tienda\\\/dvds-trial2015-02-09-18-49-16\\\/#primaryimage\"},\"thumbnailUrl\":\"https:\\\/\\\/todotrial.com\\\/tienda\\\/wp-content\\\/uploads\\\/2020\\\/07\\\/dvdscottishpre65-08.jpg\",\"datePublished\":\"2020-07-02T16:49:24+00:00\",\"dateModified\":\"2025-02-20T16:29:14+00:00\",\"breadcrumb\":{\"@id\":\"https:\\\/\\\/todotrial.com\\\/tienda\\\/dvds-trial2015-02-09-18-49-16\\\/#breadcrumb\"},\"inLanguage\":\"es\",\"potentialAction\":[{\"@type\":\"ReadAction\",\"target\":[\"https:\\\/\\\/todotrial.com\\\/tienda\\\/dvds-trial2015-02-09-18-49-16\\\/\"]}]},{\"@type\":\"ImageObject\",\"inLanguage\":\"es\",\"@id\":\"https:\\\/\\\/todotrial.com\\\/tienda\\\/dvds-trial2015-02-09-18-49-16\\\/#primaryimage\",\"url\":\"https:\\\/\\\/todotrial.com\\\/tienda\\\/wp-content\\\/uploads\\\/2020\\\/07\\\/dvdscottishpre65-08.jpg\",\"contentUrl\":\"https:\\\/\\\/todotrial.com\\\/tienda\\\/wp-content\\\/uploads\\\/2020\\\/07\\\/dvdscottishpre65-08.jpg\",\"width\":257,\"height\":350},{\"@type\":\"BreadcrumbList\",\"@id\":\"https:\\\/\\\/todotrial.com\\\/tienda\\\/dvds-trial2015-02-09-18-49-16\\\/#breadcrumb\",\"itemListElement\":[{\"@type\":\"ListItem\",\"position\":1,\"name\":\"Portada\",\"item\":\"https:\\\/\\\/todotrial.com\\\/tienda\\\/\"},{\"@type\":\"ListItem\",\"position\":2,\"name\":\"Shop\",\"item\":\"https:\\\/\\\/todotrial.com\\\/tienda\\\/shop\\\/\"},{\"@type\":\"ListItem\",\"position\":3,\"name\":\"Scottish Trial Pre-65 2008\"}]},{\"@type\":\"WebSite\",\"@id\":\"https:\\\/\\\/todotrial.com\\\/tienda\\\/#website\",\"url\":\"https:\\\/\\\/todotrial.com\\\/tienda\\\/\",\"name\":\"Tienda de todotrial\",\"description\":\"\",\"potentialAction\":[{\"@type\":\"SearchAction\",\"target\":{\"@type\":\"EntryPoint\",\"urlTemplate\":\"https:\\\/\\\/todotrial.com\\\/tienda\\\/?s={search_term_string}\"},\"query-input\":{\"@type\":\"PropertyValueSpecification\",\"valueRequired\":true,\"valueName\":\"search_term_string\"}}],\"inLanguage\":\"es\"}]}<\/script>\n<!-- \/ Yoast SEO Premium plugin. -->","yoast_head_json":{"title":"Scottish Trial Pre-65 2008 - Tienda de todotrial","robots":{"index":"index","follow":"follow","max-snippet":"max-snippet:-1","max-image-preview":"max-image-preview:large","max-video-preview":"max-video-preview:-1"},"canonical":"https:\/\/todotrial.com\/tienda\/dvds-trial2015-02-09-18-49-16\/","og_locale":"es_ES","og_type":"article","og_title":"Scottish Trial Pre-65 2008","og_description":"Scottish Trial Pre-65 2008 DVD","og_url":"https:\/\/todotrial.com\/tienda\/dvds-trial2015-02-09-18-49-16\/","og_site_name":"Tienda de todotrial","article_modified_time":"2025-02-20T16:29:14+00:00","og_image":[{"width":257,"height":350,"url":"https:\/\/todotrial.com\/tienda\/wp-content\/uploads\/2020\/07\/dvdscottishpre65-08.jpg","type":"image\/jpeg"}],"twitter_card":"summary_large_image","twitter_misc":{"Tiempo de lectura":"1 minuto"},"schema":{"@context":"https:\/\/schema.org","@graph":[{"@type":"WebPage","@id":"https:\/\/todotrial.com\/tienda\/dvds-trial2015-02-09-18-49-16\/","url":"https:\/\/todotrial.com\/tienda\/dvds-trial2015-02-09-18-49-16\/","name":"Scottish Trial Pre-65 2008 - Tienda de todotrial","isPartOf":{"@id":"https:\/\/todotrial.com\/tienda\/#website"},"primaryImageOfPage":{"@id":"https:\/\/todotrial.com\/tienda\/dvds-trial2015-02-09-18-49-16\/#primaryimage"},"image":{"@id":"https:\/\/todotrial.com\/tienda\/dvds-trial2015-02-09-18-49-16\/#primaryimage"},"thumbnailUrl":"https:\/\/todotrial.com\/tienda\/wp-content\/uploads\/2020\/07\/dvdscottishpre65-08.jpg","datePublished":"2020-07-02T16:49:24+00:00","dateModified":"2025-02-20T16:29:14+00:00","breadcrumb":{"@id":"https:\/\/todotrial.com\/tienda\/dvds-trial2015-02-09-18-49-16\/#breadcrumb"},"inLanguage":"es","potentialAction":[{"@type":"ReadAction","target":["https:\/\/todotrial.com\/tienda\/dvds-trial2015-02-09-18-49-16\/"]}]},{"@type":"ImageObject","inLanguage":"es","@id":"https:\/\/todotrial.com\/tienda\/dvds-trial2015-02-09-18-49-16\/#primaryimage","url":"https:\/\/todotrial.com\/tienda\/wp-content\/uploads\/2020\/07\/dvdscottishpre65-08.jpg","contentUrl":"https:\/\/todotrial.com\/tienda\/wp-content\/uploads\/2020\/07\/dvdscottishpre65-08.jpg","width":257,"height":350},{"@type":"BreadcrumbList","@id":"https:\/\/todotrial.com\/tienda\/dvds-trial2015-02-09-18-49-16\/#breadcrumb","itemListElement":[{"@type":"ListItem","position":1,"name":"Portada","item":"https:\/\/todotrial.com\/tienda\/"},{"@type":"ListItem","position":2,"name":"Shop","item":"https:\/\/todotrial.com\/tienda\/shop\/"},{"@type":"ListItem","position":3,"name":"Scottish Trial Pre-65 2008"}]},{"@type":"WebSite","@id":"https:\/\/todotrial.com\/tienda\/#website","url":"https:\/\/todotrial.com\/tienda\/","name":"Tienda de todotrial","description":"","potentialAction":[{"@type":"SearchAction","target":{"@type":"EntryPoint","urlTemplate":"https:\/\/todotrial.com\/tienda\/?s={search_term_string}"},"query-input":{"@type":"PropertyValueSpecification","valueRequired":true,"valueName":"search_term_string"}}],"inLanguage":"es"}]}},"_links":{"self":[{"href":"https:\/\/todotrial.com\/tienda\/wp-json\/wp\/v2\/product\/2706","targetHints":{"allow":["GET"]}}],"collection":[{"href":"https:\/\/todotrial.com\/tienda\/wp-json\/wp\/v2\/product"}],"about":[{"href":"https:\/\/todotrial.com\/tienda\/wp-json\/wp\/v2\/types\/product"}],"replies":[{"embeddable":true,"href":"https:\/\/todotrial.com\/tienda\/wp-json\/wp\/v2\/comments?post=2706"}],"version-history":[{"count":0,"href":"https:\/\/todotrial.com\/tienda\/wp-json\/wp\/v2\/product\/2706\/revisions"}],"wp:featuredmedia":[{"embeddable":true,"href":"https:\/\/todotrial.com\/tienda\/wp-json\/wp\/v2\/media\/2705"}],"wp:attachment":[{"href":"https:\/\/todotrial.com\/tienda\/wp-json\/wp\/v2\/media?parent=2706"}],"wp:term":[{"taxonomy":"product_brand","embeddable":true,"href":"https:\/\/todotrial.com\/tienda\/wp-json\/wp\/v2\/product_brand?post=2706"},{"taxonomy":"product_cat","embeddable":true,"href":"https:\/\/todotrial.com\/tienda\/wp-json\/wp\/v2\/product_cat?post=2706"},{"taxonomy":"product_tag","embeddable":true,"href":"https:\/\/todotrial.com\/tienda\/wp-json\/wp\/v2\/product_tag?post=2706"}],"curies":[{"name":"wp","href":"https:\/\/api.w.org\/{rel}","templated":true}]}}