{"id":2694,"date":"2020-07-02T16:48:44","date_gmt":"2020-07-02T16:48:44","guid":{"rendered":"https:\/\/todotrial.com\/tienda\/product\/dvds-trial2015-02-08-11-02-05\/"},"modified":"2025-02-20T17:29:18","modified_gmt":"2025-02-20T16:29:18","slug":"dvds-trial2015-02-08-11-02-05","status":"publish","type":"product","link":"https:\/\/todotrial.com\/tienda\/dvds-trial2015-02-08-11-02-05\/","title":{"rendered":"Mundial Trial 2004"},"content":{"rendered":"<p>Mundial de Trial Outdoor 2004- DVD- 91 minutos<\/p>\n<p>Prep\u00e1rese para la \u00faltima exhibici\u00f3n de la t\u00e9cnica, el equilibrio y escarpados b lls *!<\/p>\n<p>Esta es la versi\u00f3n oficial y completa de la competici\u00f3n de trial m\u00e1s importante del mundo con los nombres m\u00e1s importantes que abordan algunos de los terrenos m\u00e1s dificiles todav\u00eda!<\/p>\n<p>Este a\u00f1o, la acci\u00f3n fue liderada por una lucha de tres hombres, como Fujinami, Lampkin y Raga luchando por la primera posici\u00f3n. El final de temporada que promet\u00eda ser la m\u00e1s emocionante en a\u00f1os &#8211; podr\u00eda Fujinami robarle el t\u00edtulo a Lampkin despu\u00e9s de siete victorias consecutivas para convertirse en el primer campe\u00f3n del Mundo de Trial japon\u00e9s? Todo estaba todav\u00eda para jugar y este DVD cubre cada minuto lleno de acci\u00f3n!<\/p>\n<p>Con la mejor acci\u00f3n de los triales Morderse las u\u00f1as en Irlanda, Portugal, Jap\u00f3n, Estados Unidos, Francia, Andorra, Italia, Espa\u00f1a y Suiza. Toda la historia est\u00e1 contada con trabajo de c\u00e1mara innovadora que est\u00e1 tan cerca de los competidores que casi se puede sentir la tensi\u00f3n! Tambi\u00e9n incluye exclusivo detr\u00e1s de las escenas de entrevistas y comentarios de autoridad.<\/p>\n<p>Mira los maestros en el trabajo en su lucha contra las rocas, r\u00edos y barrancos de sacar algunas haza\u00f1as espectaculares de habilidad &#8230; y algunos revolcones completos!<\/p>\n<p>Idioma: Ingl\u00e9s ( Aunque lo verdaderamente importante son las im\u00e1genes y el ruido ambiente)<\/p>\n","protected":false},"excerpt":{"rendered":"<p>Mundial de Trial Outdoor 2004- DVD- 91 minutos<\/p>\n","protected":false},"featured_media":2693,"comment_status":"open","ping_status":"closed","template":"","meta":[],"product_brand":[],"product_cat":[15],"product_tag":[],"class_list":{"0":"post-2694","1":"product","2":"type-product","3":"status-publish","4":"has-post-thumbnail","6":"product_cat-uncategorized","8":"first","9":"instock","10":"taxable","11":"shipping-taxable","12":"purchasable","13":"product-type-simple"},"yoast_head":"<!-- This site is optimized with the Yoast SEO Premium plugin v21.2 (Yoast SEO v27.5) - https:\/\/yoast.com\/product\/yoast-seo-premium-wordpress\/ -->\n<title>Mundial Trial 2004 - Tienda de todotrial<\/title>\n<meta name=\"robots\" content=\"index, follow, max-snippet:-1, max-image-preview:large, max-video-preview:-1\" \/>\n<link rel=\"canonical\" href=\"https:\/\/todotrial.com\/tienda\/dvds-trial2015-02-08-11-02-05\/\" \/>\n<meta property=\"og:locale\" content=\"es_ES\" \/>\n<meta property=\"og:type\" content=\"article\" \/>\n<meta property=\"og:title\" content=\"Mundial Trial 2004\" \/>\n<meta property=\"og:description\" content=\"Mundial de Trial Outdoor 2004- DVD- 91 minutos\" \/>\n<meta property=\"og:url\" content=\"https:\/\/todotrial.com\/tienda\/dvds-trial2015-02-08-11-02-05\/\" \/>\n<meta property=\"og:site_name\" content=\"Tienda de todotrial\" \/>\n<meta property=\"article:modified_time\" content=\"2025-02-20T16:29:18+00:00\" \/>\n<meta property=\"og:image\" content=\"https:\/\/todotrial.com\/tienda\/wp-content\/uploads\/2020\/07\/2118.jpg\" \/>\n\t<meta property=\"og:image:width\" content=\"149\" \/>\n\t<meta property=\"og:image:height\" content=\"219\" \/>\n\t<meta property=\"og:image:type\" content=\"image\/jpeg\" \/>\n<meta name=\"twitter:card\" content=\"summary_large_image\" \/>\n<meta name=\"twitter:label1\" content=\"Tiempo de lectura\" \/>\n\t<meta name=\"twitter:data1\" content=\"1 minuto\" \/>\n<script type=\"application\/ld+json\" class=\"yoast-schema-graph\">{\"@context\":\"https:\\\/\\\/schema.org\",\"@graph\":[{\"@type\":\"WebPage\",\"@id\":\"https:\\\/\\\/todotrial.com\\\/tienda\\\/dvds-trial2015-02-08-11-02-05\\\/\",\"url\":\"https:\\\/\\\/todotrial.com\\\/tienda\\\/dvds-trial2015-02-08-11-02-05\\\/\",\"name\":\"Mundial Trial 2004 - Tienda de todotrial\",\"isPartOf\":{\"@id\":\"https:\\\/\\\/todotrial.com\\\/tienda\\\/#website\"},\"primaryImageOfPage\":{\"@id\":\"https:\\\/\\\/todotrial.com\\\/tienda\\\/dvds-trial2015-02-08-11-02-05\\\/#primaryimage\"},\"image\":{\"@id\":\"https:\\\/\\\/todotrial.com\\\/tienda\\\/dvds-trial2015-02-08-11-02-05\\\/#primaryimage\"},\"thumbnailUrl\":\"https:\\\/\\\/todotrial.com\\\/tienda\\\/wp-content\\\/uploads\\\/2020\\\/07\\\/2118.jpg\",\"datePublished\":\"2020-07-02T16:48:44+00:00\",\"dateModified\":\"2025-02-20T16:29:18+00:00\",\"breadcrumb\":{\"@id\":\"https:\\\/\\\/todotrial.com\\\/tienda\\\/dvds-trial2015-02-08-11-02-05\\\/#breadcrumb\"},\"inLanguage\":\"es\",\"potentialAction\":[{\"@type\":\"ReadAction\",\"target\":[\"https:\\\/\\\/todotrial.com\\\/tienda\\\/dvds-trial2015-02-08-11-02-05\\\/\"]}]},{\"@type\":\"ImageObject\",\"inLanguage\":\"es\",\"@id\":\"https:\\\/\\\/todotrial.com\\\/tienda\\\/dvds-trial2015-02-08-11-02-05\\\/#primaryimage\",\"url\":\"https:\\\/\\\/todotrial.com\\\/tienda\\\/wp-content\\\/uploads\\\/2020\\\/07\\\/2118.jpg\",\"contentUrl\":\"https:\\\/\\\/todotrial.com\\\/tienda\\\/wp-content\\\/uploads\\\/2020\\\/07\\\/2118.jpg\",\"width\":149,\"height\":219},{\"@type\":\"BreadcrumbList\",\"@id\":\"https:\\\/\\\/todotrial.com\\\/tienda\\\/dvds-trial2015-02-08-11-02-05\\\/#breadcrumb\",\"itemListElement\":[{\"@type\":\"ListItem\",\"position\":1,\"name\":\"Portada\",\"item\":\"https:\\\/\\\/todotrial.com\\\/tienda\\\/\"},{\"@type\":\"ListItem\",\"position\":2,\"name\":\"Shop\",\"item\":\"https:\\\/\\\/todotrial.com\\\/tienda\\\/shop\\\/\"},{\"@type\":\"ListItem\",\"position\":3,\"name\":\"Mundial Trial 2004\"}]},{\"@type\":\"WebSite\",\"@id\":\"https:\\\/\\\/todotrial.com\\\/tienda\\\/#website\",\"url\":\"https:\\\/\\\/todotrial.com\\\/tienda\\\/\",\"name\":\"Tienda de todotrial\",\"description\":\"\",\"potentialAction\":[{\"@type\":\"SearchAction\",\"target\":{\"@type\":\"EntryPoint\",\"urlTemplate\":\"https:\\\/\\\/todotrial.com\\\/tienda\\\/?s={search_term_string}\"},\"query-input\":{\"@type\":\"PropertyValueSpecification\",\"valueRequired\":true,\"valueName\":\"search_term_string\"}}],\"inLanguage\":\"es\"}]}<\/script>\n<!-- \/ Yoast SEO Premium plugin. -->","yoast_head_json":{"title":"Mundial Trial 2004 - Tienda de todotrial","robots":{"index":"index","follow":"follow","max-snippet":"max-snippet:-1","max-image-preview":"max-image-preview:large","max-video-preview":"max-video-preview:-1"},"canonical":"https:\/\/todotrial.com\/tienda\/dvds-trial2015-02-08-11-02-05\/","og_locale":"es_ES","og_type":"article","og_title":"Mundial Trial 2004","og_description":"Mundial de Trial Outdoor 2004- DVD- 91 minutos","og_url":"https:\/\/todotrial.com\/tienda\/dvds-trial2015-02-08-11-02-05\/","og_site_name":"Tienda de todotrial","article_modified_time":"2025-02-20T16:29:18+00:00","og_image":[{"width":149,"height":219,"url":"https:\/\/todotrial.com\/tienda\/wp-content\/uploads\/2020\/07\/2118.jpg","type":"image\/jpeg"}],"twitter_card":"summary_large_image","twitter_misc":{"Tiempo de lectura":"1 minuto"},"schema":{"@context":"https:\/\/schema.org","@graph":[{"@type":"WebPage","@id":"https:\/\/todotrial.com\/tienda\/dvds-trial2015-02-08-11-02-05\/","url":"https:\/\/todotrial.com\/tienda\/dvds-trial2015-02-08-11-02-05\/","name":"Mundial Trial 2004 - Tienda de todotrial","isPartOf":{"@id":"https:\/\/todotrial.com\/tienda\/#website"},"primaryImageOfPage":{"@id":"https:\/\/todotrial.com\/tienda\/dvds-trial2015-02-08-11-02-05\/#primaryimage"},"image":{"@id":"https:\/\/todotrial.com\/tienda\/dvds-trial2015-02-08-11-02-05\/#primaryimage"},"thumbnailUrl":"https:\/\/todotrial.com\/tienda\/wp-content\/uploads\/2020\/07\/2118.jpg","datePublished":"2020-07-02T16:48:44+00:00","dateModified":"2025-02-20T16:29:18+00:00","breadcrumb":{"@id":"https:\/\/todotrial.com\/tienda\/dvds-trial2015-02-08-11-02-05\/#breadcrumb"},"inLanguage":"es","potentialAction":[{"@type":"ReadAction","target":["https:\/\/todotrial.com\/tienda\/dvds-trial2015-02-08-11-02-05\/"]}]},{"@type":"ImageObject","inLanguage":"es","@id":"https:\/\/todotrial.com\/tienda\/dvds-trial2015-02-08-11-02-05\/#primaryimage","url":"https:\/\/todotrial.com\/tienda\/wp-content\/uploads\/2020\/07\/2118.jpg","contentUrl":"https:\/\/todotrial.com\/tienda\/wp-content\/uploads\/2020\/07\/2118.jpg","width":149,"height":219},{"@type":"BreadcrumbList","@id":"https:\/\/todotrial.com\/tienda\/dvds-trial2015-02-08-11-02-05\/#breadcrumb","itemListElement":[{"@type":"ListItem","position":1,"name":"Portada","item":"https:\/\/todotrial.com\/tienda\/"},{"@type":"ListItem","position":2,"name":"Shop","item":"https:\/\/todotrial.com\/tienda\/shop\/"},{"@type":"ListItem","position":3,"name":"Mundial Trial 2004"}]},{"@type":"WebSite","@id":"https:\/\/todotrial.com\/tienda\/#website","url":"https:\/\/todotrial.com\/tienda\/","name":"Tienda de todotrial","description":"","potentialAction":[{"@type":"SearchAction","target":{"@type":"EntryPoint","urlTemplate":"https:\/\/todotrial.com\/tienda\/?s={search_term_string}"},"query-input":{"@type":"PropertyValueSpecification","valueRequired":true,"valueName":"search_term_string"}}],"inLanguage":"es"}]}},"_links":{"self":[{"href":"https:\/\/todotrial.com\/tienda\/wp-json\/wp\/v2\/product\/2694","targetHints":{"allow":["GET"]}}],"collection":[{"href":"https:\/\/todotrial.com\/tienda\/wp-json\/wp\/v2\/product"}],"about":[{"href":"https:\/\/todotrial.com\/tienda\/wp-json\/wp\/v2\/types\/product"}],"replies":[{"embeddable":true,"href":"https:\/\/todotrial.com\/tienda\/wp-json\/wp\/v2\/comments?post=2694"}],"version-history":[{"count":0,"href":"https:\/\/todotrial.com\/tienda\/wp-json\/wp\/v2\/product\/2694\/revisions"}],"wp:featuredmedia":[{"embeddable":true,"href":"https:\/\/todotrial.com\/tienda\/wp-json\/wp\/v2\/media\/2693"}],"wp:attachment":[{"href":"https:\/\/todotrial.com\/tienda\/wp-json\/wp\/v2\/media?parent=2694"}],"wp:term":[{"taxonomy":"product_brand","embeddable":true,"href":"https:\/\/todotrial.com\/tienda\/wp-json\/wp\/v2\/product_brand?post=2694"},{"taxonomy":"product_cat","embeddable":true,"href":"https:\/\/todotrial.com\/tienda\/wp-json\/wp\/v2\/product_cat?post=2694"},{"taxonomy":"product_tag","embeddable":true,"href":"https:\/\/todotrial.com\/tienda\/wp-json\/wp\/v2\/product_tag?post=2694"}],"curies":[{"name":"wp","href":"https:\/\/api.w.org\/{rel}","templated":true}]}}