{"id":2682,"date":"2020-07-02T16:48:08","date_gmt":"2020-07-02T16:48:08","guid":{"rendered":"https:\/\/todotrial.com\/tienda\/product\/dvds-mx2015-02-05-22-32-58\/"},"modified":"2025-02-20T17:29:23","modified_gmt":"2025-02-20T16:29:23","slug":"dvds-mx2015-02-05-22-32-58","status":"publish","type":"product","link":"https:\/\/todotrial.com\/tienda\/dvds-mx2015-02-05-22-32-58\/","title":{"rendered":"Motocross 500 GP 1988 &#8211; Britain"},"content":{"rendered":"<p>Motocross 500 GP 1988 &#8211; Britain DVD- 60 minutos<\/p>\n<p>Las expectativas de \u00e9xito en casa eran altas en la ronda brit\u00e1nica del Campeonato del Mundo de 500 series de motocross 1988, con Dave Thorpe y Kurt Nicoll clasificados primero y tercero en el campeonato. Sin embargo Thorpe (Honda) habia visto su ventaja de principio de temporada erosionada por la carga dura de Eric Geboers. Nicoll hab\u00eda ca\u00eddo detr\u00e1s de la lucha del d\u00fao de Honda, pero todav\u00eda estaba en lugares clasificatorios sobre su Kawasaki. As\u00ed suceder\u00eda que el luchador belga tomar\u00eda la delantera mientras una multitud de v\u00edtores brit\u00e1nicos toman el d\u00eda animando a Thorpe? las imagenes de este video mostrar\u00e1n el resultado.<\/p>\n<p>Idioma Ingl\u00e9s ( Aunque lo verdaderamente importante son las im\u00e1genes y el ruido ambiente)<\/p>\n","protected":false},"excerpt":{"rendered":"<p>Motocross 500 GP 1988 &#8211; Britain DVD- 60 minutos<\/p>\n","protected":false},"featured_media":2681,"comment_status":"open","ping_status":"closed","template":"","meta":[],"product_brand":[],"product_cat":[15],"product_tag":[],"class_list":{"0":"post-2682","1":"product","2":"type-product","3":"status-publish","4":"has-post-thumbnail","6":"product_cat-uncategorized","8":"first","9":"instock","10":"taxable","11":"shipping-taxable","12":"purchasable","13":"product-type-simple"},"yoast_head":"<!-- This site is optimized with the Yoast SEO Premium plugin v21.2 (Yoast SEO v27.5) - https:\/\/yoast.com\/product\/yoast-seo-premium-wordpress\/ -->\n<title>Motocross 500 GP 1988 - Britain - Tienda de todotrial<\/title>\n<meta name=\"robots\" content=\"index, follow, max-snippet:-1, max-image-preview:large, max-video-preview:-1\" \/>\n<link rel=\"canonical\" href=\"https:\/\/todotrial.com\/tienda\/dvds-mx2015-02-05-22-32-58\/\" \/>\n<meta property=\"og:locale\" content=\"es_ES\" \/>\n<meta property=\"og:type\" content=\"article\" \/>\n<meta property=\"og:title\" content=\"Motocross 500 GP 1988 - Britain\" \/>\n<meta property=\"og:description\" content=\"Motocross 500 GP 1988 - Britain DVD- 60 minutos\" \/>\n<meta property=\"og:url\" content=\"https:\/\/todotrial.com\/tienda\/dvds-mx2015-02-05-22-32-58\/\" \/>\n<meta property=\"og:site_name\" content=\"Tienda de todotrial\" \/>\n<meta property=\"article:modified_time\" content=\"2025-02-20T16:29:23+00:00\" \/>\n<meta property=\"og:image\" content=\"https:\/\/todotrial.com\/tienda\/wp-content\/uploads\/2020\/07\/2262da.jpg\" \/>\n\t<meta property=\"og:image:width\" content=\"360\" \/>\n\t<meta property=\"og:image:height\" content=\"578\" \/>\n\t<meta property=\"og:image:type\" content=\"image\/jpeg\" \/>\n<meta name=\"twitter:card\" content=\"summary_large_image\" \/>\n<meta name=\"twitter:label1\" content=\"Tiempo de lectura\" \/>\n\t<meta name=\"twitter:data1\" content=\"1 minuto\" \/>\n<script type=\"application\/ld+json\" class=\"yoast-schema-graph\">{\"@context\":\"https:\\\/\\\/schema.org\",\"@graph\":[{\"@type\":\"WebPage\",\"@id\":\"https:\\\/\\\/todotrial.com\\\/tienda\\\/dvds-mx2015-02-05-22-32-58\\\/\",\"url\":\"https:\\\/\\\/todotrial.com\\\/tienda\\\/dvds-mx2015-02-05-22-32-58\\\/\",\"name\":\"Motocross 500 GP 1988 - Britain - Tienda de todotrial\",\"isPartOf\":{\"@id\":\"https:\\\/\\\/todotrial.com\\\/tienda\\\/#website\"},\"primaryImageOfPage\":{\"@id\":\"https:\\\/\\\/todotrial.com\\\/tienda\\\/dvds-mx2015-02-05-22-32-58\\\/#primaryimage\"},\"image\":{\"@id\":\"https:\\\/\\\/todotrial.com\\\/tienda\\\/dvds-mx2015-02-05-22-32-58\\\/#primaryimage\"},\"thumbnailUrl\":\"https:\\\/\\\/todotrial.com\\\/tienda\\\/wp-content\\\/uploads\\\/2020\\\/07\\\/2262da.jpg\",\"datePublished\":\"2020-07-02T16:48:08+00:00\",\"dateModified\":\"2025-02-20T16:29:23+00:00\",\"breadcrumb\":{\"@id\":\"https:\\\/\\\/todotrial.com\\\/tienda\\\/dvds-mx2015-02-05-22-32-58\\\/#breadcrumb\"},\"inLanguage\":\"es\",\"potentialAction\":[{\"@type\":\"ReadAction\",\"target\":[\"https:\\\/\\\/todotrial.com\\\/tienda\\\/dvds-mx2015-02-05-22-32-58\\\/\"]}]},{\"@type\":\"ImageObject\",\"inLanguage\":\"es\",\"@id\":\"https:\\\/\\\/todotrial.com\\\/tienda\\\/dvds-mx2015-02-05-22-32-58\\\/#primaryimage\",\"url\":\"https:\\\/\\\/todotrial.com\\\/tienda\\\/wp-content\\\/uploads\\\/2020\\\/07\\\/2262da.jpg\",\"contentUrl\":\"https:\\\/\\\/todotrial.com\\\/tienda\\\/wp-content\\\/uploads\\\/2020\\\/07\\\/2262da.jpg\",\"width\":360,\"height\":578},{\"@type\":\"BreadcrumbList\",\"@id\":\"https:\\\/\\\/todotrial.com\\\/tienda\\\/dvds-mx2015-02-05-22-32-58\\\/#breadcrumb\",\"itemListElement\":[{\"@type\":\"ListItem\",\"position\":1,\"name\":\"Portada\",\"item\":\"https:\\\/\\\/todotrial.com\\\/tienda\\\/\"},{\"@type\":\"ListItem\",\"position\":2,\"name\":\"Shop\",\"item\":\"https:\\\/\\\/todotrial.com\\\/tienda\\\/shop\\\/\"},{\"@type\":\"ListItem\",\"position\":3,\"name\":\"Motocross 500 GP 1988 &#8211; Britain\"}]},{\"@type\":\"WebSite\",\"@id\":\"https:\\\/\\\/todotrial.com\\\/tienda\\\/#website\",\"url\":\"https:\\\/\\\/todotrial.com\\\/tienda\\\/\",\"name\":\"Tienda de todotrial\",\"description\":\"\",\"potentialAction\":[{\"@type\":\"SearchAction\",\"target\":{\"@type\":\"EntryPoint\",\"urlTemplate\":\"https:\\\/\\\/todotrial.com\\\/tienda\\\/?s={search_term_string}\"},\"query-input\":{\"@type\":\"PropertyValueSpecification\",\"valueRequired\":true,\"valueName\":\"search_term_string\"}}],\"inLanguage\":\"es\"}]}<\/script>\n<!-- \/ Yoast SEO Premium plugin. -->","yoast_head_json":{"title":"Motocross 500 GP 1988 - Britain - Tienda de todotrial","robots":{"index":"index","follow":"follow","max-snippet":"max-snippet:-1","max-image-preview":"max-image-preview:large","max-video-preview":"max-video-preview:-1"},"canonical":"https:\/\/todotrial.com\/tienda\/dvds-mx2015-02-05-22-32-58\/","og_locale":"es_ES","og_type":"article","og_title":"Motocross 500 GP 1988 - Britain","og_description":"Motocross 500 GP 1988 - Britain DVD- 60 minutos","og_url":"https:\/\/todotrial.com\/tienda\/dvds-mx2015-02-05-22-32-58\/","og_site_name":"Tienda de todotrial","article_modified_time":"2025-02-20T16:29:23+00:00","og_image":[{"width":360,"height":578,"url":"https:\/\/todotrial.com\/tienda\/wp-content\/uploads\/2020\/07\/2262da.jpg","type":"image\/jpeg"}],"twitter_card":"summary_large_image","twitter_misc":{"Tiempo de lectura":"1 minuto"},"schema":{"@context":"https:\/\/schema.org","@graph":[{"@type":"WebPage","@id":"https:\/\/todotrial.com\/tienda\/dvds-mx2015-02-05-22-32-58\/","url":"https:\/\/todotrial.com\/tienda\/dvds-mx2015-02-05-22-32-58\/","name":"Motocross 500 GP 1988 - Britain - Tienda de todotrial","isPartOf":{"@id":"https:\/\/todotrial.com\/tienda\/#website"},"primaryImageOfPage":{"@id":"https:\/\/todotrial.com\/tienda\/dvds-mx2015-02-05-22-32-58\/#primaryimage"},"image":{"@id":"https:\/\/todotrial.com\/tienda\/dvds-mx2015-02-05-22-32-58\/#primaryimage"},"thumbnailUrl":"https:\/\/todotrial.com\/tienda\/wp-content\/uploads\/2020\/07\/2262da.jpg","datePublished":"2020-07-02T16:48:08+00:00","dateModified":"2025-02-20T16:29:23+00:00","breadcrumb":{"@id":"https:\/\/todotrial.com\/tienda\/dvds-mx2015-02-05-22-32-58\/#breadcrumb"},"inLanguage":"es","potentialAction":[{"@type":"ReadAction","target":["https:\/\/todotrial.com\/tienda\/dvds-mx2015-02-05-22-32-58\/"]}]},{"@type":"ImageObject","inLanguage":"es","@id":"https:\/\/todotrial.com\/tienda\/dvds-mx2015-02-05-22-32-58\/#primaryimage","url":"https:\/\/todotrial.com\/tienda\/wp-content\/uploads\/2020\/07\/2262da.jpg","contentUrl":"https:\/\/todotrial.com\/tienda\/wp-content\/uploads\/2020\/07\/2262da.jpg","width":360,"height":578},{"@type":"BreadcrumbList","@id":"https:\/\/todotrial.com\/tienda\/dvds-mx2015-02-05-22-32-58\/#breadcrumb","itemListElement":[{"@type":"ListItem","position":1,"name":"Portada","item":"https:\/\/todotrial.com\/tienda\/"},{"@type":"ListItem","position":2,"name":"Shop","item":"https:\/\/todotrial.com\/tienda\/shop\/"},{"@type":"ListItem","position":3,"name":"Motocross 500 GP 1988 &#8211; Britain"}]},{"@type":"WebSite","@id":"https:\/\/todotrial.com\/tienda\/#website","url":"https:\/\/todotrial.com\/tienda\/","name":"Tienda de todotrial","description":"","potentialAction":[{"@type":"SearchAction","target":{"@type":"EntryPoint","urlTemplate":"https:\/\/todotrial.com\/tienda\/?s={search_term_string}"},"query-input":{"@type":"PropertyValueSpecification","valueRequired":true,"valueName":"search_term_string"}}],"inLanguage":"es"}]}},"_links":{"self":[{"href":"https:\/\/todotrial.com\/tienda\/wp-json\/wp\/v2\/product\/2682","targetHints":{"allow":["GET"]}}],"collection":[{"href":"https:\/\/todotrial.com\/tienda\/wp-json\/wp\/v2\/product"}],"about":[{"href":"https:\/\/todotrial.com\/tienda\/wp-json\/wp\/v2\/types\/product"}],"replies":[{"embeddable":true,"href":"https:\/\/todotrial.com\/tienda\/wp-json\/wp\/v2\/comments?post=2682"}],"version-history":[{"count":0,"href":"https:\/\/todotrial.com\/tienda\/wp-json\/wp\/v2\/product\/2682\/revisions"}],"wp:featuredmedia":[{"embeddable":true,"href":"https:\/\/todotrial.com\/tienda\/wp-json\/wp\/v2\/media\/2681"}],"wp:attachment":[{"href":"https:\/\/todotrial.com\/tienda\/wp-json\/wp\/v2\/media?parent=2682"}],"wp:term":[{"taxonomy":"product_brand","embeddable":true,"href":"https:\/\/todotrial.com\/tienda\/wp-json\/wp\/v2\/product_brand?post=2682"},{"taxonomy":"product_cat","embeddable":true,"href":"https:\/\/todotrial.com\/tienda\/wp-json\/wp\/v2\/product_cat?post=2682"},{"taxonomy":"product_tag","embeddable":true,"href":"https:\/\/todotrial.com\/tienda\/wp-json\/wp\/v2\/product_tag?post=2682"}],"curies":[{"name":"wp","href":"https:\/\/api.w.org\/{rel}","templated":true}]}}