{"id":2654,"date":"2020-07-02T16:46:38","date_gmt":"2020-07-02T16:46:38","guid":{"rendered":"https:\/\/todotrial.com\/tienda\/product\/dvds-mx2015-02-04-23-08-49\/"},"modified":"2025-02-20T17:29:33","modified_gmt":"2025-02-20T16:29:33","slug":"dvds-mx2015-02-04-23-08-49","status":"publish","type":"product","link":"https:\/\/todotrial.com\/tienda\/dvds-mx2015-02-04-23-08-49\/","title":{"rendered":"Mundial Motocross 2009"},"content":{"rendered":"<p>Campeonato Mundial de Motocross 2009-2 discos-350 minutos<\/p>\n<p>Desde el grueso barro de Italia a la final emocionante en Brasil, el Campeonato del Mundo FIM Motocross 2009 entreg\u00f3 una de las m\u00e1s espectaculares temporadas de carreras bar-to-bar nunca.<\/p>\n<p>Ahora puede disfrutar de los mejores momentos vitales de cada Gran Premio y cuando siga tanto las MX1 y MX2 t\u00edtulo batallas a las \u00faltimas consecuencias en este fant\u00e1stico 2 discos Revisi\u00f3n Oficial<\/p>\n<p>El mejor material de archivo lleno de acci\u00f3n &#8211; incluyendo secuencias espectaculares captadas por las c\u00e1maras montadas en el casco &#8211; Rankings de cada moto desde los mas de 15 GPs, adem\u00e1s, hay gu\u00edas de circuitos de expertos de Paul Malin y entrevistas con todas las estrellas.<\/p>\n<p>Este fue un a\u00f1o sensacional de barro salpicado por todas partes, competicion en saltos , con numerosos ganadores por primera vez, entre ellos Ken Roczen, Jeremy van Horebeek y Zach Osborne, el vencedor m\u00e1s joven de Gran Premio y un incre\u00edble cinco rondas antes de 2009 se produjo su primer doble ganador del GP, en cada clase!<\/p>\n<p>El vigente campe\u00f3n de MX1 David Philippaerts soport\u00f3 una mala temporada, pero se mantuvo en contacto con la carga t\u00edtulo gracias a algunos destellos de brillantez &#8211; no menos importante su victoria sobresaliente en Gran Breta\u00f1a. Dominaci\u00f3n de Antonio Cairoli en Turqu\u00eda lo puso en la pole position para la corona MX1, pero \u00e9l ser\u00eda perseguido hasta el final por su compatriota Philippaerts y Max Nagl, cuya incre\u00edble final de la temporada cargo asegurado un cl\u00edmax agarre al showdown.<\/p>\n<p>A medida que la batalla por el t\u00edtulo rabi\u00f3, los aficionados se deleitaron con las haza\u00f1as moto ganadora de estrellas MX1 como Tanel Leok, Ken de Dycker, Jonathan Barrag\u00e1n y Clemente Desalle &#8211; m\u00e1s una victoria emocional para Steve Ram\u00f3n mientras continuaba con su recuperaci\u00f3n de una lesi\u00f3n que amenaz\u00f3 su carrera .<\/p>\n<p>Marvin Musquin, Gautier Paulin y Rui Goncalves establecen el MX2 temprano ritmo campeonato, pero en el punto de la temporada a mitad de camino, el franc\u00e9s Musquin se intensific\u00f3 una marcha para convertirse en el primer piloto de MX2 a dominar un fin de semana en 2009.<\/p>\n<p>Justo cuando parec\u00eda que Musquin ten\u00eda el t\u00edtulo en sus manos, Goncalves arm\u00f3 dos fines de semana de GP-ganar y se aprovech\u00f3 de la desgracia de su rival para configurar una pelea de campeonato emocionante en Brasil. Ventiladores MX2 tambi\u00e9n pudieron disfrutar de un rendimiento de clase de los gustos de la estrella brit\u00e1nica Shaun Simpson, Steven Frossard, Anthony Boissiere y muchos m\u00e1s de los mejores ciclistas de la suciedad del mundo.<\/p>\n<p>La Revista Oficial te trae una cobertura completa de todos los asaltos al filo de la sede, y la historia completa de ambas batallas de campeonato.<\/p>\n<p>Idioma: Ingl\u00e9s ( Aunque lo verdaderamente importante son las im\u00e1genes y el ruido ambiente de las maquinas)<\/p>\n","protected":false},"excerpt":{"rendered":"<p>Campeonato Mundial de Motocross 2009-2 discos-350 minutos<\/p>\n","protected":false},"featured_media":2653,"comment_status":"open","ping_status":"closed","template":"","meta":[],"product_brand":[],"product_cat":[15],"product_tag":[],"class_list":{"0":"post-2654","1":"product","2":"type-product","3":"status-publish","4":"has-post-thumbnail","6":"product_cat-uncategorized","8":"first","9":"instock","10":"taxable","11":"shipping-taxable","12":"purchasable","13":"product-type-simple"},"yoast_head":"<!-- This site is optimized with the Yoast SEO Premium plugin v21.2 (Yoast SEO v27.5) - https:\/\/yoast.com\/product\/yoast-seo-premium-wordpress\/ -->\n<title>Mundial Motocross 2009 - Tienda de todotrial<\/title>\n<meta name=\"robots\" content=\"index, follow, max-snippet:-1, max-image-preview:large, max-video-preview:-1\" \/>\n<link rel=\"canonical\" href=\"https:\/\/todotrial.com\/tienda\/dvds-mx2015-02-04-23-08-49\/\" \/>\n<meta property=\"og:locale\" content=\"es_ES\" \/>\n<meta property=\"og:type\" content=\"article\" \/>\n<meta property=\"og:title\" content=\"Mundial Motocross 2009\" \/>\n<meta property=\"og:description\" content=\"Campeonato Mundial de Motocross 2009-2 discos-350 minutos\" \/>\n<meta property=\"og:url\" content=\"https:\/\/todotrial.com\/tienda\/dvds-mx2015-02-04-23-08-49\/\" \/>\n<meta property=\"og:site_name\" content=\"Tienda de todotrial\" \/>\n<meta property=\"article:modified_time\" content=\"2025-02-20T16:29:33+00:00\" \/>\n<meta property=\"og:image\" content=\"https:\/\/todotrial.com\/tienda\/wp-content\/uploads\/2020\/07\/2303.jpg\" \/>\n\t<meta property=\"og:image:width\" content=\"360\" \/>\n\t<meta property=\"og:image:height\" content=\"515\" \/>\n\t<meta property=\"og:image:type\" content=\"image\/jpeg\" \/>\n<meta name=\"twitter:card\" content=\"summary_large_image\" \/>\n<meta name=\"twitter:label1\" content=\"Tiempo de lectura\" \/>\n\t<meta name=\"twitter:data1\" content=\"2 minutos\" \/>\n<script type=\"application\/ld+json\" class=\"yoast-schema-graph\">{\"@context\":\"https:\\\/\\\/schema.org\",\"@graph\":[{\"@type\":\"WebPage\",\"@id\":\"https:\\\/\\\/todotrial.com\\\/tienda\\\/dvds-mx2015-02-04-23-08-49\\\/\",\"url\":\"https:\\\/\\\/todotrial.com\\\/tienda\\\/dvds-mx2015-02-04-23-08-49\\\/\",\"name\":\"Mundial Motocross 2009 - Tienda de todotrial\",\"isPartOf\":{\"@id\":\"https:\\\/\\\/todotrial.com\\\/tienda\\\/#website\"},\"primaryImageOfPage\":{\"@id\":\"https:\\\/\\\/todotrial.com\\\/tienda\\\/dvds-mx2015-02-04-23-08-49\\\/#primaryimage\"},\"image\":{\"@id\":\"https:\\\/\\\/todotrial.com\\\/tienda\\\/dvds-mx2015-02-04-23-08-49\\\/#primaryimage\"},\"thumbnailUrl\":\"https:\\\/\\\/todotrial.com\\\/tienda\\\/wp-content\\\/uploads\\\/2020\\\/07\\\/2303.jpg\",\"datePublished\":\"2020-07-02T16:46:38+00:00\",\"dateModified\":\"2025-02-20T16:29:33+00:00\",\"breadcrumb\":{\"@id\":\"https:\\\/\\\/todotrial.com\\\/tienda\\\/dvds-mx2015-02-04-23-08-49\\\/#breadcrumb\"},\"inLanguage\":\"es\",\"potentialAction\":[{\"@type\":\"ReadAction\",\"target\":[\"https:\\\/\\\/todotrial.com\\\/tienda\\\/dvds-mx2015-02-04-23-08-49\\\/\"]}]},{\"@type\":\"ImageObject\",\"inLanguage\":\"es\",\"@id\":\"https:\\\/\\\/todotrial.com\\\/tienda\\\/dvds-mx2015-02-04-23-08-49\\\/#primaryimage\",\"url\":\"https:\\\/\\\/todotrial.com\\\/tienda\\\/wp-content\\\/uploads\\\/2020\\\/07\\\/2303.jpg\",\"contentUrl\":\"https:\\\/\\\/todotrial.com\\\/tienda\\\/wp-content\\\/uploads\\\/2020\\\/07\\\/2303.jpg\",\"width\":360,\"height\":515},{\"@type\":\"BreadcrumbList\",\"@id\":\"https:\\\/\\\/todotrial.com\\\/tienda\\\/dvds-mx2015-02-04-23-08-49\\\/#breadcrumb\",\"itemListElement\":[{\"@type\":\"ListItem\",\"position\":1,\"name\":\"Portada\",\"item\":\"https:\\\/\\\/todotrial.com\\\/tienda\\\/\"},{\"@type\":\"ListItem\",\"position\":2,\"name\":\"Shop\",\"item\":\"https:\\\/\\\/todotrial.com\\\/tienda\\\/shop\\\/\"},{\"@type\":\"ListItem\",\"position\":3,\"name\":\"Mundial Motocross 2009\"}]},{\"@type\":\"WebSite\",\"@id\":\"https:\\\/\\\/todotrial.com\\\/tienda\\\/#website\",\"url\":\"https:\\\/\\\/todotrial.com\\\/tienda\\\/\",\"name\":\"Tienda de todotrial\",\"description\":\"\",\"potentialAction\":[{\"@type\":\"SearchAction\",\"target\":{\"@type\":\"EntryPoint\",\"urlTemplate\":\"https:\\\/\\\/todotrial.com\\\/tienda\\\/?s={search_term_string}\"},\"query-input\":{\"@type\":\"PropertyValueSpecification\",\"valueRequired\":true,\"valueName\":\"search_term_string\"}}],\"inLanguage\":\"es\"}]}<\/script>\n<!-- \/ Yoast SEO Premium plugin. -->","yoast_head_json":{"title":"Mundial Motocross 2009 - Tienda de todotrial","robots":{"index":"index","follow":"follow","max-snippet":"max-snippet:-1","max-image-preview":"max-image-preview:large","max-video-preview":"max-video-preview:-1"},"canonical":"https:\/\/todotrial.com\/tienda\/dvds-mx2015-02-04-23-08-49\/","og_locale":"es_ES","og_type":"article","og_title":"Mundial Motocross 2009","og_description":"Campeonato Mundial de Motocross 2009-2 discos-350 minutos","og_url":"https:\/\/todotrial.com\/tienda\/dvds-mx2015-02-04-23-08-49\/","og_site_name":"Tienda de todotrial","article_modified_time":"2025-02-20T16:29:33+00:00","og_image":[{"width":360,"height":515,"url":"https:\/\/todotrial.com\/tienda\/wp-content\/uploads\/2020\/07\/2303.jpg","type":"image\/jpeg"}],"twitter_card":"summary_large_image","twitter_misc":{"Tiempo de lectura":"2 minutos"},"schema":{"@context":"https:\/\/schema.org","@graph":[{"@type":"WebPage","@id":"https:\/\/todotrial.com\/tienda\/dvds-mx2015-02-04-23-08-49\/","url":"https:\/\/todotrial.com\/tienda\/dvds-mx2015-02-04-23-08-49\/","name":"Mundial Motocross 2009 - Tienda de todotrial","isPartOf":{"@id":"https:\/\/todotrial.com\/tienda\/#website"},"primaryImageOfPage":{"@id":"https:\/\/todotrial.com\/tienda\/dvds-mx2015-02-04-23-08-49\/#primaryimage"},"image":{"@id":"https:\/\/todotrial.com\/tienda\/dvds-mx2015-02-04-23-08-49\/#primaryimage"},"thumbnailUrl":"https:\/\/todotrial.com\/tienda\/wp-content\/uploads\/2020\/07\/2303.jpg","datePublished":"2020-07-02T16:46:38+00:00","dateModified":"2025-02-20T16:29:33+00:00","breadcrumb":{"@id":"https:\/\/todotrial.com\/tienda\/dvds-mx2015-02-04-23-08-49\/#breadcrumb"},"inLanguage":"es","potentialAction":[{"@type":"ReadAction","target":["https:\/\/todotrial.com\/tienda\/dvds-mx2015-02-04-23-08-49\/"]}]},{"@type":"ImageObject","inLanguage":"es","@id":"https:\/\/todotrial.com\/tienda\/dvds-mx2015-02-04-23-08-49\/#primaryimage","url":"https:\/\/todotrial.com\/tienda\/wp-content\/uploads\/2020\/07\/2303.jpg","contentUrl":"https:\/\/todotrial.com\/tienda\/wp-content\/uploads\/2020\/07\/2303.jpg","width":360,"height":515},{"@type":"BreadcrumbList","@id":"https:\/\/todotrial.com\/tienda\/dvds-mx2015-02-04-23-08-49\/#breadcrumb","itemListElement":[{"@type":"ListItem","position":1,"name":"Portada","item":"https:\/\/todotrial.com\/tienda\/"},{"@type":"ListItem","position":2,"name":"Shop","item":"https:\/\/todotrial.com\/tienda\/shop\/"},{"@type":"ListItem","position":3,"name":"Mundial Motocross 2009"}]},{"@type":"WebSite","@id":"https:\/\/todotrial.com\/tienda\/#website","url":"https:\/\/todotrial.com\/tienda\/","name":"Tienda de todotrial","description":"","potentialAction":[{"@type":"SearchAction","target":{"@type":"EntryPoint","urlTemplate":"https:\/\/todotrial.com\/tienda\/?s={search_term_string}"},"query-input":{"@type":"PropertyValueSpecification","valueRequired":true,"valueName":"search_term_string"}}],"inLanguage":"es"}]}},"_links":{"self":[{"href":"https:\/\/todotrial.com\/tienda\/wp-json\/wp\/v2\/product\/2654","targetHints":{"allow":["GET"]}}],"collection":[{"href":"https:\/\/todotrial.com\/tienda\/wp-json\/wp\/v2\/product"}],"about":[{"href":"https:\/\/todotrial.com\/tienda\/wp-json\/wp\/v2\/types\/product"}],"replies":[{"embeddable":true,"href":"https:\/\/todotrial.com\/tienda\/wp-json\/wp\/v2\/comments?post=2654"}],"version-history":[{"count":0,"href":"https:\/\/todotrial.com\/tienda\/wp-json\/wp\/v2\/product\/2654\/revisions"}],"wp:featuredmedia":[{"embeddable":true,"href":"https:\/\/todotrial.com\/tienda\/wp-json\/wp\/v2\/media\/2653"}],"wp:attachment":[{"href":"https:\/\/todotrial.com\/tienda\/wp-json\/wp\/v2\/media?parent=2654"}],"wp:term":[{"taxonomy":"product_brand","embeddable":true,"href":"https:\/\/todotrial.com\/tienda\/wp-json\/wp\/v2\/product_brand?post=2654"},{"taxonomy":"product_cat","embeddable":true,"href":"https:\/\/todotrial.com\/tienda\/wp-json\/wp\/v2\/product_cat?post=2654"},{"taxonomy":"product_tag","embeddable":true,"href":"https:\/\/todotrial.com\/tienda\/wp-json\/wp\/v2\/product_tag?post=2654"}],"curies":[{"name":"wp","href":"https:\/\/api.w.org\/{rel}","templated":true}]}}