{"id":2648,"date":"2020-07-02T16:46:16","date_gmt":"2020-07-02T16:46:16","guid":{"rendered":"https:\/\/todotrial.com\/tienda\/product\/dvds-mx2015-02-04-22-33-25\/"},"modified":"2025-02-20T17:29:35","modified_gmt":"2025-02-20T16:29:35","slug":"dvds-mx2015-02-04-22-33-25","status":"publish","type":"product","link":"https:\/\/todotrial.com\/tienda\/dvds-mx2015-02-04-22-33-25\/","title":{"rendered":"Mundial Motocross 2012"},"content":{"rendered":"<p>Campeonato Mundial Motocross 2012 (2 Disc) NTSC DVD-480 minutos<\/p>\n<p>Hay acci\u00f3n y ambiente en cada minuto de la Revisi\u00f3n Oficial del Campeonato del Mundo de Motocross de 2012 , mientras disfruta de m\u00e1s de 7 horas del espectacular show del dirtbike, y la historia completa de 2 batallas por el t\u00edtulo emocionantes.<\/p>\n<p>Esta fiesta de 2 discos de MX presenta lo m\u00e1s destacado de 64 motos mientras visitamos las 16 pruebas tanto de la MX1 y Campeonatos del Mundo de MX2. Presentado por Paul Malin, la Revista Oficial incluye gu\u00edas del circuito, c\u00e1maras montadas en el casco para filmaci\u00f3n , entrevistas y, por supuesto, toda la acci\u00f3n vital del polvo, barro, tierra y arena.<\/p>\n<p>El actual campe\u00f3n Antonio Cairoli tuvo un fuerte inicio de su campa\u00f1a MX1 2012, pero el duro montaje de rivales como Christophe Pourcel y Clemente Desalle pronto vio su ventaja bajo presi\u00f3n. Sin embargo, cuando la temporada entra en su segunda mitad Cairoli golpe\u00f3 de una forma dominante que lo llevar\u00eda a la victoria &#8211; su incre\u00edble montar hay que verlo para creerlo.<\/p>\n<p>La lucha por el Campeonato del Mundo de MX2 result\u00f3 ser un enfrentamiento entre Jeffrey Herlings y Tommy Searle, la estrella brit\u00e1nica montando con dureza para mantener la presi\u00f3n sobre su rival holand\u00e9s. Compartiendo victorias en todas las rondas, la batalla entre Herlings y Searle es un espectaculo para ver.<\/p>\n<p>Tambi\u00e9n hay actuaciones destacadas de Joel Roelants, Gautier Paulin, David Philippaerts, Kevin Strijbos, Jeremy van Horebeek y Xavier Boog para disfrutar.<\/p>\n<p>Junto con los saltos, la acci\u00f3n del barro , la Revista Oficial incluye algunas caracter\u00edsticas fascinantes detr\u00e1s de las escenas, incluyendo un vistazo al dise\u00f1o del circuito, las entrevistas con el equipo de f\u00e1brica de Red Bull KTM, el tiempo con los hermanos Pourcel y la oportunidad de ver c\u00f3mo Monster Energy Kawasaki gestiona la log\u00edstica de mover el equipo en todo el mundo.<\/p>\n<p>Idioma: Ingl\u00e9s ( Aunque lo verdaderamente importante son las im\u00e1genes y el ruido ambiente de las maquinas)<\/p>\n","protected":false},"excerpt":{"rendered":"<p>Campeonato Mundial Motocross 2012 (2 Disc) NTSC DVD &#8211; 480 minutos<\/p>\n","protected":false},"featured_media":2647,"comment_status":"open","ping_status":"closed","template":"","meta":[],"product_brand":[],"product_cat":[15],"product_tag":[],"class_list":{"0":"post-2648","1":"product","2":"type-product","3":"status-publish","4":"has-post-thumbnail","6":"product_cat-uncategorized","8":"first","9":"instock","10":"taxable","11":"shipping-taxable","12":"purchasable","13":"product-type-simple"},"yoast_head":"<!-- This site is optimized with the Yoast SEO Premium plugin v21.2 (Yoast SEO v27.5) - https:\/\/yoast.com\/product\/yoast-seo-premium-wordpress\/ -->\n<title>Mundial Motocross 2012 - Tienda de todotrial<\/title>\n<meta name=\"robots\" content=\"index, follow, max-snippet:-1, max-image-preview:large, max-video-preview:-1\" \/>\n<link rel=\"canonical\" href=\"https:\/\/todotrial.com\/tienda\/dvds-mx2015-02-04-22-33-25\/\" \/>\n<meta property=\"og:locale\" content=\"es_ES\" \/>\n<meta property=\"og:type\" content=\"article\" \/>\n<meta property=\"og:title\" content=\"Mundial Motocross 2012\" \/>\n<meta property=\"og:description\" content=\"Campeonato Mundial Motocross 2012 (2 Disc) NTSC DVD - 480 minutos\" \/>\n<meta property=\"og:url\" content=\"https:\/\/todotrial.com\/tienda\/dvds-mx2015-02-04-22-33-25\/\" \/>\n<meta property=\"og:site_name\" content=\"Tienda de todotrial\" \/>\n<meta property=\"article:modified_time\" content=\"2025-02-20T16:29:35+00:00\" \/>\n<meta property=\"og:image\" content=\"https:\/\/todotrial.com\/tienda\/wp-content\/uploads\/2020\/07\/2340n.jpg\" \/>\n\t<meta property=\"og:image:width\" content=\"360\" \/>\n\t<meta property=\"og:image:height\" content=\"510\" \/>\n\t<meta property=\"og:image:type\" content=\"image\/jpeg\" \/>\n<meta name=\"twitter:card\" content=\"summary_large_image\" \/>\n<meta name=\"twitter:label1\" content=\"Tiempo de lectura\" \/>\n\t<meta name=\"twitter:data1\" content=\"2 minutos\" \/>\n<script type=\"application\/ld+json\" class=\"yoast-schema-graph\">{\"@context\":\"https:\\\/\\\/schema.org\",\"@graph\":[{\"@type\":\"WebPage\",\"@id\":\"https:\\\/\\\/todotrial.com\\\/tienda\\\/dvds-mx2015-02-04-22-33-25\\\/\",\"url\":\"https:\\\/\\\/todotrial.com\\\/tienda\\\/dvds-mx2015-02-04-22-33-25\\\/\",\"name\":\"Mundial Motocross 2012 - Tienda de todotrial\",\"isPartOf\":{\"@id\":\"https:\\\/\\\/todotrial.com\\\/tienda\\\/#website\"},\"primaryImageOfPage\":{\"@id\":\"https:\\\/\\\/todotrial.com\\\/tienda\\\/dvds-mx2015-02-04-22-33-25\\\/#primaryimage\"},\"image\":{\"@id\":\"https:\\\/\\\/todotrial.com\\\/tienda\\\/dvds-mx2015-02-04-22-33-25\\\/#primaryimage\"},\"thumbnailUrl\":\"https:\\\/\\\/todotrial.com\\\/tienda\\\/wp-content\\\/uploads\\\/2020\\\/07\\\/2340n.jpg\",\"datePublished\":\"2020-07-02T16:46:16+00:00\",\"dateModified\":\"2025-02-20T16:29:35+00:00\",\"breadcrumb\":{\"@id\":\"https:\\\/\\\/todotrial.com\\\/tienda\\\/dvds-mx2015-02-04-22-33-25\\\/#breadcrumb\"},\"inLanguage\":\"es\",\"potentialAction\":[{\"@type\":\"ReadAction\",\"target\":[\"https:\\\/\\\/todotrial.com\\\/tienda\\\/dvds-mx2015-02-04-22-33-25\\\/\"]}]},{\"@type\":\"ImageObject\",\"inLanguage\":\"es\",\"@id\":\"https:\\\/\\\/todotrial.com\\\/tienda\\\/dvds-mx2015-02-04-22-33-25\\\/#primaryimage\",\"url\":\"https:\\\/\\\/todotrial.com\\\/tienda\\\/wp-content\\\/uploads\\\/2020\\\/07\\\/2340n.jpg\",\"contentUrl\":\"https:\\\/\\\/todotrial.com\\\/tienda\\\/wp-content\\\/uploads\\\/2020\\\/07\\\/2340n.jpg\",\"width\":360,\"height\":510},{\"@type\":\"BreadcrumbList\",\"@id\":\"https:\\\/\\\/todotrial.com\\\/tienda\\\/dvds-mx2015-02-04-22-33-25\\\/#breadcrumb\",\"itemListElement\":[{\"@type\":\"ListItem\",\"position\":1,\"name\":\"Portada\",\"item\":\"https:\\\/\\\/todotrial.com\\\/tienda\\\/\"},{\"@type\":\"ListItem\",\"position\":2,\"name\":\"Shop\",\"item\":\"https:\\\/\\\/todotrial.com\\\/tienda\\\/shop\\\/\"},{\"@type\":\"ListItem\",\"position\":3,\"name\":\"Mundial Motocross 2012\"}]},{\"@type\":\"WebSite\",\"@id\":\"https:\\\/\\\/todotrial.com\\\/tienda\\\/#website\",\"url\":\"https:\\\/\\\/todotrial.com\\\/tienda\\\/\",\"name\":\"Tienda de todotrial\",\"description\":\"\",\"potentialAction\":[{\"@type\":\"SearchAction\",\"target\":{\"@type\":\"EntryPoint\",\"urlTemplate\":\"https:\\\/\\\/todotrial.com\\\/tienda\\\/?s={search_term_string}\"},\"query-input\":{\"@type\":\"PropertyValueSpecification\",\"valueRequired\":true,\"valueName\":\"search_term_string\"}}],\"inLanguage\":\"es\"}]}<\/script>\n<!-- \/ Yoast SEO Premium plugin. -->","yoast_head_json":{"title":"Mundial Motocross 2012 - Tienda de todotrial","robots":{"index":"index","follow":"follow","max-snippet":"max-snippet:-1","max-image-preview":"max-image-preview:large","max-video-preview":"max-video-preview:-1"},"canonical":"https:\/\/todotrial.com\/tienda\/dvds-mx2015-02-04-22-33-25\/","og_locale":"es_ES","og_type":"article","og_title":"Mundial Motocross 2012","og_description":"Campeonato Mundial Motocross 2012 (2 Disc) NTSC DVD - 480 minutos","og_url":"https:\/\/todotrial.com\/tienda\/dvds-mx2015-02-04-22-33-25\/","og_site_name":"Tienda de todotrial","article_modified_time":"2025-02-20T16:29:35+00:00","og_image":[{"width":360,"height":510,"url":"https:\/\/todotrial.com\/tienda\/wp-content\/uploads\/2020\/07\/2340n.jpg","type":"image\/jpeg"}],"twitter_card":"summary_large_image","twitter_misc":{"Tiempo de lectura":"2 minutos"},"schema":{"@context":"https:\/\/schema.org","@graph":[{"@type":"WebPage","@id":"https:\/\/todotrial.com\/tienda\/dvds-mx2015-02-04-22-33-25\/","url":"https:\/\/todotrial.com\/tienda\/dvds-mx2015-02-04-22-33-25\/","name":"Mundial Motocross 2012 - Tienda de todotrial","isPartOf":{"@id":"https:\/\/todotrial.com\/tienda\/#website"},"primaryImageOfPage":{"@id":"https:\/\/todotrial.com\/tienda\/dvds-mx2015-02-04-22-33-25\/#primaryimage"},"image":{"@id":"https:\/\/todotrial.com\/tienda\/dvds-mx2015-02-04-22-33-25\/#primaryimage"},"thumbnailUrl":"https:\/\/todotrial.com\/tienda\/wp-content\/uploads\/2020\/07\/2340n.jpg","datePublished":"2020-07-02T16:46:16+00:00","dateModified":"2025-02-20T16:29:35+00:00","breadcrumb":{"@id":"https:\/\/todotrial.com\/tienda\/dvds-mx2015-02-04-22-33-25\/#breadcrumb"},"inLanguage":"es","potentialAction":[{"@type":"ReadAction","target":["https:\/\/todotrial.com\/tienda\/dvds-mx2015-02-04-22-33-25\/"]}]},{"@type":"ImageObject","inLanguage":"es","@id":"https:\/\/todotrial.com\/tienda\/dvds-mx2015-02-04-22-33-25\/#primaryimage","url":"https:\/\/todotrial.com\/tienda\/wp-content\/uploads\/2020\/07\/2340n.jpg","contentUrl":"https:\/\/todotrial.com\/tienda\/wp-content\/uploads\/2020\/07\/2340n.jpg","width":360,"height":510},{"@type":"BreadcrumbList","@id":"https:\/\/todotrial.com\/tienda\/dvds-mx2015-02-04-22-33-25\/#breadcrumb","itemListElement":[{"@type":"ListItem","position":1,"name":"Portada","item":"https:\/\/todotrial.com\/tienda\/"},{"@type":"ListItem","position":2,"name":"Shop","item":"https:\/\/todotrial.com\/tienda\/shop\/"},{"@type":"ListItem","position":3,"name":"Mundial Motocross 2012"}]},{"@type":"WebSite","@id":"https:\/\/todotrial.com\/tienda\/#website","url":"https:\/\/todotrial.com\/tienda\/","name":"Tienda de todotrial","description":"","potentialAction":[{"@type":"SearchAction","target":{"@type":"EntryPoint","urlTemplate":"https:\/\/todotrial.com\/tienda\/?s={search_term_string}"},"query-input":{"@type":"PropertyValueSpecification","valueRequired":true,"valueName":"search_term_string"}}],"inLanguage":"es"}]}},"_links":{"self":[{"href":"https:\/\/todotrial.com\/tienda\/wp-json\/wp\/v2\/product\/2648","targetHints":{"allow":["GET"]}}],"collection":[{"href":"https:\/\/todotrial.com\/tienda\/wp-json\/wp\/v2\/product"}],"about":[{"href":"https:\/\/todotrial.com\/tienda\/wp-json\/wp\/v2\/types\/product"}],"replies":[{"embeddable":true,"href":"https:\/\/todotrial.com\/tienda\/wp-json\/wp\/v2\/comments?post=2648"}],"version-history":[{"count":0,"href":"https:\/\/todotrial.com\/tienda\/wp-json\/wp\/v2\/product\/2648\/revisions"}],"wp:featuredmedia":[{"embeddable":true,"href":"https:\/\/todotrial.com\/tienda\/wp-json\/wp\/v2\/media\/2647"}],"wp:attachment":[{"href":"https:\/\/todotrial.com\/tienda\/wp-json\/wp\/v2\/media?parent=2648"}],"wp:term":[{"taxonomy":"product_brand","embeddable":true,"href":"https:\/\/todotrial.com\/tienda\/wp-json\/wp\/v2\/product_brand?post=2648"},{"taxonomy":"product_cat","embeddable":true,"href":"https:\/\/todotrial.com\/tienda\/wp-json\/wp\/v2\/product_cat?post=2648"},{"taxonomy":"product_tag","embeddable":true,"href":"https:\/\/todotrial.com\/tienda\/wp-json\/wp\/v2\/product_tag?post=2648"}],"curies":[{"name":"wp","href":"https:\/\/api.w.org\/{rel}","templated":true}]}}