{"id":2646,"date":"2020-07-02T16:46:10","date_gmt":"2020-07-02T16:46:10","guid":{"rendered":"https:\/\/todotrial.com\/tienda\/product\/dvds-mx2015-02-04-20-43-24\/"},"modified":"2025-02-20T17:29:36","modified_gmt":"2025-02-20T16:29:36","slug":"dvds-mx2015-02-04-20-43-24","status":"publish","type":"product","link":"https:\/\/todotrial.com\/tienda\/dvds-mx2015-02-04-20-43-24\/","title":{"rendered":"Motocross des Nations 2008 DVD"},"content":{"rendered":"<p>Motocross des Nations 2008 DVD<\/p>\n<p>Los grandes nombres de motocross viajaron a Donington Park en el Reino Unido para el evento m\u00e1s antiguo de este deporte &#8211; la FIM Red Bull Motocross de las Naciones. M\u00e1s de 30 pa\u00edses competir\u00e1n por el premio m\u00e1s prestigioso, con una l\u00ednea impresionante hasta incluyendo Campe\u00f3n del Mundo de MX1 David Philippaerts, MX2 Tyla Rattray Campe\u00f3n del Mundo, MX1 y MX2 t\u00edtulo titulares brit\u00e1nicos Bill MacKenzie y Shaun Simpson, adem\u00e1s de sus hom\u00f3logos estadounidenses James Stewart y Ryan Villopoto.<\/p>\n<p>Como si esa lista no era la boca agua suficiente, el 2008 MX de las Naciones tambi\u00e9n cuentan con Tommy Searle, Josh Coppins, Cody Cooper, Steve Ramon, Ken De Dycker, Sebastien Pourcel y muchas m\u00e1s estrellas en el salto de altura, el barro-escupir acci\u00f3n bici de la suciedad.<\/p>\n<p>El Oficial DVD Review cuenta con el drama de las tres carreras como las ofertas del equipo de los Estados Unidos para una nueva victoria, y todas las dem\u00e1s naciones lucha para romper el dominio de Estados Unidos en el t\u00edtulo MX de las Naciones.<\/p>\n<p>Los mejores \u00e1ngulos de c\u00e1mara que traen todas las emociones y los derrames de material excepcional, adem\u00e1s de que hay entrevistas con las estrellas y una serie de caracter\u00edsticas especiales, incluyendo una completa vuelta a bordo de la pista dif\u00edcil y t\u00e9cnica con Villapoto, una mirada a la forma en la curso fue creado, una introducci\u00f3n a todos los pilotos de cabeza y un informe completo de las carreras de clasificaci\u00f3n para el 2008 FIM Red Bull Motocross de las Naciones.<\/p>\n<p>&nbsp;<\/p>\n","protected":false},"excerpt":{"rendered":"<p>Motocross des Nations 2008 DVD<\/p>\n","protected":false},"featured_media":2645,"comment_status":"open","ping_status":"closed","template":"","meta":[],"product_brand":[],"product_cat":[15],"product_tag":[],"class_list":{"0":"post-2646","1":"product","2":"type-product","3":"status-publish","4":"has-post-thumbnail","6":"product_cat-uncategorized","8":"first","9":"instock","10":"taxable","11":"shipping-taxable","12":"purchasable","13":"product-type-simple"},"yoast_head":"<!-- This site is optimized with the Yoast SEO Premium plugin v21.2 (Yoast SEO v27.5) - https:\/\/yoast.com\/product\/yoast-seo-premium-wordpress\/ -->\n<title>Motocross des Nations 2008 DVD - Tienda de todotrial<\/title>\n<meta name=\"robots\" content=\"index, follow, max-snippet:-1, max-image-preview:large, max-video-preview:-1\" \/>\n<link rel=\"canonical\" href=\"https:\/\/todotrial.com\/tienda\/dvds-mx2015-02-04-20-43-24\/\" \/>\n<meta property=\"og:locale\" content=\"es_ES\" \/>\n<meta property=\"og:type\" content=\"article\" \/>\n<meta property=\"og:title\" content=\"Motocross des Nations 2008 DVD\" \/>\n<meta property=\"og:description\" content=\"Motocross des Nations 2008 DVD\" \/>\n<meta property=\"og:url\" content=\"https:\/\/todotrial.com\/tienda\/dvds-mx2015-02-04-20-43-24\/\" \/>\n<meta property=\"og:site_name\" content=\"Tienda de todotrial\" \/>\n<meta property=\"article:modified_time\" content=\"2025-02-20T16:29:36+00:00\" \/>\n<meta property=\"og:image\" content=\"https:\/\/todotrial.com\/tienda\/wp-content\/uploads\/2020\/07\/2218.jpg\" \/>\n\t<meta property=\"og:image:width\" content=\"360\" \/>\n\t<meta property=\"og:image:height\" content=\"509\" \/>\n\t<meta property=\"og:image:type\" content=\"image\/jpeg\" \/>\n<meta name=\"twitter:card\" content=\"summary_large_image\" \/>\n<meta name=\"twitter:label1\" content=\"Tiempo de lectura\" \/>\n\t<meta name=\"twitter:data1\" content=\"1 minuto\" \/>\n<script type=\"application\/ld+json\" class=\"yoast-schema-graph\">{\"@context\":\"https:\\\/\\\/schema.org\",\"@graph\":[{\"@type\":\"WebPage\",\"@id\":\"https:\\\/\\\/todotrial.com\\\/tienda\\\/dvds-mx2015-02-04-20-43-24\\\/\",\"url\":\"https:\\\/\\\/todotrial.com\\\/tienda\\\/dvds-mx2015-02-04-20-43-24\\\/\",\"name\":\"Motocross des Nations 2008 DVD - Tienda de todotrial\",\"isPartOf\":{\"@id\":\"https:\\\/\\\/todotrial.com\\\/tienda\\\/#website\"},\"primaryImageOfPage\":{\"@id\":\"https:\\\/\\\/todotrial.com\\\/tienda\\\/dvds-mx2015-02-04-20-43-24\\\/#primaryimage\"},\"image\":{\"@id\":\"https:\\\/\\\/todotrial.com\\\/tienda\\\/dvds-mx2015-02-04-20-43-24\\\/#primaryimage\"},\"thumbnailUrl\":\"https:\\\/\\\/todotrial.com\\\/tienda\\\/wp-content\\\/uploads\\\/2020\\\/07\\\/2218.jpg\",\"datePublished\":\"2020-07-02T16:46:10+00:00\",\"dateModified\":\"2025-02-20T16:29:36+00:00\",\"breadcrumb\":{\"@id\":\"https:\\\/\\\/todotrial.com\\\/tienda\\\/dvds-mx2015-02-04-20-43-24\\\/#breadcrumb\"},\"inLanguage\":\"es\",\"potentialAction\":[{\"@type\":\"ReadAction\",\"target\":[\"https:\\\/\\\/todotrial.com\\\/tienda\\\/dvds-mx2015-02-04-20-43-24\\\/\"]}]},{\"@type\":\"ImageObject\",\"inLanguage\":\"es\",\"@id\":\"https:\\\/\\\/todotrial.com\\\/tienda\\\/dvds-mx2015-02-04-20-43-24\\\/#primaryimage\",\"url\":\"https:\\\/\\\/todotrial.com\\\/tienda\\\/wp-content\\\/uploads\\\/2020\\\/07\\\/2218.jpg\",\"contentUrl\":\"https:\\\/\\\/todotrial.com\\\/tienda\\\/wp-content\\\/uploads\\\/2020\\\/07\\\/2218.jpg\",\"width\":360,\"height\":509},{\"@type\":\"BreadcrumbList\",\"@id\":\"https:\\\/\\\/todotrial.com\\\/tienda\\\/dvds-mx2015-02-04-20-43-24\\\/#breadcrumb\",\"itemListElement\":[{\"@type\":\"ListItem\",\"position\":1,\"name\":\"Portada\",\"item\":\"https:\\\/\\\/todotrial.com\\\/tienda\\\/\"},{\"@type\":\"ListItem\",\"position\":2,\"name\":\"Shop\",\"item\":\"https:\\\/\\\/todotrial.com\\\/tienda\\\/shop\\\/\"},{\"@type\":\"ListItem\",\"position\":3,\"name\":\"Motocross des Nations 2008 DVD\"}]},{\"@type\":\"WebSite\",\"@id\":\"https:\\\/\\\/todotrial.com\\\/tienda\\\/#website\",\"url\":\"https:\\\/\\\/todotrial.com\\\/tienda\\\/\",\"name\":\"Tienda de todotrial\",\"description\":\"\",\"potentialAction\":[{\"@type\":\"SearchAction\",\"target\":{\"@type\":\"EntryPoint\",\"urlTemplate\":\"https:\\\/\\\/todotrial.com\\\/tienda\\\/?s={search_term_string}\"},\"query-input\":{\"@type\":\"PropertyValueSpecification\",\"valueRequired\":true,\"valueName\":\"search_term_string\"}}],\"inLanguage\":\"es\"}]}<\/script>\n<!-- \/ Yoast SEO Premium plugin. -->","yoast_head_json":{"title":"Motocross des Nations 2008 DVD - Tienda de todotrial","robots":{"index":"index","follow":"follow","max-snippet":"max-snippet:-1","max-image-preview":"max-image-preview:large","max-video-preview":"max-video-preview:-1"},"canonical":"https:\/\/todotrial.com\/tienda\/dvds-mx2015-02-04-20-43-24\/","og_locale":"es_ES","og_type":"article","og_title":"Motocross des Nations 2008 DVD","og_description":"Motocross des Nations 2008 DVD","og_url":"https:\/\/todotrial.com\/tienda\/dvds-mx2015-02-04-20-43-24\/","og_site_name":"Tienda de todotrial","article_modified_time":"2025-02-20T16:29:36+00:00","og_image":[{"width":360,"height":509,"url":"https:\/\/todotrial.com\/tienda\/wp-content\/uploads\/2020\/07\/2218.jpg","type":"image\/jpeg"}],"twitter_card":"summary_large_image","twitter_misc":{"Tiempo de lectura":"1 minuto"},"schema":{"@context":"https:\/\/schema.org","@graph":[{"@type":"WebPage","@id":"https:\/\/todotrial.com\/tienda\/dvds-mx2015-02-04-20-43-24\/","url":"https:\/\/todotrial.com\/tienda\/dvds-mx2015-02-04-20-43-24\/","name":"Motocross des Nations 2008 DVD - Tienda de todotrial","isPartOf":{"@id":"https:\/\/todotrial.com\/tienda\/#website"},"primaryImageOfPage":{"@id":"https:\/\/todotrial.com\/tienda\/dvds-mx2015-02-04-20-43-24\/#primaryimage"},"image":{"@id":"https:\/\/todotrial.com\/tienda\/dvds-mx2015-02-04-20-43-24\/#primaryimage"},"thumbnailUrl":"https:\/\/todotrial.com\/tienda\/wp-content\/uploads\/2020\/07\/2218.jpg","datePublished":"2020-07-02T16:46:10+00:00","dateModified":"2025-02-20T16:29:36+00:00","breadcrumb":{"@id":"https:\/\/todotrial.com\/tienda\/dvds-mx2015-02-04-20-43-24\/#breadcrumb"},"inLanguage":"es","potentialAction":[{"@type":"ReadAction","target":["https:\/\/todotrial.com\/tienda\/dvds-mx2015-02-04-20-43-24\/"]}]},{"@type":"ImageObject","inLanguage":"es","@id":"https:\/\/todotrial.com\/tienda\/dvds-mx2015-02-04-20-43-24\/#primaryimage","url":"https:\/\/todotrial.com\/tienda\/wp-content\/uploads\/2020\/07\/2218.jpg","contentUrl":"https:\/\/todotrial.com\/tienda\/wp-content\/uploads\/2020\/07\/2218.jpg","width":360,"height":509},{"@type":"BreadcrumbList","@id":"https:\/\/todotrial.com\/tienda\/dvds-mx2015-02-04-20-43-24\/#breadcrumb","itemListElement":[{"@type":"ListItem","position":1,"name":"Portada","item":"https:\/\/todotrial.com\/tienda\/"},{"@type":"ListItem","position":2,"name":"Shop","item":"https:\/\/todotrial.com\/tienda\/shop\/"},{"@type":"ListItem","position":3,"name":"Motocross des Nations 2008 DVD"}]},{"@type":"WebSite","@id":"https:\/\/todotrial.com\/tienda\/#website","url":"https:\/\/todotrial.com\/tienda\/","name":"Tienda de todotrial","description":"","potentialAction":[{"@type":"SearchAction","target":{"@type":"EntryPoint","urlTemplate":"https:\/\/todotrial.com\/tienda\/?s={search_term_string}"},"query-input":{"@type":"PropertyValueSpecification","valueRequired":true,"valueName":"search_term_string"}}],"inLanguage":"es"}]}},"_links":{"self":[{"href":"https:\/\/todotrial.com\/tienda\/wp-json\/wp\/v2\/product\/2646","targetHints":{"allow":["GET"]}}],"collection":[{"href":"https:\/\/todotrial.com\/tienda\/wp-json\/wp\/v2\/product"}],"about":[{"href":"https:\/\/todotrial.com\/tienda\/wp-json\/wp\/v2\/types\/product"}],"replies":[{"embeddable":true,"href":"https:\/\/todotrial.com\/tienda\/wp-json\/wp\/v2\/comments?post=2646"}],"version-history":[{"count":0,"href":"https:\/\/todotrial.com\/tienda\/wp-json\/wp\/v2\/product\/2646\/revisions"}],"wp:featuredmedia":[{"embeddable":true,"href":"https:\/\/todotrial.com\/tienda\/wp-json\/wp\/v2\/media\/2645"}],"wp:attachment":[{"href":"https:\/\/todotrial.com\/tienda\/wp-json\/wp\/v2\/media?parent=2646"}],"wp:term":[{"taxonomy":"product_brand","embeddable":true,"href":"https:\/\/todotrial.com\/tienda\/wp-json\/wp\/v2\/product_brand?post=2646"},{"taxonomy":"product_cat","embeddable":true,"href":"https:\/\/todotrial.com\/tienda\/wp-json\/wp\/v2\/product_cat?post=2646"},{"taxonomy":"product_tag","embeddable":true,"href":"https:\/\/todotrial.com\/tienda\/wp-json\/wp\/v2\/product_tag?post=2646"}],"curies":[{"name":"wp","href":"https:\/\/api.w.org\/{rel}","templated":true}]}}