{"id":2636,"date":"2020-07-02T16:45:35","date_gmt":"2020-07-02T16:45:35","guid":{"rendered":"https:\/\/todotrial.com\/tienda\/product\/dvds-de-enduro2015-02-03-23-31-30\/"},"modified":"2025-02-20T17:29:39","modified_gmt":"2025-02-20T16:29:39","slug":"dvds-de-enduro2015-02-03-23-31-30","status":"publish","type":"product","link":"https:\/\/todotrial.com\/tienda\/dvds-de-enduro2015-02-03-23-31-30\/","title":{"rendered":"Enduro at Erzberg 2007- Rise of the Young Guns"},"content":{"rendered":"<p>Enduro at Erzberg 2007- Rise of the Young Guns DVD<\/p>\n<p>Nominado para el impacto V\u00eddeo Xtremey Awards 2008, en el Enduro \/ categor\u00eda Off-Road Moto.<\/p>\n<p>El mejor a\u00f1o aun para este evento impresionante, con un giro de los acontecimientos de proporciones \u00e9picas!<br \/>La incre\u00edble salida de estrellas incluy\u00f3 los campeones del Mundial de Enduro, Motocross y de Trial , adem\u00e1s de los ganadores del Rally Dakar, en uno de los m\u00e1s fuertes reuniones jam\u00e1s vistos. Cyril Despres, Christian Pfeiffer, David Knight, Giovanni Sala y tantas estrellas de lo m\u00e1s grandes.<br \/>Con una serie de pilotos de tanta y tal calidad, tambi\u00e9n iba a ser una competici\u00f3n incre\u00edble, pero nadie podr\u00eda haber predicho la forma en que las cosas se sucedieron &#8211; Erzberg 2007 es una pel\u00edcula de suspense de principio a fin.<br \/>Mira los actos heroicos, y lo inesperado, ya que el terreno peligroso de la mayor mina de hierro de Europa acoge la \u00faltima prueba del hombre y la m\u00e1quina.<\/p>\n<p>Idioma Ingl\u00e9s ( Aunque lo verdaderamente importante son las im\u00e1genes y el ruido ambiente de los motores)<\/p>\n","protected":false},"excerpt":{"rendered":"<p>Enduro at Erzberg 2007- Rise of the Young Guns DVD<\/p>\n","protected":false},"featured_media":2635,"comment_status":"open","ping_status":"closed","template":"","meta":[],"product_brand":[],"product_cat":[15],"product_tag":[],"class_list":{"0":"post-2636","1":"product","2":"type-product","3":"status-publish","4":"has-post-thumbnail","6":"product_cat-uncategorized","8":"first","9":"instock","10":"taxable","11":"shipping-taxable","12":"purchasable","13":"product-type-simple"},"yoast_head":"<!-- This site is optimized with the Yoast SEO Premium plugin v21.2 (Yoast SEO v27.3) - https:\/\/yoast.com\/product\/yoast-seo-premium-wordpress\/ -->\n<title>Enduro at Erzberg 2007- Rise of the Young Guns - Tienda de todotrial<\/title>\n<meta name=\"robots\" content=\"index, follow, max-snippet:-1, max-image-preview:large, max-video-preview:-1\" \/>\n<link rel=\"canonical\" href=\"https:\/\/todotrial.com\/tienda\/dvds-de-enduro2015-02-03-23-31-30\/\" \/>\n<meta property=\"og:locale\" content=\"es_ES\" \/>\n<meta property=\"og:type\" content=\"article\" \/>\n<meta property=\"og:title\" content=\"Enduro at Erzberg 2007- Rise of the Young Guns\" \/>\n<meta property=\"og:description\" content=\"Enduro at Erzberg 2007- Rise of the Young Guns DVD\" \/>\n<meta property=\"og:url\" content=\"https:\/\/todotrial.com\/tienda\/dvds-de-enduro2015-02-03-23-31-30\/\" \/>\n<meta property=\"og:site_name\" content=\"Tienda de todotrial\" \/>\n<meta property=\"article:modified_time\" content=\"2025-02-20T16:29:39+00:00\" \/>\n<meta property=\"og:image\" content=\"https:\/\/todotrial.com\/tienda\/wp-content\/uploads\/2020\/07\/te002.jpg\" \/>\n\t<meta property=\"og:image:width\" content=\"360\" \/>\n\t<meta property=\"og:image:height\" content=\"599\" \/>\n\t<meta property=\"og:image:type\" content=\"image\/jpeg\" \/>\n<meta name=\"twitter:card\" content=\"summary_large_image\" \/>\n<meta name=\"twitter:label1\" content=\"Tiempo de lectura\" \/>\n\t<meta name=\"twitter:data1\" content=\"1 minuto\" \/>\n<script type=\"application\/ld+json\" class=\"yoast-schema-graph\">{\"@context\":\"https:\\\/\\\/schema.org\",\"@graph\":[{\"@type\":\"WebPage\",\"@id\":\"https:\\\/\\\/todotrial.com\\\/tienda\\\/dvds-de-enduro2015-02-03-23-31-30\\\/\",\"url\":\"https:\\\/\\\/todotrial.com\\\/tienda\\\/dvds-de-enduro2015-02-03-23-31-30\\\/\",\"name\":\"Enduro at Erzberg 2007- Rise of the Young Guns - Tienda de todotrial\",\"isPartOf\":{\"@id\":\"https:\\\/\\\/todotrial.com\\\/tienda\\\/#website\"},\"primaryImageOfPage\":{\"@id\":\"https:\\\/\\\/todotrial.com\\\/tienda\\\/dvds-de-enduro2015-02-03-23-31-30\\\/#primaryimage\"},\"image\":{\"@id\":\"https:\\\/\\\/todotrial.com\\\/tienda\\\/dvds-de-enduro2015-02-03-23-31-30\\\/#primaryimage\"},\"thumbnailUrl\":\"https:\\\/\\\/todotrial.com\\\/tienda\\\/wp-content\\\/uploads\\\/2020\\\/07\\\/te002.jpg\",\"datePublished\":\"2020-07-02T16:45:35+00:00\",\"dateModified\":\"2025-02-20T16:29:39+00:00\",\"breadcrumb\":{\"@id\":\"https:\\\/\\\/todotrial.com\\\/tienda\\\/dvds-de-enduro2015-02-03-23-31-30\\\/#breadcrumb\"},\"inLanguage\":\"es\",\"potentialAction\":[{\"@type\":\"ReadAction\",\"target\":[\"https:\\\/\\\/todotrial.com\\\/tienda\\\/dvds-de-enduro2015-02-03-23-31-30\\\/\"]}]},{\"@type\":\"ImageObject\",\"inLanguage\":\"es\",\"@id\":\"https:\\\/\\\/todotrial.com\\\/tienda\\\/dvds-de-enduro2015-02-03-23-31-30\\\/#primaryimage\",\"url\":\"https:\\\/\\\/todotrial.com\\\/tienda\\\/wp-content\\\/uploads\\\/2020\\\/07\\\/te002.jpg\",\"contentUrl\":\"https:\\\/\\\/todotrial.com\\\/tienda\\\/wp-content\\\/uploads\\\/2020\\\/07\\\/te002.jpg\",\"width\":360,\"height\":599},{\"@type\":\"BreadcrumbList\",\"@id\":\"https:\\\/\\\/todotrial.com\\\/tienda\\\/dvds-de-enduro2015-02-03-23-31-30\\\/#breadcrumb\",\"itemListElement\":[{\"@type\":\"ListItem\",\"position\":1,\"name\":\"Portada\",\"item\":\"https:\\\/\\\/todotrial.com\\\/tienda\\\/\"},{\"@type\":\"ListItem\",\"position\":2,\"name\":\"Shop\",\"item\":\"https:\\\/\\\/todotrial.com\\\/tienda\\\/shop\\\/\"},{\"@type\":\"ListItem\",\"position\":3,\"name\":\"Enduro at Erzberg 2007- Rise of the Young Guns\"}]},{\"@type\":\"WebSite\",\"@id\":\"https:\\\/\\\/todotrial.com\\\/tienda\\\/#website\",\"url\":\"https:\\\/\\\/todotrial.com\\\/tienda\\\/\",\"name\":\"Tienda de todotrial\",\"description\":\"\",\"potentialAction\":[{\"@type\":\"SearchAction\",\"target\":{\"@type\":\"EntryPoint\",\"urlTemplate\":\"https:\\\/\\\/todotrial.com\\\/tienda\\\/?s={search_term_string}\"},\"query-input\":{\"@type\":\"PropertyValueSpecification\",\"valueRequired\":true,\"valueName\":\"search_term_string\"}}],\"inLanguage\":\"es\"}]}<\/script>\n<!-- \/ Yoast SEO Premium plugin. -->","yoast_head_json":{"title":"Enduro at Erzberg 2007- Rise of the Young Guns - Tienda de todotrial","robots":{"index":"index","follow":"follow","max-snippet":"max-snippet:-1","max-image-preview":"max-image-preview:large","max-video-preview":"max-video-preview:-1"},"canonical":"https:\/\/todotrial.com\/tienda\/dvds-de-enduro2015-02-03-23-31-30\/","og_locale":"es_ES","og_type":"article","og_title":"Enduro at Erzberg 2007- Rise of the Young Guns","og_description":"Enduro at Erzberg 2007- Rise of the Young Guns DVD","og_url":"https:\/\/todotrial.com\/tienda\/dvds-de-enduro2015-02-03-23-31-30\/","og_site_name":"Tienda de todotrial","article_modified_time":"2025-02-20T16:29:39+00:00","og_image":[{"width":360,"height":599,"url":"https:\/\/todotrial.com\/tienda\/wp-content\/uploads\/2020\/07\/te002.jpg","type":"image\/jpeg"}],"twitter_card":"summary_large_image","twitter_misc":{"Tiempo de lectura":"1 minuto"},"schema":{"@context":"https:\/\/schema.org","@graph":[{"@type":"WebPage","@id":"https:\/\/todotrial.com\/tienda\/dvds-de-enduro2015-02-03-23-31-30\/","url":"https:\/\/todotrial.com\/tienda\/dvds-de-enduro2015-02-03-23-31-30\/","name":"Enduro at Erzberg 2007- Rise of the Young Guns - Tienda de todotrial","isPartOf":{"@id":"https:\/\/todotrial.com\/tienda\/#website"},"primaryImageOfPage":{"@id":"https:\/\/todotrial.com\/tienda\/dvds-de-enduro2015-02-03-23-31-30\/#primaryimage"},"image":{"@id":"https:\/\/todotrial.com\/tienda\/dvds-de-enduro2015-02-03-23-31-30\/#primaryimage"},"thumbnailUrl":"https:\/\/todotrial.com\/tienda\/wp-content\/uploads\/2020\/07\/te002.jpg","datePublished":"2020-07-02T16:45:35+00:00","dateModified":"2025-02-20T16:29:39+00:00","breadcrumb":{"@id":"https:\/\/todotrial.com\/tienda\/dvds-de-enduro2015-02-03-23-31-30\/#breadcrumb"},"inLanguage":"es","potentialAction":[{"@type":"ReadAction","target":["https:\/\/todotrial.com\/tienda\/dvds-de-enduro2015-02-03-23-31-30\/"]}]},{"@type":"ImageObject","inLanguage":"es","@id":"https:\/\/todotrial.com\/tienda\/dvds-de-enduro2015-02-03-23-31-30\/#primaryimage","url":"https:\/\/todotrial.com\/tienda\/wp-content\/uploads\/2020\/07\/te002.jpg","contentUrl":"https:\/\/todotrial.com\/tienda\/wp-content\/uploads\/2020\/07\/te002.jpg","width":360,"height":599},{"@type":"BreadcrumbList","@id":"https:\/\/todotrial.com\/tienda\/dvds-de-enduro2015-02-03-23-31-30\/#breadcrumb","itemListElement":[{"@type":"ListItem","position":1,"name":"Portada","item":"https:\/\/todotrial.com\/tienda\/"},{"@type":"ListItem","position":2,"name":"Shop","item":"https:\/\/todotrial.com\/tienda\/shop\/"},{"@type":"ListItem","position":3,"name":"Enduro at Erzberg 2007- Rise of the Young Guns"}]},{"@type":"WebSite","@id":"https:\/\/todotrial.com\/tienda\/#website","url":"https:\/\/todotrial.com\/tienda\/","name":"Tienda de todotrial","description":"","potentialAction":[{"@type":"SearchAction","target":{"@type":"EntryPoint","urlTemplate":"https:\/\/todotrial.com\/tienda\/?s={search_term_string}"},"query-input":{"@type":"PropertyValueSpecification","valueRequired":true,"valueName":"search_term_string"}}],"inLanguage":"es"}]}},"_links":{"self":[{"href":"https:\/\/todotrial.com\/tienda\/wp-json\/wp\/v2\/product\/2636","targetHints":{"allow":["GET"]}}],"collection":[{"href":"https:\/\/todotrial.com\/tienda\/wp-json\/wp\/v2\/product"}],"about":[{"href":"https:\/\/todotrial.com\/tienda\/wp-json\/wp\/v2\/types\/product"}],"replies":[{"embeddable":true,"href":"https:\/\/todotrial.com\/tienda\/wp-json\/wp\/v2\/comments?post=2636"}],"version-history":[{"count":0,"href":"https:\/\/todotrial.com\/tienda\/wp-json\/wp\/v2\/product\/2636\/revisions"}],"wp:featuredmedia":[{"embeddable":true,"href":"https:\/\/todotrial.com\/tienda\/wp-json\/wp\/v2\/media\/2635"}],"wp:attachment":[{"href":"https:\/\/todotrial.com\/tienda\/wp-json\/wp\/v2\/media?parent=2636"}],"wp:term":[{"taxonomy":"product_brand","embeddable":true,"href":"https:\/\/todotrial.com\/tienda\/wp-json\/wp\/v2\/product_brand?post=2636"},{"taxonomy":"product_cat","embeddable":true,"href":"https:\/\/todotrial.com\/tienda\/wp-json\/wp\/v2\/product_cat?post=2636"},{"taxonomy":"product_tag","embeddable":true,"href":"https:\/\/todotrial.com\/tienda\/wp-json\/wp\/v2\/product_tag?post=2636"}],"curies":[{"name":"wp","href":"https:\/\/api.w.org\/{rel}","templated":true}]}}