{"id":2628,"date":"2020-07-02T16:45:08","date_gmt":"2020-07-02T16:45:08","guid":{"rendered":"https:\/\/todotrial.com\/tienda\/product\/dvds-de-enduro2015-02-03-22-43-00\/"},"modified":"2025-02-20T17:29:43","modified_gmt":"2025-02-20T16:29:43","slug":"dvds-de-enduro2015-02-03-22-43-00","status":"publish","type":"product","link":"https:\/\/todotrial.com\/tienda\/dvds-de-enduro2015-02-03-22-43-00\/","title":{"rendered":"Seis dias  Enduro Internacional 2010"},"content":{"rendered":"<p>Seis dias de Enduro Internacional 2010 DVD<\/p>\n<p>El 85 concurso del FIM Seis D\u00edas Internacionales de Enduro ofreci\u00f3 terreno duro, la competencia feroz y las carreras&nbsp;<span class=\"046170513-07022015\">repletas de tensi\u00f3n<\/span>de. Ahora puedes revivir los mejores momentos de los&nbsp;<span class=\"046170513-07022015\">\u00ab<\/span>Juegos Ol\u00edmpicos de 2010 de Motociclismo\u00bb con&nbsp;<span class=\"046170513-07022015\">un <\/span><span class=\"046170513-07022015\">analisis<\/span>,&nbsp; lleno de acci\u00f3n.<\/p>\n<p>Celebrada en Morelia, M\u00e9xico, el ISDE 2010 atrajo a 378 de los mejores pilotos de Enduro de 28 naciones. Se enfrentar\u00edan a un promedio de m\u00e1s de 130 kil\u00f3metros de los m\u00e1s dif\u00edciles de montar todos los d\u00edas, luchando contra<span class=\"046170513-07022015\"> las bajadas y subidas<\/span>&nbsp; hacia arriba y abajo de las monta\u00f1as, a trav\u00e9s de espesos bosques y en&nbsp; polvorientas llanuras. Dise\u00f1ado por el seis veces campe\u00f3n de Enduro Gio Sala, el&nbsp;<span class=\"046170513-07022015\">circuito<\/span> mexican<span class=\"046170513-07022015\">o<\/span>&nbsp;<span class=\"046170513-07022015\">exigir\u00eda<\/span> la prueba definitiva para piloto&nbsp;<span class=\"046170513-07022015\">y <\/span>m\u00e1quina.<\/p>\n<p><span class=\"046170513-07022015\">La <\/span>Habilidad se puso de manifiesto en todas las categor\u00edas, pero la desgracia jug\u00f3 un papel importante&nbsp;<span class=\"046170513-07022015\">cuando algunos <\/span>&nbsp;equipos perdieron miembros clave a trav\u00e9s de&nbsp;<span class=\"046170513-07022015\">acidentes<\/span>y lesiones. Sin embargo, la&nbsp;<span class=\"046170513-07022015\">lucha<\/span> por la victoria fue de infarto, y, a pesar de&nbsp;<span class=\"046170513-07022015\">ser canceladas algunas <\/span>etapas , el ISDE 2010 result\u00f3 ser uno de los m\u00e1s competitivos enfrentamientos<span class=\"046170513-07022015\"> de<\/span>&nbsp;Enduro internacionales jam\u00e1s vistos.<\/p>\n<p>Est<span class=\"046170513-07022015\">e analisis<\/span>&nbsp;cuenta con una mirada retrospectiva a la Copa Mundial de la Mujer, el Junior Trophy y el Trofeo Mundial, con&nbsp;<span class=\"046170513-07022015\">lo mas destacado <\/span>&nbsp;de<span class=\"046170513-07022015\"> la<\/span>&nbsp;acci\u00f3n, entrevistas con las estrellas, un vistazo a las motos que se est\u00e1 trabajando e informados comentari<span class=\"046170513-07022015\">os que te guian <\/span>&nbsp;a trav\u00e9s del evento.<\/p>\n<p>Vemos como Francia domina la secci\u00f3n de mujeres, y escucha<span class=\"046170513-07022015\">mos declaraciones<\/span>&nbsp;de los miembros del equipo ganador Ludivine Puy y Audrey Rossat as\u00ed como&nbsp;<span class=\"046170513-07022015\">sus retadores de<\/span>USA Nicole Bradford y Amanda Mastin. Los pilotos J\u00fanior nos muestran el posible futuro de Enduro, como los espa\u00f1oles &#8211; incluyendo Oriol Mena y Lorenzo Santolino, rep<span class=\"046170513-07022015\">iten su actuaci\u00f3n&nbsp; soberbia del&nbsp;<\/span> ISDE 2009 .<\/p>\n<p>La atenci\u00f3n se vuelve hacia el Trofeo Mundial y al d\u00eda a d\u00eda mirar hacia atr\u00e1s en este concurso incre\u00edble. El equipo franc\u00e9s empez\u00f3 como favoritos, pero se enfrent\u00f3 a una dura lucha con sus rivales italianos, mientras que los pilotos finlandeses y estadounidenses lucharon para capturar un lugar en el podio. Al final de los cinco d\u00edas de dura c<span class=\"046170513-07022015\">ompetici\u00f3n<\/span>, los tres mejores equipos se&nbsp;<span class=\"046170513-07022015\">diferenciaron<\/span> por s\u00f3lo 15 minutos, reflejando cu\u00e1n cerca hab\u00eda sido la competencia. Ver y escuchar a las estrellas de Enduro incluyendo Antoine Meo, Juha Salminen, Rodrig Thain, Johnny Aubert, Destry Abbott, Manuel Monni y m\u00e1s.<\/p>\n<p>Idioma Ingl\u00e9s ( Aunque lo verdaderamente importante son las im\u00e1genes y el ruido ambiente de los motores)<\/p>\n<p>&nbsp;<\/p>\n","protected":false},"excerpt":{"rendered":"<p>Seis dias de Enduro Internacional 2010 DVD-Oriol Mena y Lorenzo Santolino<\/p>\n","protected":false},"featured_media":2627,"comment_status":"open","ping_status":"closed","template":"","meta":[],"product_brand":[],"product_cat":[15],"product_tag":[],"class_list":{"0":"post-2628","1":"product","2":"type-product","3":"status-publish","4":"has-post-thumbnail","6":"product_cat-uncategorized","8":"first","9":"instock","10":"taxable","11":"shipping-taxable","12":"purchasable","13":"product-type-simple"},"yoast_head":"<!-- This site is optimized with the Yoast SEO Premium plugin v21.2 (Yoast SEO v27.3) - https:\/\/yoast.com\/product\/yoast-seo-premium-wordpress\/ -->\n<title>Seis dias Enduro Internacional 2010 - Tienda de todotrial<\/title>\n<meta name=\"robots\" content=\"index, follow, max-snippet:-1, max-image-preview:large, max-video-preview:-1\" \/>\n<link rel=\"canonical\" href=\"https:\/\/todotrial.com\/tienda\/dvds-de-enduro2015-02-03-22-43-00\/\" \/>\n<meta property=\"og:locale\" content=\"es_ES\" \/>\n<meta property=\"og:type\" content=\"article\" \/>\n<meta property=\"og:title\" content=\"Seis dias Enduro Internacional 2010\" \/>\n<meta property=\"og:description\" content=\"Seis dias de Enduro Internacional 2010 DVD-Oriol Mena y Lorenzo Santolino\" \/>\n<meta property=\"og:url\" content=\"https:\/\/todotrial.com\/tienda\/dvds-de-enduro2015-02-03-22-43-00\/\" \/>\n<meta property=\"og:site_name\" content=\"Tienda de todotrial\" \/>\n<meta property=\"article:modified_time\" content=\"2025-02-20T16:29:43+00:00\" \/>\n<meta property=\"og:image\" content=\"https:\/\/todotrial.com\/tienda\/wp-content\/uploads\/2020\/07\/2331.jpg\" \/>\n\t<meta property=\"og:image:width\" content=\"360\" \/>\n\t<meta property=\"og:image:height\" content=\"516\" \/>\n\t<meta property=\"og:image:type\" content=\"image\/jpeg\" \/>\n<meta name=\"twitter:card\" content=\"summary_large_image\" \/>\n<meta name=\"twitter:label1\" content=\"Tiempo de lectura\" \/>\n\t<meta name=\"twitter:data1\" content=\"2 minutos\" \/>\n<script type=\"application\/ld+json\" class=\"yoast-schema-graph\">{\"@context\":\"https:\\\/\\\/schema.org\",\"@graph\":[{\"@type\":\"WebPage\",\"@id\":\"https:\\\/\\\/todotrial.com\\\/tienda\\\/dvds-de-enduro2015-02-03-22-43-00\\\/\",\"url\":\"https:\\\/\\\/todotrial.com\\\/tienda\\\/dvds-de-enduro2015-02-03-22-43-00\\\/\",\"name\":\"Seis dias Enduro Internacional 2010 - Tienda de todotrial\",\"isPartOf\":{\"@id\":\"https:\\\/\\\/todotrial.com\\\/tienda\\\/#website\"},\"primaryImageOfPage\":{\"@id\":\"https:\\\/\\\/todotrial.com\\\/tienda\\\/dvds-de-enduro2015-02-03-22-43-00\\\/#primaryimage\"},\"image\":{\"@id\":\"https:\\\/\\\/todotrial.com\\\/tienda\\\/dvds-de-enduro2015-02-03-22-43-00\\\/#primaryimage\"},\"thumbnailUrl\":\"https:\\\/\\\/todotrial.com\\\/tienda\\\/wp-content\\\/uploads\\\/2020\\\/07\\\/2331.jpg\",\"datePublished\":\"2020-07-02T16:45:08+00:00\",\"dateModified\":\"2025-02-20T16:29:43+00:00\",\"breadcrumb\":{\"@id\":\"https:\\\/\\\/todotrial.com\\\/tienda\\\/dvds-de-enduro2015-02-03-22-43-00\\\/#breadcrumb\"},\"inLanguage\":\"es\",\"potentialAction\":[{\"@type\":\"ReadAction\",\"target\":[\"https:\\\/\\\/todotrial.com\\\/tienda\\\/dvds-de-enduro2015-02-03-22-43-00\\\/\"]}]},{\"@type\":\"ImageObject\",\"inLanguage\":\"es\",\"@id\":\"https:\\\/\\\/todotrial.com\\\/tienda\\\/dvds-de-enduro2015-02-03-22-43-00\\\/#primaryimage\",\"url\":\"https:\\\/\\\/todotrial.com\\\/tienda\\\/wp-content\\\/uploads\\\/2020\\\/07\\\/2331.jpg\",\"contentUrl\":\"https:\\\/\\\/todotrial.com\\\/tienda\\\/wp-content\\\/uploads\\\/2020\\\/07\\\/2331.jpg\",\"width\":360,\"height\":516},{\"@type\":\"BreadcrumbList\",\"@id\":\"https:\\\/\\\/todotrial.com\\\/tienda\\\/dvds-de-enduro2015-02-03-22-43-00\\\/#breadcrumb\",\"itemListElement\":[{\"@type\":\"ListItem\",\"position\":1,\"name\":\"Portada\",\"item\":\"https:\\\/\\\/todotrial.com\\\/tienda\\\/\"},{\"@type\":\"ListItem\",\"position\":2,\"name\":\"Shop\",\"item\":\"https:\\\/\\\/todotrial.com\\\/tienda\\\/shop\\\/\"},{\"@type\":\"ListItem\",\"position\":3,\"name\":\"Seis dias Enduro Internacional 2010\"}]},{\"@type\":\"WebSite\",\"@id\":\"https:\\\/\\\/todotrial.com\\\/tienda\\\/#website\",\"url\":\"https:\\\/\\\/todotrial.com\\\/tienda\\\/\",\"name\":\"Tienda de todotrial\",\"description\":\"\",\"potentialAction\":[{\"@type\":\"SearchAction\",\"target\":{\"@type\":\"EntryPoint\",\"urlTemplate\":\"https:\\\/\\\/todotrial.com\\\/tienda\\\/?s={search_term_string}\"},\"query-input\":{\"@type\":\"PropertyValueSpecification\",\"valueRequired\":true,\"valueName\":\"search_term_string\"}}],\"inLanguage\":\"es\"}]}<\/script>\n<!-- \/ Yoast SEO Premium plugin. -->","yoast_head_json":{"title":"Seis dias Enduro Internacional 2010 - Tienda de todotrial","robots":{"index":"index","follow":"follow","max-snippet":"max-snippet:-1","max-image-preview":"max-image-preview:large","max-video-preview":"max-video-preview:-1"},"canonical":"https:\/\/todotrial.com\/tienda\/dvds-de-enduro2015-02-03-22-43-00\/","og_locale":"es_ES","og_type":"article","og_title":"Seis dias Enduro Internacional 2010","og_description":"Seis dias de Enduro Internacional 2010 DVD-Oriol Mena y Lorenzo Santolino","og_url":"https:\/\/todotrial.com\/tienda\/dvds-de-enduro2015-02-03-22-43-00\/","og_site_name":"Tienda de todotrial","article_modified_time":"2025-02-20T16:29:43+00:00","og_image":[{"width":360,"height":516,"url":"https:\/\/todotrial.com\/tienda\/wp-content\/uploads\/2020\/07\/2331.jpg","type":"image\/jpeg"}],"twitter_card":"summary_large_image","twitter_misc":{"Tiempo de lectura":"2 minutos"},"schema":{"@context":"https:\/\/schema.org","@graph":[{"@type":"WebPage","@id":"https:\/\/todotrial.com\/tienda\/dvds-de-enduro2015-02-03-22-43-00\/","url":"https:\/\/todotrial.com\/tienda\/dvds-de-enduro2015-02-03-22-43-00\/","name":"Seis dias Enduro Internacional 2010 - Tienda de todotrial","isPartOf":{"@id":"https:\/\/todotrial.com\/tienda\/#website"},"primaryImageOfPage":{"@id":"https:\/\/todotrial.com\/tienda\/dvds-de-enduro2015-02-03-22-43-00\/#primaryimage"},"image":{"@id":"https:\/\/todotrial.com\/tienda\/dvds-de-enduro2015-02-03-22-43-00\/#primaryimage"},"thumbnailUrl":"https:\/\/todotrial.com\/tienda\/wp-content\/uploads\/2020\/07\/2331.jpg","datePublished":"2020-07-02T16:45:08+00:00","dateModified":"2025-02-20T16:29:43+00:00","breadcrumb":{"@id":"https:\/\/todotrial.com\/tienda\/dvds-de-enduro2015-02-03-22-43-00\/#breadcrumb"},"inLanguage":"es","potentialAction":[{"@type":"ReadAction","target":["https:\/\/todotrial.com\/tienda\/dvds-de-enduro2015-02-03-22-43-00\/"]}]},{"@type":"ImageObject","inLanguage":"es","@id":"https:\/\/todotrial.com\/tienda\/dvds-de-enduro2015-02-03-22-43-00\/#primaryimage","url":"https:\/\/todotrial.com\/tienda\/wp-content\/uploads\/2020\/07\/2331.jpg","contentUrl":"https:\/\/todotrial.com\/tienda\/wp-content\/uploads\/2020\/07\/2331.jpg","width":360,"height":516},{"@type":"BreadcrumbList","@id":"https:\/\/todotrial.com\/tienda\/dvds-de-enduro2015-02-03-22-43-00\/#breadcrumb","itemListElement":[{"@type":"ListItem","position":1,"name":"Portada","item":"https:\/\/todotrial.com\/tienda\/"},{"@type":"ListItem","position":2,"name":"Shop","item":"https:\/\/todotrial.com\/tienda\/shop\/"},{"@type":"ListItem","position":3,"name":"Seis dias Enduro Internacional 2010"}]},{"@type":"WebSite","@id":"https:\/\/todotrial.com\/tienda\/#website","url":"https:\/\/todotrial.com\/tienda\/","name":"Tienda de todotrial","description":"","potentialAction":[{"@type":"SearchAction","target":{"@type":"EntryPoint","urlTemplate":"https:\/\/todotrial.com\/tienda\/?s={search_term_string}"},"query-input":{"@type":"PropertyValueSpecification","valueRequired":true,"valueName":"search_term_string"}}],"inLanguage":"es"}]}},"_links":{"self":[{"href":"https:\/\/todotrial.com\/tienda\/wp-json\/wp\/v2\/product\/2628","targetHints":{"allow":["GET"]}}],"collection":[{"href":"https:\/\/todotrial.com\/tienda\/wp-json\/wp\/v2\/product"}],"about":[{"href":"https:\/\/todotrial.com\/tienda\/wp-json\/wp\/v2\/types\/product"}],"replies":[{"embeddable":true,"href":"https:\/\/todotrial.com\/tienda\/wp-json\/wp\/v2\/comments?post=2628"}],"version-history":[{"count":0,"href":"https:\/\/todotrial.com\/tienda\/wp-json\/wp\/v2\/product\/2628\/revisions"}],"wp:featuredmedia":[{"embeddable":true,"href":"https:\/\/todotrial.com\/tienda\/wp-json\/wp\/v2\/media\/2627"}],"wp:attachment":[{"href":"https:\/\/todotrial.com\/tienda\/wp-json\/wp\/v2\/media?parent=2628"}],"wp:term":[{"taxonomy":"product_brand","embeddable":true,"href":"https:\/\/todotrial.com\/tienda\/wp-json\/wp\/v2\/product_brand?post=2628"},{"taxonomy":"product_cat","embeddable":true,"href":"https:\/\/todotrial.com\/tienda\/wp-json\/wp\/v2\/product_cat?post=2628"},{"taxonomy":"product_tag","embeddable":true,"href":"https:\/\/todotrial.com\/tienda\/wp-json\/wp\/v2\/product_tag?post=2628"}],"curies":[{"name":"wp","href":"https:\/\/api.w.org\/{rel}","templated":true}]}}