{"id":2625,"date":"2020-07-02T16:44:55","date_gmt":"2020-07-02T16:44:55","guid":{"rendered":"https:\/\/todotrial.com\/tienda\/product\/dvds-de-enduro2015-02-03-22-11-52\/"},"modified":"2025-02-20T17:29:45","modified_gmt":"2025-02-20T16:29:45","slug":"dvds-de-enduro2015-02-03-22-11-52","status":"publish","type":"product","link":"https:\/\/todotrial.com\/tienda\/dvds-de-enduro2015-02-03-22-11-52\/","title":{"rendered":"Red Bull Romaniacs The 8th Edition"},"content":{"rendered":"<p>Red Bull Romaniacs The 8th Edition DVD<\/p>\n<p>Despu\u00e9s de que termin\u00f3 su carrera de snowboard profesional, Martin Freinademetz llev\u00f3 su pasi\u00f3n por el mundo de las carreras off road. Despu\u00e9s de pasar a\u00f1os explorando las monta\u00f1as de los C\u00e1rpatos de Rumania en un dirtbike, decidi\u00f3 crear una carrera de Extreme Enduro como ning\u00fan otro. Su idea finalmente se convirti\u00f3 en realidad en 2004, cuando naci\u00f3 la Red Bull Romaniacs duro Enduro.<\/p>\n<p>Ahora en su octava edici\u00f3n, esta carrera se ha convertido en legendaria como la prueba definitiva de hombre y la m\u00e1quina contra el terreno. Los competidores de m\u00e1s de 30 naciones diferentes vienen de la experiencia de toda una vida y dicen que han competido en esta carrera.<\/p>\n<p>El campo rumano ofrece un sinf\u00edn de senderos en las monta\u00f1as altas, valles y pasos de la ciudad durante este evento de cinco d\u00edas. Aunque el terreno es hermoso y majestuoso, es dif\u00edcil en todos los aspectos. Si terminas Romaniacs Red Bull, puedes terminar todo.<\/p>\n<p>Este a\u00f1o, Extreme Enduro estrella de Nueva Zelanda Chris Abedul va por su segunda victoria consecutiva. Sin embargo, el ex campe\u00f3n Andreas Lettenbichler de Alemania y del Reino Unido Graham Jarvis tienen hambre para robar el show. Pero al acecho en las sombras son Paul Bolton del Reino Unido y de Espa\u00f1a Xavi Galindo que ambos est\u00e1n buscando su primera victoria en Romaniacs.<\/p>\n<p>Con: Chris Birch, Andreas Lettenbichler, Graham Jarvis, Paul Bolton y Darryl Curtis<\/p>\n","protected":false},"excerpt":{"rendered":"<p>Red Bull Romaniacs The 8th Edition DVD-Xavi Galindo<\/p>\n","protected":false},"featured_media":2624,"comment_status":"open","ping_status":"closed","template":"","meta":[],"product_brand":[],"product_cat":[15],"product_tag":[],"class_list":{"0":"post-2625","1":"product","2":"type-product","3":"status-publish","4":"has-post-thumbnail","6":"product_cat-uncategorized","8":"first","9":"instock","10":"taxable","11":"shipping-taxable","12":"purchasable","13":"product-type-simple"},"yoast_head":"<!-- This site is optimized with the Yoast SEO Premium plugin v21.2 (Yoast SEO v27.3) - https:\/\/yoast.com\/product\/yoast-seo-premium-wordpress\/ -->\n<title>Red Bull Romaniacs The 8th Edition - Tienda de todotrial<\/title>\n<meta name=\"robots\" content=\"index, follow, max-snippet:-1, max-image-preview:large, max-video-preview:-1\" \/>\n<link rel=\"canonical\" href=\"https:\/\/todotrial.com\/tienda\/dvds-de-enduro2015-02-03-22-11-52\/\" \/>\n<meta property=\"og:locale\" content=\"es_ES\" \/>\n<meta property=\"og:type\" content=\"article\" \/>\n<meta property=\"og:title\" content=\"Red Bull Romaniacs The 8th Edition\" \/>\n<meta property=\"og:description\" content=\"Red Bull Romaniacs The 8th Edition DVD-Xavi Galindo\" \/>\n<meta property=\"og:url\" content=\"https:\/\/todotrial.com\/tienda\/dvds-de-enduro2015-02-03-22-11-52\/\" \/>\n<meta property=\"og:site_name\" content=\"Tienda de todotrial\" \/>\n<meta property=\"article:modified_time\" content=\"2025-02-20T16:29:45+00:00\" \/>\n<meta property=\"og:image\" content=\"https:\/\/todotrial.com\/tienda\/wp-content\/uploads\/2020\/07\/rom11dvd.jpg\" \/>\n\t<meta property=\"og:image:width\" content=\"360\" \/>\n\t<meta property=\"og:image:height\" content=\"548\" \/>\n\t<meta property=\"og:image:type\" content=\"image\/jpeg\" \/>\n<meta name=\"twitter:card\" content=\"summary_large_image\" \/>\n<meta name=\"twitter:label1\" content=\"Tiempo de lectura\" \/>\n\t<meta name=\"twitter:data1\" content=\"1 minuto\" \/>\n<script type=\"application\/ld+json\" class=\"yoast-schema-graph\">{\"@context\":\"https:\\\/\\\/schema.org\",\"@graph\":[{\"@type\":\"WebPage\",\"@id\":\"https:\\\/\\\/todotrial.com\\\/tienda\\\/dvds-de-enduro2015-02-03-22-11-52\\\/\",\"url\":\"https:\\\/\\\/todotrial.com\\\/tienda\\\/dvds-de-enduro2015-02-03-22-11-52\\\/\",\"name\":\"Red Bull Romaniacs The 8th Edition - Tienda de todotrial\",\"isPartOf\":{\"@id\":\"https:\\\/\\\/todotrial.com\\\/tienda\\\/#website\"},\"primaryImageOfPage\":{\"@id\":\"https:\\\/\\\/todotrial.com\\\/tienda\\\/dvds-de-enduro2015-02-03-22-11-52\\\/#primaryimage\"},\"image\":{\"@id\":\"https:\\\/\\\/todotrial.com\\\/tienda\\\/dvds-de-enduro2015-02-03-22-11-52\\\/#primaryimage\"},\"thumbnailUrl\":\"https:\\\/\\\/todotrial.com\\\/tienda\\\/wp-content\\\/uploads\\\/2020\\\/07\\\/rom11dvd.jpg\",\"datePublished\":\"2020-07-02T16:44:55+00:00\",\"dateModified\":\"2025-02-20T16:29:45+00:00\",\"breadcrumb\":{\"@id\":\"https:\\\/\\\/todotrial.com\\\/tienda\\\/dvds-de-enduro2015-02-03-22-11-52\\\/#breadcrumb\"},\"inLanguage\":\"es\",\"potentialAction\":[{\"@type\":\"ReadAction\",\"target\":[\"https:\\\/\\\/todotrial.com\\\/tienda\\\/dvds-de-enduro2015-02-03-22-11-52\\\/\"]}]},{\"@type\":\"ImageObject\",\"inLanguage\":\"es\",\"@id\":\"https:\\\/\\\/todotrial.com\\\/tienda\\\/dvds-de-enduro2015-02-03-22-11-52\\\/#primaryimage\",\"url\":\"https:\\\/\\\/todotrial.com\\\/tienda\\\/wp-content\\\/uploads\\\/2020\\\/07\\\/rom11dvd.jpg\",\"contentUrl\":\"https:\\\/\\\/todotrial.com\\\/tienda\\\/wp-content\\\/uploads\\\/2020\\\/07\\\/rom11dvd.jpg\",\"width\":360,\"height\":548},{\"@type\":\"BreadcrumbList\",\"@id\":\"https:\\\/\\\/todotrial.com\\\/tienda\\\/dvds-de-enduro2015-02-03-22-11-52\\\/#breadcrumb\",\"itemListElement\":[{\"@type\":\"ListItem\",\"position\":1,\"name\":\"Portada\",\"item\":\"https:\\\/\\\/todotrial.com\\\/tienda\\\/\"},{\"@type\":\"ListItem\",\"position\":2,\"name\":\"Shop\",\"item\":\"https:\\\/\\\/todotrial.com\\\/tienda\\\/shop\\\/\"},{\"@type\":\"ListItem\",\"position\":3,\"name\":\"Red Bull Romaniacs The 8th Edition\"}]},{\"@type\":\"WebSite\",\"@id\":\"https:\\\/\\\/todotrial.com\\\/tienda\\\/#website\",\"url\":\"https:\\\/\\\/todotrial.com\\\/tienda\\\/\",\"name\":\"Tienda de todotrial\",\"description\":\"\",\"potentialAction\":[{\"@type\":\"SearchAction\",\"target\":{\"@type\":\"EntryPoint\",\"urlTemplate\":\"https:\\\/\\\/todotrial.com\\\/tienda\\\/?s={search_term_string}\"},\"query-input\":{\"@type\":\"PropertyValueSpecification\",\"valueRequired\":true,\"valueName\":\"search_term_string\"}}],\"inLanguage\":\"es\"}]}<\/script>\n<!-- \/ Yoast SEO Premium plugin. -->","yoast_head_json":{"title":"Red Bull Romaniacs The 8th Edition - Tienda de todotrial","robots":{"index":"index","follow":"follow","max-snippet":"max-snippet:-1","max-image-preview":"max-image-preview:large","max-video-preview":"max-video-preview:-1"},"canonical":"https:\/\/todotrial.com\/tienda\/dvds-de-enduro2015-02-03-22-11-52\/","og_locale":"es_ES","og_type":"article","og_title":"Red Bull Romaniacs The 8th Edition","og_description":"Red Bull Romaniacs The 8th Edition DVD-Xavi Galindo","og_url":"https:\/\/todotrial.com\/tienda\/dvds-de-enduro2015-02-03-22-11-52\/","og_site_name":"Tienda de todotrial","article_modified_time":"2025-02-20T16:29:45+00:00","og_image":[{"width":360,"height":548,"url":"https:\/\/todotrial.com\/tienda\/wp-content\/uploads\/2020\/07\/rom11dvd.jpg","type":"image\/jpeg"}],"twitter_card":"summary_large_image","twitter_misc":{"Tiempo de lectura":"1 minuto"},"schema":{"@context":"https:\/\/schema.org","@graph":[{"@type":"WebPage","@id":"https:\/\/todotrial.com\/tienda\/dvds-de-enduro2015-02-03-22-11-52\/","url":"https:\/\/todotrial.com\/tienda\/dvds-de-enduro2015-02-03-22-11-52\/","name":"Red Bull Romaniacs The 8th Edition - Tienda de todotrial","isPartOf":{"@id":"https:\/\/todotrial.com\/tienda\/#website"},"primaryImageOfPage":{"@id":"https:\/\/todotrial.com\/tienda\/dvds-de-enduro2015-02-03-22-11-52\/#primaryimage"},"image":{"@id":"https:\/\/todotrial.com\/tienda\/dvds-de-enduro2015-02-03-22-11-52\/#primaryimage"},"thumbnailUrl":"https:\/\/todotrial.com\/tienda\/wp-content\/uploads\/2020\/07\/rom11dvd.jpg","datePublished":"2020-07-02T16:44:55+00:00","dateModified":"2025-02-20T16:29:45+00:00","breadcrumb":{"@id":"https:\/\/todotrial.com\/tienda\/dvds-de-enduro2015-02-03-22-11-52\/#breadcrumb"},"inLanguage":"es","potentialAction":[{"@type":"ReadAction","target":["https:\/\/todotrial.com\/tienda\/dvds-de-enduro2015-02-03-22-11-52\/"]}]},{"@type":"ImageObject","inLanguage":"es","@id":"https:\/\/todotrial.com\/tienda\/dvds-de-enduro2015-02-03-22-11-52\/#primaryimage","url":"https:\/\/todotrial.com\/tienda\/wp-content\/uploads\/2020\/07\/rom11dvd.jpg","contentUrl":"https:\/\/todotrial.com\/tienda\/wp-content\/uploads\/2020\/07\/rom11dvd.jpg","width":360,"height":548},{"@type":"BreadcrumbList","@id":"https:\/\/todotrial.com\/tienda\/dvds-de-enduro2015-02-03-22-11-52\/#breadcrumb","itemListElement":[{"@type":"ListItem","position":1,"name":"Portada","item":"https:\/\/todotrial.com\/tienda\/"},{"@type":"ListItem","position":2,"name":"Shop","item":"https:\/\/todotrial.com\/tienda\/shop\/"},{"@type":"ListItem","position":3,"name":"Red Bull Romaniacs The 8th Edition"}]},{"@type":"WebSite","@id":"https:\/\/todotrial.com\/tienda\/#website","url":"https:\/\/todotrial.com\/tienda\/","name":"Tienda de todotrial","description":"","potentialAction":[{"@type":"SearchAction","target":{"@type":"EntryPoint","urlTemplate":"https:\/\/todotrial.com\/tienda\/?s={search_term_string}"},"query-input":{"@type":"PropertyValueSpecification","valueRequired":true,"valueName":"search_term_string"}}],"inLanguage":"es"}]}},"_links":{"self":[{"href":"https:\/\/todotrial.com\/tienda\/wp-json\/wp\/v2\/product\/2625","targetHints":{"allow":["GET"]}}],"collection":[{"href":"https:\/\/todotrial.com\/tienda\/wp-json\/wp\/v2\/product"}],"about":[{"href":"https:\/\/todotrial.com\/tienda\/wp-json\/wp\/v2\/types\/product"}],"replies":[{"embeddable":true,"href":"https:\/\/todotrial.com\/tienda\/wp-json\/wp\/v2\/comments?post=2625"}],"version-history":[{"count":0,"href":"https:\/\/todotrial.com\/tienda\/wp-json\/wp\/v2\/product\/2625\/revisions"}],"wp:featuredmedia":[{"embeddable":true,"href":"https:\/\/todotrial.com\/tienda\/wp-json\/wp\/v2\/media\/2624"}],"wp:attachment":[{"href":"https:\/\/todotrial.com\/tienda\/wp-json\/wp\/v2\/media?parent=2625"}],"wp:term":[{"taxonomy":"product_brand","embeddable":true,"href":"https:\/\/todotrial.com\/tienda\/wp-json\/wp\/v2\/product_brand?post=2625"},{"taxonomy":"product_cat","embeddable":true,"href":"https:\/\/todotrial.com\/tienda\/wp-json\/wp\/v2\/product_cat?post=2625"},{"taxonomy":"product_tag","embeddable":true,"href":"https:\/\/todotrial.com\/tienda\/wp-json\/wp\/v2\/product_tag?post=2625"}],"curies":[{"name":"wp","href":"https:\/\/api.w.org\/{rel}","templated":true}]}}