{"id":2623,"date":"2020-07-02T16:44:45","date_gmt":"2020-07-02T16:44:45","guid":{"rendered":"https:\/\/todotrial.com\/tienda\/product\/dvds-de-enduro2015-02-03-22-01-16\/"},"modified":"2025-02-20T17:29:46","modified_gmt":"2025-02-20T16:29:46","slug":"dvds-de-enduro2015-02-03-22-01-16","status":"publish","type":"product","link":"https:\/\/todotrial.com\/tienda\/dvds-de-enduro2015-02-03-22-01-16\/","title":{"rendered":"The Tough One 2011"},"content":{"rendered":"<p>The Tough One 2011 DVD Extreme Enduro no hay nada m\u00e1s duro que esto!<\/p>\n<p>Un nuevo circuito, nuevos pilotos y nuevos desaf\u00edos, pero el WOR sigue siendo el mismo espectacular, consumo de energ\u00eda, concurso de enduro extremo rompe- m\u00e1quinas lo que los mejores pilotos de off-road del mundo han podido esperar.<\/p>\n<p>Para el 2011 El Tough One se dirigi\u00f3 a la incre\u00edble Cantera Negra Cowm en Lancashire, donde los competidores se enfrentar\u00edan a un circuito t\u00e9cnico y exigente de poco menos de 5 millas. En b\u00fasqueda de la victoria las estrellas del offroad se enfrentar\u00edan a empinadas subidas rocosas, descensos r\u00e1pidos, barro, superficies resbaladizas, troncos, neum\u00e1ticos, charcas profundas e incluso el interior de un remolque de cami\u00f3n!<\/p>\n<p>Esta revisi\u00f3n integral trae a los fan\u00e1ticos de la acci\u00f3n el ritmo r\u00e1pido de la carrera y el propio evento principal, tres horas de, m\u00fasculo-esfuerzo, motos-que revientan .Vemos el mejor material filmado como los pilotos demuestran c\u00f3mo hacer las cosas bien &#8211; y con frecuencia c\u00f3mo se equivocan &#8211; mientras luchan entre s\u00ed, las condiciones, el circuito de grava de la cantera y el agotamiento total.<\/p>\n<p>Hay entrevistas con las estrellas y la oportunidad de probar el Tough One uno mismo cortes\u00eda de una serie de c\u00e1maras montadas en el casco &#8211; solo unos pocos momentos de &#8216;a filmaci\u00f3n desde a bordo te dejar\u00e1 sin aliento, as\u00ed que imag\u00ednete lo que es para los corredores!<\/p>\n<p>Entre los h\u00e9roes de off road destacados son Graham Jarvis, Paul Bolton, Andreas Lettinbichler, Gavin Houson, Vukcevic Michael, Xavi Galindo, Gerhard Foster, Kieran Hankin, Guy Kendrew y muchos m\u00e1s.<\/p>\n<p>92 minutos<\/p>\n<p>Idioma Ingl\u00e9s ( Aunque lo verdaderamente importante son las im\u00e1genes y el ruido ambiente de los motores)<\/p>\n","protected":false},"excerpt":{"rendered":"<p>The Tough One 2011 DVD-92 minutos -Xavi Galindo<\/p>\n","protected":false},"featured_media":93,"comment_status":"open","ping_status":"closed","template":"","meta":[],"product_brand":[],"product_cat":[15],"product_tag":[],"class_list":{"0":"post-2623","1":"product","2":"type-product","3":"status-publish","4":"has-post-thumbnail","6":"product_cat-uncategorized","8":"first","9":"instock","10":"taxable","11":"shipping-taxable","12":"purchasable","13":"product-type-simple"},"yoast_head":"<!-- This site is optimized with the Yoast SEO Premium plugin v21.2 (Yoast SEO v27.3) - https:\/\/yoast.com\/product\/yoast-seo-premium-wordpress\/ -->\n<title>The Tough One 2011 - Tienda de todotrial<\/title>\n<meta name=\"robots\" content=\"index, follow, max-snippet:-1, max-image-preview:large, max-video-preview:-1\" \/>\n<link rel=\"canonical\" href=\"https:\/\/todotrial.com\/tienda\/dvds-de-enduro2015-02-03-22-01-16\/\" \/>\n<meta property=\"og:locale\" content=\"es_ES\" \/>\n<meta property=\"og:type\" content=\"article\" \/>\n<meta property=\"og:title\" content=\"The Tough One 2011\" \/>\n<meta property=\"og:description\" content=\"The Tough One 2011 DVD-92 minutos -Xavi Galindo\" \/>\n<meta property=\"og:url\" content=\"https:\/\/todotrial.com\/tienda\/dvds-de-enduro2015-02-03-22-01-16\/\" \/>\n<meta property=\"og:site_name\" content=\"Tienda de todotrial\" \/>\n<meta property=\"article:modified_time\" content=\"2025-02-20T16:29:46+00:00\" \/>\n<meta property=\"og:image\" content=\"https:\/\/todotrial.com\/tienda\/wp-content\/uploads\/2020\/07\/2320.jpg\" \/>\n\t<meta property=\"og:image:width\" content=\"360\" \/>\n\t<meta property=\"og:image:height\" content=\"515\" \/>\n\t<meta property=\"og:image:type\" content=\"image\/jpeg\" \/>\n<meta name=\"twitter:card\" content=\"summary_large_image\" \/>\n<meta name=\"twitter:label1\" content=\"Tiempo de lectura\" \/>\n\t<meta name=\"twitter:data1\" content=\"2 minutos\" \/>\n<script type=\"application\/ld+json\" class=\"yoast-schema-graph\">{\"@context\":\"https:\\\/\\\/schema.org\",\"@graph\":[{\"@type\":\"WebPage\",\"@id\":\"https:\\\/\\\/todotrial.com\\\/tienda\\\/dvds-de-enduro2015-02-03-22-01-16\\\/\",\"url\":\"https:\\\/\\\/todotrial.com\\\/tienda\\\/dvds-de-enduro2015-02-03-22-01-16\\\/\",\"name\":\"The Tough One 2011 - Tienda de todotrial\",\"isPartOf\":{\"@id\":\"https:\\\/\\\/todotrial.com\\\/tienda\\\/#website\"},\"primaryImageOfPage\":{\"@id\":\"https:\\\/\\\/todotrial.com\\\/tienda\\\/dvds-de-enduro2015-02-03-22-01-16\\\/#primaryimage\"},\"image\":{\"@id\":\"https:\\\/\\\/todotrial.com\\\/tienda\\\/dvds-de-enduro2015-02-03-22-01-16\\\/#primaryimage\"},\"thumbnailUrl\":\"https:\\\/\\\/todotrial.com\\\/tienda\\\/wp-content\\\/uploads\\\/2020\\\/07\\\/2320.jpg\",\"datePublished\":\"2020-07-02T16:44:45+00:00\",\"dateModified\":\"2025-02-20T16:29:46+00:00\",\"breadcrumb\":{\"@id\":\"https:\\\/\\\/todotrial.com\\\/tienda\\\/dvds-de-enduro2015-02-03-22-01-16\\\/#breadcrumb\"},\"inLanguage\":\"es\",\"potentialAction\":[{\"@type\":\"ReadAction\",\"target\":[\"https:\\\/\\\/todotrial.com\\\/tienda\\\/dvds-de-enduro2015-02-03-22-01-16\\\/\"]}]},{\"@type\":\"ImageObject\",\"inLanguage\":\"es\",\"@id\":\"https:\\\/\\\/todotrial.com\\\/tienda\\\/dvds-de-enduro2015-02-03-22-01-16\\\/#primaryimage\",\"url\":\"https:\\\/\\\/todotrial.com\\\/tienda\\\/wp-content\\\/uploads\\\/2020\\\/07\\\/2320.jpg\",\"contentUrl\":\"https:\\\/\\\/todotrial.com\\\/tienda\\\/wp-content\\\/uploads\\\/2020\\\/07\\\/2320.jpg\",\"width\":360,\"height\":515},{\"@type\":\"BreadcrumbList\",\"@id\":\"https:\\\/\\\/todotrial.com\\\/tienda\\\/dvds-de-enduro2015-02-03-22-01-16\\\/#breadcrumb\",\"itemListElement\":[{\"@type\":\"ListItem\",\"position\":1,\"name\":\"Portada\",\"item\":\"https:\\\/\\\/todotrial.com\\\/tienda\\\/\"},{\"@type\":\"ListItem\",\"position\":2,\"name\":\"Shop\",\"item\":\"https:\\\/\\\/todotrial.com\\\/tienda\\\/shop\\\/\"},{\"@type\":\"ListItem\",\"position\":3,\"name\":\"The Tough One 2011\"}]},{\"@type\":\"WebSite\",\"@id\":\"https:\\\/\\\/todotrial.com\\\/tienda\\\/#website\",\"url\":\"https:\\\/\\\/todotrial.com\\\/tienda\\\/\",\"name\":\"Tienda de todotrial\",\"description\":\"\",\"potentialAction\":[{\"@type\":\"SearchAction\",\"target\":{\"@type\":\"EntryPoint\",\"urlTemplate\":\"https:\\\/\\\/todotrial.com\\\/tienda\\\/?s={search_term_string}\"},\"query-input\":{\"@type\":\"PropertyValueSpecification\",\"valueRequired\":true,\"valueName\":\"search_term_string\"}}],\"inLanguage\":\"es\"}]}<\/script>\n<!-- \/ Yoast SEO Premium plugin. -->","yoast_head_json":{"title":"The Tough One 2011 - Tienda de todotrial","robots":{"index":"index","follow":"follow","max-snippet":"max-snippet:-1","max-image-preview":"max-image-preview:large","max-video-preview":"max-video-preview:-1"},"canonical":"https:\/\/todotrial.com\/tienda\/dvds-de-enduro2015-02-03-22-01-16\/","og_locale":"es_ES","og_type":"article","og_title":"The Tough One 2011","og_description":"The Tough One 2011 DVD-92 minutos -Xavi Galindo","og_url":"https:\/\/todotrial.com\/tienda\/dvds-de-enduro2015-02-03-22-01-16\/","og_site_name":"Tienda de todotrial","article_modified_time":"2025-02-20T16:29:46+00:00","og_image":[{"width":360,"height":515,"url":"https:\/\/todotrial.com\/tienda\/wp-content\/uploads\/2020\/07\/2320.jpg","type":"image\/jpeg"}],"twitter_card":"summary_large_image","twitter_misc":{"Tiempo de lectura":"2 minutos"},"schema":{"@context":"https:\/\/schema.org","@graph":[{"@type":"WebPage","@id":"https:\/\/todotrial.com\/tienda\/dvds-de-enduro2015-02-03-22-01-16\/","url":"https:\/\/todotrial.com\/tienda\/dvds-de-enduro2015-02-03-22-01-16\/","name":"The Tough One 2011 - Tienda de todotrial","isPartOf":{"@id":"https:\/\/todotrial.com\/tienda\/#website"},"primaryImageOfPage":{"@id":"https:\/\/todotrial.com\/tienda\/dvds-de-enduro2015-02-03-22-01-16\/#primaryimage"},"image":{"@id":"https:\/\/todotrial.com\/tienda\/dvds-de-enduro2015-02-03-22-01-16\/#primaryimage"},"thumbnailUrl":"https:\/\/todotrial.com\/tienda\/wp-content\/uploads\/2020\/07\/2320.jpg","datePublished":"2020-07-02T16:44:45+00:00","dateModified":"2025-02-20T16:29:46+00:00","breadcrumb":{"@id":"https:\/\/todotrial.com\/tienda\/dvds-de-enduro2015-02-03-22-01-16\/#breadcrumb"},"inLanguage":"es","potentialAction":[{"@type":"ReadAction","target":["https:\/\/todotrial.com\/tienda\/dvds-de-enduro2015-02-03-22-01-16\/"]}]},{"@type":"ImageObject","inLanguage":"es","@id":"https:\/\/todotrial.com\/tienda\/dvds-de-enduro2015-02-03-22-01-16\/#primaryimage","url":"https:\/\/todotrial.com\/tienda\/wp-content\/uploads\/2020\/07\/2320.jpg","contentUrl":"https:\/\/todotrial.com\/tienda\/wp-content\/uploads\/2020\/07\/2320.jpg","width":360,"height":515},{"@type":"BreadcrumbList","@id":"https:\/\/todotrial.com\/tienda\/dvds-de-enduro2015-02-03-22-01-16\/#breadcrumb","itemListElement":[{"@type":"ListItem","position":1,"name":"Portada","item":"https:\/\/todotrial.com\/tienda\/"},{"@type":"ListItem","position":2,"name":"Shop","item":"https:\/\/todotrial.com\/tienda\/shop\/"},{"@type":"ListItem","position":3,"name":"The Tough One 2011"}]},{"@type":"WebSite","@id":"https:\/\/todotrial.com\/tienda\/#website","url":"https:\/\/todotrial.com\/tienda\/","name":"Tienda de todotrial","description":"","potentialAction":[{"@type":"SearchAction","target":{"@type":"EntryPoint","urlTemplate":"https:\/\/todotrial.com\/tienda\/?s={search_term_string}"},"query-input":{"@type":"PropertyValueSpecification","valueRequired":true,"valueName":"search_term_string"}}],"inLanguage":"es"}]}},"_links":{"self":[{"href":"https:\/\/todotrial.com\/tienda\/wp-json\/wp\/v2\/product\/2623","targetHints":{"allow":["GET"]}}],"collection":[{"href":"https:\/\/todotrial.com\/tienda\/wp-json\/wp\/v2\/product"}],"about":[{"href":"https:\/\/todotrial.com\/tienda\/wp-json\/wp\/v2\/types\/product"}],"replies":[{"embeddable":true,"href":"https:\/\/todotrial.com\/tienda\/wp-json\/wp\/v2\/comments?post=2623"}],"version-history":[{"count":0,"href":"https:\/\/todotrial.com\/tienda\/wp-json\/wp\/v2\/product\/2623\/revisions"}],"wp:featuredmedia":[{"embeddable":true,"href":"https:\/\/todotrial.com\/tienda\/wp-json\/wp\/v2\/media\/93"}],"wp:attachment":[{"href":"https:\/\/todotrial.com\/tienda\/wp-json\/wp\/v2\/media?parent=2623"}],"wp:term":[{"taxonomy":"product_brand","embeddable":true,"href":"https:\/\/todotrial.com\/tienda\/wp-json\/wp\/v2\/product_brand?post=2623"},{"taxonomy":"product_cat","embeddable":true,"href":"https:\/\/todotrial.com\/tienda\/wp-json\/wp\/v2\/product_cat?post=2623"},{"taxonomy":"product_tag","embeddable":true,"href":"https:\/\/todotrial.com\/tienda\/wp-json\/wp\/v2\/product_tag?post=2623"}],"curies":[{"name":"wp","href":"https:\/\/api.w.org\/{rel}","templated":true}]}}