{"id":2614,"date":"2020-07-02T16:44:05","date_gmt":"2020-07-02T16:44:05","guid":{"rendered":"https:\/\/todotrial.com\/tienda\/product\/dvds-de-enduro2015-02-03-21-07-00\/"},"modified":"2025-02-20T17:29:51","modified_gmt":"2025-02-20T16:29:51","slug":"dvds-de-enduro2015-02-03-21-07-00","status":"publish","type":"product","link":"https:\/\/todotrial.com\/tienda\/dvds-de-enduro2015-02-03-21-07-00\/","title":{"rendered":"Mundial de Enduro 2009"},"content":{"rendered":"<p>Esta es la revision oficial del Campeonato del Mundo de Enduro MAXXIS, trazando la historia completa de la dram\u00e1tica temporada 2009.<\/p>\n<p>El mejor material filmado, entrevistas con las estrellas y los comentarios bien informados crean la revisi\u00f3n definitiva del a\u00f1o, con la acci\u00f3n de las ocho rondas de las persecuciones al t\u00edtulo , con una cobertura detallada de las batallas en las categorias de Enduro 1, Enduro 2 y Enduro 3. Desde el polvo de la soleada Portugal, las etapas de barro empapado de Eslovaquia y la desafiante altitud de M\u00e9xico &#8211; esta es la visi\u00f3n integral de un campeonato inolvidable.<\/p>\n<p>Listo para el polvo, piedras, barro, motos volando y m\u00e1s de unos pocos accidentes rompehuesos &#8211; sobre todo entre las especiales arboledas de Finlandia &#8211; con dos titulos en juego hasta el el ultimo fin de semana<\/p>\n<p>Ah\u00ed est\u00e1 el regreso de Iv\u00e1n Cervantes a E3, el cambio de equipo de E2 de los rivales Johnny Aubert y Juha Salminen y Mika Ahola con la apuesta decidida a retener su corona E1. Adem\u00e1s, m\u00faltiple campe\u00f3n del mundo David Knight regresa a la WEC, BMW lanza un asalto total contra el campeonato y &#8211; nuevo para 2009 &#8211; Los aficionados pueden disfrutar de los pr\u00f3logos S\u00faper Especial. La opini\u00f3n oficial ofrece todos los aspectos m\u00e1s destacados esenciales de otro a\u00f1o memorable de la WEC.<\/p>\n<p>Adem\u00e1s de completar la cobertura de cada fin de semana del Gran Premio, incluyendo extractos de la clase Junior, la revisi\u00f3n te permite conocer a algunas de las estrellas internacionales que hicieron apariciones especiales, como Taddy Blazusiak, leyenda Enduro Thomas Gustavsson y averiguar sobre el futuro de el deporte de la mujer piloto Ludivine Puy.<\/p>\n<p>187 minutos<\/p>\n<p>Idioma Ingl\u00e9s: (Aunque lo verdaderamente importante son las imagenes y el ruido ambiente de los motores)<\/p>\n","protected":false},"excerpt":{"rendered":"<p>Campeonato Mundial de Enduro 2009 DVD- 187 minutos (Ivan Cervantes)<\/p>\n","protected":false},"featured_media":2613,"comment_status":"open","ping_status":"closed","template":"","meta":[],"product_brand":[],"product_cat":[15],"product_tag":[],"class_list":{"0":"post-2614","1":"product","2":"type-product","3":"status-publish","4":"has-post-thumbnail","6":"product_cat-uncategorized","8":"first","9":"instock","10":"taxable","11":"shipping-taxable","12":"purchasable","13":"product-type-simple"},"yoast_head":"<!-- This site is optimized with the Yoast SEO Premium plugin v21.2 (Yoast SEO v27.5) - https:\/\/yoast.com\/product\/yoast-seo-premium-wordpress\/ -->\n<title>Mundial de Enduro 2009 - Tienda de todotrial<\/title>\n<meta name=\"robots\" content=\"index, follow, max-snippet:-1, max-image-preview:large, max-video-preview:-1\" \/>\n<link rel=\"canonical\" href=\"https:\/\/todotrial.com\/tienda\/dvds-de-enduro2015-02-03-21-07-00\/\" \/>\n<meta property=\"og:locale\" content=\"es_ES\" \/>\n<meta property=\"og:type\" content=\"article\" \/>\n<meta property=\"og:title\" content=\"Mundial de Enduro 2009\" \/>\n<meta property=\"og:description\" content=\"Campeonato Mundial de Enduro 2009 DVD- 187 minutos (Ivan Cervantes)\" \/>\n<meta property=\"og:url\" content=\"https:\/\/todotrial.com\/tienda\/dvds-de-enduro2015-02-03-21-07-00\/\" \/>\n<meta property=\"og:site_name\" content=\"Tienda de todotrial\" \/>\n<meta property=\"article:modified_time\" content=\"2025-02-20T16:29:51+00:00\" \/>\n<meta property=\"og:image\" content=\"https:\/\/todotrial.com\/tienda\/wp-content\/uploads\/2020\/07\/2304.jpg\" \/>\n\t<meta property=\"og:image:width\" content=\"360\" \/>\n\t<meta property=\"og:image:height\" content=\"515\" \/>\n\t<meta property=\"og:image:type\" content=\"image\/jpeg\" \/>\n<meta name=\"twitter:card\" content=\"summary_large_image\" \/>\n<meta name=\"twitter:label1\" content=\"Tiempo de lectura\" \/>\n\t<meta name=\"twitter:data1\" content=\"2 minutos\" \/>\n<script type=\"application\/ld+json\" class=\"yoast-schema-graph\">{\"@context\":\"https:\\\/\\\/schema.org\",\"@graph\":[{\"@type\":\"WebPage\",\"@id\":\"https:\\\/\\\/todotrial.com\\\/tienda\\\/dvds-de-enduro2015-02-03-21-07-00\\\/\",\"url\":\"https:\\\/\\\/todotrial.com\\\/tienda\\\/dvds-de-enduro2015-02-03-21-07-00\\\/\",\"name\":\"Mundial de Enduro 2009 - Tienda de todotrial\",\"isPartOf\":{\"@id\":\"https:\\\/\\\/todotrial.com\\\/tienda\\\/#website\"},\"primaryImageOfPage\":{\"@id\":\"https:\\\/\\\/todotrial.com\\\/tienda\\\/dvds-de-enduro2015-02-03-21-07-00\\\/#primaryimage\"},\"image\":{\"@id\":\"https:\\\/\\\/todotrial.com\\\/tienda\\\/dvds-de-enduro2015-02-03-21-07-00\\\/#primaryimage\"},\"thumbnailUrl\":\"https:\\\/\\\/todotrial.com\\\/tienda\\\/wp-content\\\/uploads\\\/2020\\\/07\\\/2304.jpg\",\"datePublished\":\"2020-07-02T16:44:05+00:00\",\"dateModified\":\"2025-02-20T16:29:51+00:00\",\"breadcrumb\":{\"@id\":\"https:\\\/\\\/todotrial.com\\\/tienda\\\/dvds-de-enduro2015-02-03-21-07-00\\\/#breadcrumb\"},\"inLanguage\":\"es\",\"potentialAction\":[{\"@type\":\"ReadAction\",\"target\":[\"https:\\\/\\\/todotrial.com\\\/tienda\\\/dvds-de-enduro2015-02-03-21-07-00\\\/\"]}]},{\"@type\":\"ImageObject\",\"inLanguage\":\"es\",\"@id\":\"https:\\\/\\\/todotrial.com\\\/tienda\\\/dvds-de-enduro2015-02-03-21-07-00\\\/#primaryimage\",\"url\":\"https:\\\/\\\/todotrial.com\\\/tienda\\\/wp-content\\\/uploads\\\/2020\\\/07\\\/2304.jpg\",\"contentUrl\":\"https:\\\/\\\/todotrial.com\\\/tienda\\\/wp-content\\\/uploads\\\/2020\\\/07\\\/2304.jpg\",\"width\":360,\"height\":515},{\"@type\":\"BreadcrumbList\",\"@id\":\"https:\\\/\\\/todotrial.com\\\/tienda\\\/dvds-de-enduro2015-02-03-21-07-00\\\/#breadcrumb\",\"itemListElement\":[{\"@type\":\"ListItem\",\"position\":1,\"name\":\"Portada\",\"item\":\"https:\\\/\\\/todotrial.com\\\/tienda\\\/\"},{\"@type\":\"ListItem\",\"position\":2,\"name\":\"Shop\",\"item\":\"https:\\\/\\\/todotrial.com\\\/tienda\\\/shop\\\/\"},{\"@type\":\"ListItem\",\"position\":3,\"name\":\"Mundial de Enduro 2009\"}]},{\"@type\":\"WebSite\",\"@id\":\"https:\\\/\\\/todotrial.com\\\/tienda\\\/#website\",\"url\":\"https:\\\/\\\/todotrial.com\\\/tienda\\\/\",\"name\":\"Tienda de todotrial\",\"description\":\"\",\"potentialAction\":[{\"@type\":\"SearchAction\",\"target\":{\"@type\":\"EntryPoint\",\"urlTemplate\":\"https:\\\/\\\/todotrial.com\\\/tienda\\\/?s={search_term_string}\"},\"query-input\":{\"@type\":\"PropertyValueSpecification\",\"valueRequired\":true,\"valueName\":\"search_term_string\"}}],\"inLanguage\":\"es\"}]}<\/script>\n<!-- \/ Yoast SEO Premium plugin. -->","yoast_head_json":{"title":"Mundial de Enduro 2009 - Tienda de todotrial","robots":{"index":"index","follow":"follow","max-snippet":"max-snippet:-1","max-image-preview":"max-image-preview:large","max-video-preview":"max-video-preview:-1"},"canonical":"https:\/\/todotrial.com\/tienda\/dvds-de-enduro2015-02-03-21-07-00\/","og_locale":"es_ES","og_type":"article","og_title":"Mundial de Enduro 2009","og_description":"Campeonato Mundial de Enduro 2009 DVD- 187 minutos (Ivan Cervantes)","og_url":"https:\/\/todotrial.com\/tienda\/dvds-de-enduro2015-02-03-21-07-00\/","og_site_name":"Tienda de todotrial","article_modified_time":"2025-02-20T16:29:51+00:00","og_image":[{"width":360,"height":515,"url":"https:\/\/todotrial.com\/tienda\/wp-content\/uploads\/2020\/07\/2304.jpg","type":"image\/jpeg"}],"twitter_card":"summary_large_image","twitter_misc":{"Tiempo de lectura":"2 minutos"},"schema":{"@context":"https:\/\/schema.org","@graph":[{"@type":"WebPage","@id":"https:\/\/todotrial.com\/tienda\/dvds-de-enduro2015-02-03-21-07-00\/","url":"https:\/\/todotrial.com\/tienda\/dvds-de-enduro2015-02-03-21-07-00\/","name":"Mundial de Enduro 2009 - Tienda de todotrial","isPartOf":{"@id":"https:\/\/todotrial.com\/tienda\/#website"},"primaryImageOfPage":{"@id":"https:\/\/todotrial.com\/tienda\/dvds-de-enduro2015-02-03-21-07-00\/#primaryimage"},"image":{"@id":"https:\/\/todotrial.com\/tienda\/dvds-de-enduro2015-02-03-21-07-00\/#primaryimage"},"thumbnailUrl":"https:\/\/todotrial.com\/tienda\/wp-content\/uploads\/2020\/07\/2304.jpg","datePublished":"2020-07-02T16:44:05+00:00","dateModified":"2025-02-20T16:29:51+00:00","breadcrumb":{"@id":"https:\/\/todotrial.com\/tienda\/dvds-de-enduro2015-02-03-21-07-00\/#breadcrumb"},"inLanguage":"es","potentialAction":[{"@type":"ReadAction","target":["https:\/\/todotrial.com\/tienda\/dvds-de-enduro2015-02-03-21-07-00\/"]}]},{"@type":"ImageObject","inLanguage":"es","@id":"https:\/\/todotrial.com\/tienda\/dvds-de-enduro2015-02-03-21-07-00\/#primaryimage","url":"https:\/\/todotrial.com\/tienda\/wp-content\/uploads\/2020\/07\/2304.jpg","contentUrl":"https:\/\/todotrial.com\/tienda\/wp-content\/uploads\/2020\/07\/2304.jpg","width":360,"height":515},{"@type":"BreadcrumbList","@id":"https:\/\/todotrial.com\/tienda\/dvds-de-enduro2015-02-03-21-07-00\/#breadcrumb","itemListElement":[{"@type":"ListItem","position":1,"name":"Portada","item":"https:\/\/todotrial.com\/tienda\/"},{"@type":"ListItem","position":2,"name":"Shop","item":"https:\/\/todotrial.com\/tienda\/shop\/"},{"@type":"ListItem","position":3,"name":"Mundial de Enduro 2009"}]},{"@type":"WebSite","@id":"https:\/\/todotrial.com\/tienda\/#website","url":"https:\/\/todotrial.com\/tienda\/","name":"Tienda de todotrial","description":"","potentialAction":[{"@type":"SearchAction","target":{"@type":"EntryPoint","urlTemplate":"https:\/\/todotrial.com\/tienda\/?s={search_term_string}"},"query-input":{"@type":"PropertyValueSpecification","valueRequired":true,"valueName":"search_term_string"}}],"inLanguage":"es"}]}},"_links":{"self":[{"href":"https:\/\/todotrial.com\/tienda\/wp-json\/wp\/v2\/product\/2614","targetHints":{"allow":["GET"]}}],"collection":[{"href":"https:\/\/todotrial.com\/tienda\/wp-json\/wp\/v2\/product"}],"about":[{"href":"https:\/\/todotrial.com\/tienda\/wp-json\/wp\/v2\/types\/product"}],"replies":[{"embeddable":true,"href":"https:\/\/todotrial.com\/tienda\/wp-json\/wp\/v2\/comments?post=2614"}],"version-history":[{"count":0,"href":"https:\/\/todotrial.com\/tienda\/wp-json\/wp\/v2\/product\/2614\/revisions"}],"wp:featuredmedia":[{"embeddable":true,"href":"https:\/\/todotrial.com\/tienda\/wp-json\/wp\/v2\/media\/2613"}],"wp:attachment":[{"href":"https:\/\/todotrial.com\/tienda\/wp-json\/wp\/v2\/media?parent=2614"}],"wp:term":[{"taxonomy":"product_brand","embeddable":true,"href":"https:\/\/todotrial.com\/tienda\/wp-json\/wp\/v2\/product_brand?post=2614"},{"taxonomy":"product_cat","embeddable":true,"href":"https:\/\/todotrial.com\/tienda\/wp-json\/wp\/v2\/product_cat?post=2614"},{"taxonomy":"product_tag","embeddable":true,"href":"https:\/\/todotrial.com\/tienda\/wp-json\/wp\/v2\/product_tag?post=2614"}],"curies":[{"name":"wp","href":"https:\/\/api.w.org\/{rel}","templated":true}]}}