{"id":2437,"date":"2020-07-02T16:35:35","date_gmt":"2020-07-02T16:35:35","guid":{"rendered":"https:\/\/todotrial.com\/tienda\/product\/manetas2015-01-12-18-46-32\/"},"modified":"2025-02-20T17:29:56","modified_gmt":"2025-02-20T16:29:56","slug":"manetas2015-01-12-18-46-32","status":"publish","type":"product","link":"https:\/\/todotrial.com\/tienda\/manetas2015-01-12-18-46-32\/","title":{"rendered":"Maneta Embrague ASV Trial para Bomba AJP (negra)"},"content":{"rendered":"<p>Maneta Embrague ASV Trial para bomba AJP color negro.<\/p>\n<p>La maneta de embrague F3 Series de ASV se forja a partir de aluminio 6061, cuentan con una hoja forjada delgada, en colores anodizados con un logo ASV grabado con l\u00e1ser. Un Dise\u00f1o inquebrantable: Todas las manetas de ASV cuentan con un dise\u00f1o de giro especial que permite que la palanca se pliegue hacia fuera en caso de un choque o vuelco de la moto. En lugar de doblarse o romperse, las palancas ASV simplemente giran hacia afuera, cuando se produce el impacto, y el resorte la hace volver a la posici\u00f3n inicial al instante. La uni\u00f3n del pivote utiliza un par de acero cromado de alta calidad, precisi\u00f3n ABEC y rodamientos sellados para a\u00f1os de funcionamiento suave y nada de \u00abjuego\u00bb. La alta tensi\u00f3n del muelle de Chrome Silicon devuelve la maneta a su posici\u00f3n original al instante y no permite que la palanca gire en absoluto mientras se pilota. Este resorte de alta calidad tiene una capacidad de m\u00e1s de 100.000 rotaciones sin perder su tensi\u00f3n inicial. Alcance ajustable: Todas las palancas de ASV cuentan con un alcance ajustable. Simplemente ajustando un tornillo de la maneta, el alcance (distancia desde el manillar a la maneta) se puede ajustar para dar cabida des de la m\u00e1s peque\u00f1a de las manos hasta la m\u00e1s grande. La tuerca estilo bellota especialmente dise\u00f1ada mantiene el tornillo asegurado en la posici\u00f3n deseada.<\/p>\n","protected":false},"excerpt":{"rendered":"<p>Maneta Embrague ASV Trial<\/p>\n","protected":false},"featured_media":2436,"comment_status":"open","ping_status":"closed","template":"","meta":[],"product_brand":[],"product_cat":[15],"product_tag":[],"class_list":{"0":"post-2437","1":"product","2":"type-product","3":"status-publish","4":"has-post-thumbnail","6":"product_cat-uncategorized","8":"first","9":"instock","10":"taxable","11":"shipping-taxable","12":"purchasable","13":"product-type-simple"},"yoast_head":"<!-- This site is optimized with the Yoast SEO Premium plugin v21.2 (Yoast SEO v27.5) - https:\/\/yoast.com\/product\/yoast-seo-premium-wordpress\/ -->\n<title>Maneta Embrague ASV Trial para Bomba AJP (negra) - Tienda de todotrial<\/title>\n<meta name=\"robots\" content=\"index, follow, max-snippet:-1, max-image-preview:large, max-video-preview:-1\" \/>\n<link rel=\"canonical\" href=\"https:\/\/todotrial.com\/tienda\/manetas2015-01-12-18-46-32\/\" \/>\n<meta property=\"og:locale\" content=\"es_ES\" \/>\n<meta property=\"og:type\" content=\"article\" \/>\n<meta property=\"og:title\" content=\"Maneta Embrague ASV Trial para Bomba AJP (negra)\" \/>\n<meta property=\"og:description\" content=\"Maneta Embrague ASV Trial\" \/>\n<meta property=\"og:url\" content=\"https:\/\/todotrial.com\/tienda\/manetas2015-01-12-18-46-32\/\" \/>\n<meta property=\"og:site_name\" content=\"Tienda de todotrial\" \/>\n<meta property=\"article:modified_time\" content=\"2025-02-20T16:29:56+00:00\" \/>\n<meta property=\"og:image\" content=\"https:\/\/todotrial.com\/tienda\/wp-content\/uploads\/2020\/07\/ctf301-k-1-m.jpg.png\" \/>\n\t<meta property=\"og:image:width\" content=\"180\" \/>\n\t<meta property=\"og:image:height\" content=\"180\" \/>\n\t<meta property=\"og:image:type\" content=\"image\/png\" \/>\n<meta name=\"twitter:card\" content=\"summary_large_image\" \/>\n<meta name=\"twitter:label1\" content=\"Tiempo de lectura\" \/>\n\t<meta name=\"twitter:data1\" content=\"1 minuto\" \/>\n<script type=\"application\/ld+json\" class=\"yoast-schema-graph\">{\"@context\":\"https:\\\/\\\/schema.org\",\"@graph\":[{\"@type\":\"WebPage\",\"@id\":\"https:\\\/\\\/todotrial.com\\\/tienda\\\/manetas2015-01-12-18-46-32\\\/\",\"url\":\"https:\\\/\\\/todotrial.com\\\/tienda\\\/manetas2015-01-12-18-46-32\\\/\",\"name\":\"Maneta Embrague ASV Trial para Bomba AJP (negra) - Tienda de todotrial\",\"isPartOf\":{\"@id\":\"https:\\\/\\\/todotrial.com\\\/tienda\\\/#website\"},\"primaryImageOfPage\":{\"@id\":\"https:\\\/\\\/todotrial.com\\\/tienda\\\/manetas2015-01-12-18-46-32\\\/#primaryimage\"},\"image\":{\"@id\":\"https:\\\/\\\/todotrial.com\\\/tienda\\\/manetas2015-01-12-18-46-32\\\/#primaryimage\"},\"thumbnailUrl\":\"https:\\\/\\\/todotrial.com\\\/tienda\\\/wp-content\\\/uploads\\\/2020\\\/07\\\/ctf301-k-1-m.jpg.png\",\"datePublished\":\"2020-07-02T16:35:35+00:00\",\"dateModified\":\"2025-02-20T16:29:56+00:00\",\"breadcrumb\":{\"@id\":\"https:\\\/\\\/todotrial.com\\\/tienda\\\/manetas2015-01-12-18-46-32\\\/#breadcrumb\"},\"inLanguage\":\"es\",\"potentialAction\":[{\"@type\":\"ReadAction\",\"target\":[\"https:\\\/\\\/todotrial.com\\\/tienda\\\/manetas2015-01-12-18-46-32\\\/\"]}]},{\"@type\":\"ImageObject\",\"inLanguage\":\"es\",\"@id\":\"https:\\\/\\\/todotrial.com\\\/tienda\\\/manetas2015-01-12-18-46-32\\\/#primaryimage\",\"url\":\"https:\\\/\\\/todotrial.com\\\/tienda\\\/wp-content\\\/uploads\\\/2020\\\/07\\\/ctf301-k-1-m.jpg.png\",\"contentUrl\":\"https:\\\/\\\/todotrial.com\\\/tienda\\\/wp-content\\\/uploads\\\/2020\\\/07\\\/ctf301-k-1-m.jpg.png\",\"width\":180,\"height\":180},{\"@type\":\"BreadcrumbList\",\"@id\":\"https:\\\/\\\/todotrial.com\\\/tienda\\\/manetas2015-01-12-18-46-32\\\/#breadcrumb\",\"itemListElement\":[{\"@type\":\"ListItem\",\"position\":1,\"name\":\"Portada\",\"item\":\"https:\\\/\\\/todotrial.com\\\/tienda\\\/\"},{\"@type\":\"ListItem\",\"position\":2,\"name\":\"Shop\",\"item\":\"https:\\\/\\\/todotrial.com\\\/tienda\\\/shop\\\/\"},{\"@type\":\"ListItem\",\"position\":3,\"name\":\"Maneta Embrague ASV Trial para Bomba AJP (negra)\"}]},{\"@type\":\"WebSite\",\"@id\":\"https:\\\/\\\/todotrial.com\\\/tienda\\\/#website\",\"url\":\"https:\\\/\\\/todotrial.com\\\/tienda\\\/\",\"name\":\"Tienda de todotrial\",\"description\":\"\",\"potentialAction\":[{\"@type\":\"SearchAction\",\"target\":{\"@type\":\"EntryPoint\",\"urlTemplate\":\"https:\\\/\\\/todotrial.com\\\/tienda\\\/?s={search_term_string}\"},\"query-input\":{\"@type\":\"PropertyValueSpecification\",\"valueRequired\":true,\"valueName\":\"search_term_string\"}}],\"inLanguage\":\"es\"}]}<\/script>\n<!-- \/ Yoast SEO Premium plugin. -->","yoast_head_json":{"title":"Maneta Embrague ASV Trial para Bomba AJP (negra) - Tienda de todotrial","robots":{"index":"index","follow":"follow","max-snippet":"max-snippet:-1","max-image-preview":"max-image-preview:large","max-video-preview":"max-video-preview:-1"},"canonical":"https:\/\/todotrial.com\/tienda\/manetas2015-01-12-18-46-32\/","og_locale":"es_ES","og_type":"article","og_title":"Maneta Embrague ASV Trial para Bomba AJP (negra)","og_description":"Maneta Embrague ASV Trial","og_url":"https:\/\/todotrial.com\/tienda\/manetas2015-01-12-18-46-32\/","og_site_name":"Tienda de todotrial","article_modified_time":"2025-02-20T16:29:56+00:00","og_image":[{"width":180,"height":180,"url":"https:\/\/todotrial.com\/tienda\/wp-content\/uploads\/2020\/07\/ctf301-k-1-m.jpg.png","type":"image\/png"}],"twitter_card":"summary_large_image","twitter_misc":{"Tiempo de lectura":"1 minuto"},"schema":{"@context":"https:\/\/schema.org","@graph":[{"@type":"WebPage","@id":"https:\/\/todotrial.com\/tienda\/manetas2015-01-12-18-46-32\/","url":"https:\/\/todotrial.com\/tienda\/manetas2015-01-12-18-46-32\/","name":"Maneta Embrague ASV Trial para Bomba AJP (negra) - Tienda de todotrial","isPartOf":{"@id":"https:\/\/todotrial.com\/tienda\/#website"},"primaryImageOfPage":{"@id":"https:\/\/todotrial.com\/tienda\/manetas2015-01-12-18-46-32\/#primaryimage"},"image":{"@id":"https:\/\/todotrial.com\/tienda\/manetas2015-01-12-18-46-32\/#primaryimage"},"thumbnailUrl":"https:\/\/todotrial.com\/tienda\/wp-content\/uploads\/2020\/07\/ctf301-k-1-m.jpg.png","datePublished":"2020-07-02T16:35:35+00:00","dateModified":"2025-02-20T16:29:56+00:00","breadcrumb":{"@id":"https:\/\/todotrial.com\/tienda\/manetas2015-01-12-18-46-32\/#breadcrumb"},"inLanguage":"es","potentialAction":[{"@type":"ReadAction","target":["https:\/\/todotrial.com\/tienda\/manetas2015-01-12-18-46-32\/"]}]},{"@type":"ImageObject","inLanguage":"es","@id":"https:\/\/todotrial.com\/tienda\/manetas2015-01-12-18-46-32\/#primaryimage","url":"https:\/\/todotrial.com\/tienda\/wp-content\/uploads\/2020\/07\/ctf301-k-1-m.jpg.png","contentUrl":"https:\/\/todotrial.com\/tienda\/wp-content\/uploads\/2020\/07\/ctf301-k-1-m.jpg.png","width":180,"height":180},{"@type":"BreadcrumbList","@id":"https:\/\/todotrial.com\/tienda\/manetas2015-01-12-18-46-32\/#breadcrumb","itemListElement":[{"@type":"ListItem","position":1,"name":"Portada","item":"https:\/\/todotrial.com\/tienda\/"},{"@type":"ListItem","position":2,"name":"Shop","item":"https:\/\/todotrial.com\/tienda\/shop\/"},{"@type":"ListItem","position":3,"name":"Maneta Embrague ASV Trial para Bomba AJP (negra)"}]},{"@type":"WebSite","@id":"https:\/\/todotrial.com\/tienda\/#website","url":"https:\/\/todotrial.com\/tienda\/","name":"Tienda de todotrial","description":"","potentialAction":[{"@type":"SearchAction","target":{"@type":"EntryPoint","urlTemplate":"https:\/\/todotrial.com\/tienda\/?s={search_term_string}"},"query-input":{"@type":"PropertyValueSpecification","valueRequired":true,"valueName":"search_term_string"}}],"inLanguage":"es"}]}},"_links":{"self":[{"href":"https:\/\/todotrial.com\/tienda\/wp-json\/wp\/v2\/product\/2437","targetHints":{"allow":["GET"]}}],"collection":[{"href":"https:\/\/todotrial.com\/tienda\/wp-json\/wp\/v2\/product"}],"about":[{"href":"https:\/\/todotrial.com\/tienda\/wp-json\/wp\/v2\/types\/product"}],"replies":[{"embeddable":true,"href":"https:\/\/todotrial.com\/tienda\/wp-json\/wp\/v2\/comments?post=2437"}],"version-history":[{"count":0,"href":"https:\/\/todotrial.com\/tienda\/wp-json\/wp\/v2\/product\/2437\/revisions"}],"wp:featuredmedia":[{"embeddable":true,"href":"https:\/\/todotrial.com\/tienda\/wp-json\/wp\/v2\/media\/2436"}],"wp:attachment":[{"href":"https:\/\/todotrial.com\/tienda\/wp-json\/wp\/v2\/media?parent=2437"}],"wp:term":[{"taxonomy":"product_brand","embeddable":true,"href":"https:\/\/todotrial.com\/tienda\/wp-json\/wp\/v2\/product_brand?post=2437"},{"taxonomy":"product_cat","embeddable":true,"href":"https:\/\/todotrial.com\/tienda\/wp-json\/wp\/v2\/product_cat?post=2437"},{"taxonomy":"product_tag","embeddable":true,"href":"https:\/\/todotrial.com\/tienda\/wp-json\/wp\/v2\/product_tag?post=2437"}],"curies":[{"name":"wp","href":"https:\/\/api.w.org\/{rel}","templated":true}]}}