{"id":2393,"date":"2014-11-26T22:50:05","date_gmt":"2014-11-26T22:50:05","guid":{"rendered":"https:\/\/todotrial.com\/tienda\/product\/reproduccion-en-color\/"},"modified":"2025-04-01T22:10:42","modified_gmt":"2025-04-01T21:10:42","slug":"reproduccion-en-color","status":"publish","type":"product","link":"https:\/\/todotrial.com\/tienda\/reproduccion-en-color\/","title":{"rendered":"Chapa Metalica BSA Goldstar 1960"},"content":{"rendered":"<p>Esta maravillosa recreaci\u00f3n de una 1960 BSA Goldstar 500cc realizada por el ex piloto TT y entusiasta de las motos Brian Sapsford, que invirti\u00f3 m\u00e1s de 100 horas de arduo trabajo, adem\u00e1s de la investigaci\u00f3n, para asegurar que cada moto que pint\u00f3 fue capturado con la mayor precisi\u00f3n posible.<\/p>\n<p>La imagen ahora se puede disfrutar en un signo de metal duradero, disponible en tres tama\u00f1os, con los agujeros previamente perforados de esquina para el montaje f\u00e1cil.<\/p>\n<p>Tama\u00f1os y precios aparte de este<br \/>(400 x 300 mm.) 27,50\u20ac<br \/>(500 X 700 mm.) 45,50\u20ac<\/p>\n","protected":false},"excerpt":{"rendered":"<p>Chapa Metalica BSA Goldstar 1960 (150 X 200) mm<\/p>\n","protected":false},"featured_media":2392,"comment_status":"open","ping_status":"closed","template":"","meta":[],"product_brand":[],"product_cat":[15],"product_tag":[],"class_list":{"0":"post-2393","1":"product","2":"type-product","3":"status-publish","4":"has-post-thumbnail","6":"product_cat-uncategorized","8":"first","9":"instock","10":"taxable","11":"shipping-taxable","12":"purchasable","13":"product-type-simple"},"yoast_head":"<!-- This site is optimized with the Yoast SEO Premium plugin v21.2 (Yoast SEO v27.3) - https:\/\/yoast.com\/product\/yoast-seo-premium-wordpress\/ -->\n<title>Chapa Metalica BSA Goldstar 1960 - Tienda de todotrial<\/title>\n<meta name=\"robots\" content=\"index, follow, max-snippet:-1, max-image-preview:large, max-video-preview:-1\" \/>\n<link rel=\"canonical\" href=\"https:\/\/todotrial.com\/tienda\/reproduccion-en-color\/\" \/>\n<meta property=\"og:locale\" content=\"es_ES\" \/>\n<meta property=\"og:type\" content=\"article\" \/>\n<meta property=\"og:title\" content=\"Chapa Metalica BSA Goldstar 1960\" \/>\n<meta property=\"og:description\" content=\"Chapa Metalica BSA Goldstar 1960 (150 X 200) mm\" \/>\n<meta property=\"og:url\" content=\"https:\/\/todotrial.com\/tienda\/reproduccion-en-color\/\" \/>\n<meta property=\"og:site_name\" content=\"Tienda de todotrial\" \/>\n<meta property=\"article:modified_time\" content=\"2025-04-01T21:10:42+00:00\" \/>\n<meta property=\"og:image\" content=\"https:\/\/todotrial.com\/tienda\/wp-content\/uploads\/2014\/11\/bsa_chapa_metalica.jpg\" \/>\n\t<meta property=\"og:image:width\" content=\"360\" \/>\n\t<meta property=\"og:image:height\" content=\"257\" \/>\n\t<meta property=\"og:image:type\" content=\"image\/jpeg\" \/>\n<meta name=\"twitter:card\" content=\"summary_large_image\" \/>\n<script type=\"application\/ld+json\" class=\"yoast-schema-graph\">{\"@context\":\"https:\\\/\\\/schema.org\",\"@graph\":[{\"@type\":\"WebPage\",\"@id\":\"https:\\\/\\\/todotrial.com\\\/tienda\\\/reproduccion-en-color\\\/\",\"url\":\"https:\\\/\\\/todotrial.com\\\/tienda\\\/reproduccion-en-color\\\/\",\"name\":\"Chapa Metalica BSA Goldstar 1960 - Tienda de todotrial\",\"isPartOf\":{\"@id\":\"https:\\\/\\\/todotrial.com\\\/tienda\\\/#website\"},\"primaryImageOfPage\":{\"@id\":\"https:\\\/\\\/todotrial.com\\\/tienda\\\/reproduccion-en-color\\\/#primaryimage\"},\"image\":{\"@id\":\"https:\\\/\\\/todotrial.com\\\/tienda\\\/reproduccion-en-color\\\/#primaryimage\"},\"thumbnailUrl\":\"https:\\\/\\\/todotrial.com\\\/tienda\\\/wp-content\\\/uploads\\\/2014\\\/11\\\/bsa_chapa_metalica.jpg\",\"datePublished\":\"2014-11-26T22:50:05+00:00\",\"dateModified\":\"2025-04-01T21:10:42+00:00\",\"breadcrumb\":{\"@id\":\"https:\\\/\\\/todotrial.com\\\/tienda\\\/reproduccion-en-color\\\/#breadcrumb\"},\"inLanguage\":\"es\",\"potentialAction\":[{\"@type\":\"ReadAction\",\"target\":[\"https:\\\/\\\/todotrial.com\\\/tienda\\\/reproduccion-en-color\\\/\"]}]},{\"@type\":\"ImageObject\",\"inLanguage\":\"es\",\"@id\":\"https:\\\/\\\/todotrial.com\\\/tienda\\\/reproduccion-en-color\\\/#primaryimage\",\"url\":\"https:\\\/\\\/todotrial.com\\\/tienda\\\/wp-content\\\/uploads\\\/2014\\\/11\\\/bsa_chapa_metalica.jpg\",\"contentUrl\":\"https:\\\/\\\/todotrial.com\\\/tienda\\\/wp-content\\\/uploads\\\/2014\\\/11\\\/bsa_chapa_metalica.jpg\",\"width\":360,\"height\":257},{\"@type\":\"BreadcrumbList\",\"@id\":\"https:\\\/\\\/todotrial.com\\\/tienda\\\/reproduccion-en-color\\\/#breadcrumb\",\"itemListElement\":[{\"@type\":\"ListItem\",\"position\":1,\"name\":\"Portada\",\"item\":\"https:\\\/\\\/todotrial.com\\\/tienda\\\/\"},{\"@type\":\"ListItem\",\"position\":2,\"name\":\"Shop\",\"item\":\"https:\\\/\\\/todotrial.com\\\/tienda\\\/shop\\\/\"},{\"@type\":\"ListItem\",\"position\":3,\"name\":\"Chapa Metalica BSA Goldstar 1960\"}]},{\"@type\":\"WebSite\",\"@id\":\"https:\\\/\\\/todotrial.com\\\/tienda\\\/#website\",\"url\":\"https:\\\/\\\/todotrial.com\\\/tienda\\\/\",\"name\":\"Tienda de todotrial\",\"description\":\"\",\"potentialAction\":[{\"@type\":\"SearchAction\",\"target\":{\"@type\":\"EntryPoint\",\"urlTemplate\":\"https:\\\/\\\/todotrial.com\\\/tienda\\\/?s={search_term_string}\"},\"query-input\":{\"@type\":\"PropertyValueSpecification\",\"valueRequired\":true,\"valueName\":\"search_term_string\"}}],\"inLanguage\":\"es\"}]}<\/script>\n<!-- \/ Yoast SEO Premium plugin. -->","yoast_head_json":{"title":"Chapa Metalica BSA Goldstar 1960 - Tienda de todotrial","robots":{"index":"index","follow":"follow","max-snippet":"max-snippet:-1","max-image-preview":"max-image-preview:large","max-video-preview":"max-video-preview:-1"},"canonical":"https:\/\/todotrial.com\/tienda\/reproduccion-en-color\/","og_locale":"es_ES","og_type":"article","og_title":"Chapa Metalica BSA Goldstar 1960","og_description":"Chapa Metalica BSA Goldstar 1960 (150 X 200) mm","og_url":"https:\/\/todotrial.com\/tienda\/reproduccion-en-color\/","og_site_name":"Tienda de todotrial","article_modified_time":"2025-04-01T21:10:42+00:00","og_image":[{"width":360,"height":257,"url":"https:\/\/todotrial.com\/tienda\/wp-content\/uploads\/2014\/11\/bsa_chapa_metalica.jpg","type":"image\/jpeg"}],"twitter_card":"summary_large_image","schema":{"@context":"https:\/\/schema.org","@graph":[{"@type":"WebPage","@id":"https:\/\/todotrial.com\/tienda\/reproduccion-en-color\/","url":"https:\/\/todotrial.com\/tienda\/reproduccion-en-color\/","name":"Chapa Metalica BSA Goldstar 1960 - Tienda de todotrial","isPartOf":{"@id":"https:\/\/todotrial.com\/tienda\/#website"},"primaryImageOfPage":{"@id":"https:\/\/todotrial.com\/tienda\/reproduccion-en-color\/#primaryimage"},"image":{"@id":"https:\/\/todotrial.com\/tienda\/reproduccion-en-color\/#primaryimage"},"thumbnailUrl":"https:\/\/todotrial.com\/tienda\/wp-content\/uploads\/2014\/11\/bsa_chapa_metalica.jpg","datePublished":"2014-11-26T22:50:05+00:00","dateModified":"2025-04-01T21:10:42+00:00","breadcrumb":{"@id":"https:\/\/todotrial.com\/tienda\/reproduccion-en-color\/#breadcrumb"},"inLanguage":"es","potentialAction":[{"@type":"ReadAction","target":["https:\/\/todotrial.com\/tienda\/reproduccion-en-color\/"]}]},{"@type":"ImageObject","inLanguage":"es","@id":"https:\/\/todotrial.com\/tienda\/reproduccion-en-color\/#primaryimage","url":"https:\/\/todotrial.com\/tienda\/wp-content\/uploads\/2014\/11\/bsa_chapa_metalica.jpg","contentUrl":"https:\/\/todotrial.com\/tienda\/wp-content\/uploads\/2014\/11\/bsa_chapa_metalica.jpg","width":360,"height":257},{"@type":"BreadcrumbList","@id":"https:\/\/todotrial.com\/tienda\/reproduccion-en-color\/#breadcrumb","itemListElement":[{"@type":"ListItem","position":1,"name":"Portada","item":"https:\/\/todotrial.com\/tienda\/"},{"@type":"ListItem","position":2,"name":"Shop","item":"https:\/\/todotrial.com\/tienda\/shop\/"},{"@type":"ListItem","position":3,"name":"Chapa Metalica BSA Goldstar 1960"}]},{"@type":"WebSite","@id":"https:\/\/todotrial.com\/tienda\/#website","url":"https:\/\/todotrial.com\/tienda\/","name":"Tienda de todotrial","description":"","potentialAction":[{"@type":"SearchAction","target":{"@type":"EntryPoint","urlTemplate":"https:\/\/todotrial.com\/tienda\/?s={search_term_string}"},"query-input":{"@type":"PropertyValueSpecification","valueRequired":true,"valueName":"search_term_string"}}],"inLanguage":"es"}]}},"_links":{"self":[{"href":"https:\/\/todotrial.com\/tienda\/wp-json\/wp\/v2\/product\/2393","targetHints":{"allow":["GET"]}}],"collection":[{"href":"https:\/\/todotrial.com\/tienda\/wp-json\/wp\/v2\/product"}],"about":[{"href":"https:\/\/todotrial.com\/tienda\/wp-json\/wp\/v2\/types\/product"}],"replies":[{"embeddable":true,"href":"https:\/\/todotrial.com\/tienda\/wp-json\/wp\/v2\/comments?post=2393"}],"version-history":[{"count":1,"href":"https:\/\/todotrial.com\/tienda\/wp-json\/wp\/v2\/product\/2393\/revisions"}],"predecessor-version":[{"id":54991,"href":"https:\/\/todotrial.com\/tienda\/wp-json\/wp\/v2\/product\/2393\/revisions\/54991"}],"wp:featuredmedia":[{"embeddable":true,"href":"https:\/\/todotrial.com\/tienda\/wp-json\/wp\/v2\/media\/2392"}],"wp:attachment":[{"href":"https:\/\/todotrial.com\/tienda\/wp-json\/wp\/v2\/media?parent=2393"}],"wp:term":[{"taxonomy":"product_brand","embeddable":true,"href":"https:\/\/todotrial.com\/tienda\/wp-json\/wp\/v2\/product_brand?post=2393"},{"taxonomy":"product_cat","embeddable":true,"href":"https:\/\/todotrial.com\/tienda\/wp-json\/wp\/v2\/product_cat?post=2393"},{"taxonomy":"product_tag","embeddable":true,"href":"https:\/\/todotrial.com\/tienda\/wp-json\/wp\/v2\/product_tag?post=2393"}],"curies":[{"name":"wp","href":"https:\/\/api.w.org\/{rel}","templated":true}]}}