{"id":2377,"date":"2014-11-18T19:14:26","date_gmt":"2014-11-18T18:14:26","guid":{"rendered":"https:\/\/todotrial.com\/tienda\/?post_type=product&#038;p=2377"},"modified":"2025-04-01T22:10:39","modified_gmt":"2025-04-01T21:10:39","slug":"michaud-fantic","status":"publish","type":"product","link":"https:\/\/todotrial.com\/tienda\/michaud-fantic\/","title":{"rendered":"Michaud &#8211; Fantic"},"content":{"rendered":"<p>\u00ab\u00bbAGOTADO\u00bb\u00bb<\/p>\n<p>El libro \u00abMichaud &#8211; Fantic\u00bb editado por Mecca Trial a finales de 1988 en Monza (Italia) escrito por el reconocido periodista y fot\u00f3grafo Giulio Mauri, repasa la historia del triple campe\u00f3n del mundo Thierry Michaud y de la marca con la que consigui\u00f3 sus tres t\u00edtulos, Fantic.<\/p>\n<p>Esta obra lleva muchos a\u00f1os descatalogada, pero recientemente tras el fallecimiento del autor se han encontrado los \u00faltimos ejemplares totalmente nuevos que quedaban en stock, siendo por tanto una oportunidad \u00fanica de hacerse con un objeto de coleccionista, en sus \u00faltimas y escasas unidades, a un precio muy econ\u00f3mico.<\/p>\n<p>El libro cuenta con 80 p\u00e1ginas con fotograf\u00edas en color y blanco y negro. Tapas duras 246x175mm. Escrito en italiano.<\/p>\n<p>En su parte inicial trata principalmente de los or\u00edgenes y desarrollo de Fantic Motor, industria italiana l\u00edder en la construcci\u00f3n de motos de trial durante los a\u00f1os 80. En el libro se realiza un detallado an\u00e1lisis de su producci\u00f3n trialera. Influye fichas de cada modelo de trial fabricado por Fantic desde sus inicios hasta 1988, cada modelo viene analizado con sus caracter\u00edsticas t\u00e9cnicas y detalles sobre su mantenimiento.<\/p>\n<p>Con docenas de im\u00e1genes a color se narra tambi\u00e9n la historia de la carrera de Michaud, y en particular el autor se centra en los acontecimientos que caracterizaron la conquista de los tres t\u00edtulos obtenidos por el franc\u00e9s con Fantic.<\/p>\n","protected":false},"excerpt":{"rendered":"<p>\u00ab\u00bbAGOTADO\u00bb\u00bb<br \/>\nEl libro \u00abMichaud &#8211; Fantic\u00bb escrito por Giulio Mauri en 1988, cuenta la historia de esta marca y del triple campe\u00f3n del mundo franc\u00e9s. Incluye fichas con datos sobre todos los modelos Fantic de Trial fabricados hasta 1988. AGOTADO<\/p>\n","protected":false},"featured_media":2371,"comment_status":"open","ping_status":"closed","template":"","meta":[],"product_brand":[],"product_cat":[15],"product_tag":[],"class_list":{"0":"post-2377","1":"product","2":"type-product","3":"status-publish","4":"has-post-thumbnail","6":"product_cat-uncategorized","8":"first","9":"outofstock","10":"taxable","11":"shipping-taxable","12":"purchasable","13":"product-type-simple"},"yoast_head":"<!-- This site is optimized with the Yoast SEO Premium plugin v21.2 (Yoast SEO v27.5) - https:\/\/yoast.com\/product\/yoast-seo-premium-wordpress\/ -->\n<title>Michaud - Fantic - Tienda de todotrial<\/title>\n<meta name=\"robots\" content=\"index, follow, max-snippet:-1, max-image-preview:large, max-video-preview:-1\" \/>\n<link rel=\"canonical\" href=\"https:\/\/todotrial.com\/tienda\/michaud-fantic\/\" \/>\n<meta property=\"og:locale\" content=\"es_ES\" \/>\n<meta property=\"og:type\" content=\"article\" \/>\n<meta property=\"og:title\" content=\"Michaud - Fantic\" \/>\n<meta property=\"og:description\" content=\"&quot;&quot;AGOTADO&quot;&quot; El libro &quot;Michaud - Fantic&quot; escrito por Giulio Mauri en 1988, cuenta la historia de esta marca y del triple campe\u00f3n del mundo franc\u00e9s. Incluye fichas con datos sobre todos los modelos Fantic de Trial fabricados hasta 1988. AGOTADO\" \/>\n<meta property=\"og:url\" content=\"https:\/\/todotrial.com\/tienda\/michaud-fantic\/\" \/>\n<meta property=\"og:site_name\" content=\"Tienda de todotrial\" \/>\n<meta property=\"article:modified_time\" content=\"2025-04-01T21:10:39+00:00\" \/>\n<meta property=\"og:image\" content=\"https:\/\/todotrial.com\/tienda\/wp-content\/uploads\/2014\/11\/michaud-fantic-book-libro-1.jpg\" \/>\n\t<meta property=\"og:image:width\" content=\"683\" \/>\n\t<meta property=\"og:image:height\" content=\"1024\" \/>\n\t<meta property=\"og:image:type\" content=\"image\/jpeg\" \/>\n<meta name=\"twitter:card\" content=\"summary_large_image\" \/>\n<meta name=\"twitter:label1\" content=\"Tiempo de lectura\" \/>\n\t<meta name=\"twitter:data1\" content=\"1 minuto\" \/>\n<script type=\"application\/ld+json\" class=\"yoast-schema-graph\">{\"@context\":\"https:\\\/\\\/schema.org\",\"@graph\":[{\"@type\":\"WebPage\",\"@id\":\"https:\\\/\\\/todotrial.com\\\/tienda\\\/michaud-fantic\\\/\",\"url\":\"https:\\\/\\\/todotrial.com\\\/tienda\\\/michaud-fantic\\\/\",\"name\":\"Michaud - Fantic - Tienda de todotrial\",\"isPartOf\":{\"@id\":\"https:\\\/\\\/todotrial.com\\\/tienda\\\/#website\"},\"primaryImageOfPage\":{\"@id\":\"https:\\\/\\\/todotrial.com\\\/tienda\\\/michaud-fantic\\\/#primaryimage\"},\"image\":{\"@id\":\"https:\\\/\\\/todotrial.com\\\/tienda\\\/michaud-fantic\\\/#primaryimage\"},\"thumbnailUrl\":\"https:\\\/\\\/todotrial.com\\\/tienda\\\/wp-content\\\/uploads\\\/2014\\\/11\\\/michaud-fantic-book-libro-1.jpg\",\"datePublished\":\"2014-11-18T18:14:26+00:00\",\"dateModified\":\"2025-04-01T21:10:39+00:00\",\"breadcrumb\":{\"@id\":\"https:\\\/\\\/todotrial.com\\\/tienda\\\/michaud-fantic\\\/#breadcrumb\"},\"inLanguage\":\"es\",\"potentialAction\":[{\"@type\":\"ReadAction\",\"target\":[\"https:\\\/\\\/todotrial.com\\\/tienda\\\/michaud-fantic\\\/\"]}]},{\"@type\":\"ImageObject\",\"inLanguage\":\"es\",\"@id\":\"https:\\\/\\\/todotrial.com\\\/tienda\\\/michaud-fantic\\\/#primaryimage\",\"url\":\"https:\\\/\\\/todotrial.com\\\/tienda\\\/wp-content\\\/uploads\\\/2014\\\/11\\\/michaud-fantic-book-libro-1.jpg\",\"contentUrl\":\"https:\\\/\\\/todotrial.com\\\/tienda\\\/wp-content\\\/uploads\\\/2014\\\/11\\\/michaud-fantic-book-libro-1.jpg\",\"width\":683,\"height\":1024},{\"@type\":\"BreadcrumbList\",\"@id\":\"https:\\\/\\\/todotrial.com\\\/tienda\\\/michaud-fantic\\\/#breadcrumb\",\"itemListElement\":[{\"@type\":\"ListItem\",\"position\":1,\"name\":\"Portada\",\"item\":\"https:\\\/\\\/todotrial.com\\\/tienda\\\/\"},{\"@type\":\"ListItem\",\"position\":2,\"name\":\"Shop\",\"item\":\"https:\\\/\\\/todotrial.com\\\/tienda\\\/shop\\\/\"},{\"@type\":\"ListItem\",\"position\":3,\"name\":\"Michaud &#8211; Fantic\"}]},{\"@type\":\"WebSite\",\"@id\":\"https:\\\/\\\/todotrial.com\\\/tienda\\\/#website\",\"url\":\"https:\\\/\\\/todotrial.com\\\/tienda\\\/\",\"name\":\"Tienda de todotrial\",\"description\":\"\",\"potentialAction\":[{\"@type\":\"SearchAction\",\"target\":{\"@type\":\"EntryPoint\",\"urlTemplate\":\"https:\\\/\\\/todotrial.com\\\/tienda\\\/?s={search_term_string}\"},\"query-input\":{\"@type\":\"PropertyValueSpecification\",\"valueRequired\":true,\"valueName\":\"search_term_string\"}}],\"inLanguage\":\"es\"}]}<\/script>\n<!-- \/ Yoast SEO Premium plugin. -->","yoast_head_json":{"title":"Michaud - Fantic - Tienda de todotrial","robots":{"index":"index","follow":"follow","max-snippet":"max-snippet:-1","max-image-preview":"max-image-preview:large","max-video-preview":"max-video-preview:-1"},"canonical":"https:\/\/todotrial.com\/tienda\/michaud-fantic\/","og_locale":"es_ES","og_type":"article","og_title":"Michaud - Fantic","og_description":"\"\"AGOTADO\"\" El libro \"Michaud - Fantic\" escrito por Giulio Mauri en 1988, cuenta la historia de esta marca y del triple campe\u00f3n del mundo franc\u00e9s. Incluye fichas con datos sobre todos los modelos Fantic de Trial fabricados hasta 1988. AGOTADO","og_url":"https:\/\/todotrial.com\/tienda\/michaud-fantic\/","og_site_name":"Tienda de todotrial","article_modified_time":"2025-04-01T21:10:39+00:00","og_image":[{"width":683,"height":1024,"url":"https:\/\/todotrial.com\/tienda\/wp-content\/uploads\/2014\/11\/michaud-fantic-book-libro-1.jpg","type":"image\/jpeg"}],"twitter_card":"summary_large_image","twitter_misc":{"Tiempo de lectura":"1 minuto"},"schema":{"@context":"https:\/\/schema.org","@graph":[{"@type":"WebPage","@id":"https:\/\/todotrial.com\/tienda\/michaud-fantic\/","url":"https:\/\/todotrial.com\/tienda\/michaud-fantic\/","name":"Michaud - Fantic - Tienda de todotrial","isPartOf":{"@id":"https:\/\/todotrial.com\/tienda\/#website"},"primaryImageOfPage":{"@id":"https:\/\/todotrial.com\/tienda\/michaud-fantic\/#primaryimage"},"image":{"@id":"https:\/\/todotrial.com\/tienda\/michaud-fantic\/#primaryimage"},"thumbnailUrl":"https:\/\/todotrial.com\/tienda\/wp-content\/uploads\/2014\/11\/michaud-fantic-book-libro-1.jpg","datePublished":"2014-11-18T18:14:26+00:00","dateModified":"2025-04-01T21:10:39+00:00","breadcrumb":{"@id":"https:\/\/todotrial.com\/tienda\/michaud-fantic\/#breadcrumb"},"inLanguage":"es","potentialAction":[{"@type":"ReadAction","target":["https:\/\/todotrial.com\/tienda\/michaud-fantic\/"]}]},{"@type":"ImageObject","inLanguage":"es","@id":"https:\/\/todotrial.com\/tienda\/michaud-fantic\/#primaryimage","url":"https:\/\/todotrial.com\/tienda\/wp-content\/uploads\/2014\/11\/michaud-fantic-book-libro-1.jpg","contentUrl":"https:\/\/todotrial.com\/tienda\/wp-content\/uploads\/2014\/11\/michaud-fantic-book-libro-1.jpg","width":683,"height":1024},{"@type":"BreadcrumbList","@id":"https:\/\/todotrial.com\/tienda\/michaud-fantic\/#breadcrumb","itemListElement":[{"@type":"ListItem","position":1,"name":"Portada","item":"https:\/\/todotrial.com\/tienda\/"},{"@type":"ListItem","position":2,"name":"Shop","item":"https:\/\/todotrial.com\/tienda\/shop\/"},{"@type":"ListItem","position":3,"name":"Michaud &#8211; Fantic"}]},{"@type":"WebSite","@id":"https:\/\/todotrial.com\/tienda\/#website","url":"https:\/\/todotrial.com\/tienda\/","name":"Tienda de todotrial","description":"","potentialAction":[{"@type":"SearchAction","target":{"@type":"EntryPoint","urlTemplate":"https:\/\/todotrial.com\/tienda\/?s={search_term_string}"},"query-input":{"@type":"PropertyValueSpecification","valueRequired":true,"valueName":"search_term_string"}}],"inLanguage":"es"}]}},"_links":{"self":[{"href":"https:\/\/todotrial.com\/tienda\/wp-json\/wp\/v2\/product\/2377","targetHints":{"allow":["GET"]}}],"collection":[{"href":"https:\/\/todotrial.com\/tienda\/wp-json\/wp\/v2\/product"}],"about":[{"href":"https:\/\/todotrial.com\/tienda\/wp-json\/wp\/v2\/types\/product"}],"replies":[{"embeddable":true,"href":"https:\/\/todotrial.com\/tienda\/wp-json\/wp\/v2\/comments?post=2377"}],"version-history":[{"count":2,"href":"https:\/\/todotrial.com\/tienda\/wp-json\/wp\/v2\/product\/2377\/revisions"}],"predecessor-version":[{"id":54990,"href":"https:\/\/todotrial.com\/tienda\/wp-json\/wp\/v2\/product\/2377\/revisions\/54990"}],"wp:featuredmedia":[{"embeddable":true,"href":"https:\/\/todotrial.com\/tienda\/wp-json\/wp\/v2\/media\/2371"}],"wp:attachment":[{"href":"https:\/\/todotrial.com\/tienda\/wp-json\/wp\/v2\/media?parent=2377"}],"wp:term":[{"taxonomy":"product_brand","embeddable":true,"href":"https:\/\/todotrial.com\/tienda\/wp-json\/wp\/v2\/product_brand?post=2377"},{"taxonomy":"product_cat","embeddable":true,"href":"https:\/\/todotrial.com\/tienda\/wp-json\/wp\/v2\/product_cat?post=2377"},{"taxonomy":"product_tag","embeddable":true,"href":"https:\/\/todotrial.com\/tienda\/wp-json\/wp\/v2\/product_tag?post=2377"}],"curies":[{"name":"wp","href":"https:\/\/api.w.org\/{rel}","templated":true}]}}