{"id":2365,"date":"2020-07-02T16:31:58","date_gmt":"2020-07-02T16:31:58","guid":{"rendered":"https:\/\/todotrial.com\/tienda\/product\/tt-races2014-11-16-18-12-12\/"},"modified":"2025-02-20T17:30:08","modified_gmt":"2025-02-20T16:30:08","slug":"tt-races2014-11-16-18-12-12","status":"publish","type":"product","link":"https:\/\/todotrial.com\/tienda\/tt-races2014-11-16-18-12-12\/","title":{"rendered":"Isla de Man  2014 On-bike Laps Vol. 2 DVD"},"content":{"rendered":"<p>Isla de Man On-bike Laps Vol. 2 DVD<\/p>\n<p>90 minutos<\/p>\n<p>Desde el circuito, desde el aire y las frenadas las c\u00e1maras s\u00f3lo pueden llegar tan cerca de la acci\u00f3n; para realmente apreciar la impresionante Isla de Man TT como si usted est\u00e1 a bordo.<\/p>\n<p>\u00danete a las estrellas de &#8216;seis de los mejores \u00ab, ya que una vez m\u00e1s empujando los l\u00edmites de lo que es posible en el curso de la monta\u00f1a.<\/p>\n<p>La \u00faltima tecnolog\u00eda de c\u00e1mara a bordo te pone en el asiento caliente para una visi\u00f3n impresionante en la habilidad, el compromiso y la determinaci\u00f3n necesarias para ser el mejor de los mejores en el TT.<\/p>\n<p>El Vol. 2 dos comienza donde lo deja el Vol. 1 as\u00ed que prep\u00e1rate para un poco de acelerador a fondo, el borde de la acci\u00f3n de seguridad.<\/p>\n<p>Cuatro a\u00f1os despu\u00e9s de su horrible accidente, inmortalizado en Closer to the Edge, Conor Cummins est\u00e1 de vuelta a la forma sublime era conocido por. Esta vuelta de formaci\u00f3n de ampollas de la carrera senior muestra cu\u00e1n suave y seguro el gran Manxman est\u00e1 en su territorio de origen.<\/p>\n<p>Dean Harrison es un hombre joven con un futuro brillante en el TT. Deseoso de asegurar su padre Conrad no es el \u00fanico miembro de la familia va a casa con el reloj y el trofeo de ganador, Dean tira de la clavija y muestra el resto del TT ligero paquete de un par limpio de zapatos de tac\u00f3n.<\/p>\n<p>Keen para asegurarse de Conrad no consigue otro reloj para a\u00f1adir a su colecci\u00f3n de Dave Molyneux y Patrick Farrance puso en una vuelta r\u00e1pida en Claro Sidecar Race 2 para consolidar su ventaja sobre el equipo de Yorkshire.<\/p>\n<p>William Dunlop saca todas las paradas para grabar una de sus vueltas m\u00e1s r\u00e1pidas jam\u00e1s del TT. Con el TAS por Tyco Suzuki Superbike en el tubo, William muestra que Michael no tuvo todo el talento en la familia &#8230;<\/p>\n<p>En 1911, el primer a\u00f1o de las carreras en la monta\u00f1a, Frank Philipp estableci\u00f3 el r\u00e9cord en 50,14 mph. 103 a\u00f1os m\u00e1s tarde Peter Hickman hace 129,104 mph ven casi f\u00e1cil. Lo que es a\u00fan m\u00e1s sorprendente es que lo hizo como un reci\u00e9n llegado en una m\u00e1quina de Superstock. Incre\u00edble.<\/p>\n<p>Si el se\u00f1or F Philipp esq. de la empresa de motos de Shipley de Scott ser\u00eda sorprendido por una vuelta de 129 mph, tratar de comprender su asombro ante la idea de una motocicleta el\u00e9ctrica alimentada completar una vuelta de m\u00e1s de 117 mph! Aqu\u00ed tenemos John &#8216;Rey de la Monta\u00f1a&#8217; McGuinness hacer precisamente eso en el poderoso Mugen Shinden.<\/p>\n","protected":false},"excerpt":{"rendered":"<p>Isla de Man On-bike Laps Vol. 2 DVD<\/p>\n","protected":false},"featured_media":2364,"comment_status":"open","ping_status":"closed","template":"","meta":[],"product_brand":[],"product_cat":[15],"product_tag":[],"class_list":{"0":"post-2365","1":"product","2":"type-product","3":"status-publish","4":"has-post-thumbnail","6":"product_cat-uncategorized","8":"first","9":"outofstock","10":"taxable","11":"shipping-taxable","12":"purchasable","13":"product-type-simple"},"yoast_head":"<!-- This site is optimized with the Yoast SEO Premium plugin v21.2 (Yoast SEO v27.5) - https:\/\/yoast.com\/product\/yoast-seo-premium-wordpress\/ -->\n<title>Isla de Man 2014 On-bike Laps Vol. 2 DVD - Tienda de todotrial<\/title>\n<meta name=\"robots\" content=\"index, follow, max-snippet:-1, max-image-preview:large, max-video-preview:-1\" \/>\n<link rel=\"canonical\" href=\"https:\/\/todotrial.com\/tienda\/tt-races2014-11-16-18-12-12\/\" \/>\n<meta property=\"og:locale\" content=\"es_ES\" \/>\n<meta property=\"og:type\" content=\"article\" \/>\n<meta property=\"og:title\" content=\"Isla de Man 2014 On-bike Laps Vol. 2 DVD\" \/>\n<meta property=\"og:description\" content=\"Isla de Man On-bike Laps Vol. 2 DVD\" \/>\n<meta property=\"og:url\" content=\"https:\/\/todotrial.com\/tienda\/tt-races2014-11-16-18-12-12\/\" \/>\n<meta property=\"og:site_name\" content=\"Tienda de todotrial\" \/>\n<meta property=\"article:modified_time\" content=\"2025-02-20T16:30:08+00:00\" \/>\n<meta property=\"og:image\" content=\"https:\/\/todotrial.com\/tienda\/wp-content\/uploads\/2020\/07\/1994_on-bike-laps_2014_volume2.jpg\" \/>\n\t<meta property=\"og:image:width\" content=\"360\" \/>\n\t<meta property=\"og:image:height\" content=\"518\" \/>\n\t<meta property=\"og:image:type\" content=\"image\/jpeg\" \/>\n<meta name=\"twitter:card\" content=\"summary_large_image\" \/>\n<meta name=\"twitter:label1\" content=\"Tiempo de lectura\" \/>\n\t<meta name=\"twitter:data1\" content=\"2 minutos\" \/>\n<script type=\"application\/ld+json\" class=\"yoast-schema-graph\">{\"@context\":\"https:\\\/\\\/schema.org\",\"@graph\":[{\"@type\":\"WebPage\",\"@id\":\"https:\\\/\\\/todotrial.com\\\/tienda\\\/tt-races2014-11-16-18-12-12\\\/\",\"url\":\"https:\\\/\\\/todotrial.com\\\/tienda\\\/tt-races2014-11-16-18-12-12\\\/\",\"name\":\"Isla de Man 2014 On-bike Laps Vol. 2 DVD - Tienda de todotrial\",\"isPartOf\":{\"@id\":\"https:\\\/\\\/todotrial.com\\\/tienda\\\/#website\"},\"primaryImageOfPage\":{\"@id\":\"https:\\\/\\\/todotrial.com\\\/tienda\\\/tt-races2014-11-16-18-12-12\\\/#primaryimage\"},\"image\":{\"@id\":\"https:\\\/\\\/todotrial.com\\\/tienda\\\/tt-races2014-11-16-18-12-12\\\/#primaryimage\"},\"thumbnailUrl\":\"https:\\\/\\\/todotrial.com\\\/tienda\\\/wp-content\\\/uploads\\\/2020\\\/07\\\/1994_on-bike-laps_2014_volume2.jpg\",\"datePublished\":\"2020-07-02T16:31:58+00:00\",\"dateModified\":\"2025-02-20T16:30:08+00:00\",\"breadcrumb\":{\"@id\":\"https:\\\/\\\/todotrial.com\\\/tienda\\\/tt-races2014-11-16-18-12-12\\\/#breadcrumb\"},\"inLanguage\":\"es\",\"potentialAction\":[{\"@type\":\"ReadAction\",\"target\":[\"https:\\\/\\\/todotrial.com\\\/tienda\\\/tt-races2014-11-16-18-12-12\\\/\"]}]},{\"@type\":\"ImageObject\",\"inLanguage\":\"es\",\"@id\":\"https:\\\/\\\/todotrial.com\\\/tienda\\\/tt-races2014-11-16-18-12-12\\\/#primaryimage\",\"url\":\"https:\\\/\\\/todotrial.com\\\/tienda\\\/wp-content\\\/uploads\\\/2020\\\/07\\\/1994_on-bike-laps_2014_volume2.jpg\",\"contentUrl\":\"https:\\\/\\\/todotrial.com\\\/tienda\\\/wp-content\\\/uploads\\\/2020\\\/07\\\/1994_on-bike-laps_2014_volume2.jpg\",\"width\":360,\"height\":518},{\"@type\":\"BreadcrumbList\",\"@id\":\"https:\\\/\\\/todotrial.com\\\/tienda\\\/tt-races2014-11-16-18-12-12\\\/#breadcrumb\",\"itemListElement\":[{\"@type\":\"ListItem\",\"position\":1,\"name\":\"Portada\",\"item\":\"https:\\\/\\\/todotrial.com\\\/tienda\\\/\"},{\"@type\":\"ListItem\",\"position\":2,\"name\":\"Shop\",\"item\":\"https:\\\/\\\/todotrial.com\\\/tienda\\\/shop\\\/\"},{\"@type\":\"ListItem\",\"position\":3,\"name\":\"Isla de Man 2014 On-bike Laps Vol. 2 DVD\"}]},{\"@type\":\"WebSite\",\"@id\":\"https:\\\/\\\/todotrial.com\\\/tienda\\\/#website\",\"url\":\"https:\\\/\\\/todotrial.com\\\/tienda\\\/\",\"name\":\"Tienda de todotrial\",\"description\":\"\",\"potentialAction\":[{\"@type\":\"SearchAction\",\"target\":{\"@type\":\"EntryPoint\",\"urlTemplate\":\"https:\\\/\\\/todotrial.com\\\/tienda\\\/?s={search_term_string}\"},\"query-input\":{\"@type\":\"PropertyValueSpecification\",\"valueRequired\":true,\"valueName\":\"search_term_string\"}}],\"inLanguage\":\"es\"}]}<\/script>\n<!-- \/ Yoast SEO Premium plugin. -->","yoast_head_json":{"title":"Isla de Man 2014 On-bike Laps Vol. 2 DVD - Tienda de todotrial","robots":{"index":"index","follow":"follow","max-snippet":"max-snippet:-1","max-image-preview":"max-image-preview:large","max-video-preview":"max-video-preview:-1"},"canonical":"https:\/\/todotrial.com\/tienda\/tt-races2014-11-16-18-12-12\/","og_locale":"es_ES","og_type":"article","og_title":"Isla de Man 2014 On-bike Laps Vol. 2 DVD","og_description":"Isla de Man On-bike Laps Vol. 2 DVD","og_url":"https:\/\/todotrial.com\/tienda\/tt-races2014-11-16-18-12-12\/","og_site_name":"Tienda de todotrial","article_modified_time":"2025-02-20T16:30:08+00:00","og_image":[{"width":360,"height":518,"url":"https:\/\/todotrial.com\/tienda\/wp-content\/uploads\/2020\/07\/1994_on-bike-laps_2014_volume2.jpg","type":"image\/jpeg"}],"twitter_card":"summary_large_image","twitter_misc":{"Tiempo de lectura":"2 minutos"},"schema":{"@context":"https:\/\/schema.org","@graph":[{"@type":"WebPage","@id":"https:\/\/todotrial.com\/tienda\/tt-races2014-11-16-18-12-12\/","url":"https:\/\/todotrial.com\/tienda\/tt-races2014-11-16-18-12-12\/","name":"Isla de Man 2014 On-bike Laps Vol. 2 DVD - Tienda de todotrial","isPartOf":{"@id":"https:\/\/todotrial.com\/tienda\/#website"},"primaryImageOfPage":{"@id":"https:\/\/todotrial.com\/tienda\/tt-races2014-11-16-18-12-12\/#primaryimage"},"image":{"@id":"https:\/\/todotrial.com\/tienda\/tt-races2014-11-16-18-12-12\/#primaryimage"},"thumbnailUrl":"https:\/\/todotrial.com\/tienda\/wp-content\/uploads\/2020\/07\/1994_on-bike-laps_2014_volume2.jpg","datePublished":"2020-07-02T16:31:58+00:00","dateModified":"2025-02-20T16:30:08+00:00","breadcrumb":{"@id":"https:\/\/todotrial.com\/tienda\/tt-races2014-11-16-18-12-12\/#breadcrumb"},"inLanguage":"es","potentialAction":[{"@type":"ReadAction","target":["https:\/\/todotrial.com\/tienda\/tt-races2014-11-16-18-12-12\/"]}]},{"@type":"ImageObject","inLanguage":"es","@id":"https:\/\/todotrial.com\/tienda\/tt-races2014-11-16-18-12-12\/#primaryimage","url":"https:\/\/todotrial.com\/tienda\/wp-content\/uploads\/2020\/07\/1994_on-bike-laps_2014_volume2.jpg","contentUrl":"https:\/\/todotrial.com\/tienda\/wp-content\/uploads\/2020\/07\/1994_on-bike-laps_2014_volume2.jpg","width":360,"height":518},{"@type":"BreadcrumbList","@id":"https:\/\/todotrial.com\/tienda\/tt-races2014-11-16-18-12-12\/#breadcrumb","itemListElement":[{"@type":"ListItem","position":1,"name":"Portada","item":"https:\/\/todotrial.com\/tienda\/"},{"@type":"ListItem","position":2,"name":"Shop","item":"https:\/\/todotrial.com\/tienda\/shop\/"},{"@type":"ListItem","position":3,"name":"Isla de Man 2014 On-bike Laps Vol. 2 DVD"}]},{"@type":"WebSite","@id":"https:\/\/todotrial.com\/tienda\/#website","url":"https:\/\/todotrial.com\/tienda\/","name":"Tienda de todotrial","description":"","potentialAction":[{"@type":"SearchAction","target":{"@type":"EntryPoint","urlTemplate":"https:\/\/todotrial.com\/tienda\/?s={search_term_string}"},"query-input":{"@type":"PropertyValueSpecification","valueRequired":true,"valueName":"search_term_string"}}],"inLanguage":"es"}]}},"_links":{"self":[{"href":"https:\/\/todotrial.com\/tienda\/wp-json\/wp\/v2\/product\/2365","targetHints":{"allow":["GET"]}}],"collection":[{"href":"https:\/\/todotrial.com\/tienda\/wp-json\/wp\/v2\/product"}],"about":[{"href":"https:\/\/todotrial.com\/tienda\/wp-json\/wp\/v2\/types\/product"}],"replies":[{"embeddable":true,"href":"https:\/\/todotrial.com\/tienda\/wp-json\/wp\/v2\/comments?post=2365"}],"version-history":[{"count":0,"href":"https:\/\/todotrial.com\/tienda\/wp-json\/wp\/v2\/product\/2365\/revisions"}],"wp:featuredmedia":[{"embeddable":true,"href":"https:\/\/todotrial.com\/tienda\/wp-json\/wp\/v2\/media\/2364"}],"wp:attachment":[{"href":"https:\/\/todotrial.com\/tienda\/wp-json\/wp\/v2\/media?parent=2365"}],"wp:term":[{"taxonomy":"product_brand","embeddable":true,"href":"https:\/\/todotrial.com\/tienda\/wp-json\/wp\/v2\/product_brand?post=2365"},{"taxonomy":"product_cat","embeddable":true,"href":"https:\/\/todotrial.com\/tienda\/wp-json\/wp\/v2\/product_cat?post=2365"},{"taxonomy":"product_tag","embeddable":true,"href":"https:\/\/todotrial.com\/tienda\/wp-json\/wp\/v2\/product_tag?post=2365"}],"curies":[{"name":"wp","href":"https:\/\/api.w.org\/{rel}","templated":true}]}}