{"id":2363,"date":"2020-07-02T16:31:52","date_gmt":"2020-07-02T16:31:52","guid":{"rendered":"https:\/\/todotrial.com\/tienda\/product\/tt-races2014-11-16-17-56-26\/"},"modified":"2025-02-20T17:30:09","modified_gmt":"2025-02-20T16:30:09","slug":"tt-races2014-11-16-17-56-26","status":"publish","type":"product","link":"https:\/\/todotrial.com\/tienda\/tt-races2014-11-16-17-56-26\/","title":{"rendered":"Isla de Man 2014 On-bike Laps Vol 1 DVD"},"content":{"rendered":"<p>Isla de Man On-bike Laps Vol 1 DVD<\/p>\n<p>90 minutos<\/p>\n<p>Experimenta la vision del piloto en la vuelta m\u00e1s r\u00e1pida jam\u00e1s de la Isla de Man TT Curso de Monta\u00f1a<\/p>\n<p>La \u00faltima tecnolog\u00eda de c\u00e1mara a bordo te pone en el asiento caliente para una visi\u00f3n impresionante en la habilidad, el compromiso y la determinaci\u00f3n necesarias para ser el mejor de los mejores en el TT.<\/p>\n<p>Volumen Uno ofrece cinco de las vueltas de carreras m\u00e1s r\u00e1pidos jam\u00e1s registrados, incluyendo nuevo r\u00e9cord de vuelta absoluto de Bruce Anstey de 132,298 mph.<\/p>\n<p>Guy Martin inicia procedimientos fuera mientras persigue esa victoria dif\u00edcil de alcanzar en la carrera de Superbikes Dainese. Desde la parada en boxes en el inicio de la vuelta 5, \u00e9l y Michael Dunlop se van machacando por la gloria.<\/p>\n<p>El Norton SG3 de Cameron Donald muestra su ritmo, y el volumen, ya que truena a trav\u00e9s de su primera vuelta siempre competitiva del Curso de Monta\u00f1a. El aullido de la V4 en tubos abiertos enviar\u00e1 escalofr\u00edos por la columna vertebral, incluso m\u00e1s carente de emociones!<\/p>\n<p>El siguiente paso de Australia 2013 novato sensaci\u00f3n Josh Brookes pone en una vuelta r\u00e1pida de su primera parada en boxes en el Milwaukee Yamaha y muestra la experiencia y la madurez de un veterano.<\/p>\n<p>Este es el grande! Bruce Anstey montar Fireblade del Padgett cava profundamente para producir la vuelta m\u00e1s sensacional en la historia de TT. En la \u00faltima vuelta de theDainese Superbike TT y persiguiendo a un lugar en el podio despu\u00e9s de un error anterior le ralentizado el &#8216;kiwi volar&#8217; quema todo el a\u00f1o en un apenas cre\u00edble 17: 06,682 &#8211; 132,298 mph! Usted simplemente no vas a creer lo que est\u00e1 viendo.<\/p>\n<p>Finalmente nos unimos a John Holden y Andy Winkle para la Carrera Claro Sidecar 1 en su intento de repetir su victoria de 2011. Si usted pens\u00f3 que esto ser\u00eda manso despu\u00e9s de mega de Bruce regazo piense de nuevo. Estos chicos est\u00e1n en \u00e9l y que no est\u00e1n tomando las cosas con calma.<\/p>\n<p>Todo-en-todo esto es, sencillamente, la mejor colecci\u00f3n de vueltas de carreras TT jam\u00e1s creado. La pregunta es \u00bfc\u00f3mo vamos a rematar?<\/p>\n","protected":false},"excerpt":{"rendered":"<p>Isla de Man On-bike Laps Vol 1 DVD<\/p>\n","protected":false},"featured_media":2362,"comment_status":"open","ping_status":"closed","template":"","meta":[],"product_brand":[],"product_cat":[15],"product_tag":[],"class_list":{"0":"post-2363","1":"product","2":"type-product","3":"status-publish","4":"has-post-thumbnail","6":"product_cat-uncategorized","8":"first","9":"outofstock","10":"taxable","11":"shipping-taxable","12":"purchasable","13":"product-type-simple"},"yoast_head":"<!-- This site is optimized with the Yoast SEO Premium plugin v21.2 (Yoast SEO v27.5) - https:\/\/yoast.com\/product\/yoast-seo-premium-wordpress\/ -->\n<title>Isla de Man 2014 On-bike Laps Vol 1 DVD - Tienda de todotrial<\/title>\n<meta name=\"robots\" content=\"index, follow, max-snippet:-1, max-image-preview:large, max-video-preview:-1\" \/>\n<link rel=\"canonical\" href=\"https:\/\/todotrial.com\/tienda\/tt-races2014-11-16-17-56-26\/\" \/>\n<meta property=\"og:locale\" content=\"es_ES\" \/>\n<meta property=\"og:type\" content=\"article\" \/>\n<meta property=\"og:title\" content=\"Isla de Man 2014 On-bike Laps Vol 1 DVD\" \/>\n<meta property=\"og:description\" content=\"Isla de Man On-bike Laps Vol 1 DVD\" \/>\n<meta property=\"og:url\" content=\"https:\/\/todotrial.com\/tienda\/tt-races2014-11-16-17-56-26\/\" \/>\n<meta property=\"og:site_name\" content=\"Tienda de todotrial\" \/>\n<meta property=\"article:modified_time\" content=\"2025-02-20T16:30:09+00:00\" \/>\n<meta property=\"og:image\" content=\"https:\/\/todotrial.com\/tienda\/wp-content\/uploads\/2020\/07\/1993_on-bike-laps_volume1.jpg\" \/>\n\t<meta property=\"og:image:width\" content=\"360\" \/>\n\t<meta property=\"og:image:height\" content=\"513\" \/>\n\t<meta property=\"og:image:type\" content=\"image\/jpeg\" \/>\n<meta name=\"twitter:card\" content=\"summary_large_image\" \/>\n<meta name=\"twitter:label1\" content=\"Tiempo de lectura\" \/>\n\t<meta name=\"twitter:data1\" content=\"2 minutos\" \/>\n<script type=\"application\/ld+json\" class=\"yoast-schema-graph\">{\"@context\":\"https:\\\/\\\/schema.org\",\"@graph\":[{\"@type\":\"WebPage\",\"@id\":\"https:\\\/\\\/todotrial.com\\\/tienda\\\/tt-races2014-11-16-17-56-26\\\/\",\"url\":\"https:\\\/\\\/todotrial.com\\\/tienda\\\/tt-races2014-11-16-17-56-26\\\/\",\"name\":\"Isla de Man 2014 On-bike Laps Vol 1 DVD - Tienda de todotrial\",\"isPartOf\":{\"@id\":\"https:\\\/\\\/todotrial.com\\\/tienda\\\/#website\"},\"primaryImageOfPage\":{\"@id\":\"https:\\\/\\\/todotrial.com\\\/tienda\\\/tt-races2014-11-16-17-56-26\\\/#primaryimage\"},\"image\":{\"@id\":\"https:\\\/\\\/todotrial.com\\\/tienda\\\/tt-races2014-11-16-17-56-26\\\/#primaryimage\"},\"thumbnailUrl\":\"https:\\\/\\\/todotrial.com\\\/tienda\\\/wp-content\\\/uploads\\\/2020\\\/07\\\/1993_on-bike-laps_volume1.jpg\",\"datePublished\":\"2020-07-02T16:31:52+00:00\",\"dateModified\":\"2025-02-20T16:30:09+00:00\",\"breadcrumb\":{\"@id\":\"https:\\\/\\\/todotrial.com\\\/tienda\\\/tt-races2014-11-16-17-56-26\\\/#breadcrumb\"},\"inLanguage\":\"es\",\"potentialAction\":[{\"@type\":\"ReadAction\",\"target\":[\"https:\\\/\\\/todotrial.com\\\/tienda\\\/tt-races2014-11-16-17-56-26\\\/\"]}]},{\"@type\":\"ImageObject\",\"inLanguage\":\"es\",\"@id\":\"https:\\\/\\\/todotrial.com\\\/tienda\\\/tt-races2014-11-16-17-56-26\\\/#primaryimage\",\"url\":\"https:\\\/\\\/todotrial.com\\\/tienda\\\/wp-content\\\/uploads\\\/2020\\\/07\\\/1993_on-bike-laps_volume1.jpg\",\"contentUrl\":\"https:\\\/\\\/todotrial.com\\\/tienda\\\/wp-content\\\/uploads\\\/2020\\\/07\\\/1993_on-bike-laps_volume1.jpg\",\"width\":360,\"height\":513},{\"@type\":\"BreadcrumbList\",\"@id\":\"https:\\\/\\\/todotrial.com\\\/tienda\\\/tt-races2014-11-16-17-56-26\\\/#breadcrumb\",\"itemListElement\":[{\"@type\":\"ListItem\",\"position\":1,\"name\":\"Portada\",\"item\":\"https:\\\/\\\/todotrial.com\\\/tienda\\\/\"},{\"@type\":\"ListItem\",\"position\":2,\"name\":\"Shop\",\"item\":\"https:\\\/\\\/todotrial.com\\\/tienda\\\/shop\\\/\"},{\"@type\":\"ListItem\",\"position\":3,\"name\":\"Isla de Man 2014 On-bike Laps Vol 1 DVD\"}]},{\"@type\":\"WebSite\",\"@id\":\"https:\\\/\\\/todotrial.com\\\/tienda\\\/#website\",\"url\":\"https:\\\/\\\/todotrial.com\\\/tienda\\\/\",\"name\":\"Tienda de todotrial\",\"description\":\"\",\"potentialAction\":[{\"@type\":\"SearchAction\",\"target\":{\"@type\":\"EntryPoint\",\"urlTemplate\":\"https:\\\/\\\/todotrial.com\\\/tienda\\\/?s={search_term_string}\"},\"query-input\":{\"@type\":\"PropertyValueSpecification\",\"valueRequired\":true,\"valueName\":\"search_term_string\"}}],\"inLanguage\":\"es\"}]}<\/script>\n<!-- \/ Yoast SEO Premium plugin. -->","yoast_head_json":{"title":"Isla de Man 2014 On-bike Laps Vol 1 DVD - Tienda de todotrial","robots":{"index":"index","follow":"follow","max-snippet":"max-snippet:-1","max-image-preview":"max-image-preview:large","max-video-preview":"max-video-preview:-1"},"canonical":"https:\/\/todotrial.com\/tienda\/tt-races2014-11-16-17-56-26\/","og_locale":"es_ES","og_type":"article","og_title":"Isla de Man 2014 On-bike Laps Vol 1 DVD","og_description":"Isla de Man On-bike Laps Vol 1 DVD","og_url":"https:\/\/todotrial.com\/tienda\/tt-races2014-11-16-17-56-26\/","og_site_name":"Tienda de todotrial","article_modified_time":"2025-02-20T16:30:09+00:00","og_image":[{"width":360,"height":513,"url":"https:\/\/todotrial.com\/tienda\/wp-content\/uploads\/2020\/07\/1993_on-bike-laps_volume1.jpg","type":"image\/jpeg"}],"twitter_card":"summary_large_image","twitter_misc":{"Tiempo de lectura":"2 minutos"},"schema":{"@context":"https:\/\/schema.org","@graph":[{"@type":"WebPage","@id":"https:\/\/todotrial.com\/tienda\/tt-races2014-11-16-17-56-26\/","url":"https:\/\/todotrial.com\/tienda\/tt-races2014-11-16-17-56-26\/","name":"Isla de Man 2014 On-bike Laps Vol 1 DVD - Tienda de todotrial","isPartOf":{"@id":"https:\/\/todotrial.com\/tienda\/#website"},"primaryImageOfPage":{"@id":"https:\/\/todotrial.com\/tienda\/tt-races2014-11-16-17-56-26\/#primaryimage"},"image":{"@id":"https:\/\/todotrial.com\/tienda\/tt-races2014-11-16-17-56-26\/#primaryimage"},"thumbnailUrl":"https:\/\/todotrial.com\/tienda\/wp-content\/uploads\/2020\/07\/1993_on-bike-laps_volume1.jpg","datePublished":"2020-07-02T16:31:52+00:00","dateModified":"2025-02-20T16:30:09+00:00","breadcrumb":{"@id":"https:\/\/todotrial.com\/tienda\/tt-races2014-11-16-17-56-26\/#breadcrumb"},"inLanguage":"es","potentialAction":[{"@type":"ReadAction","target":["https:\/\/todotrial.com\/tienda\/tt-races2014-11-16-17-56-26\/"]}]},{"@type":"ImageObject","inLanguage":"es","@id":"https:\/\/todotrial.com\/tienda\/tt-races2014-11-16-17-56-26\/#primaryimage","url":"https:\/\/todotrial.com\/tienda\/wp-content\/uploads\/2020\/07\/1993_on-bike-laps_volume1.jpg","contentUrl":"https:\/\/todotrial.com\/tienda\/wp-content\/uploads\/2020\/07\/1993_on-bike-laps_volume1.jpg","width":360,"height":513},{"@type":"BreadcrumbList","@id":"https:\/\/todotrial.com\/tienda\/tt-races2014-11-16-17-56-26\/#breadcrumb","itemListElement":[{"@type":"ListItem","position":1,"name":"Portada","item":"https:\/\/todotrial.com\/tienda\/"},{"@type":"ListItem","position":2,"name":"Shop","item":"https:\/\/todotrial.com\/tienda\/shop\/"},{"@type":"ListItem","position":3,"name":"Isla de Man 2014 On-bike Laps Vol 1 DVD"}]},{"@type":"WebSite","@id":"https:\/\/todotrial.com\/tienda\/#website","url":"https:\/\/todotrial.com\/tienda\/","name":"Tienda de todotrial","description":"","potentialAction":[{"@type":"SearchAction","target":{"@type":"EntryPoint","urlTemplate":"https:\/\/todotrial.com\/tienda\/?s={search_term_string}"},"query-input":{"@type":"PropertyValueSpecification","valueRequired":true,"valueName":"search_term_string"}}],"inLanguage":"es"}]}},"_links":{"self":[{"href":"https:\/\/todotrial.com\/tienda\/wp-json\/wp\/v2\/product\/2363","targetHints":{"allow":["GET"]}}],"collection":[{"href":"https:\/\/todotrial.com\/tienda\/wp-json\/wp\/v2\/product"}],"about":[{"href":"https:\/\/todotrial.com\/tienda\/wp-json\/wp\/v2\/types\/product"}],"replies":[{"embeddable":true,"href":"https:\/\/todotrial.com\/tienda\/wp-json\/wp\/v2\/comments?post=2363"}],"version-history":[{"count":0,"href":"https:\/\/todotrial.com\/tienda\/wp-json\/wp\/v2\/product\/2363\/revisions"}],"wp:featuredmedia":[{"embeddable":true,"href":"https:\/\/todotrial.com\/tienda\/wp-json\/wp\/v2\/media\/2362"}],"wp:attachment":[{"href":"https:\/\/todotrial.com\/tienda\/wp-json\/wp\/v2\/media?parent=2363"}],"wp:term":[{"taxonomy":"product_brand","embeddable":true,"href":"https:\/\/todotrial.com\/tienda\/wp-json\/wp\/v2\/product_brand?post=2363"},{"taxonomy":"product_cat","embeddable":true,"href":"https:\/\/todotrial.com\/tienda\/wp-json\/wp\/v2\/product_cat?post=2363"},{"taxonomy":"product_tag","embeddable":true,"href":"https:\/\/todotrial.com\/tienda\/wp-json\/wp\/v2\/product_tag?post=2363"}],"curies":[{"name":"wp","href":"https:\/\/api.w.org\/{rel}","templated":true}]}}