{"id":2359,"date":"2020-07-02T16:31:38","date_gmt":"2020-07-02T16:31:38","guid":{"rendered":"https:\/\/todotrial.com\/tienda\/product\/tt-races\/"},"modified":"2025-02-20T17:30:10","modified_gmt":"2025-02-20T16:30:10","slug":"tt-races","status":"publish","type":"product","link":"https:\/\/todotrial.com\/tienda\/tt-races\/","title":{"rendered":"Clasicas- Isla de Man 2014 DVD"},"content":{"rendered":"<p>Carreras Clasicas de la Isla de Man 2014 DVD<\/p>\n<p>108 minutos<\/p>\n<p>Revision completa y oficial de la escandalosamente excitante carrera cl\u00e1sica del TT de 2014, el tema principal fu\u00e9 Joey Dunlop y un desfile de un monton de amigos y rivales de los a\u00f1os 80.<\/p>\n<p>Con lo m\u00e1s destacado de todo el paddock, la \u00e9pica Festival VMCC de Jurby y, por supuesto, las carreras este es el testimonio perfecto de un evento fabuloso.<\/p>\n<p>El 2014 Isla de Man TT Classic presentado por Bennetts construido sobre los cimientos fuertemente establecidas por el evento inaugural en 2013.<\/p>\n<p>Joey Dunlop, Road Racing leyenda fue el tema y los organizadores hicieron a s\u00ed mismos orgullosos de reunir a la mayor colecci\u00f3n de motos de Joey jam\u00e1s reunida.<\/p>\n<p>Con tres carreras llenas de maquinaria cl\u00e1sica y ex\u00f3tica y desfiles llenos de m\u00e1quinas hist\u00f3ricas de carreras del TT Classic continuaron cimentando su reputaci\u00f3n como la versi\u00f3n mas entusiasta de la motocicleta.<\/p>\n<p>El tiempo se ha portado bien casi siempre y las carreras se celebrar\u00f3n a velocidad de v\u00e9rtigo.<\/p>\n<p>El Festival de VMCC Jurby proporcion\u00f3 la mezcla que ahora se espera de carreras muestras de motos de carretera que va en un gran espect\u00e1culo aparentemente interminable de la excelencia de dos ruedas.<\/p>\n<p>Esta revisi\u00f3n oficial de los eventos re\u00fane lo mejor de la acci\u00f3n con el aut\u00e9ntico ambiente del motociclismo cl\u00e1sico que s\u00f3lo se puede encontrar en la legendaria Isla de Man .<\/p>\n<p>Caracter\u00edsticas del DVD: entrevistas extendidas con estrellas invitadas m\u00e1s el bono de vueltas en moto filmadas durante las carreras. a bordo con James Hillier en una Kawasaki ZXR750L, Lee Johnston montar un XR69 \/ GSXR1100 y Steve Plater en una RC45 mezcl\u00e1ndolo con Fogarty en el Festival de Jurby.<\/p>\n","protected":false},"excerpt":{"rendered":"<p>Carreras Clasicas de la Isla de Man 2014 DVD<\/p>\n","protected":false},"featured_media":2358,"comment_status":"open","ping_status":"closed","template":"","meta":[],"product_brand":[],"product_cat":[15],"product_tag":[],"class_list":{"0":"post-2359","1":"product","2":"type-product","3":"status-publish","4":"has-post-thumbnail","6":"product_cat-uncategorized","8":"first","9":"outofstock","10":"taxable","11":"shipping-taxable","12":"purchasable","13":"product-type-simple"},"yoast_head":"<!-- This site is optimized with the Yoast SEO Premium plugin v21.2 (Yoast SEO v27.3) - https:\/\/yoast.com\/product\/yoast-seo-premium-wordpress\/ -->\n<title>Clasicas- Isla de Man 2014 DVD - Tienda de todotrial<\/title>\n<meta name=\"robots\" content=\"index, follow, max-snippet:-1, max-image-preview:large, max-video-preview:-1\" \/>\n<link rel=\"canonical\" href=\"https:\/\/todotrial.com\/tienda\/tt-races\/\" \/>\n<meta property=\"og:locale\" content=\"es_ES\" \/>\n<meta property=\"og:type\" content=\"article\" \/>\n<meta property=\"og:title\" content=\"Clasicas- Isla de Man 2014 DVD\" \/>\n<meta property=\"og:description\" content=\"Carreras Clasicas de la Isla de Man 2014 DVD\" \/>\n<meta property=\"og:url\" content=\"https:\/\/todotrial.com\/tienda\/tt-races\/\" \/>\n<meta property=\"og:site_name\" content=\"Tienda de todotrial\" \/>\n<meta property=\"article:modified_time\" content=\"2025-02-20T16:30:10+00:00\" \/>\n<meta property=\"og:image\" content=\"https:\/\/todotrial.com\/tienda\/wp-content\/uploads\/2020\/07\/1175_tt_2014.jpg\" \/>\n\t<meta property=\"og:image:width\" content=\"360\" \/>\n\t<meta property=\"og:image:height\" content=\"515\" \/>\n\t<meta property=\"og:image:type\" content=\"image\/jpeg\" \/>\n<meta name=\"twitter:card\" content=\"summary_large_image\" \/>\n<meta name=\"twitter:label1\" content=\"Tiempo de lectura\" \/>\n\t<meta name=\"twitter:data1\" content=\"2 minutos\" \/>\n<script type=\"application\/ld+json\" class=\"yoast-schema-graph\">{\"@context\":\"https:\\\/\\\/schema.org\",\"@graph\":[{\"@type\":\"WebPage\",\"@id\":\"https:\\\/\\\/todotrial.com\\\/tienda\\\/tt-races\\\/\",\"url\":\"https:\\\/\\\/todotrial.com\\\/tienda\\\/tt-races\\\/\",\"name\":\"Clasicas- Isla de Man 2014 DVD - Tienda de todotrial\",\"isPartOf\":{\"@id\":\"https:\\\/\\\/todotrial.com\\\/tienda\\\/#website\"},\"primaryImageOfPage\":{\"@id\":\"https:\\\/\\\/todotrial.com\\\/tienda\\\/tt-races\\\/#primaryimage\"},\"image\":{\"@id\":\"https:\\\/\\\/todotrial.com\\\/tienda\\\/tt-races\\\/#primaryimage\"},\"thumbnailUrl\":\"https:\\\/\\\/todotrial.com\\\/tienda\\\/wp-content\\\/uploads\\\/2020\\\/07\\\/1175_tt_2014.jpg\",\"datePublished\":\"2020-07-02T16:31:38+00:00\",\"dateModified\":\"2025-02-20T16:30:10+00:00\",\"breadcrumb\":{\"@id\":\"https:\\\/\\\/todotrial.com\\\/tienda\\\/tt-races\\\/#breadcrumb\"},\"inLanguage\":\"es\",\"potentialAction\":[{\"@type\":\"ReadAction\",\"target\":[\"https:\\\/\\\/todotrial.com\\\/tienda\\\/tt-races\\\/\"]}]},{\"@type\":\"ImageObject\",\"inLanguage\":\"es\",\"@id\":\"https:\\\/\\\/todotrial.com\\\/tienda\\\/tt-races\\\/#primaryimage\",\"url\":\"https:\\\/\\\/todotrial.com\\\/tienda\\\/wp-content\\\/uploads\\\/2020\\\/07\\\/1175_tt_2014.jpg\",\"contentUrl\":\"https:\\\/\\\/todotrial.com\\\/tienda\\\/wp-content\\\/uploads\\\/2020\\\/07\\\/1175_tt_2014.jpg\",\"width\":360,\"height\":515},{\"@type\":\"BreadcrumbList\",\"@id\":\"https:\\\/\\\/todotrial.com\\\/tienda\\\/tt-races\\\/#breadcrumb\",\"itemListElement\":[{\"@type\":\"ListItem\",\"position\":1,\"name\":\"Portada\",\"item\":\"https:\\\/\\\/todotrial.com\\\/tienda\\\/\"},{\"@type\":\"ListItem\",\"position\":2,\"name\":\"Shop\",\"item\":\"https:\\\/\\\/todotrial.com\\\/tienda\\\/shop\\\/\"},{\"@type\":\"ListItem\",\"position\":3,\"name\":\"Clasicas- Isla de Man 2014 DVD\"}]},{\"@type\":\"WebSite\",\"@id\":\"https:\\\/\\\/todotrial.com\\\/tienda\\\/#website\",\"url\":\"https:\\\/\\\/todotrial.com\\\/tienda\\\/\",\"name\":\"Tienda de todotrial\",\"description\":\"\",\"potentialAction\":[{\"@type\":\"SearchAction\",\"target\":{\"@type\":\"EntryPoint\",\"urlTemplate\":\"https:\\\/\\\/todotrial.com\\\/tienda\\\/?s={search_term_string}\"},\"query-input\":{\"@type\":\"PropertyValueSpecification\",\"valueRequired\":true,\"valueName\":\"search_term_string\"}}],\"inLanguage\":\"es\"}]}<\/script>\n<!-- \/ Yoast SEO Premium plugin. -->","yoast_head_json":{"title":"Clasicas- Isla de Man 2014 DVD - Tienda de todotrial","robots":{"index":"index","follow":"follow","max-snippet":"max-snippet:-1","max-image-preview":"max-image-preview:large","max-video-preview":"max-video-preview:-1"},"canonical":"https:\/\/todotrial.com\/tienda\/tt-races\/","og_locale":"es_ES","og_type":"article","og_title":"Clasicas- Isla de Man 2014 DVD","og_description":"Carreras Clasicas de la Isla de Man 2014 DVD","og_url":"https:\/\/todotrial.com\/tienda\/tt-races\/","og_site_name":"Tienda de todotrial","article_modified_time":"2025-02-20T16:30:10+00:00","og_image":[{"width":360,"height":515,"url":"https:\/\/todotrial.com\/tienda\/wp-content\/uploads\/2020\/07\/1175_tt_2014.jpg","type":"image\/jpeg"}],"twitter_card":"summary_large_image","twitter_misc":{"Tiempo de lectura":"2 minutos"},"schema":{"@context":"https:\/\/schema.org","@graph":[{"@type":"WebPage","@id":"https:\/\/todotrial.com\/tienda\/tt-races\/","url":"https:\/\/todotrial.com\/tienda\/tt-races\/","name":"Clasicas- Isla de Man 2014 DVD - Tienda de todotrial","isPartOf":{"@id":"https:\/\/todotrial.com\/tienda\/#website"},"primaryImageOfPage":{"@id":"https:\/\/todotrial.com\/tienda\/tt-races\/#primaryimage"},"image":{"@id":"https:\/\/todotrial.com\/tienda\/tt-races\/#primaryimage"},"thumbnailUrl":"https:\/\/todotrial.com\/tienda\/wp-content\/uploads\/2020\/07\/1175_tt_2014.jpg","datePublished":"2020-07-02T16:31:38+00:00","dateModified":"2025-02-20T16:30:10+00:00","breadcrumb":{"@id":"https:\/\/todotrial.com\/tienda\/tt-races\/#breadcrumb"},"inLanguage":"es","potentialAction":[{"@type":"ReadAction","target":["https:\/\/todotrial.com\/tienda\/tt-races\/"]}]},{"@type":"ImageObject","inLanguage":"es","@id":"https:\/\/todotrial.com\/tienda\/tt-races\/#primaryimage","url":"https:\/\/todotrial.com\/tienda\/wp-content\/uploads\/2020\/07\/1175_tt_2014.jpg","contentUrl":"https:\/\/todotrial.com\/tienda\/wp-content\/uploads\/2020\/07\/1175_tt_2014.jpg","width":360,"height":515},{"@type":"BreadcrumbList","@id":"https:\/\/todotrial.com\/tienda\/tt-races\/#breadcrumb","itemListElement":[{"@type":"ListItem","position":1,"name":"Portada","item":"https:\/\/todotrial.com\/tienda\/"},{"@type":"ListItem","position":2,"name":"Shop","item":"https:\/\/todotrial.com\/tienda\/shop\/"},{"@type":"ListItem","position":3,"name":"Clasicas- Isla de Man 2014 DVD"}]},{"@type":"WebSite","@id":"https:\/\/todotrial.com\/tienda\/#website","url":"https:\/\/todotrial.com\/tienda\/","name":"Tienda de todotrial","description":"","potentialAction":[{"@type":"SearchAction","target":{"@type":"EntryPoint","urlTemplate":"https:\/\/todotrial.com\/tienda\/?s={search_term_string}"},"query-input":{"@type":"PropertyValueSpecification","valueRequired":true,"valueName":"search_term_string"}}],"inLanguage":"es"}]}},"_links":{"self":[{"href":"https:\/\/todotrial.com\/tienda\/wp-json\/wp\/v2\/product\/2359","targetHints":{"allow":["GET"]}}],"collection":[{"href":"https:\/\/todotrial.com\/tienda\/wp-json\/wp\/v2\/product"}],"about":[{"href":"https:\/\/todotrial.com\/tienda\/wp-json\/wp\/v2\/types\/product"}],"replies":[{"embeddable":true,"href":"https:\/\/todotrial.com\/tienda\/wp-json\/wp\/v2\/comments?post=2359"}],"version-history":[{"count":0,"href":"https:\/\/todotrial.com\/tienda\/wp-json\/wp\/v2\/product\/2359\/revisions"}],"wp:featuredmedia":[{"embeddable":true,"href":"https:\/\/todotrial.com\/tienda\/wp-json\/wp\/v2\/media\/2358"}],"wp:attachment":[{"href":"https:\/\/todotrial.com\/tienda\/wp-json\/wp\/v2\/media?parent=2359"}],"wp:term":[{"taxonomy":"product_brand","embeddable":true,"href":"https:\/\/todotrial.com\/tienda\/wp-json\/wp\/v2\/product_brand?post=2359"},{"taxonomy":"product_cat","embeddable":true,"href":"https:\/\/todotrial.com\/tienda\/wp-json\/wp\/v2\/product_cat?post=2359"},{"taxonomy":"product_tag","embeddable":true,"href":"https:\/\/todotrial.com\/tienda\/wp-json\/wp\/v2\/product_tag?post=2359"}],"curies":[{"name":"wp","href":"https:\/\/api.w.org\/{rel}","templated":true}]}}