{"id":2207,"date":"2020-07-02T16:24:11","date_gmt":"2020-07-02T16:24:11","guid":{"rendered":"https:\/\/todotrial.com\/tienda\/product\/luz2014-09-28-20-43-07\/"},"modified":"2025-02-20T17:30:42","modified_gmt":"2025-02-20T16:30:42","slug":"luz2014-09-28-20-43-07","status":"publish","type":"product","link":"https:\/\/todotrial.com\/tienda\/luz2014-09-28-20-43-07\/","title":{"rendered":"Luz delantera Knog Blinder Arc 5.5"},"content":{"rendered":"<p>Potencia: 550 lumens. Dimensiones: 32 x 32 x 100,5 mm. Peso: 150 gr. Material: Cuerpo de silicona de calidad industrial, carcasa de policarbonato, frontal de aluminio anodizado y lentes PMMA. Bater\u00eda de pol\u00edmeros de litio recargable mediente puerto USB. Duraci\u00f3n: 2 horas en modo constante y hasta 11 en modo intermitente econ\u00f3mico. Led: dise\u00f1ada para proporcionar un nivel m\u00e1ximo de luminosidad hasta el 90% del tiempo de bater\u00eda en cada modo. 100% impermeable y a prueba de polvo. Lente: el dise\u00f1o de la \u00f3ptica proporciona un equilibrio entre el ancho del haz y la distancia que ilumina de forma segura tanto al ciclista como la ruta. \u00c1ngulo del haz de luz: haz el\u00edptico vertical de 16\u00ba y otro horizontal de 24\u00ba. Tecnolog\u00eda de transmisi\u00f3n de corriente constante: mantiene un brillo uniforme durante un tiempo espec\u00edfico. Puerto USB integrado: dise\u00f1ado para ser expuesto a los elementos, es impermeable y no se da\u00f1ar\u00e1 por la exposici\u00f3n al agua. Duraci\u00f3n: 1,8 horas en modo alto, 3,5 en modo medio, 7,9 horas en modo bajo y 17 horas en modo intermitente. Regula autom\u00e1ticamente la entrega de luz para un rendimiento \u00f3ptimo en funci\u00f3n de si la bici est\u00e1 parada o en movimiento. Visible desde una distancia de 1.000 metros. Indicador de bater\u00eda baja.<\/p>\n<p>Se\u00a0 suministra con Correa sujecci\u00f3n (ultima foto)<\/p>\n<p>Color: azul.negra,roja,plateada<\/p>\n","protected":false},"excerpt":{"rendered":"<p>Potencia: 550 lumens. Dimensiones: 32 x 32 x 100,5 mm. Peso: 150 gr. Material: Cuerpo de silicona de calidad industrial, carcasa de policarbonato, frontal de aluminio anodizado y lentes PMMA<\/p>\n","protected":false},"featured_media":2202,"comment_status":"open","ping_status":"closed","template":"","meta":[],"product_brand":[],"product_cat":[15],"product_tag":[],"class_list":{"0":"post-2207","1":"product","2":"type-product","3":"status-publish","4":"has-post-thumbnail","6":"product_cat-uncategorized","8":"first","9":"instock","10":"taxable","11":"shipping-taxable","12":"purchasable","13":"product-type-simple"},"yoast_head":"<!-- This site is optimized with the Yoast SEO Premium plugin v21.2 (Yoast SEO v27.5) - https:\/\/yoast.com\/product\/yoast-seo-premium-wordpress\/ -->\n<title>Luz delantera Knog Blinder Arc 5.5 - Tienda de todotrial<\/title>\n<meta name=\"robots\" content=\"index, follow, max-snippet:-1, max-image-preview:large, max-video-preview:-1\" \/>\n<link rel=\"canonical\" href=\"https:\/\/todotrial.com\/tienda\/luz2014-09-28-20-43-07\/\" \/>\n<meta property=\"og:locale\" content=\"es_ES\" \/>\n<meta property=\"og:type\" content=\"article\" \/>\n<meta property=\"og:title\" content=\"Luz delantera Knog Blinder Arc 5.5\" \/>\n<meta property=\"og:description\" content=\"Potencia: 550 lumens. Dimensiones: 32 x 32 x 100,5 mm. Peso: 150 gr. Material: Cuerpo de silicona de calidad industrial, carcasa de policarbonato, frontal de aluminio anodizado y lentes PMMA\" \/>\n<meta property=\"og:url\" content=\"https:\/\/todotrial.com\/tienda\/luz2014-09-28-20-43-07\/\" \/>\n<meta property=\"og:site_name\" content=\"Tienda de todotrial\" \/>\n<meta property=\"article:modified_time\" content=\"2025-02-20T16:30:42+00:00\" \/>\n<meta property=\"og:image\" content=\"https:\/\/todotrial.com\/tienda\/wp-content\/uploads\/2020\/07\/kn11581-1-m.jpg.png\" \/>\n\t<meta property=\"og:image:width\" content=\"180\" \/>\n\t<meta property=\"og:image:height\" content=\"180\" \/>\n\t<meta property=\"og:image:type\" content=\"image\/png\" \/>\n<meta name=\"twitter:card\" content=\"summary_large_image\" \/>\n<meta name=\"twitter:label1\" content=\"Tiempo de lectura\" \/>\n\t<meta name=\"twitter:data1\" content=\"1 minuto\" \/>\n<script type=\"application\/ld+json\" class=\"yoast-schema-graph\">{\"@context\":\"https:\\\/\\\/schema.org\",\"@graph\":[{\"@type\":\"WebPage\",\"@id\":\"https:\\\/\\\/todotrial.com\\\/tienda\\\/luz2014-09-28-20-43-07\\\/\",\"url\":\"https:\\\/\\\/todotrial.com\\\/tienda\\\/luz2014-09-28-20-43-07\\\/\",\"name\":\"Luz delantera Knog Blinder Arc 5.5 - Tienda de todotrial\",\"isPartOf\":{\"@id\":\"https:\\\/\\\/todotrial.com\\\/tienda\\\/#website\"},\"primaryImageOfPage\":{\"@id\":\"https:\\\/\\\/todotrial.com\\\/tienda\\\/luz2014-09-28-20-43-07\\\/#primaryimage\"},\"image\":{\"@id\":\"https:\\\/\\\/todotrial.com\\\/tienda\\\/luz2014-09-28-20-43-07\\\/#primaryimage\"},\"thumbnailUrl\":\"https:\\\/\\\/todotrial.com\\\/tienda\\\/wp-content\\\/uploads\\\/2020\\\/07\\\/kn11581-1-m.jpg.png\",\"datePublished\":\"2020-07-02T16:24:11+00:00\",\"dateModified\":\"2025-02-20T16:30:42+00:00\",\"breadcrumb\":{\"@id\":\"https:\\\/\\\/todotrial.com\\\/tienda\\\/luz2014-09-28-20-43-07\\\/#breadcrumb\"},\"inLanguage\":\"es\",\"potentialAction\":[{\"@type\":\"ReadAction\",\"target\":[\"https:\\\/\\\/todotrial.com\\\/tienda\\\/luz2014-09-28-20-43-07\\\/\"]}]},{\"@type\":\"ImageObject\",\"inLanguage\":\"es\",\"@id\":\"https:\\\/\\\/todotrial.com\\\/tienda\\\/luz2014-09-28-20-43-07\\\/#primaryimage\",\"url\":\"https:\\\/\\\/todotrial.com\\\/tienda\\\/wp-content\\\/uploads\\\/2020\\\/07\\\/kn11581-1-m.jpg.png\",\"contentUrl\":\"https:\\\/\\\/todotrial.com\\\/tienda\\\/wp-content\\\/uploads\\\/2020\\\/07\\\/kn11581-1-m.jpg.png\",\"width\":180,\"height\":180},{\"@type\":\"BreadcrumbList\",\"@id\":\"https:\\\/\\\/todotrial.com\\\/tienda\\\/luz2014-09-28-20-43-07\\\/#breadcrumb\",\"itemListElement\":[{\"@type\":\"ListItem\",\"position\":1,\"name\":\"Portada\",\"item\":\"https:\\\/\\\/todotrial.com\\\/tienda\\\/\"},{\"@type\":\"ListItem\",\"position\":2,\"name\":\"Shop\",\"item\":\"https:\\\/\\\/todotrial.com\\\/tienda\\\/shop\\\/\"},{\"@type\":\"ListItem\",\"position\":3,\"name\":\"Luz delantera Knog Blinder Arc 5.5\"}]},{\"@type\":\"WebSite\",\"@id\":\"https:\\\/\\\/todotrial.com\\\/tienda\\\/#website\",\"url\":\"https:\\\/\\\/todotrial.com\\\/tienda\\\/\",\"name\":\"Tienda de todotrial\",\"description\":\"\",\"potentialAction\":[{\"@type\":\"SearchAction\",\"target\":{\"@type\":\"EntryPoint\",\"urlTemplate\":\"https:\\\/\\\/todotrial.com\\\/tienda\\\/?s={search_term_string}\"},\"query-input\":{\"@type\":\"PropertyValueSpecification\",\"valueRequired\":true,\"valueName\":\"search_term_string\"}}],\"inLanguage\":\"es\"}]}<\/script>\n<!-- \/ Yoast SEO Premium plugin. -->","yoast_head_json":{"title":"Luz delantera Knog Blinder Arc 5.5 - Tienda de todotrial","robots":{"index":"index","follow":"follow","max-snippet":"max-snippet:-1","max-image-preview":"max-image-preview:large","max-video-preview":"max-video-preview:-1"},"canonical":"https:\/\/todotrial.com\/tienda\/luz2014-09-28-20-43-07\/","og_locale":"es_ES","og_type":"article","og_title":"Luz delantera Knog Blinder Arc 5.5","og_description":"Potencia: 550 lumens. Dimensiones: 32 x 32 x 100,5 mm. Peso: 150 gr. Material: Cuerpo de silicona de calidad industrial, carcasa de policarbonato, frontal de aluminio anodizado y lentes PMMA","og_url":"https:\/\/todotrial.com\/tienda\/luz2014-09-28-20-43-07\/","og_site_name":"Tienda de todotrial","article_modified_time":"2025-02-20T16:30:42+00:00","og_image":[{"width":180,"height":180,"url":"https:\/\/todotrial.com\/tienda\/wp-content\/uploads\/2020\/07\/kn11581-1-m.jpg.png","type":"image\/png"}],"twitter_card":"summary_large_image","twitter_misc":{"Tiempo de lectura":"1 minuto"},"schema":{"@context":"https:\/\/schema.org","@graph":[{"@type":"WebPage","@id":"https:\/\/todotrial.com\/tienda\/luz2014-09-28-20-43-07\/","url":"https:\/\/todotrial.com\/tienda\/luz2014-09-28-20-43-07\/","name":"Luz delantera Knog Blinder Arc 5.5 - Tienda de todotrial","isPartOf":{"@id":"https:\/\/todotrial.com\/tienda\/#website"},"primaryImageOfPage":{"@id":"https:\/\/todotrial.com\/tienda\/luz2014-09-28-20-43-07\/#primaryimage"},"image":{"@id":"https:\/\/todotrial.com\/tienda\/luz2014-09-28-20-43-07\/#primaryimage"},"thumbnailUrl":"https:\/\/todotrial.com\/tienda\/wp-content\/uploads\/2020\/07\/kn11581-1-m.jpg.png","datePublished":"2020-07-02T16:24:11+00:00","dateModified":"2025-02-20T16:30:42+00:00","breadcrumb":{"@id":"https:\/\/todotrial.com\/tienda\/luz2014-09-28-20-43-07\/#breadcrumb"},"inLanguage":"es","potentialAction":[{"@type":"ReadAction","target":["https:\/\/todotrial.com\/tienda\/luz2014-09-28-20-43-07\/"]}]},{"@type":"ImageObject","inLanguage":"es","@id":"https:\/\/todotrial.com\/tienda\/luz2014-09-28-20-43-07\/#primaryimage","url":"https:\/\/todotrial.com\/tienda\/wp-content\/uploads\/2020\/07\/kn11581-1-m.jpg.png","contentUrl":"https:\/\/todotrial.com\/tienda\/wp-content\/uploads\/2020\/07\/kn11581-1-m.jpg.png","width":180,"height":180},{"@type":"BreadcrumbList","@id":"https:\/\/todotrial.com\/tienda\/luz2014-09-28-20-43-07\/#breadcrumb","itemListElement":[{"@type":"ListItem","position":1,"name":"Portada","item":"https:\/\/todotrial.com\/tienda\/"},{"@type":"ListItem","position":2,"name":"Shop","item":"https:\/\/todotrial.com\/tienda\/shop\/"},{"@type":"ListItem","position":3,"name":"Luz delantera Knog Blinder Arc 5.5"}]},{"@type":"WebSite","@id":"https:\/\/todotrial.com\/tienda\/#website","url":"https:\/\/todotrial.com\/tienda\/","name":"Tienda de todotrial","description":"","potentialAction":[{"@type":"SearchAction","target":{"@type":"EntryPoint","urlTemplate":"https:\/\/todotrial.com\/tienda\/?s={search_term_string}"},"query-input":{"@type":"PropertyValueSpecification","valueRequired":true,"valueName":"search_term_string"}}],"inLanguage":"es"}]}},"_links":{"self":[{"href":"https:\/\/todotrial.com\/tienda\/wp-json\/wp\/v2\/product\/2207","targetHints":{"allow":["GET"]}}],"collection":[{"href":"https:\/\/todotrial.com\/tienda\/wp-json\/wp\/v2\/product"}],"about":[{"href":"https:\/\/todotrial.com\/tienda\/wp-json\/wp\/v2\/types\/product"}],"replies":[{"embeddable":true,"href":"https:\/\/todotrial.com\/tienda\/wp-json\/wp\/v2\/comments?post=2207"}],"version-history":[{"count":0,"href":"https:\/\/todotrial.com\/tienda\/wp-json\/wp\/v2\/product\/2207\/revisions"}],"wp:featuredmedia":[{"embeddable":true,"href":"https:\/\/todotrial.com\/tienda\/wp-json\/wp\/v2\/media\/2202"}],"wp:attachment":[{"href":"https:\/\/todotrial.com\/tienda\/wp-json\/wp\/v2\/media?parent=2207"}],"wp:term":[{"taxonomy":"product_brand","embeddable":true,"href":"https:\/\/todotrial.com\/tienda\/wp-json\/wp\/v2\/product_brand?post=2207"},{"taxonomy":"product_cat","embeddable":true,"href":"https:\/\/todotrial.com\/tienda\/wp-json\/wp\/v2\/product_cat?post=2207"},{"taxonomy":"product_tag","embeddable":true,"href":"https:\/\/todotrial.com\/tienda\/wp-json\/wp\/v2\/product_tag?post=2207"}],"curies":[{"name":"wp","href":"https:\/\/api.w.org\/{rel}","templated":true}]}}