{"id":2193,"date":"2020-07-02T16:23:43","date_gmt":"2020-07-02T16:23:43","guid":{"rendered":"https:\/\/todotrial.com\/tienda\/product\/filtros-aire2014-09-28-17-48-11\/"},"modified":"2025-05-14T09:17:18","modified_gmt":"2025-05-14T08:17:18","slug":"filtros-aire2014-09-28-17-48-11","status":"publish","type":"product","link":"https:\/\/todotrial.com\/tienda\/filtros-aire2014-09-28-17-48-11\/","title":{"rendered":"Kit Mantenimiento Filtros Aire Twin Air Biodegradables"},"content":{"rendered":"<p>Kit de limpieza y mantenimiento de filtros twin air BIO System (Biodegradable). Con este completo kit podr\u00e1s mantener en \u00f3ptimo estado de limpieza y lubricaci\u00f3n el filtro de aire, con lo que te garantizas un mejor rendimiento de la moto y un menor desgaste de los componentes del motor. Incluye: un cubo para limpieza del filtro. Una lata de aceite para engrasar el filtro. Un cubo para impregnar de aceite el filtro. Una lata de l\u00edquido especial para la limpieza de filtros de aire (BIO). Un bote de aceite para engrasar el filtro (BIO). Un bote de contact cleaner, un bote de aceite, un bote de limpieza con jaula y guantes de l\u00e1tex.<\/p>\n","protected":false},"excerpt":{"rendered":"<p>Kit de limpieza y mantenimiento de filtros twin air BIO System (Biodegradable)<\/p>\n","protected":false},"featured_media":2192,"comment_status":"open","ping_status":"closed","template":"","meta":[],"product_brand":[],"product_cat":[11646,11402],"product_tag":[],"class_list":{"0":"post-2193","1":"product","2":"type-product","3":"status-publish","4":"has-post-thumbnail","6":"product_cat-caja-filtro-de-aire","7":"product_cat-filtros-de-aire","9":"first","10":"instock","11":"taxable","12":"shipping-taxable","13":"purchasable","14":"product-type-simple"},"yoast_head":"<!-- This site is optimized with the Yoast SEO Premium plugin v21.2 (Yoast SEO v27.3) - https:\/\/yoast.com\/product\/yoast-seo-premium-wordpress\/ -->\n<title>Kit Mantenimiento Filtros Aire Twin Air Biodegradables - Tienda de todotrial<\/title>\n<meta name=\"robots\" content=\"index, follow, max-snippet:-1, max-image-preview:large, max-video-preview:-1\" \/>\n<link rel=\"canonical\" href=\"https:\/\/todotrial.com\/tienda\/filtros-aire2014-09-28-17-48-11\/\" \/>\n<meta property=\"og:locale\" content=\"es_ES\" \/>\n<meta property=\"og:type\" content=\"article\" \/>\n<meta property=\"og:title\" content=\"Kit Mantenimiento Filtros Aire Twin Air Biodegradables\" \/>\n<meta property=\"og:description\" content=\"Kit de limpieza y mantenimiento de filtros twin air BIO System (Biodegradable)\" \/>\n<meta property=\"og:url\" content=\"https:\/\/todotrial.com\/tienda\/filtros-aire2014-09-28-17-48-11\/\" \/>\n<meta property=\"og:site_name\" content=\"Tienda de todotrial\" \/>\n<meta property=\"article:modified_time\" content=\"2025-05-14T08:17:18+00:00\" \/>\n<meta property=\"og:image\" content=\"https:\/\/todotrial.com\/tienda\/wp-content\/uploads\/2020\/07\/tw159000bio-1-m.jpg.png\" \/>\n\t<meta property=\"og:image:width\" content=\"180\" \/>\n\t<meta property=\"og:image:height\" content=\"180\" \/>\n\t<meta property=\"og:image:type\" content=\"image\/png\" \/>\n<meta name=\"twitter:card\" content=\"summary_large_image\" \/>\n<meta name=\"twitter:label1\" content=\"Tiempo de lectura\" \/>\n\t<meta name=\"twitter:data1\" content=\"1 minuto\" \/>\n<script type=\"application\/ld+json\" class=\"yoast-schema-graph\">{\"@context\":\"https:\\\/\\\/schema.org\",\"@graph\":[{\"@type\":\"WebPage\",\"@id\":\"https:\\\/\\\/todotrial.com\\\/tienda\\\/filtros-aire2014-09-28-17-48-11\\\/\",\"url\":\"https:\\\/\\\/todotrial.com\\\/tienda\\\/filtros-aire2014-09-28-17-48-11\\\/\",\"name\":\"Kit Mantenimiento Filtros Aire Twin Air Biodegradables - Tienda de todotrial\",\"isPartOf\":{\"@id\":\"https:\\\/\\\/todotrial.com\\\/tienda\\\/#website\"},\"primaryImageOfPage\":{\"@id\":\"https:\\\/\\\/todotrial.com\\\/tienda\\\/filtros-aire2014-09-28-17-48-11\\\/#primaryimage\"},\"image\":{\"@id\":\"https:\\\/\\\/todotrial.com\\\/tienda\\\/filtros-aire2014-09-28-17-48-11\\\/#primaryimage\"},\"thumbnailUrl\":\"https:\\\/\\\/todotrial.com\\\/tienda\\\/wp-content\\\/uploads\\\/2020\\\/07\\\/tw159000bio-1-m.jpg.png\",\"datePublished\":\"2020-07-02T16:23:43+00:00\",\"dateModified\":\"2025-05-14T08:17:18+00:00\",\"breadcrumb\":{\"@id\":\"https:\\\/\\\/todotrial.com\\\/tienda\\\/filtros-aire2014-09-28-17-48-11\\\/#breadcrumb\"},\"inLanguage\":\"es\",\"potentialAction\":[{\"@type\":\"ReadAction\",\"target\":[\"https:\\\/\\\/todotrial.com\\\/tienda\\\/filtros-aire2014-09-28-17-48-11\\\/\"]}]},{\"@type\":\"ImageObject\",\"inLanguage\":\"es\",\"@id\":\"https:\\\/\\\/todotrial.com\\\/tienda\\\/filtros-aire2014-09-28-17-48-11\\\/#primaryimage\",\"url\":\"https:\\\/\\\/todotrial.com\\\/tienda\\\/wp-content\\\/uploads\\\/2020\\\/07\\\/tw159000bio-1-m.jpg.png\",\"contentUrl\":\"https:\\\/\\\/todotrial.com\\\/tienda\\\/wp-content\\\/uploads\\\/2020\\\/07\\\/tw159000bio-1-m.jpg.png\",\"width\":180,\"height\":180},{\"@type\":\"BreadcrumbList\",\"@id\":\"https:\\\/\\\/todotrial.com\\\/tienda\\\/filtros-aire2014-09-28-17-48-11\\\/#breadcrumb\",\"itemListElement\":[{\"@type\":\"ListItem\",\"position\":1,\"name\":\"Portada\",\"item\":\"https:\\\/\\\/todotrial.com\\\/tienda\\\/\"},{\"@type\":\"ListItem\",\"position\":2,\"name\":\"Shop\",\"item\":\"https:\\\/\\\/todotrial.com\\\/tienda\\\/shop\\\/\"},{\"@type\":\"ListItem\",\"position\":3,\"name\":\"Kit Mantenimiento Filtros Aire Twin Air Biodegradables\"}]},{\"@type\":\"WebSite\",\"@id\":\"https:\\\/\\\/todotrial.com\\\/tienda\\\/#website\",\"url\":\"https:\\\/\\\/todotrial.com\\\/tienda\\\/\",\"name\":\"Tienda de todotrial\",\"description\":\"\",\"potentialAction\":[{\"@type\":\"SearchAction\",\"target\":{\"@type\":\"EntryPoint\",\"urlTemplate\":\"https:\\\/\\\/todotrial.com\\\/tienda\\\/?s={search_term_string}\"},\"query-input\":{\"@type\":\"PropertyValueSpecification\",\"valueRequired\":true,\"valueName\":\"search_term_string\"}}],\"inLanguage\":\"es\"}]}<\/script>\n<!-- \/ Yoast SEO Premium plugin. -->","yoast_head_json":{"title":"Kit Mantenimiento Filtros Aire Twin Air Biodegradables - Tienda de todotrial","robots":{"index":"index","follow":"follow","max-snippet":"max-snippet:-1","max-image-preview":"max-image-preview:large","max-video-preview":"max-video-preview:-1"},"canonical":"https:\/\/todotrial.com\/tienda\/filtros-aire2014-09-28-17-48-11\/","og_locale":"es_ES","og_type":"article","og_title":"Kit Mantenimiento Filtros Aire Twin Air Biodegradables","og_description":"Kit de limpieza y mantenimiento de filtros twin air BIO System (Biodegradable)","og_url":"https:\/\/todotrial.com\/tienda\/filtros-aire2014-09-28-17-48-11\/","og_site_name":"Tienda de todotrial","article_modified_time":"2025-05-14T08:17:18+00:00","og_image":[{"width":180,"height":180,"url":"https:\/\/todotrial.com\/tienda\/wp-content\/uploads\/2020\/07\/tw159000bio-1-m.jpg.png","type":"image\/png"}],"twitter_card":"summary_large_image","twitter_misc":{"Tiempo de lectura":"1 minuto"},"schema":{"@context":"https:\/\/schema.org","@graph":[{"@type":"WebPage","@id":"https:\/\/todotrial.com\/tienda\/filtros-aire2014-09-28-17-48-11\/","url":"https:\/\/todotrial.com\/tienda\/filtros-aire2014-09-28-17-48-11\/","name":"Kit Mantenimiento Filtros Aire Twin Air Biodegradables - Tienda de todotrial","isPartOf":{"@id":"https:\/\/todotrial.com\/tienda\/#website"},"primaryImageOfPage":{"@id":"https:\/\/todotrial.com\/tienda\/filtros-aire2014-09-28-17-48-11\/#primaryimage"},"image":{"@id":"https:\/\/todotrial.com\/tienda\/filtros-aire2014-09-28-17-48-11\/#primaryimage"},"thumbnailUrl":"https:\/\/todotrial.com\/tienda\/wp-content\/uploads\/2020\/07\/tw159000bio-1-m.jpg.png","datePublished":"2020-07-02T16:23:43+00:00","dateModified":"2025-05-14T08:17:18+00:00","breadcrumb":{"@id":"https:\/\/todotrial.com\/tienda\/filtros-aire2014-09-28-17-48-11\/#breadcrumb"},"inLanguage":"es","potentialAction":[{"@type":"ReadAction","target":["https:\/\/todotrial.com\/tienda\/filtros-aire2014-09-28-17-48-11\/"]}]},{"@type":"ImageObject","inLanguage":"es","@id":"https:\/\/todotrial.com\/tienda\/filtros-aire2014-09-28-17-48-11\/#primaryimage","url":"https:\/\/todotrial.com\/tienda\/wp-content\/uploads\/2020\/07\/tw159000bio-1-m.jpg.png","contentUrl":"https:\/\/todotrial.com\/tienda\/wp-content\/uploads\/2020\/07\/tw159000bio-1-m.jpg.png","width":180,"height":180},{"@type":"BreadcrumbList","@id":"https:\/\/todotrial.com\/tienda\/filtros-aire2014-09-28-17-48-11\/#breadcrumb","itemListElement":[{"@type":"ListItem","position":1,"name":"Portada","item":"https:\/\/todotrial.com\/tienda\/"},{"@type":"ListItem","position":2,"name":"Shop","item":"https:\/\/todotrial.com\/tienda\/shop\/"},{"@type":"ListItem","position":3,"name":"Kit Mantenimiento Filtros Aire Twin Air Biodegradables"}]},{"@type":"WebSite","@id":"https:\/\/todotrial.com\/tienda\/#website","url":"https:\/\/todotrial.com\/tienda\/","name":"Tienda de todotrial","description":"","potentialAction":[{"@type":"SearchAction","target":{"@type":"EntryPoint","urlTemplate":"https:\/\/todotrial.com\/tienda\/?s={search_term_string}"},"query-input":{"@type":"PropertyValueSpecification","valueRequired":true,"valueName":"search_term_string"}}],"inLanguage":"es"}]}},"_links":{"self":[{"href":"https:\/\/todotrial.com\/tienda\/wp-json\/wp\/v2\/product\/2193","targetHints":{"allow":["GET"]}}],"collection":[{"href":"https:\/\/todotrial.com\/tienda\/wp-json\/wp\/v2\/product"}],"about":[{"href":"https:\/\/todotrial.com\/tienda\/wp-json\/wp\/v2\/types\/product"}],"replies":[{"embeddable":true,"href":"https:\/\/todotrial.com\/tienda\/wp-json\/wp\/v2\/comments?post=2193"}],"version-history":[{"count":1,"href":"https:\/\/todotrial.com\/tienda\/wp-json\/wp\/v2\/product\/2193\/revisions"}],"predecessor-version":[{"id":55848,"href":"https:\/\/todotrial.com\/tienda\/wp-json\/wp\/v2\/product\/2193\/revisions\/55848"}],"wp:featuredmedia":[{"embeddable":true,"href":"https:\/\/todotrial.com\/tienda\/wp-json\/wp\/v2\/media\/2192"}],"wp:attachment":[{"href":"https:\/\/todotrial.com\/tienda\/wp-json\/wp\/v2\/media?parent=2193"}],"wp:term":[{"taxonomy":"product_brand","embeddable":true,"href":"https:\/\/todotrial.com\/tienda\/wp-json\/wp\/v2\/product_brand?post=2193"},{"taxonomy":"product_cat","embeddable":true,"href":"https:\/\/todotrial.com\/tienda\/wp-json\/wp\/v2\/product_cat?post=2193"},{"taxonomy":"product_tag","embeddable":true,"href":"https:\/\/todotrial.com\/tienda\/wp-json\/wp\/v2\/product_tag?post=2193"}],"curies":[{"name":"wp","href":"https:\/\/api.w.org\/{rel}","templated":true}]}}