{"id":2029,"date":"2020-07-02T16:14:38","date_gmt":"2020-07-02T16:14:38","guid":{"rendered":"https:\/\/todotrial.com\/tienda\/product\/dvds-motociclismo2014-08-26-11-35-38\/"},"modified":"2025-02-20T17:31:12","modified_gmt":"2025-02-20T16:31:12","slug":"dvds-motociclismo2014-08-26-11-35-38","status":"publish","type":"product","link":"https:\/\/todotrial.com\/tienda\/dvds-motociclismo2014-08-26-11-35-38\/","title":{"rendered":"Great Racing Motorcycles Vol 1 DVD"},"content":{"rendered":"<p>Great Racing Motorcycles Vol 1 DVD. 50 Motos Emblematicas en un Detalle Impresionante. 109 minutos<\/p>\n<p>&#8216;Racing mejora la raza&#8217; &#8211; Soichiro Honda<\/p>\n<p>Durante la competici\u00f3n siglo pasado ha sido la fuerza impulsora en el desarrollo de motocicletas hasta el punto en bicicletas de carretera de hoy en d\u00eda pueden producir m\u00e1s de 150bhp y son capaces de velocidades cercanas a 200 mph.<\/p>\n<p>No es que hace mucho tiempo un alto vuelo motociclismo ser\u00eda afortunado para producir 50bhp y luchar para llegar a 140 mph.<\/p>\n<p>Al mostrar cincuenta m\u00e1quinas de carreras emblem\u00e1ticas del nacimiento del Campeonato del Mundo para comenzar de la MotoGPTM cuatro tiempos era esta valiosa tablas de recursos visuales el desarrollo de la moto de carreras y la evoluci\u00f3n de la velocidad.<\/p>\n<p>Las im\u00e1genes de alta calidad muestra algunas de las m\u00e1s famosas m\u00e1quinas de carreras de todos los tiempos en un detalle sorprendente desde todos los \u00e1ngulos.<\/p>\n<p>Siempre que sea posible las bicicletas se han mostrado sin carenados para revelar el coraz\u00f3n de la m\u00e1quina y como una ayuda para los restauradores de estas bestias raras y maravillosas.<\/p>\n<p>El trabajo de la c\u00e1mara est\u00e1 acompa\u00f1ada de un comentario bien informado e informativo que incluye detalles t\u00e9cnicos, as\u00ed como algunos de los resultados m\u00e1s notables las motos obtenidos en sus carreras.<\/p>\n<p>Usted puede navegar directamente a cada bicicleta o se puede ver todo el programa para una revisi\u00f3n completa de m\u00e1s de setenta a\u00f1os de carreras de tecnolog\u00eda y el desarrollo.<\/p>\n<p>Este es un recurso fabuloso para cada uno de los entusiastas de la butaca a la gente tratando de mantener viva corredores cl\u00e1sicos.<\/p>\n","protected":false},"excerpt":{"rendered":"<p>Great Racing Motorcycles Vol 1 DVD. 50 Motos Emblematicas en un Detalle Impresionante. 109 minutos<\/p>\n","protected":false},"featured_media":2028,"comment_status":"open","ping_status":"closed","template":"","meta":[],"product_brand":[],"product_cat":[15],"product_tag":[],"class_list":{"0":"post-2029","1":"product","2":"type-product","3":"status-publish","4":"has-post-thumbnail","6":"product_cat-uncategorized","8":"first","9":"instock","10":"taxable","11":"shipping-taxable","12":"purchasable","13":"product-type-simple"},"yoast_head":"<!-- This site is optimized with the Yoast SEO Premium plugin v21.2 (Yoast SEO v27.5) - https:\/\/yoast.com\/product\/yoast-seo-premium-wordpress\/ -->\n<title>Great Racing Motorcycles Vol 1 DVD - Tienda de todotrial<\/title>\n<meta name=\"robots\" content=\"index, follow, max-snippet:-1, max-image-preview:large, max-video-preview:-1\" \/>\n<link rel=\"canonical\" href=\"https:\/\/todotrial.com\/tienda\/dvds-motociclismo2014-08-26-11-35-38\/\" \/>\n<meta property=\"og:locale\" content=\"es_ES\" \/>\n<meta property=\"og:type\" content=\"article\" \/>\n<meta property=\"og:title\" content=\"Great Racing Motorcycles Vol 1 DVD\" \/>\n<meta property=\"og:description\" content=\"Great Racing Motorcycles Vol 1 DVD. 50 Motos Emblematicas en un Detalle Impresionante. 109 minutos\" \/>\n<meta property=\"og:url\" content=\"https:\/\/todotrial.com\/tienda\/dvds-motociclismo2014-08-26-11-35-38\/\" \/>\n<meta property=\"og:site_name\" content=\"Tienda de todotrial\" \/>\n<meta property=\"article:modified_time\" content=\"2025-02-20T16:31:12+00:00\" \/>\n<meta property=\"og:image\" content=\"https:\/\/todotrial.com\/tienda\/wp-content\/uploads\/2020\/07\/50_motos_emblematicas.jpg\" \/>\n\t<meta property=\"og:image:width\" content=\"360\" \/>\n\t<meta property=\"og:image:height\" content=\"510\" \/>\n\t<meta property=\"og:image:type\" content=\"image\/jpeg\" \/>\n<meta name=\"twitter:card\" content=\"summary_large_image\" \/>\n<meta name=\"twitter:label1\" content=\"Tiempo de lectura\" \/>\n\t<meta name=\"twitter:data1\" content=\"1 minuto\" \/>\n<script type=\"application\/ld+json\" class=\"yoast-schema-graph\">{\"@context\":\"https:\\\/\\\/schema.org\",\"@graph\":[{\"@type\":\"WebPage\",\"@id\":\"https:\\\/\\\/todotrial.com\\\/tienda\\\/dvds-motociclismo2014-08-26-11-35-38\\\/\",\"url\":\"https:\\\/\\\/todotrial.com\\\/tienda\\\/dvds-motociclismo2014-08-26-11-35-38\\\/\",\"name\":\"Great Racing Motorcycles Vol 1 DVD - Tienda de todotrial\",\"isPartOf\":{\"@id\":\"https:\\\/\\\/todotrial.com\\\/tienda\\\/#website\"},\"primaryImageOfPage\":{\"@id\":\"https:\\\/\\\/todotrial.com\\\/tienda\\\/dvds-motociclismo2014-08-26-11-35-38\\\/#primaryimage\"},\"image\":{\"@id\":\"https:\\\/\\\/todotrial.com\\\/tienda\\\/dvds-motociclismo2014-08-26-11-35-38\\\/#primaryimage\"},\"thumbnailUrl\":\"https:\\\/\\\/todotrial.com\\\/tienda\\\/wp-content\\\/uploads\\\/2020\\\/07\\\/50_motos_emblematicas.jpg\",\"datePublished\":\"2020-07-02T16:14:38+00:00\",\"dateModified\":\"2025-02-20T16:31:12+00:00\",\"breadcrumb\":{\"@id\":\"https:\\\/\\\/todotrial.com\\\/tienda\\\/dvds-motociclismo2014-08-26-11-35-38\\\/#breadcrumb\"},\"inLanguage\":\"es\",\"potentialAction\":[{\"@type\":\"ReadAction\",\"target\":[\"https:\\\/\\\/todotrial.com\\\/tienda\\\/dvds-motociclismo2014-08-26-11-35-38\\\/\"]}]},{\"@type\":\"ImageObject\",\"inLanguage\":\"es\",\"@id\":\"https:\\\/\\\/todotrial.com\\\/tienda\\\/dvds-motociclismo2014-08-26-11-35-38\\\/#primaryimage\",\"url\":\"https:\\\/\\\/todotrial.com\\\/tienda\\\/wp-content\\\/uploads\\\/2020\\\/07\\\/50_motos_emblematicas.jpg\",\"contentUrl\":\"https:\\\/\\\/todotrial.com\\\/tienda\\\/wp-content\\\/uploads\\\/2020\\\/07\\\/50_motos_emblematicas.jpg\",\"width\":360,\"height\":510},{\"@type\":\"BreadcrumbList\",\"@id\":\"https:\\\/\\\/todotrial.com\\\/tienda\\\/dvds-motociclismo2014-08-26-11-35-38\\\/#breadcrumb\",\"itemListElement\":[{\"@type\":\"ListItem\",\"position\":1,\"name\":\"Portada\",\"item\":\"https:\\\/\\\/todotrial.com\\\/tienda\\\/\"},{\"@type\":\"ListItem\",\"position\":2,\"name\":\"Shop\",\"item\":\"https:\\\/\\\/todotrial.com\\\/tienda\\\/shop\\\/\"},{\"@type\":\"ListItem\",\"position\":3,\"name\":\"Great Racing Motorcycles Vol 1 DVD\"}]},{\"@type\":\"WebSite\",\"@id\":\"https:\\\/\\\/todotrial.com\\\/tienda\\\/#website\",\"url\":\"https:\\\/\\\/todotrial.com\\\/tienda\\\/\",\"name\":\"Tienda de todotrial\",\"description\":\"\",\"potentialAction\":[{\"@type\":\"SearchAction\",\"target\":{\"@type\":\"EntryPoint\",\"urlTemplate\":\"https:\\\/\\\/todotrial.com\\\/tienda\\\/?s={search_term_string}\"},\"query-input\":{\"@type\":\"PropertyValueSpecification\",\"valueRequired\":true,\"valueName\":\"search_term_string\"}}],\"inLanguage\":\"es\"}]}<\/script>\n<!-- \/ Yoast SEO Premium plugin. -->","yoast_head_json":{"title":"Great Racing Motorcycles Vol 1 DVD - Tienda de todotrial","robots":{"index":"index","follow":"follow","max-snippet":"max-snippet:-1","max-image-preview":"max-image-preview:large","max-video-preview":"max-video-preview:-1"},"canonical":"https:\/\/todotrial.com\/tienda\/dvds-motociclismo2014-08-26-11-35-38\/","og_locale":"es_ES","og_type":"article","og_title":"Great Racing Motorcycles Vol 1 DVD","og_description":"Great Racing Motorcycles Vol 1 DVD. 50 Motos Emblematicas en un Detalle Impresionante. 109 minutos","og_url":"https:\/\/todotrial.com\/tienda\/dvds-motociclismo2014-08-26-11-35-38\/","og_site_name":"Tienda de todotrial","article_modified_time":"2025-02-20T16:31:12+00:00","og_image":[{"width":360,"height":510,"url":"https:\/\/todotrial.com\/tienda\/wp-content\/uploads\/2020\/07\/50_motos_emblematicas.jpg","type":"image\/jpeg"}],"twitter_card":"summary_large_image","twitter_misc":{"Tiempo de lectura":"1 minuto"},"schema":{"@context":"https:\/\/schema.org","@graph":[{"@type":"WebPage","@id":"https:\/\/todotrial.com\/tienda\/dvds-motociclismo2014-08-26-11-35-38\/","url":"https:\/\/todotrial.com\/tienda\/dvds-motociclismo2014-08-26-11-35-38\/","name":"Great Racing Motorcycles Vol 1 DVD - Tienda de todotrial","isPartOf":{"@id":"https:\/\/todotrial.com\/tienda\/#website"},"primaryImageOfPage":{"@id":"https:\/\/todotrial.com\/tienda\/dvds-motociclismo2014-08-26-11-35-38\/#primaryimage"},"image":{"@id":"https:\/\/todotrial.com\/tienda\/dvds-motociclismo2014-08-26-11-35-38\/#primaryimage"},"thumbnailUrl":"https:\/\/todotrial.com\/tienda\/wp-content\/uploads\/2020\/07\/50_motos_emblematicas.jpg","datePublished":"2020-07-02T16:14:38+00:00","dateModified":"2025-02-20T16:31:12+00:00","breadcrumb":{"@id":"https:\/\/todotrial.com\/tienda\/dvds-motociclismo2014-08-26-11-35-38\/#breadcrumb"},"inLanguage":"es","potentialAction":[{"@type":"ReadAction","target":["https:\/\/todotrial.com\/tienda\/dvds-motociclismo2014-08-26-11-35-38\/"]}]},{"@type":"ImageObject","inLanguage":"es","@id":"https:\/\/todotrial.com\/tienda\/dvds-motociclismo2014-08-26-11-35-38\/#primaryimage","url":"https:\/\/todotrial.com\/tienda\/wp-content\/uploads\/2020\/07\/50_motos_emblematicas.jpg","contentUrl":"https:\/\/todotrial.com\/tienda\/wp-content\/uploads\/2020\/07\/50_motos_emblematicas.jpg","width":360,"height":510},{"@type":"BreadcrumbList","@id":"https:\/\/todotrial.com\/tienda\/dvds-motociclismo2014-08-26-11-35-38\/#breadcrumb","itemListElement":[{"@type":"ListItem","position":1,"name":"Portada","item":"https:\/\/todotrial.com\/tienda\/"},{"@type":"ListItem","position":2,"name":"Shop","item":"https:\/\/todotrial.com\/tienda\/shop\/"},{"@type":"ListItem","position":3,"name":"Great Racing Motorcycles Vol 1 DVD"}]},{"@type":"WebSite","@id":"https:\/\/todotrial.com\/tienda\/#website","url":"https:\/\/todotrial.com\/tienda\/","name":"Tienda de todotrial","description":"","potentialAction":[{"@type":"SearchAction","target":{"@type":"EntryPoint","urlTemplate":"https:\/\/todotrial.com\/tienda\/?s={search_term_string}"},"query-input":{"@type":"PropertyValueSpecification","valueRequired":true,"valueName":"search_term_string"}}],"inLanguage":"es"}]}},"_links":{"self":[{"href":"https:\/\/todotrial.com\/tienda\/wp-json\/wp\/v2\/product\/2029","targetHints":{"allow":["GET"]}}],"collection":[{"href":"https:\/\/todotrial.com\/tienda\/wp-json\/wp\/v2\/product"}],"about":[{"href":"https:\/\/todotrial.com\/tienda\/wp-json\/wp\/v2\/types\/product"}],"replies":[{"embeddable":true,"href":"https:\/\/todotrial.com\/tienda\/wp-json\/wp\/v2\/comments?post=2029"}],"version-history":[{"count":0,"href":"https:\/\/todotrial.com\/tienda\/wp-json\/wp\/v2\/product\/2029\/revisions"}],"wp:featuredmedia":[{"embeddable":true,"href":"https:\/\/todotrial.com\/tienda\/wp-json\/wp\/v2\/media\/2028"}],"wp:attachment":[{"href":"https:\/\/todotrial.com\/tienda\/wp-json\/wp\/v2\/media?parent=2029"}],"wp:term":[{"taxonomy":"product_brand","embeddable":true,"href":"https:\/\/todotrial.com\/tienda\/wp-json\/wp\/v2\/product_brand?post=2029"},{"taxonomy":"product_cat","embeddable":true,"href":"https:\/\/todotrial.com\/tienda\/wp-json\/wp\/v2\/product_cat?post=2029"},{"taxonomy":"product_tag","embeddable":true,"href":"https:\/\/todotrial.com\/tienda\/wp-json\/wp\/v2\/product_tag?post=2029"}],"curies":[{"name":"wp","href":"https:\/\/api.w.org\/{rel}","templated":true}]}}