{"id":2019,"date":"2020-07-02T16:14:06","date_gmt":"2020-07-02T16:14:06","guid":{"rendered":"https:\/\/todotrial.com\/tienda\/product\/dvds-motociclismo2014-08-25-16-10-37\/"},"modified":"2025-02-20T17:31:15","modified_gmt":"2025-02-20T16:31:15","slug":"dvds-motociclismo2014-08-25-16-10-37","status":"publish","type":"product","link":"https:\/\/todotrial.com\/tienda\/dvds-motociclismo2014-08-25-16-10-37\/","title":{"rendered":"Bike Grand Prix Heroes (5 DVD) Boxset"},"content":{"rendered":"<p>Juego de 5 DVDs en estuche con 5 figuras del Motociclismo Gardner,Rainey, Lawson,Schwantz y Mamola<\/p>\n<p>Esta caja de 5 discos contiene una colecci\u00f3n de programas-nuevo-a DVD empaquetados con reflejos llenos de acci\u00f3n de las carreras de cinco de los mejores y m\u00e1s emocionantes pilotos GP de la d\u00e9cada de 1980 y principios de 1990.<\/p>\n<p>Cada programa utiliza un periodo e im\u00e1genes de la carrera y entrevistas para recordar los incre\u00edbles talentos de estos legendario campeonato del mundo y ganadores del Gran Prix.<\/p>\n<p>La colecci\u00f3n incluye el primer Campe\u00f3n del Mundo de Wayne Gardner de Australia, cuatro veces campe\u00f3n del mundo de Eddie Lawson, campe\u00f3n del mundo tres veces 500cc Wayne Rainey, el campe\u00f3n del mundo Kevin Schwantz 1993 y Randy Mamola, 13 veces ganador de Grand Prix, cuatro veces el t\u00edtulo subcampe\u00f3n, pero nunca campe\u00f3n.<\/p>\n<p>Para muchos, este per\u00edodo fue uno de los m\u00e1s grandes de dos ruedas Grand Prix de carreras, y \u00e9stos eran los hombres en el extremo agudo.<\/p>\n<p>La colecci\u00f3n se presenta en un caso parecido, duradera y representa una buena relaci\u00f3n calidad-precio excepcional.<\/p>\n","protected":false},"excerpt":{"rendered":"<p>Bike Grand Prix Heroes (5 DVD) Boxset Juego de 5 DVDs en estuche con 5 figuras del Motociclismo Gardner,Rainey, Lawson,Schwantz y Mamola<\/p>\n","protected":false},"featured_media":2018,"comment_status":"open","ping_status":"closed","template":"","meta":[],"product_brand":[],"product_cat":[15],"product_tag":[],"class_list":{"0":"post-2019","1":"product","2":"type-product","3":"status-publish","4":"has-post-thumbnail","6":"product_cat-uncategorized","8":"first","9":"instock","10":"taxable","11":"shipping-taxable","12":"purchasable","13":"product-type-simple"},"yoast_head":"<!-- This site is optimized with the Yoast SEO Premium plugin v21.2 (Yoast SEO v27.3) - https:\/\/yoast.com\/product\/yoast-seo-premium-wordpress\/ -->\n<title>Bike Grand Prix Heroes (5 DVD) Boxset - Tienda de todotrial<\/title>\n<meta name=\"robots\" content=\"index, follow, max-snippet:-1, max-image-preview:large, max-video-preview:-1\" \/>\n<link rel=\"canonical\" href=\"https:\/\/todotrial.com\/tienda\/dvds-motociclismo2014-08-25-16-10-37\/\" \/>\n<meta property=\"og:locale\" content=\"es_ES\" \/>\n<meta property=\"og:type\" content=\"article\" \/>\n<meta property=\"og:title\" content=\"Bike Grand Prix Heroes (5 DVD) Boxset\" \/>\n<meta property=\"og:description\" content=\"Bike Grand Prix Heroes (5 DVD) Boxset Juego de 5 DVDs en estuche con 5 figuras del Motociclismo Gardner,Rainey, Lawson,Schwantz y Mamola\" \/>\n<meta property=\"og:url\" content=\"https:\/\/todotrial.com\/tienda\/dvds-motociclismo2014-08-25-16-10-37\/\" \/>\n<meta property=\"og:site_name\" content=\"Tienda de todotrial\" \/>\n<meta property=\"article:modified_time\" content=\"2025-02-20T16:31:15+00:00\" \/>\n<meta property=\"og:image\" content=\"https:\/\/todotrial.com\/tienda\/wp-content\/uploads\/2020\/07\/duke_7448.jpg\" \/>\n\t<meta property=\"og:image:width\" content=\"360\" \/>\n\t<meta property=\"og:image:height\" content=\"395\" \/>\n\t<meta property=\"og:image:type\" content=\"image\/jpeg\" \/>\n<meta name=\"twitter:card\" content=\"summary_large_image\" \/>\n<meta name=\"twitter:label1\" content=\"Tiempo de lectura\" \/>\n\t<meta name=\"twitter:data1\" content=\"1 minuto\" \/>\n<script type=\"application\/ld+json\" class=\"yoast-schema-graph\">{\"@context\":\"https:\\\/\\\/schema.org\",\"@graph\":[{\"@type\":\"WebPage\",\"@id\":\"https:\\\/\\\/todotrial.com\\\/tienda\\\/dvds-motociclismo2014-08-25-16-10-37\\\/\",\"url\":\"https:\\\/\\\/todotrial.com\\\/tienda\\\/dvds-motociclismo2014-08-25-16-10-37\\\/\",\"name\":\"Bike Grand Prix Heroes (5 DVD) Boxset - Tienda de todotrial\",\"isPartOf\":{\"@id\":\"https:\\\/\\\/todotrial.com\\\/tienda\\\/#website\"},\"primaryImageOfPage\":{\"@id\":\"https:\\\/\\\/todotrial.com\\\/tienda\\\/dvds-motociclismo2014-08-25-16-10-37\\\/#primaryimage\"},\"image\":{\"@id\":\"https:\\\/\\\/todotrial.com\\\/tienda\\\/dvds-motociclismo2014-08-25-16-10-37\\\/#primaryimage\"},\"thumbnailUrl\":\"https:\\\/\\\/todotrial.com\\\/tienda\\\/wp-content\\\/uploads\\\/2020\\\/07\\\/duke_7448.jpg\",\"datePublished\":\"2020-07-02T16:14:06+00:00\",\"dateModified\":\"2025-02-20T16:31:15+00:00\",\"breadcrumb\":{\"@id\":\"https:\\\/\\\/todotrial.com\\\/tienda\\\/dvds-motociclismo2014-08-25-16-10-37\\\/#breadcrumb\"},\"inLanguage\":\"es\",\"potentialAction\":[{\"@type\":\"ReadAction\",\"target\":[\"https:\\\/\\\/todotrial.com\\\/tienda\\\/dvds-motociclismo2014-08-25-16-10-37\\\/\"]}]},{\"@type\":\"ImageObject\",\"inLanguage\":\"es\",\"@id\":\"https:\\\/\\\/todotrial.com\\\/tienda\\\/dvds-motociclismo2014-08-25-16-10-37\\\/#primaryimage\",\"url\":\"https:\\\/\\\/todotrial.com\\\/tienda\\\/wp-content\\\/uploads\\\/2020\\\/07\\\/duke_7448.jpg\",\"contentUrl\":\"https:\\\/\\\/todotrial.com\\\/tienda\\\/wp-content\\\/uploads\\\/2020\\\/07\\\/duke_7448.jpg\",\"width\":360,\"height\":395},{\"@type\":\"BreadcrumbList\",\"@id\":\"https:\\\/\\\/todotrial.com\\\/tienda\\\/dvds-motociclismo2014-08-25-16-10-37\\\/#breadcrumb\",\"itemListElement\":[{\"@type\":\"ListItem\",\"position\":1,\"name\":\"Portada\",\"item\":\"https:\\\/\\\/todotrial.com\\\/tienda\\\/\"},{\"@type\":\"ListItem\",\"position\":2,\"name\":\"Shop\",\"item\":\"https:\\\/\\\/todotrial.com\\\/tienda\\\/shop\\\/\"},{\"@type\":\"ListItem\",\"position\":3,\"name\":\"Bike Grand Prix Heroes (5 DVD) Boxset\"}]},{\"@type\":\"WebSite\",\"@id\":\"https:\\\/\\\/todotrial.com\\\/tienda\\\/#website\",\"url\":\"https:\\\/\\\/todotrial.com\\\/tienda\\\/\",\"name\":\"Tienda de todotrial\",\"description\":\"\",\"potentialAction\":[{\"@type\":\"SearchAction\",\"target\":{\"@type\":\"EntryPoint\",\"urlTemplate\":\"https:\\\/\\\/todotrial.com\\\/tienda\\\/?s={search_term_string}\"},\"query-input\":{\"@type\":\"PropertyValueSpecification\",\"valueRequired\":true,\"valueName\":\"search_term_string\"}}],\"inLanguage\":\"es\"}]}<\/script>\n<!-- \/ Yoast SEO Premium plugin. -->","yoast_head_json":{"title":"Bike Grand Prix Heroes (5 DVD) Boxset - Tienda de todotrial","robots":{"index":"index","follow":"follow","max-snippet":"max-snippet:-1","max-image-preview":"max-image-preview:large","max-video-preview":"max-video-preview:-1"},"canonical":"https:\/\/todotrial.com\/tienda\/dvds-motociclismo2014-08-25-16-10-37\/","og_locale":"es_ES","og_type":"article","og_title":"Bike Grand Prix Heroes (5 DVD) Boxset","og_description":"Bike Grand Prix Heroes (5 DVD) Boxset Juego de 5 DVDs en estuche con 5 figuras del Motociclismo Gardner,Rainey, Lawson,Schwantz y Mamola","og_url":"https:\/\/todotrial.com\/tienda\/dvds-motociclismo2014-08-25-16-10-37\/","og_site_name":"Tienda de todotrial","article_modified_time":"2025-02-20T16:31:15+00:00","og_image":[{"width":360,"height":395,"url":"https:\/\/todotrial.com\/tienda\/wp-content\/uploads\/2020\/07\/duke_7448.jpg","type":"image\/jpeg"}],"twitter_card":"summary_large_image","twitter_misc":{"Tiempo de lectura":"1 minuto"},"schema":{"@context":"https:\/\/schema.org","@graph":[{"@type":"WebPage","@id":"https:\/\/todotrial.com\/tienda\/dvds-motociclismo2014-08-25-16-10-37\/","url":"https:\/\/todotrial.com\/tienda\/dvds-motociclismo2014-08-25-16-10-37\/","name":"Bike Grand Prix Heroes (5 DVD) Boxset - Tienda de todotrial","isPartOf":{"@id":"https:\/\/todotrial.com\/tienda\/#website"},"primaryImageOfPage":{"@id":"https:\/\/todotrial.com\/tienda\/dvds-motociclismo2014-08-25-16-10-37\/#primaryimage"},"image":{"@id":"https:\/\/todotrial.com\/tienda\/dvds-motociclismo2014-08-25-16-10-37\/#primaryimage"},"thumbnailUrl":"https:\/\/todotrial.com\/tienda\/wp-content\/uploads\/2020\/07\/duke_7448.jpg","datePublished":"2020-07-02T16:14:06+00:00","dateModified":"2025-02-20T16:31:15+00:00","breadcrumb":{"@id":"https:\/\/todotrial.com\/tienda\/dvds-motociclismo2014-08-25-16-10-37\/#breadcrumb"},"inLanguage":"es","potentialAction":[{"@type":"ReadAction","target":["https:\/\/todotrial.com\/tienda\/dvds-motociclismo2014-08-25-16-10-37\/"]}]},{"@type":"ImageObject","inLanguage":"es","@id":"https:\/\/todotrial.com\/tienda\/dvds-motociclismo2014-08-25-16-10-37\/#primaryimage","url":"https:\/\/todotrial.com\/tienda\/wp-content\/uploads\/2020\/07\/duke_7448.jpg","contentUrl":"https:\/\/todotrial.com\/tienda\/wp-content\/uploads\/2020\/07\/duke_7448.jpg","width":360,"height":395},{"@type":"BreadcrumbList","@id":"https:\/\/todotrial.com\/tienda\/dvds-motociclismo2014-08-25-16-10-37\/#breadcrumb","itemListElement":[{"@type":"ListItem","position":1,"name":"Portada","item":"https:\/\/todotrial.com\/tienda\/"},{"@type":"ListItem","position":2,"name":"Shop","item":"https:\/\/todotrial.com\/tienda\/shop\/"},{"@type":"ListItem","position":3,"name":"Bike Grand Prix Heroes (5 DVD) Boxset"}]},{"@type":"WebSite","@id":"https:\/\/todotrial.com\/tienda\/#website","url":"https:\/\/todotrial.com\/tienda\/","name":"Tienda de todotrial","description":"","potentialAction":[{"@type":"SearchAction","target":{"@type":"EntryPoint","urlTemplate":"https:\/\/todotrial.com\/tienda\/?s={search_term_string}"},"query-input":{"@type":"PropertyValueSpecification","valueRequired":true,"valueName":"search_term_string"}}],"inLanguage":"es"}]}},"_links":{"self":[{"href":"https:\/\/todotrial.com\/tienda\/wp-json\/wp\/v2\/product\/2019","targetHints":{"allow":["GET"]}}],"collection":[{"href":"https:\/\/todotrial.com\/tienda\/wp-json\/wp\/v2\/product"}],"about":[{"href":"https:\/\/todotrial.com\/tienda\/wp-json\/wp\/v2\/types\/product"}],"replies":[{"embeddable":true,"href":"https:\/\/todotrial.com\/tienda\/wp-json\/wp\/v2\/comments?post=2019"}],"version-history":[{"count":0,"href":"https:\/\/todotrial.com\/tienda\/wp-json\/wp\/v2\/product\/2019\/revisions"}],"wp:featuredmedia":[{"embeddable":true,"href":"https:\/\/todotrial.com\/tienda\/wp-json\/wp\/v2\/media\/2018"}],"wp:attachment":[{"href":"https:\/\/todotrial.com\/tienda\/wp-json\/wp\/v2\/media?parent=2019"}],"wp:term":[{"taxonomy":"product_brand","embeddable":true,"href":"https:\/\/todotrial.com\/tienda\/wp-json\/wp\/v2\/product_brand?post=2019"},{"taxonomy":"product_cat","embeddable":true,"href":"https:\/\/todotrial.com\/tienda\/wp-json\/wp\/v2\/product_cat?post=2019"},{"taxonomy":"product_tag","embeddable":true,"href":"https:\/\/todotrial.com\/tienda\/wp-json\/wp\/v2\/product_tag?post=2019"}],"curies":[{"name":"wp","href":"https:\/\/api.w.org\/{rel}","templated":true}]}}