{"id":1990,"date":"2025-03-18T17:01:57","date_gmt":"2025-03-18T16:01:57","guid":{"rendered":"https:\/\/todotrial.com\/tienda\/?post_type=product&#038;p=1990"},"modified":"2025-03-18T17:01:59","modified_gmt":"2025-03-18T16:01:59","slug":"libro-motos2014-08-17-16-38-49","status":"publish","type":"product","link":"https:\/\/todotrial.com\/tienda\/libro-motos2014-08-17-16-38-49\/","title":{"rendered":"The BMW Boxer Twins 1970-1996 Bible:"},"content":{"rendered":"<p>The BMW Boxer Twins 1970-1996 Bible<\/p>\n<p>Caracter\u00edsticas<br \/>&#8211; Descripci\u00f3n completa de desarrollo del modelo<br \/>&#8211; An\u00e1lisis de la doble motor boxer<br \/>&#8211; Vista detallada del R90S y R100RS<br \/>&#8211; Historial de Racing<br \/>&#8211; A\u00f1o tras a\u00f1o las revisiones de cada modelo durante todo el ciclo de producci\u00f3n<br \/>&#8211; Todos los n\u00fameros de motor y chasis por a\u00f1o<br \/>&#8211; Evaluaci\u00f3n t\u00e9cnica<br \/>&#8211; Ap\u00e9ndices completos de las especificaciones t\u00e9cnicas<br \/>&#8211; El libro imprescindible para los propietarios o futuros propietarios de BMW Boxer Twins<\/p>\n<p>Descripci\u00f3n<br \/>Los BMW Boxer Twins<br \/>refrigerado por aire estaban entre las motos m\u00e1s importantes de la d\u00e9cada de 1970 a trav\u00e9s de la d\u00e9cada de 1980, ofreciendo una incomparable combinaci\u00f3n de confort, fiabilidad y rendimiento. De la serie \/ 5, una serie completa de deporte y turismo motocicletas evolucionado que obtuvo un gran n\u00famero de seguidores y que nunca fue emulado por otros fabricantes.<\/p>\n<p>Sinopsis<br \/>Antes de la serie \/ 5, BMW ten\u00eda una reputaci\u00f3n de producir costosos e idiosincr\u00e1sicos motocicletas de turismo. Pero el \/ 5 cambi\u00f3 eso. Aunque sigue siendo caro, el mercado se abri\u00f3 a un nuevo mundo de pilotos, y durante la d\u00e9cada de 1970 el BMW Boxer Twins refrigerado por aire se convirti\u00f3 en el pionero R90S y R100RS. Estos se encontraban entre las primeras motos con carenados montados de f\u00e1brica y tambi\u00e9n ofrec\u00edan un rendimiento l\u00edder en su clase. Incluso cuando BMW decidi\u00f3 suspender los Twins en favor de la nueva serie K de cuatro cilindros en 1984, la demanda de los Twins mayores obligado a reconsiderar BMW. ElTwin fue resucitado y se prolong\u00f3 durante m\u00e1s de una d\u00e9cada.<\/p>\n<p>&nbsp;<\/p>\n","protected":false},"excerpt":{"rendered":"<p>The BMW Boxer Twins 1970-1996 Bible:Libro de pastas duras \u2022 207mm x 250mm \u2022 190 colour pictures \u2022 160 pages<\/p>\n","protected":false},"featured_media":1989,"comment_status":"open","ping_status":"closed","template":"","meta":[],"product_brand":[],"product_cat":[15],"product_tag":[],"class_list":{"0":"post-1990","1":"product","2":"type-product","3":"status-publish","4":"has-post-thumbnail","6":"product_cat-uncategorized","8":"first","9":"outofstock","10":"taxable","11":"shipping-taxable","12":"purchasable","13":"product-type-simple"},"yoast_head":"<!-- This site is optimized with the Yoast SEO Premium plugin v21.2 (Yoast SEO v27.3) - https:\/\/yoast.com\/product\/yoast-seo-premium-wordpress\/ -->\n<title>The BMW Boxer Twins 1970-1996 Bible: - Tienda de todotrial<\/title>\n<meta name=\"robots\" content=\"index, follow, max-snippet:-1, max-image-preview:large, max-video-preview:-1\" \/>\n<link rel=\"canonical\" href=\"https:\/\/todotrial.com\/tienda\/libro-motos2014-08-17-16-38-49\/\" \/>\n<meta property=\"og:locale\" content=\"es_ES\" \/>\n<meta property=\"og:type\" content=\"article\" \/>\n<meta property=\"og:title\" content=\"The BMW Boxer Twins 1970-1996 Bible:\" \/>\n<meta property=\"og:description\" content=\"The BMW Boxer Twins 1970-1996 Bible:Libro de pastas duras \u2022 207mm x 250mm \u2022 190 colour pictures \u2022 160 pages\" \/>\n<meta property=\"og:url\" content=\"https:\/\/todotrial.com\/tienda\/libro-motos2014-08-17-16-38-49\/\" \/>\n<meta property=\"og:site_name\" content=\"Tienda de todotrial\" \/>\n<meta property=\"article:modified_time\" content=\"2025-03-18T16:01:59+00:00\" \/>\n<meta property=\"og:image\" content=\"https:\/\/todotrial.com\/tienda\/wp-content\/uploads\/2020\/07\/bmw_boxer_twins_1970-1996.jpg\" \/>\n\t<meta property=\"og:image:width\" content=\"245\" \/>\n\t<meta property=\"og:image:height\" content=\"296\" \/>\n\t<meta property=\"og:image:type\" content=\"image\/jpeg\" \/>\n<meta name=\"twitter:card\" content=\"summary_large_image\" \/>\n<meta name=\"twitter:label1\" content=\"Tiempo de lectura\" \/>\n\t<meta name=\"twitter:data1\" content=\"1 minuto\" \/>\n<script type=\"application\/ld+json\" class=\"yoast-schema-graph\">{\"@context\":\"https:\\\/\\\/schema.org\",\"@graph\":[{\"@type\":\"WebPage\",\"@id\":\"https:\\\/\\\/todotrial.com\\\/tienda\\\/libro-motos2014-08-17-16-38-49\\\/\",\"url\":\"https:\\\/\\\/todotrial.com\\\/tienda\\\/libro-motos2014-08-17-16-38-49\\\/\",\"name\":\"The BMW Boxer Twins 1970-1996 Bible: - Tienda de todotrial\",\"isPartOf\":{\"@id\":\"https:\\\/\\\/todotrial.com\\\/tienda\\\/#website\"},\"primaryImageOfPage\":{\"@id\":\"https:\\\/\\\/todotrial.com\\\/tienda\\\/libro-motos2014-08-17-16-38-49\\\/#primaryimage\"},\"image\":{\"@id\":\"https:\\\/\\\/todotrial.com\\\/tienda\\\/libro-motos2014-08-17-16-38-49\\\/#primaryimage\"},\"thumbnailUrl\":\"https:\\\/\\\/todotrial.com\\\/tienda\\\/wp-content\\\/uploads\\\/2020\\\/07\\\/bmw_boxer_twins_1970-1996.jpg\",\"datePublished\":\"2025-03-18T16:01:57+00:00\",\"dateModified\":\"2025-03-18T16:01:59+00:00\",\"breadcrumb\":{\"@id\":\"https:\\\/\\\/todotrial.com\\\/tienda\\\/libro-motos2014-08-17-16-38-49\\\/#breadcrumb\"},\"inLanguage\":\"es\",\"potentialAction\":[{\"@type\":\"ReadAction\",\"target\":[\"https:\\\/\\\/todotrial.com\\\/tienda\\\/libro-motos2014-08-17-16-38-49\\\/\"]}]},{\"@type\":\"ImageObject\",\"inLanguage\":\"es\",\"@id\":\"https:\\\/\\\/todotrial.com\\\/tienda\\\/libro-motos2014-08-17-16-38-49\\\/#primaryimage\",\"url\":\"https:\\\/\\\/todotrial.com\\\/tienda\\\/wp-content\\\/uploads\\\/2020\\\/07\\\/bmw_boxer_twins_1970-1996.jpg\",\"contentUrl\":\"https:\\\/\\\/todotrial.com\\\/tienda\\\/wp-content\\\/uploads\\\/2020\\\/07\\\/bmw_boxer_twins_1970-1996.jpg\",\"width\":245,\"height\":296},{\"@type\":\"BreadcrumbList\",\"@id\":\"https:\\\/\\\/todotrial.com\\\/tienda\\\/libro-motos2014-08-17-16-38-49\\\/#breadcrumb\",\"itemListElement\":[{\"@type\":\"ListItem\",\"position\":1,\"name\":\"Portada\",\"item\":\"https:\\\/\\\/todotrial.com\\\/tienda\\\/\"},{\"@type\":\"ListItem\",\"position\":2,\"name\":\"Shop\",\"item\":\"https:\\\/\\\/todotrial.com\\\/tienda\\\/shop\\\/\"},{\"@type\":\"ListItem\",\"position\":3,\"name\":\"The BMW Boxer Twins 1970-1996 Bible:\"}]},{\"@type\":\"WebSite\",\"@id\":\"https:\\\/\\\/todotrial.com\\\/tienda\\\/#website\",\"url\":\"https:\\\/\\\/todotrial.com\\\/tienda\\\/\",\"name\":\"Tienda de todotrial\",\"description\":\"\",\"potentialAction\":[{\"@type\":\"SearchAction\",\"target\":{\"@type\":\"EntryPoint\",\"urlTemplate\":\"https:\\\/\\\/todotrial.com\\\/tienda\\\/?s={search_term_string}\"},\"query-input\":{\"@type\":\"PropertyValueSpecification\",\"valueRequired\":true,\"valueName\":\"search_term_string\"}}],\"inLanguage\":\"es\"}]}<\/script>\n<!-- \/ Yoast SEO Premium plugin. -->","yoast_head_json":{"title":"The BMW Boxer Twins 1970-1996 Bible: - Tienda de todotrial","robots":{"index":"index","follow":"follow","max-snippet":"max-snippet:-1","max-image-preview":"max-image-preview:large","max-video-preview":"max-video-preview:-1"},"canonical":"https:\/\/todotrial.com\/tienda\/libro-motos2014-08-17-16-38-49\/","og_locale":"es_ES","og_type":"article","og_title":"The BMW Boxer Twins 1970-1996 Bible:","og_description":"The BMW Boxer Twins 1970-1996 Bible:Libro de pastas duras \u2022 207mm x 250mm \u2022 190 colour pictures \u2022 160 pages","og_url":"https:\/\/todotrial.com\/tienda\/libro-motos2014-08-17-16-38-49\/","og_site_name":"Tienda de todotrial","article_modified_time":"2025-03-18T16:01:59+00:00","og_image":[{"width":245,"height":296,"url":"https:\/\/todotrial.com\/tienda\/wp-content\/uploads\/2020\/07\/bmw_boxer_twins_1970-1996.jpg","type":"image\/jpeg"}],"twitter_card":"summary_large_image","twitter_misc":{"Tiempo de lectura":"1 minuto"},"schema":{"@context":"https:\/\/schema.org","@graph":[{"@type":"WebPage","@id":"https:\/\/todotrial.com\/tienda\/libro-motos2014-08-17-16-38-49\/","url":"https:\/\/todotrial.com\/tienda\/libro-motos2014-08-17-16-38-49\/","name":"The BMW Boxer Twins 1970-1996 Bible: - Tienda de todotrial","isPartOf":{"@id":"https:\/\/todotrial.com\/tienda\/#website"},"primaryImageOfPage":{"@id":"https:\/\/todotrial.com\/tienda\/libro-motos2014-08-17-16-38-49\/#primaryimage"},"image":{"@id":"https:\/\/todotrial.com\/tienda\/libro-motos2014-08-17-16-38-49\/#primaryimage"},"thumbnailUrl":"https:\/\/todotrial.com\/tienda\/wp-content\/uploads\/2020\/07\/bmw_boxer_twins_1970-1996.jpg","datePublished":"2025-03-18T16:01:57+00:00","dateModified":"2025-03-18T16:01:59+00:00","breadcrumb":{"@id":"https:\/\/todotrial.com\/tienda\/libro-motos2014-08-17-16-38-49\/#breadcrumb"},"inLanguage":"es","potentialAction":[{"@type":"ReadAction","target":["https:\/\/todotrial.com\/tienda\/libro-motos2014-08-17-16-38-49\/"]}]},{"@type":"ImageObject","inLanguage":"es","@id":"https:\/\/todotrial.com\/tienda\/libro-motos2014-08-17-16-38-49\/#primaryimage","url":"https:\/\/todotrial.com\/tienda\/wp-content\/uploads\/2020\/07\/bmw_boxer_twins_1970-1996.jpg","contentUrl":"https:\/\/todotrial.com\/tienda\/wp-content\/uploads\/2020\/07\/bmw_boxer_twins_1970-1996.jpg","width":245,"height":296},{"@type":"BreadcrumbList","@id":"https:\/\/todotrial.com\/tienda\/libro-motos2014-08-17-16-38-49\/#breadcrumb","itemListElement":[{"@type":"ListItem","position":1,"name":"Portada","item":"https:\/\/todotrial.com\/tienda\/"},{"@type":"ListItem","position":2,"name":"Shop","item":"https:\/\/todotrial.com\/tienda\/shop\/"},{"@type":"ListItem","position":3,"name":"The BMW Boxer Twins 1970-1996 Bible:"}]},{"@type":"WebSite","@id":"https:\/\/todotrial.com\/tienda\/#website","url":"https:\/\/todotrial.com\/tienda\/","name":"Tienda de todotrial","description":"","potentialAction":[{"@type":"SearchAction","target":{"@type":"EntryPoint","urlTemplate":"https:\/\/todotrial.com\/tienda\/?s={search_term_string}"},"query-input":{"@type":"PropertyValueSpecification","valueRequired":true,"valueName":"search_term_string"}}],"inLanguage":"es"}]}},"_links":{"self":[{"href":"https:\/\/todotrial.com\/tienda\/wp-json\/wp\/v2\/product\/1990","targetHints":{"allow":["GET"]}}],"collection":[{"href":"https:\/\/todotrial.com\/tienda\/wp-json\/wp\/v2\/product"}],"about":[{"href":"https:\/\/todotrial.com\/tienda\/wp-json\/wp\/v2\/types\/product"}],"replies":[{"embeddable":true,"href":"https:\/\/todotrial.com\/tienda\/wp-json\/wp\/v2\/comments?post=1990"}],"version-history":[{"count":1,"href":"https:\/\/todotrial.com\/tienda\/wp-json\/wp\/v2\/product\/1990\/revisions"}],"predecessor-version":[{"id":53376,"href":"https:\/\/todotrial.com\/tienda\/wp-json\/wp\/v2\/product\/1990\/revisions\/53376"}],"wp:featuredmedia":[{"embeddable":true,"href":"https:\/\/todotrial.com\/tienda\/wp-json\/wp\/v2\/media\/1989"}],"wp:attachment":[{"href":"https:\/\/todotrial.com\/tienda\/wp-json\/wp\/v2\/media?parent=1990"}],"wp:term":[{"taxonomy":"product_brand","embeddable":true,"href":"https:\/\/todotrial.com\/tienda\/wp-json\/wp\/v2\/product_brand?post=1990"},{"taxonomy":"product_cat","embeddable":true,"href":"https:\/\/todotrial.com\/tienda\/wp-json\/wp\/v2\/product_cat?post=1990"},{"taxonomy":"product_tag","embeddable":true,"href":"https:\/\/todotrial.com\/tienda\/wp-json\/wp\/v2\/product_tag?post=1990"}],"curies":[{"name":"wp","href":"https:\/\/api.w.org\/{rel}","templated":true}]}}