{"id":1818,"date":"2014-08-03T17:43:40","date_gmt":"2014-08-03T17:43:40","guid":{"rendered":"https:\/\/todotrial.com\/tienda\/product\/recambios-trial\/"},"modified":"2025-04-01T22:09:33","modified_gmt":"2025-04-01T21:09:33","slug":"recambios-trial","status":"publish","type":"product","link":"https:\/\/todotrial.com\/tienda\/recambios-trial\/","title":{"rendered":"BULTACO SHERPA 198,199,198A,199A asiento para dep\u00f3sito met\u00e1lico"},"content":{"rendered":"<p>Asiento completo para Bultaco Sherpa modelos 198, 199, 198A y 199A, con relieve al estilo original para dep\u00f3sito met\u00e1lico (versi\u00f3n UK).<\/p>\n<p>198.199 fabricaci\u00f3n en 1978-1980<\/p>\n<p>198A.199A fabricaci\u00f3n en 1980-1981<\/p>\n<p>V\u00e1lido para dep\u00f3sitos met\u00e1licos versi\u00f3n UK, ya que el angulo del frente del asiento est\u00e1 mas levantado que el del asiento para dep\u00f3sito de pl\u00e1stico.<\/p>\n","protected":false},"excerpt":{"rendered":"<p>Bultaco Sherpa Asiento completo con relieve para 198 y 199 y 198a y 199a y Deposito metalico aluminio<\/p>\n","protected":false},"featured_media":1817,"comment_status":"open","ping_status":"closed","template":"","meta":[],"product_brand":[],"product_cat":[15],"product_tag":[],"class_list":{"0":"post-1818","1":"product","2":"type-product","3":"status-publish","4":"has-post-thumbnail","6":"product_cat-uncategorized","8":"first","9":"instock","10":"taxable","11":"shipping-taxable","12":"purchasable","13":"product-type-simple"},"yoast_head":"<!-- This site is optimized with the Yoast SEO Premium plugin v21.2 (Yoast SEO v27.3) - https:\/\/yoast.com\/product\/yoast-seo-premium-wordpress\/ -->\n<title>BULTACO SHERPA 198,199,198A,199A asiento para dep\u00f3sito met\u00e1lico - Tienda de todotrial<\/title>\n<meta name=\"robots\" content=\"index, follow, max-snippet:-1, max-image-preview:large, max-video-preview:-1\" \/>\n<link rel=\"canonical\" href=\"https:\/\/todotrial.com\/tienda\/recambios-trial\/\" \/>\n<meta property=\"og:locale\" content=\"es_ES\" \/>\n<meta property=\"og:type\" content=\"article\" \/>\n<meta property=\"og:title\" content=\"BULTACO SHERPA 198,199,198A,199A asiento para dep\u00f3sito met\u00e1lico\" \/>\n<meta property=\"og:description\" content=\"Bultaco Sherpa Asiento completo con relieve para 198 y 199 y 198a y 199a y Deposito metalico aluminio\" \/>\n<meta property=\"og:url\" content=\"https:\/\/todotrial.com\/tienda\/recambios-trial\/\" \/>\n<meta property=\"og:site_name\" content=\"Tienda de todotrial\" \/>\n<meta property=\"article:modified_time\" content=\"2025-04-01T21:09:33+00:00\" \/>\n<meta property=\"og:image\" content=\"https:\/\/todotrial.com\/tienda\/wp-content\/uploads\/2014\/08\/asiento_bultaco_sherpa_deposito_metalico.jpg\" \/>\n\t<meta property=\"og:image:width\" content=\"305\" \/>\n\t<meta property=\"og:image:height\" content=\"294\" \/>\n\t<meta property=\"og:image:type\" content=\"image\/jpeg\" \/>\n<meta name=\"twitter:card\" content=\"summary_large_image\" \/>\n<script type=\"application\/ld+json\" class=\"yoast-schema-graph\">{\"@context\":\"https:\\\/\\\/schema.org\",\"@graph\":[{\"@type\":\"WebPage\",\"@id\":\"https:\\\/\\\/todotrial.com\\\/tienda\\\/recambios-trial\\\/\",\"url\":\"https:\\\/\\\/todotrial.com\\\/tienda\\\/recambios-trial\\\/\",\"name\":\"BULTACO SHERPA 198,199,198A,199A asiento para dep\u00f3sito met\u00e1lico - Tienda de todotrial\",\"isPartOf\":{\"@id\":\"https:\\\/\\\/todotrial.com\\\/tienda\\\/#website\"},\"primaryImageOfPage\":{\"@id\":\"https:\\\/\\\/todotrial.com\\\/tienda\\\/recambios-trial\\\/#primaryimage\"},\"image\":{\"@id\":\"https:\\\/\\\/todotrial.com\\\/tienda\\\/recambios-trial\\\/#primaryimage\"},\"thumbnailUrl\":\"https:\\\/\\\/todotrial.com\\\/tienda\\\/wp-content\\\/uploads\\\/2014\\\/08\\\/asiento_bultaco_sherpa_deposito_metalico.jpg\",\"datePublished\":\"2014-08-03T17:43:40+00:00\",\"dateModified\":\"2025-04-01T21:09:33+00:00\",\"breadcrumb\":{\"@id\":\"https:\\\/\\\/todotrial.com\\\/tienda\\\/recambios-trial\\\/#breadcrumb\"},\"inLanguage\":\"es\",\"potentialAction\":[{\"@type\":\"ReadAction\",\"target\":[\"https:\\\/\\\/todotrial.com\\\/tienda\\\/recambios-trial\\\/\"]}]},{\"@type\":\"ImageObject\",\"inLanguage\":\"es\",\"@id\":\"https:\\\/\\\/todotrial.com\\\/tienda\\\/recambios-trial\\\/#primaryimage\",\"url\":\"https:\\\/\\\/todotrial.com\\\/tienda\\\/wp-content\\\/uploads\\\/2014\\\/08\\\/asiento_bultaco_sherpa_deposito_metalico.jpg\",\"contentUrl\":\"https:\\\/\\\/todotrial.com\\\/tienda\\\/wp-content\\\/uploads\\\/2014\\\/08\\\/asiento_bultaco_sherpa_deposito_metalico.jpg\",\"width\":305,\"height\":294},{\"@type\":\"BreadcrumbList\",\"@id\":\"https:\\\/\\\/todotrial.com\\\/tienda\\\/recambios-trial\\\/#breadcrumb\",\"itemListElement\":[{\"@type\":\"ListItem\",\"position\":1,\"name\":\"Portada\",\"item\":\"https:\\\/\\\/todotrial.com\\\/tienda\\\/\"},{\"@type\":\"ListItem\",\"position\":2,\"name\":\"Shop\",\"item\":\"https:\\\/\\\/todotrial.com\\\/tienda\\\/shop\\\/\"},{\"@type\":\"ListItem\",\"position\":3,\"name\":\"BULTACO SHERPA 198,199,198A,199A asiento para dep\u00f3sito met\u00e1lico\"}]},{\"@type\":\"WebSite\",\"@id\":\"https:\\\/\\\/todotrial.com\\\/tienda\\\/#website\",\"url\":\"https:\\\/\\\/todotrial.com\\\/tienda\\\/\",\"name\":\"Tienda de todotrial\",\"description\":\"\",\"potentialAction\":[{\"@type\":\"SearchAction\",\"target\":{\"@type\":\"EntryPoint\",\"urlTemplate\":\"https:\\\/\\\/todotrial.com\\\/tienda\\\/?s={search_term_string}\"},\"query-input\":{\"@type\":\"PropertyValueSpecification\",\"valueRequired\":true,\"valueName\":\"search_term_string\"}}],\"inLanguage\":\"es\"}]}<\/script>\n<!-- \/ Yoast SEO Premium plugin. -->","yoast_head_json":{"title":"BULTACO SHERPA 198,199,198A,199A asiento para dep\u00f3sito met\u00e1lico - Tienda de todotrial","robots":{"index":"index","follow":"follow","max-snippet":"max-snippet:-1","max-image-preview":"max-image-preview:large","max-video-preview":"max-video-preview:-1"},"canonical":"https:\/\/todotrial.com\/tienda\/recambios-trial\/","og_locale":"es_ES","og_type":"article","og_title":"BULTACO SHERPA 198,199,198A,199A asiento para dep\u00f3sito met\u00e1lico","og_description":"Bultaco Sherpa Asiento completo con relieve para 198 y 199 y 198a y 199a y Deposito metalico aluminio","og_url":"https:\/\/todotrial.com\/tienda\/recambios-trial\/","og_site_name":"Tienda de todotrial","article_modified_time":"2025-04-01T21:09:33+00:00","og_image":[{"width":305,"height":294,"url":"https:\/\/todotrial.com\/tienda\/wp-content\/uploads\/2014\/08\/asiento_bultaco_sherpa_deposito_metalico.jpg","type":"image\/jpeg"}],"twitter_card":"summary_large_image","schema":{"@context":"https:\/\/schema.org","@graph":[{"@type":"WebPage","@id":"https:\/\/todotrial.com\/tienda\/recambios-trial\/","url":"https:\/\/todotrial.com\/tienda\/recambios-trial\/","name":"BULTACO SHERPA 198,199,198A,199A asiento para dep\u00f3sito met\u00e1lico - Tienda de todotrial","isPartOf":{"@id":"https:\/\/todotrial.com\/tienda\/#website"},"primaryImageOfPage":{"@id":"https:\/\/todotrial.com\/tienda\/recambios-trial\/#primaryimage"},"image":{"@id":"https:\/\/todotrial.com\/tienda\/recambios-trial\/#primaryimage"},"thumbnailUrl":"https:\/\/todotrial.com\/tienda\/wp-content\/uploads\/2014\/08\/asiento_bultaco_sherpa_deposito_metalico.jpg","datePublished":"2014-08-03T17:43:40+00:00","dateModified":"2025-04-01T21:09:33+00:00","breadcrumb":{"@id":"https:\/\/todotrial.com\/tienda\/recambios-trial\/#breadcrumb"},"inLanguage":"es","potentialAction":[{"@type":"ReadAction","target":["https:\/\/todotrial.com\/tienda\/recambios-trial\/"]}]},{"@type":"ImageObject","inLanguage":"es","@id":"https:\/\/todotrial.com\/tienda\/recambios-trial\/#primaryimage","url":"https:\/\/todotrial.com\/tienda\/wp-content\/uploads\/2014\/08\/asiento_bultaco_sherpa_deposito_metalico.jpg","contentUrl":"https:\/\/todotrial.com\/tienda\/wp-content\/uploads\/2014\/08\/asiento_bultaco_sherpa_deposito_metalico.jpg","width":305,"height":294},{"@type":"BreadcrumbList","@id":"https:\/\/todotrial.com\/tienda\/recambios-trial\/#breadcrumb","itemListElement":[{"@type":"ListItem","position":1,"name":"Portada","item":"https:\/\/todotrial.com\/tienda\/"},{"@type":"ListItem","position":2,"name":"Shop","item":"https:\/\/todotrial.com\/tienda\/shop\/"},{"@type":"ListItem","position":3,"name":"BULTACO SHERPA 198,199,198A,199A asiento para dep\u00f3sito met\u00e1lico"}]},{"@type":"WebSite","@id":"https:\/\/todotrial.com\/tienda\/#website","url":"https:\/\/todotrial.com\/tienda\/","name":"Tienda de todotrial","description":"","potentialAction":[{"@type":"SearchAction","target":{"@type":"EntryPoint","urlTemplate":"https:\/\/todotrial.com\/tienda\/?s={search_term_string}"},"query-input":{"@type":"PropertyValueSpecification","valueRequired":true,"valueName":"search_term_string"}}],"inLanguage":"es"}]}},"_links":{"self":[{"href":"https:\/\/todotrial.com\/tienda\/wp-json\/wp\/v2\/product\/1818","targetHints":{"allow":["GET"]}}],"collection":[{"href":"https:\/\/todotrial.com\/tienda\/wp-json\/wp\/v2\/product"}],"about":[{"href":"https:\/\/todotrial.com\/tienda\/wp-json\/wp\/v2\/types\/product"}],"replies":[{"embeddable":true,"href":"https:\/\/todotrial.com\/tienda\/wp-json\/wp\/v2\/comments?post=1818"}],"version-history":[{"count":1,"href":"https:\/\/todotrial.com\/tienda\/wp-json\/wp\/v2\/product\/1818\/revisions"}],"predecessor-version":[{"id":54957,"href":"https:\/\/todotrial.com\/tienda\/wp-json\/wp\/v2\/product\/1818\/revisions\/54957"}],"wp:featuredmedia":[{"embeddable":true,"href":"https:\/\/todotrial.com\/tienda\/wp-json\/wp\/v2\/media\/1817"}],"wp:attachment":[{"href":"https:\/\/todotrial.com\/tienda\/wp-json\/wp\/v2\/media?parent=1818"}],"wp:term":[{"taxonomy":"product_brand","embeddable":true,"href":"https:\/\/todotrial.com\/tienda\/wp-json\/wp\/v2\/product_brand?post=1818"},{"taxonomy":"product_cat","embeddable":true,"href":"https:\/\/todotrial.com\/tienda\/wp-json\/wp\/v2\/product_cat?post=1818"},{"taxonomy":"product_tag","embeddable":true,"href":"https:\/\/todotrial.com\/tienda\/wp-json\/wp\/v2\/product_tag?post=1818"}],"curies":[{"name":"wp","href":"https:\/\/api.w.org\/{rel}","templated":true}]}}