{"id":1810,"date":"2014-08-01T16:04:00","date_gmt":"2014-08-01T16:04:00","guid":{"rendered":"https:\/\/todotrial.com\/tienda\/product\/dvds-motociclismo2014-08-01-16-04-00\/"},"modified":"2025-04-01T22:09:25","modified_gmt":"2025-04-01T21:09:25","slug":"dvds-motociclismo2014-08-01-16-04-00","status":"publish","type":"product","link":"https:\/\/todotrial.com\/tienda\/dvds-motociclismo2014-08-01-16-04-00\/","title":{"rendered":"A-Z of British Motorcycles DVD"},"content":{"rendered":"<p>Las motos britanicas desde su comienzo, su esplendor y su actualidad<\/p>\n<p>Nunca antes el patrimonio \u00fanico de la industria brit\u00e1nica de las motocicletas ha sido explorado y presentado de una forma tan detallada y completa. Este disco magn\u00edficamente investigado es parte de un conjunto de tres que en conjunto cuenta con m\u00e1s de 500 m\u00e1quinas del museo nacional de la motocicleta cerca de Birmingham.<\/p>\n<p>M\u00e1s enciclopedia que entretenimiento la selecci\u00f3n de cap\u00edtulos te permite ver las distintas m\u00e1quinas en cualquier orden. Im\u00e1genes exclusivas con calidad de estudio,los primeros planos de los puntos de inter\u00e9s t\u00e9cnico y una narrativa autorizada te proporcionan una herramienta de referencia invaluable y una maravillosa historia visual de las motocicletas brit\u00e1nicas. Aqu\u00ed podr\u00e1s disfrutar de &#8230;<\/p>\n<p>Los Pioneros 1898-1929<\/p>\n<p>La industria brit\u00e1nica de motocicletas lider\u00f3 el mundo de las motos en los primeros a\u00f1os del siglo XX y el motor de combusti\u00f3n interna ayud\u00f3 enormemente a expandir la industria de las dos ruedas.La fortaleza de esta industria por aquellos dias lo demuestra el hecho de que aparecen mas de 50 fabricantes de motos en este disco<\/p>\n<p>Los a\u00f1os del exito 1930-1949<\/p>\n<p>A partir de 1930 la industria de la motocicleta brit\u00e1nica disfrut\u00f3 de un enorme \u00e9xito. BSA, Norton, AJS, Triumph, Matchless, Vicente y Velocette fortalecen y consolidan su reputaci\u00f3n. Despu\u00e9s de la Segunda Guerra Mundial . AJS y Velocette ganar\u00f3n la primera serie de dos Campeonatos Mundial nunca antes organizados y BSA y Triumph lideraron al mundo en ventas.<\/p>\n<p>Disfrute de su propia sala de exposici\u00f3n personal con la nostalgia de las dos ruedas con el AZ de motocicletas brit\u00e1nicas!<\/p>\n<p>The Post War Classics 1950-2000<\/p>\n<p>A lo largo de la d\u00e9cada de 1950 y hasta mediados de la d\u00e9cada de 1960, los corredores italianos estaban obteniendo lo mejor de las motos brit\u00e1nicas en la pista, pero Gran Breta\u00f1a segu\u00eda contando Esta fue la \u00e9poca de los cl\u00e1sicos, como la BSA Gold Star, Triumph Bonneville, Vicente Negro Sombra, Ariel Square Four y Velocette Venom. Aqu\u00ed estan las m\u00e1quinas de estos a\u00f1os dorados, los que acompa\u00f1aron la ca\u00edda de la industria y el renacimiento de las \u00faltimas motos de la marca Triumph .<\/p>\n<p>Un agradecimiento especial a la National Motorcycle Museum, Bickenhill, Birmingham, donde se filmaron todas estas m\u00e1quinas.<\/p>\n<p>Esta oferta est\u00e1 a mitad de precio.<\/p>\n<p>Quedan unidades limitadas en cantidad y tiempo<\/p>\n<p>&nbsp;<\/p>\n","protected":false},"excerpt":{"rendered":"<p>Tres DVDs en un Box Set con todas las motos Britanicas<\/p>\n","protected":false},"featured_media":1809,"comment_status":"open","ping_status":"closed","template":"","meta":[],"product_brand":[],"product_cat":[15],"product_tag":[],"class_list":{"0":"post-1810","1":"product","2":"type-product","3":"status-publish","4":"has-post-thumbnail","6":"product_cat-uncategorized","8":"first","9":"instock","10":"taxable","11":"shipping-taxable","12":"purchasable","13":"product-type-simple"},"yoast_head":"<!-- This site is optimized with the Yoast SEO Premium plugin v21.2 (Yoast SEO v27.3) - https:\/\/yoast.com\/product\/yoast-seo-premium-wordpress\/ -->\n<title>A-Z of British Motorcycles DVD - Tienda de todotrial<\/title>\n<meta name=\"robots\" content=\"index, follow, max-snippet:-1, max-image-preview:large, max-video-preview:-1\" \/>\n<link rel=\"canonical\" href=\"https:\/\/todotrial.com\/tienda\/dvds-motociclismo2014-08-01-16-04-00\/\" \/>\n<meta property=\"og:locale\" content=\"es_ES\" \/>\n<meta property=\"og:type\" content=\"article\" \/>\n<meta property=\"og:title\" content=\"A-Z of British Motorcycles DVD\" \/>\n<meta property=\"og:description\" content=\"Tres DVDs en un Box Set con todas las motos Britanicas\" \/>\n<meta property=\"og:url\" content=\"https:\/\/todotrial.com\/tienda\/dvds-motociclismo2014-08-01-16-04-00\/\" \/>\n<meta property=\"og:site_name\" content=\"Tienda de todotrial\" \/>\n<meta property=\"article:modified_time\" content=\"2025-04-01T21:09:25+00:00\" \/>\n<meta property=\"og:image\" content=\"https:\/\/todotrial.com\/tienda\/wp-content\/uploads\/2014\/08\/a_z_motos_britanicas.jpg\" \/>\n\t<meta property=\"og:image:width\" content=\"360\" \/>\n\t<meta property=\"og:image:height\" content=\"559\" \/>\n\t<meta property=\"og:image:type\" content=\"image\/jpeg\" \/>\n<meta name=\"twitter:card\" content=\"summary_large_image\" \/>\n<meta name=\"twitter:label1\" content=\"Tiempo de lectura\" \/>\n\t<meta name=\"twitter:data1\" content=\"2 minutos\" \/>\n<script type=\"application\/ld+json\" class=\"yoast-schema-graph\">{\"@context\":\"https:\\\/\\\/schema.org\",\"@graph\":[{\"@type\":\"WebPage\",\"@id\":\"https:\\\/\\\/todotrial.com\\\/tienda\\\/dvds-motociclismo2014-08-01-16-04-00\\\/\",\"url\":\"https:\\\/\\\/todotrial.com\\\/tienda\\\/dvds-motociclismo2014-08-01-16-04-00\\\/\",\"name\":\"A-Z of British Motorcycles DVD - Tienda de todotrial\",\"isPartOf\":{\"@id\":\"https:\\\/\\\/todotrial.com\\\/tienda\\\/#website\"},\"primaryImageOfPage\":{\"@id\":\"https:\\\/\\\/todotrial.com\\\/tienda\\\/dvds-motociclismo2014-08-01-16-04-00\\\/#primaryimage\"},\"image\":{\"@id\":\"https:\\\/\\\/todotrial.com\\\/tienda\\\/dvds-motociclismo2014-08-01-16-04-00\\\/#primaryimage\"},\"thumbnailUrl\":\"https:\\\/\\\/todotrial.com\\\/tienda\\\/wp-content\\\/uploads\\\/2014\\\/08\\\/a_z_motos_britanicas.jpg\",\"datePublished\":\"2014-08-01T16:04:00+00:00\",\"dateModified\":\"2025-04-01T21:09:25+00:00\",\"breadcrumb\":{\"@id\":\"https:\\\/\\\/todotrial.com\\\/tienda\\\/dvds-motociclismo2014-08-01-16-04-00\\\/#breadcrumb\"},\"inLanguage\":\"es\",\"potentialAction\":[{\"@type\":\"ReadAction\",\"target\":[\"https:\\\/\\\/todotrial.com\\\/tienda\\\/dvds-motociclismo2014-08-01-16-04-00\\\/\"]}]},{\"@type\":\"ImageObject\",\"inLanguage\":\"es\",\"@id\":\"https:\\\/\\\/todotrial.com\\\/tienda\\\/dvds-motociclismo2014-08-01-16-04-00\\\/#primaryimage\",\"url\":\"https:\\\/\\\/todotrial.com\\\/tienda\\\/wp-content\\\/uploads\\\/2014\\\/08\\\/a_z_motos_britanicas.jpg\",\"contentUrl\":\"https:\\\/\\\/todotrial.com\\\/tienda\\\/wp-content\\\/uploads\\\/2014\\\/08\\\/a_z_motos_britanicas.jpg\",\"width\":360,\"height\":559},{\"@type\":\"BreadcrumbList\",\"@id\":\"https:\\\/\\\/todotrial.com\\\/tienda\\\/dvds-motociclismo2014-08-01-16-04-00\\\/#breadcrumb\",\"itemListElement\":[{\"@type\":\"ListItem\",\"position\":1,\"name\":\"Portada\",\"item\":\"https:\\\/\\\/todotrial.com\\\/tienda\\\/\"},{\"@type\":\"ListItem\",\"position\":2,\"name\":\"Shop\",\"item\":\"https:\\\/\\\/todotrial.com\\\/tienda\\\/shop\\\/\"},{\"@type\":\"ListItem\",\"position\":3,\"name\":\"A-Z of British Motorcycles DVD\"}]},{\"@type\":\"WebSite\",\"@id\":\"https:\\\/\\\/todotrial.com\\\/tienda\\\/#website\",\"url\":\"https:\\\/\\\/todotrial.com\\\/tienda\\\/\",\"name\":\"Tienda de todotrial\",\"description\":\"\",\"potentialAction\":[{\"@type\":\"SearchAction\",\"target\":{\"@type\":\"EntryPoint\",\"urlTemplate\":\"https:\\\/\\\/todotrial.com\\\/tienda\\\/?s={search_term_string}\"},\"query-input\":{\"@type\":\"PropertyValueSpecification\",\"valueRequired\":true,\"valueName\":\"search_term_string\"}}],\"inLanguage\":\"es\"}]}<\/script>\n<!-- \/ Yoast SEO Premium plugin. -->","yoast_head_json":{"title":"A-Z of British Motorcycles DVD - Tienda de todotrial","robots":{"index":"index","follow":"follow","max-snippet":"max-snippet:-1","max-image-preview":"max-image-preview:large","max-video-preview":"max-video-preview:-1"},"canonical":"https:\/\/todotrial.com\/tienda\/dvds-motociclismo2014-08-01-16-04-00\/","og_locale":"es_ES","og_type":"article","og_title":"A-Z of British Motorcycles DVD","og_description":"Tres DVDs en un Box Set con todas las motos Britanicas","og_url":"https:\/\/todotrial.com\/tienda\/dvds-motociclismo2014-08-01-16-04-00\/","og_site_name":"Tienda de todotrial","article_modified_time":"2025-04-01T21:09:25+00:00","og_image":[{"width":360,"height":559,"url":"https:\/\/todotrial.com\/tienda\/wp-content\/uploads\/2014\/08\/a_z_motos_britanicas.jpg","type":"image\/jpeg"}],"twitter_card":"summary_large_image","twitter_misc":{"Tiempo de lectura":"2 minutos"},"schema":{"@context":"https:\/\/schema.org","@graph":[{"@type":"WebPage","@id":"https:\/\/todotrial.com\/tienda\/dvds-motociclismo2014-08-01-16-04-00\/","url":"https:\/\/todotrial.com\/tienda\/dvds-motociclismo2014-08-01-16-04-00\/","name":"A-Z of British Motorcycles DVD - Tienda de todotrial","isPartOf":{"@id":"https:\/\/todotrial.com\/tienda\/#website"},"primaryImageOfPage":{"@id":"https:\/\/todotrial.com\/tienda\/dvds-motociclismo2014-08-01-16-04-00\/#primaryimage"},"image":{"@id":"https:\/\/todotrial.com\/tienda\/dvds-motociclismo2014-08-01-16-04-00\/#primaryimage"},"thumbnailUrl":"https:\/\/todotrial.com\/tienda\/wp-content\/uploads\/2014\/08\/a_z_motos_britanicas.jpg","datePublished":"2014-08-01T16:04:00+00:00","dateModified":"2025-04-01T21:09:25+00:00","breadcrumb":{"@id":"https:\/\/todotrial.com\/tienda\/dvds-motociclismo2014-08-01-16-04-00\/#breadcrumb"},"inLanguage":"es","potentialAction":[{"@type":"ReadAction","target":["https:\/\/todotrial.com\/tienda\/dvds-motociclismo2014-08-01-16-04-00\/"]}]},{"@type":"ImageObject","inLanguage":"es","@id":"https:\/\/todotrial.com\/tienda\/dvds-motociclismo2014-08-01-16-04-00\/#primaryimage","url":"https:\/\/todotrial.com\/tienda\/wp-content\/uploads\/2014\/08\/a_z_motos_britanicas.jpg","contentUrl":"https:\/\/todotrial.com\/tienda\/wp-content\/uploads\/2014\/08\/a_z_motos_britanicas.jpg","width":360,"height":559},{"@type":"BreadcrumbList","@id":"https:\/\/todotrial.com\/tienda\/dvds-motociclismo2014-08-01-16-04-00\/#breadcrumb","itemListElement":[{"@type":"ListItem","position":1,"name":"Portada","item":"https:\/\/todotrial.com\/tienda\/"},{"@type":"ListItem","position":2,"name":"Shop","item":"https:\/\/todotrial.com\/tienda\/shop\/"},{"@type":"ListItem","position":3,"name":"A-Z of British Motorcycles DVD"}]},{"@type":"WebSite","@id":"https:\/\/todotrial.com\/tienda\/#website","url":"https:\/\/todotrial.com\/tienda\/","name":"Tienda de todotrial","description":"","potentialAction":[{"@type":"SearchAction","target":{"@type":"EntryPoint","urlTemplate":"https:\/\/todotrial.com\/tienda\/?s={search_term_string}"},"query-input":{"@type":"PropertyValueSpecification","valueRequired":true,"valueName":"search_term_string"}}],"inLanguage":"es"}]}},"_links":{"self":[{"href":"https:\/\/todotrial.com\/tienda\/wp-json\/wp\/v2\/product\/1810","targetHints":{"allow":["GET"]}}],"collection":[{"href":"https:\/\/todotrial.com\/tienda\/wp-json\/wp\/v2\/product"}],"about":[{"href":"https:\/\/todotrial.com\/tienda\/wp-json\/wp\/v2\/types\/product"}],"replies":[{"embeddable":true,"href":"https:\/\/todotrial.com\/tienda\/wp-json\/wp\/v2\/comments?post=1810"}],"version-history":[{"count":1,"href":"https:\/\/todotrial.com\/tienda\/wp-json\/wp\/v2\/product\/1810\/revisions"}],"predecessor-version":[{"id":54953,"href":"https:\/\/todotrial.com\/tienda\/wp-json\/wp\/v2\/product\/1810\/revisions\/54953"}],"wp:featuredmedia":[{"embeddable":true,"href":"https:\/\/todotrial.com\/tienda\/wp-json\/wp\/v2\/media\/1809"}],"wp:attachment":[{"href":"https:\/\/todotrial.com\/tienda\/wp-json\/wp\/v2\/media?parent=1810"}],"wp:term":[{"taxonomy":"product_brand","embeddable":true,"href":"https:\/\/todotrial.com\/tienda\/wp-json\/wp\/v2\/product_brand?post=1810"},{"taxonomy":"product_cat","embeddable":true,"href":"https:\/\/todotrial.com\/tienda\/wp-json\/wp\/v2\/product_cat?post=1810"},{"taxonomy":"product_tag","embeddable":true,"href":"https:\/\/todotrial.com\/tienda\/wp-json\/wp\/v2\/product_tag?post=1810"}],"curies":[{"name":"wp","href":"https:\/\/api.w.org\/{rel}","templated":true}]}}