{"id":1667,"date":"2020-07-02T15:57:48","date_gmt":"2020-07-02T15:57:48","guid":{"rendered":"https:\/\/todotrial.com\/tienda\/product\/camiseta2014-06-04-15-17-19\/"},"modified":"2025-05-13T20:53:37","modified_gmt":"2025-05-13T19:53:37","slug":"camiseta2014-06-04-15-17-19","status":"publish","type":"product","link":"https:\/\/todotrial.com\/tienda\/camiseta2014-06-04-15-17-19\/","title":{"rendered":"Camiseta de Trial Fantic cl\u00e1sica"},"content":{"rendered":"<p>Camiseta Fantic realizada con un tejido t\u00e9cnico poliester con tratamiento Coolmax\u00ae, anti-bacteriano y transpirable.<\/p>\n<p>Con -Microfresh- que proporciona un tacto suave, dispersa el sudor y las concentraciones de calor corporal, proporcionando asi un secado r\u00e1pido d ela prenda. Ofrece alta resistencia a las rozaduras, desgastes y enganchones.<\/p>\n<p>Fantic Motor es una de esas m\u00edticas marcas italianas que consigui\u00f3 3 Campeonatos del Mundo de Trial de la mano del franc\u00e9s Thierry Michaud y que tambi\u00e9n fuero pilotadas por Diego Bosis, Gilles Burgat y nuestro Jaime Subir\u00e1. Ahora en el Siglo XXI los pilotos de trial de cl\u00e1sicas siguen manteniendo vivo el esp\u00edritu de Fantic y sus modelos se pueden ver en cualquier trial de cl\u00e1sicas por toda Europa.<\/p>\n<p>Esta camiseta de competici\u00f3n no es una r\u00e9plica exacta de las camisetas que llevaban los pilotos oficiales de la marca en los a\u00f1os 80 pero s\u00ed muy similar con un toque \u00abclassic\u00bb para que t\u00fa puedas parecerte a esos grandes pilotos que hicieron de Fantic una gran marca. Ahora tienes la posibilidad de conseguirla para lucirla en todos los triales en los que participes y a un precio incre\u00edble.<\/p>\n<p>Disponible en promoci\u00f3n, unidades limitadas.<\/p>\n<p>\u00a1Forza Fantic!<\/p>\n<p>Tallas disponibles:<\/p>\n<p>M: ancho: 50cm \/ largo: 65cm &#8211; <span style=\"color: #ff0000;\">QUEDA 1<\/span><\/p>\n<p>L: ancho: 53cm \/ largo: 67cm &#8211; <span style=\"color: #ff0000;\">AGOTADA<\/span><\/p>\n<p>XL: ancho: 56,5cm \/ largo: 69cm &#8211;<span style=\"color: #ff0000;\"> AGOTADA<\/span><\/p>\n<p>Tallas Disponibles: s\u00f3lo quedan M<\/p>\n","protected":false},"excerpt":{"rendered":"<p>Camiseta Fantic realizada con un tejido t\u00e9cnico poliester con tratamiento Coolmax\u00ae, anti-bacteriano y transpirable<br \/>\n-Microfresh- que proporciona un tacto suave, dispersa el sudor y las concentraciones de calor corporal, proporcionando as\u00ed un secado r\u00e1pido d ela prenda. Ofrece alta resistencia a las rozaduras, desgastes y enganchones.<\/p>\n","protected":false},"featured_media":20,"comment_status":"open","ping_status":"closed","template":"","meta":[],"product_brand":[],"product_cat":[11394,11396],"product_tag":[],"class_list":{"0":"post-1667","1":"product","2":"type-product","3":"status-publish","4":"has-post-thumbnail","6":"product_cat-camisetas-equipacion","7":"product_cat-camisetas-equipacion-bici-trial","9":"first","10":"outofstock","11":"taxable","12":"shipping-taxable","13":"purchasable","14":"product-type-variable"},"yoast_head":"<!-- This site is optimized with the Yoast SEO Premium plugin v21.2 (Yoast SEO v27.4) - https:\/\/yoast.com\/product\/yoast-seo-premium-wordpress\/ -->\n<title>Camiseta de Trial Fantic cl\u00e1sica - Tienda de todotrial<\/title>\n<meta name=\"robots\" content=\"index, follow, max-snippet:-1, max-image-preview:large, max-video-preview:-1\" \/>\n<link rel=\"canonical\" href=\"https:\/\/todotrial.com\/tienda\/camiseta2014-06-04-15-17-19\/\" \/>\n<meta property=\"og:locale\" content=\"es_ES\" \/>\n<meta property=\"og:type\" content=\"article\" \/>\n<meta property=\"og:title\" content=\"Camiseta de Trial Fantic cl\u00e1sica\" \/>\n<meta property=\"og:description\" content=\"Camiseta Fantic realizada con un tejido t\u00e9cnico poliester con tratamiento Coolmax\u00ae, anti-bacteriano y transpirable -Microfresh- que proporciona un tacto suave, dispersa el sudor y las concentraciones de calor corporal, proporcionando as\u00ed un secado r\u00e1pido d ela prenda. Ofrece alta resistencia a las rozaduras, desgastes y enganchones.\" \/>\n<meta property=\"og:url\" content=\"https:\/\/todotrial.com\/tienda\/camiseta2014-06-04-15-17-19\/\" \/>\n<meta property=\"og:site_name\" content=\"Tienda de todotrial\" \/>\n<meta property=\"article:modified_time\" content=\"2025-05-13T19:53:37+00:00\" \/>\n<meta property=\"og:image\" content=\"https:\/\/todotrial.com\/tienda\/wp-content\/uploads\/2020\/07\/fantic-frente.jpg\" \/>\n\t<meta property=\"og:image:width\" content=\"692\" \/>\n\t<meta property=\"og:image:height\" content=\"619\" \/>\n\t<meta property=\"og:image:type\" content=\"image\/jpeg\" \/>\n<meta name=\"twitter:card\" content=\"summary_large_image\" \/>\n<meta name=\"twitter:label1\" content=\"Tiempo de lectura\" \/>\n\t<meta name=\"twitter:data1\" content=\"2 minutos\" \/>\n<script type=\"application\/ld+json\" class=\"yoast-schema-graph\">{\"@context\":\"https:\\\/\\\/schema.org\",\"@graph\":[{\"@type\":\"WebPage\",\"@id\":\"https:\\\/\\\/todotrial.com\\\/tienda\\\/camiseta2014-06-04-15-17-19\\\/\",\"url\":\"https:\\\/\\\/todotrial.com\\\/tienda\\\/camiseta2014-06-04-15-17-19\\\/\",\"name\":\"Camiseta de Trial Fantic cl\u00e1sica - Tienda de todotrial\",\"isPartOf\":{\"@id\":\"https:\\\/\\\/todotrial.com\\\/tienda\\\/#website\"},\"primaryImageOfPage\":{\"@id\":\"https:\\\/\\\/todotrial.com\\\/tienda\\\/camiseta2014-06-04-15-17-19\\\/#primaryimage\"},\"image\":{\"@id\":\"https:\\\/\\\/todotrial.com\\\/tienda\\\/camiseta2014-06-04-15-17-19\\\/#primaryimage\"},\"thumbnailUrl\":\"https:\\\/\\\/todotrial.com\\\/tienda\\\/wp-content\\\/uploads\\\/2020\\\/07\\\/fantic-frente.jpg\",\"datePublished\":\"2020-07-02T15:57:48+00:00\",\"dateModified\":\"2025-05-13T19:53:37+00:00\",\"breadcrumb\":{\"@id\":\"https:\\\/\\\/todotrial.com\\\/tienda\\\/camiseta2014-06-04-15-17-19\\\/#breadcrumb\"},\"inLanguage\":\"es\",\"potentialAction\":[{\"@type\":\"ReadAction\",\"target\":[\"https:\\\/\\\/todotrial.com\\\/tienda\\\/camiseta2014-06-04-15-17-19\\\/\"]}]},{\"@type\":\"ImageObject\",\"inLanguage\":\"es\",\"@id\":\"https:\\\/\\\/todotrial.com\\\/tienda\\\/camiseta2014-06-04-15-17-19\\\/#primaryimage\",\"url\":\"https:\\\/\\\/todotrial.com\\\/tienda\\\/wp-content\\\/uploads\\\/2020\\\/07\\\/fantic-frente.jpg\",\"contentUrl\":\"https:\\\/\\\/todotrial.com\\\/tienda\\\/wp-content\\\/uploads\\\/2020\\\/07\\\/fantic-frente.jpg\",\"width\":692,\"height\":619},{\"@type\":\"BreadcrumbList\",\"@id\":\"https:\\\/\\\/todotrial.com\\\/tienda\\\/camiseta2014-06-04-15-17-19\\\/#breadcrumb\",\"itemListElement\":[{\"@type\":\"ListItem\",\"position\":1,\"name\":\"Portada\",\"item\":\"https:\\\/\\\/todotrial.com\\\/tienda\\\/\"},{\"@type\":\"ListItem\",\"position\":2,\"name\":\"Shop\",\"item\":\"https:\\\/\\\/todotrial.com\\\/tienda\\\/shop\\\/\"},{\"@type\":\"ListItem\",\"position\":3,\"name\":\"Camiseta de Trial Fantic cl\u00e1sica\"}]},{\"@type\":\"WebSite\",\"@id\":\"https:\\\/\\\/todotrial.com\\\/tienda\\\/#website\",\"url\":\"https:\\\/\\\/todotrial.com\\\/tienda\\\/\",\"name\":\"Tienda de todotrial\",\"description\":\"\",\"potentialAction\":[{\"@type\":\"SearchAction\",\"target\":{\"@type\":\"EntryPoint\",\"urlTemplate\":\"https:\\\/\\\/todotrial.com\\\/tienda\\\/?s={search_term_string}\"},\"query-input\":{\"@type\":\"PropertyValueSpecification\",\"valueRequired\":true,\"valueName\":\"search_term_string\"}}],\"inLanguage\":\"es\"}]}<\/script>\n<!-- \/ Yoast SEO Premium plugin. -->","yoast_head_json":{"title":"Camiseta de Trial Fantic cl\u00e1sica - Tienda de todotrial","robots":{"index":"index","follow":"follow","max-snippet":"max-snippet:-1","max-image-preview":"max-image-preview:large","max-video-preview":"max-video-preview:-1"},"canonical":"https:\/\/todotrial.com\/tienda\/camiseta2014-06-04-15-17-19\/","og_locale":"es_ES","og_type":"article","og_title":"Camiseta de Trial Fantic cl\u00e1sica","og_description":"Camiseta Fantic realizada con un tejido t\u00e9cnico poliester con tratamiento Coolmax\u00ae, anti-bacteriano y transpirable -Microfresh- que proporciona un tacto suave, dispersa el sudor y las concentraciones de calor corporal, proporcionando as\u00ed un secado r\u00e1pido d ela prenda. Ofrece alta resistencia a las rozaduras, desgastes y enganchones.","og_url":"https:\/\/todotrial.com\/tienda\/camiseta2014-06-04-15-17-19\/","og_site_name":"Tienda de todotrial","article_modified_time":"2025-05-13T19:53:37+00:00","og_image":[{"width":692,"height":619,"url":"https:\/\/todotrial.com\/tienda\/wp-content\/uploads\/2020\/07\/fantic-frente.jpg","type":"image\/jpeg"}],"twitter_card":"summary_large_image","twitter_misc":{"Tiempo de lectura":"2 minutos"},"schema":{"@context":"https:\/\/schema.org","@graph":[{"@type":"WebPage","@id":"https:\/\/todotrial.com\/tienda\/camiseta2014-06-04-15-17-19\/","url":"https:\/\/todotrial.com\/tienda\/camiseta2014-06-04-15-17-19\/","name":"Camiseta de Trial Fantic cl\u00e1sica - Tienda de todotrial","isPartOf":{"@id":"https:\/\/todotrial.com\/tienda\/#website"},"primaryImageOfPage":{"@id":"https:\/\/todotrial.com\/tienda\/camiseta2014-06-04-15-17-19\/#primaryimage"},"image":{"@id":"https:\/\/todotrial.com\/tienda\/camiseta2014-06-04-15-17-19\/#primaryimage"},"thumbnailUrl":"https:\/\/todotrial.com\/tienda\/wp-content\/uploads\/2020\/07\/fantic-frente.jpg","datePublished":"2020-07-02T15:57:48+00:00","dateModified":"2025-05-13T19:53:37+00:00","breadcrumb":{"@id":"https:\/\/todotrial.com\/tienda\/camiseta2014-06-04-15-17-19\/#breadcrumb"},"inLanguage":"es","potentialAction":[{"@type":"ReadAction","target":["https:\/\/todotrial.com\/tienda\/camiseta2014-06-04-15-17-19\/"]}]},{"@type":"ImageObject","inLanguage":"es","@id":"https:\/\/todotrial.com\/tienda\/camiseta2014-06-04-15-17-19\/#primaryimage","url":"https:\/\/todotrial.com\/tienda\/wp-content\/uploads\/2020\/07\/fantic-frente.jpg","contentUrl":"https:\/\/todotrial.com\/tienda\/wp-content\/uploads\/2020\/07\/fantic-frente.jpg","width":692,"height":619},{"@type":"BreadcrumbList","@id":"https:\/\/todotrial.com\/tienda\/camiseta2014-06-04-15-17-19\/#breadcrumb","itemListElement":[{"@type":"ListItem","position":1,"name":"Portada","item":"https:\/\/todotrial.com\/tienda\/"},{"@type":"ListItem","position":2,"name":"Shop","item":"https:\/\/todotrial.com\/tienda\/shop\/"},{"@type":"ListItem","position":3,"name":"Camiseta de Trial Fantic cl\u00e1sica"}]},{"@type":"WebSite","@id":"https:\/\/todotrial.com\/tienda\/#website","url":"https:\/\/todotrial.com\/tienda\/","name":"Tienda de todotrial","description":"","potentialAction":[{"@type":"SearchAction","target":{"@type":"EntryPoint","urlTemplate":"https:\/\/todotrial.com\/tienda\/?s={search_term_string}"},"query-input":{"@type":"PropertyValueSpecification","valueRequired":true,"valueName":"search_term_string"}}],"inLanguage":"es"}]}},"_links":{"self":[{"href":"https:\/\/todotrial.com\/tienda\/wp-json\/wp\/v2\/product\/1667","targetHints":{"allow":["GET"]}}],"collection":[{"href":"https:\/\/todotrial.com\/tienda\/wp-json\/wp\/v2\/product"}],"about":[{"href":"https:\/\/todotrial.com\/tienda\/wp-json\/wp\/v2\/types\/product"}],"replies":[{"embeddable":true,"href":"https:\/\/todotrial.com\/tienda\/wp-json\/wp\/v2\/comments?post=1667"}],"version-history":[{"count":1,"href":"https:\/\/todotrial.com\/tienda\/wp-json\/wp\/v2\/product\/1667\/revisions"}],"predecessor-version":[{"id":55839,"href":"https:\/\/todotrial.com\/tienda\/wp-json\/wp\/v2\/product\/1667\/revisions\/55839"}],"wp:featuredmedia":[{"embeddable":true,"href":"https:\/\/todotrial.com\/tienda\/wp-json\/wp\/v2\/media\/20"}],"wp:attachment":[{"href":"https:\/\/todotrial.com\/tienda\/wp-json\/wp\/v2\/media?parent=1667"}],"wp:term":[{"taxonomy":"product_brand","embeddable":true,"href":"https:\/\/todotrial.com\/tienda\/wp-json\/wp\/v2\/product_brand?post=1667"},{"taxonomy":"product_cat","embeddable":true,"href":"https:\/\/todotrial.com\/tienda\/wp-json\/wp\/v2\/product_cat?post=1667"},{"taxonomy":"product_tag","embeddable":true,"href":"https:\/\/todotrial.com\/tienda\/wp-json\/wp\/v2\/product_tag?post=1667"}],"curies":[{"name":"wp","href":"https:\/\/api.w.org\/{rel}","templated":true}]}}