{"id":1638,"date":"2020-07-02T15:56:12","date_gmt":"2020-07-02T15:56:12","guid":{"rendered":"https:\/\/todotrial.com\/tienda\/product\/dvds-motociclismo2014-05-27-20-46-06\/"},"modified":"2025-02-20T17:31:38","modified_gmt":"2025-02-20T16:31:38","slug":"dvds-motociclismo2014-05-27-20-46-06","status":"publish","type":"product","link":"https:\/\/todotrial.com\/tienda\/dvds-motociclismo2014-05-27-20-46-06\/","title":{"rendered":"Great British Bikes DVD Limited Edition"},"content":{"rendered":"<p>Grandes motos brit\u00e1nicas DVD de edici\u00f3n limitada &#8211; Descripci\u00f3n<\/p>\n<p>Por m\u00e1s de 100 a\u00f1os , las motos brit\u00e1nicos estaban entre los m\u00e1s deseadas. De hecho , durante gran parte del siglo XX,las motocicletas brit\u00e1nicas gobernaron el mundo .<\/p>\n<p>En este magn\u00edfico homenaje , rendimos tributo a las motocicletas m\u00e1s carism\u00e1ticas , centr\u00e1ndonos en la carretera y motos de carrera m\u00e1s admirados , que van desdelas singles de alto rendimiento ,pasando por las twins las VEE-twins &#8211; y una unica de 4 tiempos.<\/p>\n<p>M\u00e1quinas destacadas incluyen:<\/p>\n<p>Triumph Bonneville &#8211; versi\u00f3n ultima del famoso bicil\u00edndrico en paralelo de Edward Turner , adem\u00e1s de im\u00e1genes exclusivas de la versi\u00f3n de 2001 .<\/p>\n<p>BSA Gold Star &#8211; Ganadora de prestigiosos eventos como las carreras de la Isla de Man TT , GP motocross y triales internacionales . La m\u00e1s grande todo terreno.<\/p>\n<p>BSA Sport Twins &#8211; BSA rival de la Triumph Bonneville . De la SSDT Star Twins a la fabulosa Rocket Gold Star .<\/p>\n<p>BSA \/ Triumph Triples &#8211; La BSA Rocket Three and Triumph Trident estaban a la altura de cualquier oposici\u00f3n en el Formula 750 carreras de la clase de esa \u00e9poca.<\/p>\n<p>Norton Commando &#8211; Una de las mejores motos que se han hecho en Inglaterra. Magn\u00edfico en la carretera y un ganador en la pista.<\/p>\n<p>Manx Norton &#8211; Se mantuvo con vida en los Grandes Premios durante 40 a\u00f1os , ganando muchos de Isle of Man TT carreras y campeonatos mundiales a lo largo del camino.<\/p>\n<p>AJS 7R\/Matchless G50 &#8211; 350 y 500cc versiones de la misma de un solo cilindro corredor vial que se mantuvo competitivo hasta el final de los a\u00f1os sesenta . El mayor rival del Manx Norton.<\/p>\n<p>La Vincent Black Shadow &#8211; La alta especificaci\u00f3n de la m\u00e1quina legendaria de Vincent en \u00faltima instancia condujo a la ca\u00edda de la empresa , ya que s\u00f3lo los entusiastas m\u00e1s ricos pod\u00edan pagarlos.<\/p>\n<p>Velocette Thruxton &#8211; El final de una l\u00ednea de fuertes individuales deportivos de la compa\u00f1\u00eda de Birmingham, y un ganador en las carreras de resistencia internacionales.<\/p>\n<p>Ariel Square Four &#8211; La \u00fanica m\u00e1quina de cuatro cilindros jam\u00e1s puesto en volumen de producci\u00f3n por un fabricante brit\u00e1nico. Podr\u00eda pasar de 10 a 100 mph a tope.<\/p>\n","protected":false},"excerpt":{"rendered":"<p>Great British Bikes DVD Limited Edition.<br \/>\ndurante  m\u00e1s de 100 a\u00f1os, las motos brit\u00e1nicas estaban entre los m\u00e1s deseadas. De hecho, durante gran parte del siglo XX, las motocicletas brit\u00e1nicas gobernaron el mundo.<\/p>\n","protected":false},"featured_media":1637,"comment_status":"open","ping_status":"closed","template":"","meta":[],"product_brand":[],"product_cat":[15],"product_tag":[],"class_list":{"0":"post-1638","1":"product","2":"type-product","3":"status-publish","4":"has-post-thumbnail","6":"product_cat-uncategorized","8":"first","9":"instock","10":"taxable","11":"shipping-taxable","12":"purchasable","13":"product-type-simple"},"yoast_head":"<!-- This site is optimized with the Yoast SEO Premium plugin v21.2 (Yoast SEO v27.5) - https:\/\/yoast.com\/product\/yoast-seo-premium-wordpress\/ -->\n<title>Great British Bikes DVD Limited Edition - Tienda de todotrial<\/title>\n<meta name=\"robots\" content=\"index, follow, max-snippet:-1, max-image-preview:large, max-video-preview:-1\" \/>\n<link rel=\"canonical\" href=\"https:\/\/todotrial.com\/tienda\/dvds-motociclismo2014-05-27-20-46-06\/\" \/>\n<meta property=\"og:locale\" content=\"es_ES\" \/>\n<meta property=\"og:type\" content=\"article\" \/>\n<meta property=\"og:title\" content=\"Great British Bikes DVD Limited Edition\" \/>\n<meta property=\"og:description\" content=\"Great British Bikes DVD Limited Edition. durante m\u00e1s de 100 a\u00f1os, las motos brit\u00e1nicas estaban entre los m\u00e1s deseadas. De hecho, durante gran parte del siglo XX, las motocicletas brit\u00e1nicas gobernaron el mundo.\" \/>\n<meta property=\"og:url\" content=\"https:\/\/todotrial.com\/tienda\/dvds-motociclismo2014-05-27-20-46-06\/\" \/>\n<meta property=\"og:site_name\" content=\"Tienda de todotrial\" \/>\n<meta property=\"article:modified_time\" content=\"2025-02-20T16:31:38+00:00\" \/>\n<meta property=\"og:image\" content=\"https:\/\/todotrial.com\/tienda\/wp-content\/uploads\/2020\/07\/las_grandes_motos_britanicas.jpg\" \/>\n\t<meta property=\"og:image:width\" content=\"360\" \/>\n\t<meta property=\"og:image:height\" content=\"516\" \/>\n\t<meta property=\"og:image:type\" content=\"image\/jpeg\" \/>\n<meta name=\"twitter:card\" content=\"summary_large_image\" \/>\n<meta name=\"twitter:label1\" content=\"Tiempo de lectura\" \/>\n\t<meta name=\"twitter:data1\" content=\"2 minutos\" \/>\n<script type=\"application\/ld+json\" class=\"yoast-schema-graph\">{\"@context\":\"https:\\\/\\\/schema.org\",\"@graph\":[{\"@type\":\"WebPage\",\"@id\":\"https:\\\/\\\/todotrial.com\\\/tienda\\\/dvds-motociclismo2014-05-27-20-46-06\\\/\",\"url\":\"https:\\\/\\\/todotrial.com\\\/tienda\\\/dvds-motociclismo2014-05-27-20-46-06\\\/\",\"name\":\"Great British Bikes DVD Limited Edition - Tienda de todotrial\",\"isPartOf\":{\"@id\":\"https:\\\/\\\/todotrial.com\\\/tienda\\\/#website\"},\"primaryImageOfPage\":{\"@id\":\"https:\\\/\\\/todotrial.com\\\/tienda\\\/dvds-motociclismo2014-05-27-20-46-06\\\/#primaryimage\"},\"image\":{\"@id\":\"https:\\\/\\\/todotrial.com\\\/tienda\\\/dvds-motociclismo2014-05-27-20-46-06\\\/#primaryimage\"},\"thumbnailUrl\":\"https:\\\/\\\/todotrial.com\\\/tienda\\\/wp-content\\\/uploads\\\/2020\\\/07\\\/las_grandes_motos_britanicas.jpg\",\"datePublished\":\"2020-07-02T15:56:12+00:00\",\"dateModified\":\"2025-02-20T16:31:38+00:00\",\"breadcrumb\":{\"@id\":\"https:\\\/\\\/todotrial.com\\\/tienda\\\/dvds-motociclismo2014-05-27-20-46-06\\\/#breadcrumb\"},\"inLanguage\":\"es\",\"potentialAction\":[{\"@type\":\"ReadAction\",\"target\":[\"https:\\\/\\\/todotrial.com\\\/tienda\\\/dvds-motociclismo2014-05-27-20-46-06\\\/\"]}]},{\"@type\":\"ImageObject\",\"inLanguage\":\"es\",\"@id\":\"https:\\\/\\\/todotrial.com\\\/tienda\\\/dvds-motociclismo2014-05-27-20-46-06\\\/#primaryimage\",\"url\":\"https:\\\/\\\/todotrial.com\\\/tienda\\\/wp-content\\\/uploads\\\/2020\\\/07\\\/las_grandes_motos_britanicas.jpg\",\"contentUrl\":\"https:\\\/\\\/todotrial.com\\\/tienda\\\/wp-content\\\/uploads\\\/2020\\\/07\\\/las_grandes_motos_britanicas.jpg\",\"width\":360,\"height\":516},{\"@type\":\"BreadcrumbList\",\"@id\":\"https:\\\/\\\/todotrial.com\\\/tienda\\\/dvds-motociclismo2014-05-27-20-46-06\\\/#breadcrumb\",\"itemListElement\":[{\"@type\":\"ListItem\",\"position\":1,\"name\":\"Portada\",\"item\":\"https:\\\/\\\/todotrial.com\\\/tienda\\\/\"},{\"@type\":\"ListItem\",\"position\":2,\"name\":\"Shop\",\"item\":\"https:\\\/\\\/todotrial.com\\\/tienda\\\/shop\\\/\"},{\"@type\":\"ListItem\",\"position\":3,\"name\":\"Great British Bikes DVD Limited Edition\"}]},{\"@type\":\"WebSite\",\"@id\":\"https:\\\/\\\/todotrial.com\\\/tienda\\\/#website\",\"url\":\"https:\\\/\\\/todotrial.com\\\/tienda\\\/\",\"name\":\"Tienda de todotrial\",\"description\":\"\",\"potentialAction\":[{\"@type\":\"SearchAction\",\"target\":{\"@type\":\"EntryPoint\",\"urlTemplate\":\"https:\\\/\\\/todotrial.com\\\/tienda\\\/?s={search_term_string}\"},\"query-input\":{\"@type\":\"PropertyValueSpecification\",\"valueRequired\":true,\"valueName\":\"search_term_string\"}}],\"inLanguage\":\"es\"}]}<\/script>\n<!-- \/ Yoast SEO Premium plugin. -->","yoast_head_json":{"title":"Great British Bikes DVD Limited Edition - Tienda de todotrial","robots":{"index":"index","follow":"follow","max-snippet":"max-snippet:-1","max-image-preview":"max-image-preview:large","max-video-preview":"max-video-preview:-1"},"canonical":"https:\/\/todotrial.com\/tienda\/dvds-motociclismo2014-05-27-20-46-06\/","og_locale":"es_ES","og_type":"article","og_title":"Great British Bikes DVD Limited Edition","og_description":"Great British Bikes DVD Limited Edition. durante m\u00e1s de 100 a\u00f1os, las motos brit\u00e1nicas estaban entre los m\u00e1s deseadas. De hecho, durante gran parte del siglo XX, las motocicletas brit\u00e1nicas gobernaron el mundo.","og_url":"https:\/\/todotrial.com\/tienda\/dvds-motociclismo2014-05-27-20-46-06\/","og_site_name":"Tienda de todotrial","article_modified_time":"2025-02-20T16:31:38+00:00","og_image":[{"width":360,"height":516,"url":"https:\/\/todotrial.com\/tienda\/wp-content\/uploads\/2020\/07\/las_grandes_motos_britanicas.jpg","type":"image\/jpeg"}],"twitter_card":"summary_large_image","twitter_misc":{"Tiempo de lectura":"2 minutos"},"schema":{"@context":"https:\/\/schema.org","@graph":[{"@type":"WebPage","@id":"https:\/\/todotrial.com\/tienda\/dvds-motociclismo2014-05-27-20-46-06\/","url":"https:\/\/todotrial.com\/tienda\/dvds-motociclismo2014-05-27-20-46-06\/","name":"Great British Bikes DVD Limited Edition - Tienda de todotrial","isPartOf":{"@id":"https:\/\/todotrial.com\/tienda\/#website"},"primaryImageOfPage":{"@id":"https:\/\/todotrial.com\/tienda\/dvds-motociclismo2014-05-27-20-46-06\/#primaryimage"},"image":{"@id":"https:\/\/todotrial.com\/tienda\/dvds-motociclismo2014-05-27-20-46-06\/#primaryimage"},"thumbnailUrl":"https:\/\/todotrial.com\/tienda\/wp-content\/uploads\/2020\/07\/las_grandes_motos_britanicas.jpg","datePublished":"2020-07-02T15:56:12+00:00","dateModified":"2025-02-20T16:31:38+00:00","breadcrumb":{"@id":"https:\/\/todotrial.com\/tienda\/dvds-motociclismo2014-05-27-20-46-06\/#breadcrumb"},"inLanguage":"es","potentialAction":[{"@type":"ReadAction","target":["https:\/\/todotrial.com\/tienda\/dvds-motociclismo2014-05-27-20-46-06\/"]}]},{"@type":"ImageObject","inLanguage":"es","@id":"https:\/\/todotrial.com\/tienda\/dvds-motociclismo2014-05-27-20-46-06\/#primaryimage","url":"https:\/\/todotrial.com\/tienda\/wp-content\/uploads\/2020\/07\/las_grandes_motos_britanicas.jpg","contentUrl":"https:\/\/todotrial.com\/tienda\/wp-content\/uploads\/2020\/07\/las_grandes_motos_britanicas.jpg","width":360,"height":516},{"@type":"BreadcrumbList","@id":"https:\/\/todotrial.com\/tienda\/dvds-motociclismo2014-05-27-20-46-06\/#breadcrumb","itemListElement":[{"@type":"ListItem","position":1,"name":"Portada","item":"https:\/\/todotrial.com\/tienda\/"},{"@type":"ListItem","position":2,"name":"Shop","item":"https:\/\/todotrial.com\/tienda\/shop\/"},{"@type":"ListItem","position":3,"name":"Great British Bikes DVD Limited Edition"}]},{"@type":"WebSite","@id":"https:\/\/todotrial.com\/tienda\/#website","url":"https:\/\/todotrial.com\/tienda\/","name":"Tienda de todotrial","description":"","potentialAction":[{"@type":"SearchAction","target":{"@type":"EntryPoint","urlTemplate":"https:\/\/todotrial.com\/tienda\/?s={search_term_string}"},"query-input":{"@type":"PropertyValueSpecification","valueRequired":true,"valueName":"search_term_string"}}],"inLanguage":"es"}]}},"_links":{"self":[{"href":"https:\/\/todotrial.com\/tienda\/wp-json\/wp\/v2\/product\/1638","targetHints":{"allow":["GET"]}}],"collection":[{"href":"https:\/\/todotrial.com\/tienda\/wp-json\/wp\/v2\/product"}],"about":[{"href":"https:\/\/todotrial.com\/tienda\/wp-json\/wp\/v2\/types\/product"}],"replies":[{"embeddable":true,"href":"https:\/\/todotrial.com\/tienda\/wp-json\/wp\/v2\/comments?post=1638"}],"version-history":[{"count":0,"href":"https:\/\/todotrial.com\/tienda\/wp-json\/wp\/v2\/product\/1638\/revisions"}],"wp:featuredmedia":[{"embeddable":true,"href":"https:\/\/todotrial.com\/tienda\/wp-json\/wp\/v2\/media\/1637"}],"wp:attachment":[{"href":"https:\/\/todotrial.com\/tienda\/wp-json\/wp\/v2\/media?parent=1638"}],"wp:term":[{"taxonomy":"product_brand","embeddable":true,"href":"https:\/\/todotrial.com\/tienda\/wp-json\/wp\/v2\/product_brand?post=1638"},{"taxonomy":"product_cat","embeddable":true,"href":"https:\/\/todotrial.com\/tienda\/wp-json\/wp\/v2\/product_cat?post=1638"},{"taxonomy":"product_tag","embeddable":true,"href":"https:\/\/todotrial.com\/tienda\/wp-json\/wp\/v2\/product_tag?post=1638"}],"curies":[{"name":"wp","href":"https:\/\/api.w.org\/{rel}","templated":true}]}}