{"id":1634,"date":"2020-07-02T15:55:58","date_gmt":"2020-07-02T15:55:58","guid":{"rendered":"https:\/\/todotrial.com\/tienda\/product\/dvds-sport\/"},"modified":"2025-02-20T17:31:40","modified_gmt":"2025-02-20T16:31:40","slug":"dvds-sport","status":"publish","type":"product","link":"https:\/\/todotrial.com\/tienda\/dvds-sport\/","title":{"rendered":"World Sports Car 1983-1989"},"content":{"rendered":"<p>World Sports Car 1983-1989 &#8211; Descripci\u00f3n<\/p>\n<p>La d\u00e9cada de 1980 fue la \u00e9poca de los grandes coches deportivos del Grupo C , cuando el Campeonato del Mundo de F\u00f3rmula Uno rivalizaba por el drama , la emoci\u00f3n y la competici\u00f3n rueda a rueda.<\/p>\n<p>Todos los grandes nombres est\u00e1n aqu\u00ed &#8211; Porsche , Jaguar , Lancia, Sauber , Nissan y Toyota &#8211; adem\u00e1s de todos los pilotos legendarios , incluyendo Jacky Ickx , Derek Bell, Stefan Bellof y Martin Brundle .<\/p>\n<p>Ahora puedes revivir siete temporadas espectaculares del campeonato en estos comentarios, nunca antes disponibles en DVD .<\/p>\n<p>\u00c9stos disponen de acci\u00f3n de las carreras incre\u00edble , un mont\u00f3n de material de archivo en el autom\u00f3vil y las entrevistas con los grandes nombres de la \u00e9poca , lo que garantiza una cobertura completa de todos los a\u00f1os.<\/p>\n<p>Ah\u00ed est\u00e1 la obra Rothmans Porsche equipo dominante 1983 con el poderoso 956, Bellof y Jochen Mass luchando hasta el final por el campeonato de 1984 , entrando en la divisi\u00f3n ronda final por apenas tres puntos y la llegada del Porsche 962C en 1985, a\u00f1o en el que las carreras perdido Stefan Bellof .<\/p>\n<p>Plus, 1986 , una temporada perseguida por la controversia a la \u00faltima bandera a cuadros , los preparados Walkinshaw Tom V12 XJR- 8 m\u00e1quinas Porsche humillante de todo 1987 , los coches de Sauber Mercedes sobrealimentados que entran en la refriega el t\u00edtulo en 1988 y las \u00bb flechas de plata &#8216; llegar de vuelta en la cima del mundo con el C9 impresionante en 1989, cuando la ronda final del t\u00edtulo de decidir se vio empa\u00f1ado por un \u00e9xito masivo.<\/p>\n","protected":false},"excerpt":{"rendered":"<p>World Sports Car 1983-1989<br \/>\n747 minutos<\/p>\n","protected":false},"featured_media":1633,"comment_status":"open","ping_status":"closed","template":"","meta":[],"product_brand":[],"product_cat":[15],"product_tag":[],"class_list":{"0":"post-1634","1":"product","2":"type-product","3":"status-publish","4":"has-post-thumbnail","6":"product_cat-uncategorized","8":"first","9":"instock","10":"taxable","11":"shipping-taxable","12":"purchasable","13":"product-type-simple"},"yoast_head":"<!-- This site is optimized with the Yoast SEO Premium plugin v21.2 (Yoast SEO v27.3) - https:\/\/yoast.com\/product\/yoast-seo-premium-wordpress\/ -->\n<title>World Sports Car 1983-1989 - Tienda de todotrial<\/title>\n<meta name=\"robots\" content=\"index, follow, max-snippet:-1, max-image-preview:large, max-video-preview:-1\" \/>\n<link rel=\"canonical\" href=\"https:\/\/todotrial.com\/tienda\/dvds-sport\/\" \/>\n<meta property=\"og:locale\" content=\"es_ES\" \/>\n<meta property=\"og:type\" content=\"article\" \/>\n<meta property=\"og:title\" content=\"World Sports Car 1983-1989\" \/>\n<meta property=\"og:description\" content=\"World Sports Car 1983-1989 747 minutos\" \/>\n<meta property=\"og:url\" content=\"https:\/\/todotrial.com\/tienda\/dvds-sport\/\" \/>\n<meta property=\"og:site_name\" content=\"Tienda de todotrial\" \/>\n<meta property=\"article:modified_time\" content=\"2025-02-20T16:31:40+00:00\" \/>\n<meta property=\"og:image\" content=\"https:\/\/todotrial.com\/tienda\/wp-content\/uploads\/2020\/07\/world_sport_cars_1983-1989.jpg\" \/>\n\t<meta property=\"og:image:width\" content=\"360\" \/>\n\t<meta property=\"og:image:height\" content=\"477\" \/>\n\t<meta property=\"og:image:type\" content=\"image\/jpeg\" \/>\n<meta name=\"twitter:card\" content=\"summary_large_image\" \/>\n<meta name=\"twitter:label1\" content=\"Tiempo de lectura\" \/>\n\t<meta name=\"twitter:data1\" content=\"1 minuto\" \/>\n<script type=\"application\/ld+json\" class=\"yoast-schema-graph\">{\"@context\":\"https:\\\/\\\/schema.org\",\"@graph\":[{\"@type\":\"WebPage\",\"@id\":\"https:\\\/\\\/todotrial.com\\\/tienda\\\/dvds-sport\\\/\",\"url\":\"https:\\\/\\\/todotrial.com\\\/tienda\\\/dvds-sport\\\/\",\"name\":\"World Sports Car 1983-1989 - Tienda de todotrial\",\"isPartOf\":{\"@id\":\"https:\\\/\\\/todotrial.com\\\/tienda\\\/#website\"},\"primaryImageOfPage\":{\"@id\":\"https:\\\/\\\/todotrial.com\\\/tienda\\\/dvds-sport\\\/#primaryimage\"},\"image\":{\"@id\":\"https:\\\/\\\/todotrial.com\\\/tienda\\\/dvds-sport\\\/#primaryimage\"},\"thumbnailUrl\":\"https:\\\/\\\/todotrial.com\\\/tienda\\\/wp-content\\\/uploads\\\/2020\\\/07\\\/world_sport_cars_1983-1989.jpg\",\"datePublished\":\"2020-07-02T15:55:58+00:00\",\"dateModified\":\"2025-02-20T16:31:40+00:00\",\"breadcrumb\":{\"@id\":\"https:\\\/\\\/todotrial.com\\\/tienda\\\/dvds-sport\\\/#breadcrumb\"},\"inLanguage\":\"es\",\"potentialAction\":[{\"@type\":\"ReadAction\",\"target\":[\"https:\\\/\\\/todotrial.com\\\/tienda\\\/dvds-sport\\\/\"]}]},{\"@type\":\"ImageObject\",\"inLanguage\":\"es\",\"@id\":\"https:\\\/\\\/todotrial.com\\\/tienda\\\/dvds-sport\\\/#primaryimage\",\"url\":\"https:\\\/\\\/todotrial.com\\\/tienda\\\/wp-content\\\/uploads\\\/2020\\\/07\\\/world_sport_cars_1983-1989.jpg\",\"contentUrl\":\"https:\\\/\\\/todotrial.com\\\/tienda\\\/wp-content\\\/uploads\\\/2020\\\/07\\\/world_sport_cars_1983-1989.jpg\",\"width\":360,\"height\":477},{\"@type\":\"BreadcrumbList\",\"@id\":\"https:\\\/\\\/todotrial.com\\\/tienda\\\/dvds-sport\\\/#breadcrumb\",\"itemListElement\":[{\"@type\":\"ListItem\",\"position\":1,\"name\":\"Portada\",\"item\":\"https:\\\/\\\/todotrial.com\\\/tienda\\\/\"},{\"@type\":\"ListItem\",\"position\":2,\"name\":\"Shop\",\"item\":\"https:\\\/\\\/todotrial.com\\\/tienda\\\/shop\\\/\"},{\"@type\":\"ListItem\",\"position\":3,\"name\":\"World Sports Car 1983-1989\"}]},{\"@type\":\"WebSite\",\"@id\":\"https:\\\/\\\/todotrial.com\\\/tienda\\\/#website\",\"url\":\"https:\\\/\\\/todotrial.com\\\/tienda\\\/\",\"name\":\"Tienda de todotrial\",\"description\":\"\",\"potentialAction\":[{\"@type\":\"SearchAction\",\"target\":{\"@type\":\"EntryPoint\",\"urlTemplate\":\"https:\\\/\\\/todotrial.com\\\/tienda\\\/?s={search_term_string}\"},\"query-input\":{\"@type\":\"PropertyValueSpecification\",\"valueRequired\":true,\"valueName\":\"search_term_string\"}}],\"inLanguage\":\"es\"}]}<\/script>\n<!-- \/ Yoast SEO Premium plugin. -->","yoast_head_json":{"title":"World Sports Car 1983-1989 - Tienda de todotrial","robots":{"index":"index","follow":"follow","max-snippet":"max-snippet:-1","max-image-preview":"max-image-preview:large","max-video-preview":"max-video-preview:-1"},"canonical":"https:\/\/todotrial.com\/tienda\/dvds-sport\/","og_locale":"es_ES","og_type":"article","og_title":"World Sports Car 1983-1989","og_description":"World Sports Car 1983-1989 747 minutos","og_url":"https:\/\/todotrial.com\/tienda\/dvds-sport\/","og_site_name":"Tienda de todotrial","article_modified_time":"2025-02-20T16:31:40+00:00","og_image":[{"width":360,"height":477,"url":"https:\/\/todotrial.com\/tienda\/wp-content\/uploads\/2020\/07\/world_sport_cars_1983-1989.jpg","type":"image\/jpeg"}],"twitter_card":"summary_large_image","twitter_misc":{"Tiempo de lectura":"1 minuto"},"schema":{"@context":"https:\/\/schema.org","@graph":[{"@type":"WebPage","@id":"https:\/\/todotrial.com\/tienda\/dvds-sport\/","url":"https:\/\/todotrial.com\/tienda\/dvds-sport\/","name":"World Sports Car 1983-1989 - Tienda de todotrial","isPartOf":{"@id":"https:\/\/todotrial.com\/tienda\/#website"},"primaryImageOfPage":{"@id":"https:\/\/todotrial.com\/tienda\/dvds-sport\/#primaryimage"},"image":{"@id":"https:\/\/todotrial.com\/tienda\/dvds-sport\/#primaryimage"},"thumbnailUrl":"https:\/\/todotrial.com\/tienda\/wp-content\/uploads\/2020\/07\/world_sport_cars_1983-1989.jpg","datePublished":"2020-07-02T15:55:58+00:00","dateModified":"2025-02-20T16:31:40+00:00","breadcrumb":{"@id":"https:\/\/todotrial.com\/tienda\/dvds-sport\/#breadcrumb"},"inLanguage":"es","potentialAction":[{"@type":"ReadAction","target":["https:\/\/todotrial.com\/tienda\/dvds-sport\/"]}]},{"@type":"ImageObject","inLanguage":"es","@id":"https:\/\/todotrial.com\/tienda\/dvds-sport\/#primaryimage","url":"https:\/\/todotrial.com\/tienda\/wp-content\/uploads\/2020\/07\/world_sport_cars_1983-1989.jpg","contentUrl":"https:\/\/todotrial.com\/tienda\/wp-content\/uploads\/2020\/07\/world_sport_cars_1983-1989.jpg","width":360,"height":477},{"@type":"BreadcrumbList","@id":"https:\/\/todotrial.com\/tienda\/dvds-sport\/#breadcrumb","itemListElement":[{"@type":"ListItem","position":1,"name":"Portada","item":"https:\/\/todotrial.com\/tienda\/"},{"@type":"ListItem","position":2,"name":"Shop","item":"https:\/\/todotrial.com\/tienda\/shop\/"},{"@type":"ListItem","position":3,"name":"World Sports Car 1983-1989"}]},{"@type":"WebSite","@id":"https:\/\/todotrial.com\/tienda\/#website","url":"https:\/\/todotrial.com\/tienda\/","name":"Tienda de todotrial","description":"","potentialAction":[{"@type":"SearchAction","target":{"@type":"EntryPoint","urlTemplate":"https:\/\/todotrial.com\/tienda\/?s={search_term_string}"},"query-input":{"@type":"PropertyValueSpecification","valueRequired":true,"valueName":"search_term_string"}}],"inLanguage":"es"}]}},"_links":{"self":[{"href":"https:\/\/todotrial.com\/tienda\/wp-json\/wp\/v2\/product\/1634","targetHints":{"allow":["GET"]}}],"collection":[{"href":"https:\/\/todotrial.com\/tienda\/wp-json\/wp\/v2\/product"}],"about":[{"href":"https:\/\/todotrial.com\/tienda\/wp-json\/wp\/v2\/types\/product"}],"replies":[{"embeddable":true,"href":"https:\/\/todotrial.com\/tienda\/wp-json\/wp\/v2\/comments?post=1634"}],"version-history":[{"count":0,"href":"https:\/\/todotrial.com\/tienda\/wp-json\/wp\/v2\/product\/1634\/revisions"}],"wp:featuredmedia":[{"embeddable":true,"href":"https:\/\/todotrial.com\/tienda\/wp-json\/wp\/v2\/media\/1633"}],"wp:attachment":[{"href":"https:\/\/todotrial.com\/tienda\/wp-json\/wp\/v2\/media?parent=1634"}],"wp:term":[{"taxonomy":"product_brand","embeddable":true,"href":"https:\/\/todotrial.com\/tienda\/wp-json\/wp\/v2\/product_brand?post=1634"},{"taxonomy":"product_cat","embeddable":true,"href":"https:\/\/todotrial.com\/tienda\/wp-json\/wp\/v2\/product_cat?post=1634"},{"taxonomy":"product_tag","embeddable":true,"href":"https:\/\/todotrial.com\/tienda\/wp-json\/wp\/v2\/product_tag?post=1634"}],"curies":[{"name":"wp","href":"https:\/\/api.w.org\/{rel}","templated":true}]}}