{"id":1628,"date":"2020-07-02T15:55:36","date_gmt":"2020-07-02T15:55:36","guid":{"rendered":"https:\/\/todotrial.com\/tienda\/product\/dvds-tt\/"},"modified":"2025-02-20T17:31:42","modified_gmt":"2025-02-20T16:31:42","slug":"dvds-tt","status":"publish","type":"product","link":"https:\/\/todotrial.com\/tienda\/dvds-tt\/","title":{"rendered":"TT 1990-99 (10 DVD) Boxset"},"content":{"rendered":"<p>TT 1990-1999 (10 DVD) Boxset &#8211; Descripci\u00f3n<\/p>\n<p>10 DVD boxset de esta hermosa colecci\u00f3n contienen las revisiones completas de todos y cada uno de los incre\u00edbles TT de los a\u00f1os 1990-1999<\/p>\n<p>Utilizando horas de cobertura oficial con im\u00e1genes acera-camaras, c\u00e1maras sobre moto, im\u00e1genes a\u00e9reas y c\u00e1maras situadas en puntos estrat\u00e9gicos de todo el circuito &#8211; incluye tambien en los intermedios las locuras de los famosos Purple Helmets and Bushy&#8217;s on the Prom!<\/p>\n<p>Cada uno de estos DVDs es una instant\u00e1nea de la historia que muestra c\u00f3mo las carreras han evolucionado a lo largo de los a\u00f1os. Sea testigo de nuevo de algunos de los nombres m\u00e1s famosos como Joey Dunlop, Steve Hislop y Carl Fogarty conquistando el Circuito de la Monta\u00f1a.<\/p>\n<p>Con un clima impredecible, carreras imponentes y finales de morderse las u\u00f1as, cada a\u00f1o se cubre en profundidad e incluye toda la acci\u00f3n de cada carrera, pit stop dramas y entrevistas a los pilotos.<\/p>\n<p>Ningun fan del TT que se precie querr\u00e1 estar sin esto!<\/p>\n","protected":false},"excerpt":{"rendered":"<p>TT 1990-99 (10 DVD) Boxset<br \/>\nLa historia del TT-Isla de Man -en los 90<\/p>\n","protected":false},"featured_media":1627,"comment_status":"open","ping_status":"closed","template":"","meta":[],"product_brand":[],"product_cat":[15],"product_tag":[],"class_list":{"0":"post-1628","1":"product","2":"type-product","3":"status-publish","4":"has-post-thumbnail","6":"product_cat-uncategorized","8":"first","9":"outofstock","10":"taxable","11":"shipping-taxable","12":"purchasable","13":"product-type-simple"},"yoast_head":"<!-- This site is optimized with the Yoast SEO Premium plugin v21.2 (Yoast SEO v27.3) - https:\/\/yoast.com\/product\/yoast-seo-premium-wordpress\/ -->\n<title>TT 1990-99 (10 DVD) Boxset - Tienda de todotrial<\/title>\n<meta name=\"robots\" content=\"index, follow, max-snippet:-1, max-image-preview:large, max-video-preview:-1\" \/>\n<link rel=\"canonical\" href=\"https:\/\/todotrial.com\/tienda\/dvds-tt\/\" \/>\n<meta property=\"og:locale\" content=\"es_ES\" \/>\n<meta property=\"og:type\" content=\"article\" \/>\n<meta property=\"og:title\" content=\"TT 1990-99 (10 DVD) Boxset\" \/>\n<meta property=\"og:description\" content=\"TT 1990-99 (10 DVD) Boxset La historia del TT-Isla de Man -en los 90\" \/>\n<meta property=\"og:url\" content=\"https:\/\/todotrial.com\/tienda\/dvds-tt\/\" \/>\n<meta property=\"og:site_name\" content=\"Tienda de todotrial\" \/>\n<meta property=\"article:modified_time\" content=\"2025-02-20T16:31:42+00:00\" \/>\n<meta property=\"og:image\" content=\"https:\/\/todotrial.com\/tienda\/wp-content\/uploads\/2020\/07\/tt_1990-1999.jpg\" \/>\n\t<meta property=\"og:image:width\" content=\"360\" \/>\n\t<meta property=\"og:image:height\" content=\"402\" \/>\n\t<meta property=\"og:image:type\" content=\"image\/jpeg\" \/>\n<meta name=\"twitter:card\" content=\"summary_large_image\" \/>\n<meta name=\"twitter:label1\" content=\"Tiempo de lectura\" \/>\n\t<meta name=\"twitter:data1\" content=\"1 minuto\" \/>\n<script type=\"application\/ld+json\" class=\"yoast-schema-graph\">{\"@context\":\"https:\\\/\\\/schema.org\",\"@graph\":[{\"@type\":\"WebPage\",\"@id\":\"https:\\\/\\\/todotrial.com\\\/tienda\\\/dvds-tt\\\/\",\"url\":\"https:\\\/\\\/todotrial.com\\\/tienda\\\/dvds-tt\\\/\",\"name\":\"TT 1990-99 (10 DVD) Boxset - Tienda de todotrial\",\"isPartOf\":{\"@id\":\"https:\\\/\\\/todotrial.com\\\/tienda\\\/#website\"},\"primaryImageOfPage\":{\"@id\":\"https:\\\/\\\/todotrial.com\\\/tienda\\\/dvds-tt\\\/#primaryimage\"},\"image\":{\"@id\":\"https:\\\/\\\/todotrial.com\\\/tienda\\\/dvds-tt\\\/#primaryimage\"},\"thumbnailUrl\":\"https:\\\/\\\/todotrial.com\\\/tienda\\\/wp-content\\\/uploads\\\/2020\\\/07\\\/tt_1990-1999.jpg\",\"datePublished\":\"2020-07-02T15:55:36+00:00\",\"dateModified\":\"2025-02-20T16:31:42+00:00\",\"breadcrumb\":{\"@id\":\"https:\\\/\\\/todotrial.com\\\/tienda\\\/dvds-tt\\\/#breadcrumb\"},\"inLanguage\":\"es\",\"potentialAction\":[{\"@type\":\"ReadAction\",\"target\":[\"https:\\\/\\\/todotrial.com\\\/tienda\\\/dvds-tt\\\/\"]}]},{\"@type\":\"ImageObject\",\"inLanguage\":\"es\",\"@id\":\"https:\\\/\\\/todotrial.com\\\/tienda\\\/dvds-tt\\\/#primaryimage\",\"url\":\"https:\\\/\\\/todotrial.com\\\/tienda\\\/wp-content\\\/uploads\\\/2020\\\/07\\\/tt_1990-1999.jpg\",\"contentUrl\":\"https:\\\/\\\/todotrial.com\\\/tienda\\\/wp-content\\\/uploads\\\/2020\\\/07\\\/tt_1990-1999.jpg\",\"width\":360,\"height\":402},{\"@type\":\"BreadcrumbList\",\"@id\":\"https:\\\/\\\/todotrial.com\\\/tienda\\\/dvds-tt\\\/#breadcrumb\",\"itemListElement\":[{\"@type\":\"ListItem\",\"position\":1,\"name\":\"Portada\",\"item\":\"https:\\\/\\\/todotrial.com\\\/tienda\\\/\"},{\"@type\":\"ListItem\",\"position\":2,\"name\":\"Shop\",\"item\":\"https:\\\/\\\/todotrial.com\\\/tienda\\\/shop\\\/\"},{\"@type\":\"ListItem\",\"position\":3,\"name\":\"TT 1990-99 (10 DVD) Boxset\"}]},{\"@type\":\"WebSite\",\"@id\":\"https:\\\/\\\/todotrial.com\\\/tienda\\\/#website\",\"url\":\"https:\\\/\\\/todotrial.com\\\/tienda\\\/\",\"name\":\"Tienda de todotrial\",\"description\":\"\",\"potentialAction\":[{\"@type\":\"SearchAction\",\"target\":{\"@type\":\"EntryPoint\",\"urlTemplate\":\"https:\\\/\\\/todotrial.com\\\/tienda\\\/?s={search_term_string}\"},\"query-input\":{\"@type\":\"PropertyValueSpecification\",\"valueRequired\":true,\"valueName\":\"search_term_string\"}}],\"inLanguage\":\"es\"}]}<\/script>\n<!-- \/ Yoast SEO Premium plugin. -->","yoast_head_json":{"title":"TT 1990-99 (10 DVD) Boxset - Tienda de todotrial","robots":{"index":"index","follow":"follow","max-snippet":"max-snippet:-1","max-image-preview":"max-image-preview:large","max-video-preview":"max-video-preview:-1"},"canonical":"https:\/\/todotrial.com\/tienda\/dvds-tt\/","og_locale":"es_ES","og_type":"article","og_title":"TT 1990-99 (10 DVD) Boxset","og_description":"TT 1990-99 (10 DVD) Boxset La historia del TT-Isla de Man -en los 90","og_url":"https:\/\/todotrial.com\/tienda\/dvds-tt\/","og_site_name":"Tienda de todotrial","article_modified_time":"2025-02-20T16:31:42+00:00","og_image":[{"width":360,"height":402,"url":"https:\/\/todotrial.com\/tienda\/wp-content\/uploads\/2020\/07\/tt_1990-1999.jpg","type":"image\/jpeg"}],"twitter_card":"summary_large_image","twitter_misc":{"Tiempo de lectura":"1 minuto"},"schema":{"@context":"https:\/\/schema.org","@graph":[{"@type":"WebPage","@id":"https:\/\/todotrial.com\/tienda\/dvds-tt\/","url":"https:\/\/todotrial.com\/tienda\/dvds-tt\/","name":"TT 1990-99 (10 DVD) Boxset - Tienda de todotrial","isPartOf":{"@id":"https:\/\/todotrial.com\/tienda\/#website"},"primaryImageOfPage":{"@id":"https:\/\/todotrial.com\/tienda\/dvds-tt\/#primaryimage"},"image":{"@id":"https:\/\/todotrial.com\/tienda\/dvds-tt\/#primaryimage"},"thumbnailUrl":"https:\/\/todotrial.com\/tienda\/wp-content\/uploads\/2020\/07\/tt_1990-1999.jpg","datePublished":"2020-07-02T15:55:36+00:00","dateModified":"2025-02-20T16:31:42+00:00","breadcrumb":{"@id":"https:\/\/todotrial.com\/tienda\/dvds-tt\/#breadcrumb"},"inLanguage":"es","potentialAction":[{"@type":"ReadAction","target":["https:\/\/todotrial.com\/tienda\/dvds-tt\/"]}]},{"@type":"ImageObject","inLanguage":"es","@id":"https:\/\/todotrial.com\/tienda\/dvds-tt\/#primaryimage","url":"https:\/\/todotrial.com\/tienda\/wp-content\/uploads\/2020\/07\/tt_1990-1999.jpg","contentUrl":"https:\/\/todotrial.com\/tienda\/wp-content\/uploads\/2020\/07\/tt_1990-1999.jpg","width":360,"height":402},{"@type":"BreadcrumbList","@id":"https:\/\/todotrial.com\/tienda\/dvds-tt\/#breadcrumb","itemListElement":[{"@type":"ListItem","position":1,"name":"Portada","item":"https:\/\/todotrial.com\/tienda\/"},{"@type":"ListItem","position":2,"name":"Shop","item":"https:\/\/todotrial.com\/tienda\/shop\/"},{"@type":"ListItem","position":3,"name":"TT 1990-99 (10 DVD) Boxset"}]},{"@type":"WebSite","@id":"https:\/\/todotrial.com\/tienda\/#website","url":"https:\/\/todotrial.com\/tienda\/","name":"Tienda de todotrial","description":"","potentialAction":[{"@type":"SearchAction","target":{"@type":"EntryPoint","urlTemplate":"https:\/\/todotrial.com\/tienda\/?s={search_term_string}"},"query-input":{"@type":"PropertyValueSpecification","valueRequired":true,"valueName":"search_term_string"}}],"inLanguage":"es"}]}},"_links":{"self":[{"href":"https:\/\/todotrial.com\/tienda\/wp-json\/wp\/v2\/product\/1628","targetHints":{"allow":["GET"]}}],"collection":[{"href":"https:\/\/todotrial.com\/tienda\/wp-json\/wp\/v2\/product"}],"about":[{"href":"https:\/\/todotrial.com\/tienda\/wp-json\/wp\/v2\/types\/product"}],"replies":[{"embeddable":true,"href":"https:\/\/todotrial.com\/tienda\/wp-json\/wp\/v2\/comments?post=1628"}],"version-history":[{"count":0,"href":"https:\/\/todotrial.com\/tienda\/wp-json\/wp\/v2\/product\/1628\/revisions"}],"wp:featuredmedia":[{"embeddable":true,"href":"https:\/\/todotrial.com\/tienda\/wp-json\/wp\/v2\/media\/1627"}],"wp:attachment":[{"href":"https:\/\/todotrial.com\/tienda\/wp-json\/wp\/v2\/media?parent=1628"}],"wp:term":[{"taxonomy":"product_brand","embeddable":true,"href":"https:\/\/todotrial.com\/tienda\/wp-json\/wp\/v2\/product_brand?post=1628"},{"taxonomy":"product_cat","embeddable":true,"href":"https:\/\/todotrial.com\/tienda\/wp-json\/wp\/v2\/product_cat?post=1628"},{"taxonomy":"product_tag","embeddable":true,"href":"https:\/\/todotrial.com\/tienda\/wp-json\/wp\/v2\/product_tag?post=1628"}],"curies":[{"name":"wp","href":"https:\/\/api.w.org\/{rel}","templated":true}]}}