{"id":1622,"date":"2020-07-02T15:55:18","date_gmt":"2020-07-02T15:55:18","guid":{"rendered":"https:\/\/todotrial.com\/tienda\/product\/dvds-motociclismo2014-05-23-20-50-24\/"},"modified":"2025-02-20T17:31:43","modified_gmt":"2025-02-20T16:31:43","slug":"dvds-motociclismo2014-05-23-20-50-24","status":"publish","type":"product","link":"https:\/\/todotrial.com\/tienda\/dvds-motociclismo2014-05-23-20-50-24\/","title":{"rendered":"Bike Grands Prix of the 1980s (10 DVD) Boxset"},"content":{"rendered":"<p>Bike Grandes Prix de los a\u00f1os 1980 (10 DVD) Boxset &#8211; Descripci\u00f3n<\/p>\n<p>Si las compilaciones de aspectos destacados de cada temporada no son suficientes para usted, entonces esta colecci\u00f3n es una necesidad absoluta.<\/p>\n<p>Duke ha seleccionado cuidadosamente 10 de las carreras m\u00e1s memorables de la d\u00e9cada de 1980 &#8211; una \u00e9poca dorada para el Campeonato del Mundo de 500cc &#8211; y te trae una cobertura extendida completa de cada uno. Las caracter\u00edsticas de la selecci\u00f3n &#8211; el Gran Premio de Francia de 1988, el Gran Premio de B\u00e9lgica de 1985, el GP de Alemania Occidental de 1986, el Gran Premio de Australia de 1989, el GP espa\u00f1ol de 1987, el GP de Am\u00e9rica 1988, el GP de Alemania Occidental de 1985, el Gran Premio de Italia de 1987, el GP de B\u00e9lgica 1988 y el Gran Premio de Holanda de 1985.<\/p>\n<p>Con estrellas como Lawson, Rainey, Schwantz, Sarron, Spencer, Gardner, Haslam y m\u00e1s en la acci\u00f3n, se trata de carreras que tienen que ver para creer!<\/p>\n","protected":false},"excerpt":{"rendered":"<p>Bike Grands Prix of the 1980s (10 DVD) Boxset<br \/>\n549 minutos del GP.Incluye el GP en Espa\u00f1a de 1987. OFERTA ESPECIAL  UNICA, limitada.<\/p>\n","protected":false},"featured_media":1621,"comment_status":"open","ping_status":"closed","template":"","meta":[],"product_brand":[],"product_cat":[15],"product_tag":[],"class_list":{"0":"post-1622","1":"product","2":"type-product","3":"status-publish","4":"has-post-thumbnail","6":"product_cat-uncategorized","8":"first","9":"instock","10":"taxable","11":"shipping-taxable","12":"purchasable","13":"product-type-simple"},"yoast_head":"<!-- This site is optimized with the Yoast SEO Premium plugin v21.2 (Yoast SEO v27.3) - https:\/\/yoast.com\/product\/yoast-seo-premium-wordpress\/ -->\n<title>Bike Grands Prix of the 1980s (10 DVD) Boxset - Tienda de todotrial<\/title>\n<meta name=\"robots\" content=\"index, follow, max-snippet:-1, max-image-preview:large, max-video-preview:-1\" \/>\n<link rel=\"canonical\" href=\"https:\/\/todotrial.com\/tienda\/dvds-motociclismo2014-05-23-20-50-24\/\" \/>\n<meta property=\"og:locale\" content=\"es_ES\" \/>\n<meta property=\"og:type\" content=\"article\" \/>\n<meta property=\"og:title\" content=\"Bike Grands Prix of the 1980s (10 DVD) Boxset\" \/>\n<meta property=\"og:description\" content=\"Bike Grands Prix of the 1980s (10 DVD) Boxset 549 minutos del GP.Incluye el GP en Espa\u00f1a de 1987. OFERTA ESPECIAL UNICA, limitada.\" \/>\n<meta property=\"og:url\" content=\"https:\/\/todotrial.com\/tienda\/dvds-motociclismo2014-05-23-20-50-24\/\" \/>\n<meta property=\"og:site_name\" content=\"Tienda de todotrial\" \/>\n<meta property=\"article:modified_time\" content=\"2025-02-20T16:31:43+00:00\" \/>\n<meta property=\"og:image\" content=\"https:\/\/todotrial.com\/tienda\/wp-content\/uploads\/2020\/07\/bike_grand_prix_80s.jpg\" \/>\n\t<meta property=\"og:image:width\" content=\"360\" \/>\n\t<meta property=\"og:image:height\" content=\"415\" \/>\n\t<meta property=\"og:image:type\" content=\"image\/jpeg\" \/>\n<meta name=\"twitter:card\" content=\"summary_large_image\" \/>\n<meta name=\"twitter:label1\" content=\"Tiempo de lectura\" \/>\n\t<meta name=\"twitter:data1\" content=\"1 minuto\" \/>\n<script type=\"application\/ld+json\" class=\"yoast-schema-graph\">{\"@context\":\"https:\\\/\\\/schema.org\",\"@graph\":[{\"@type\":\"WebPage\",\"@id\":\"https:\\\/\\\/todotrial.com\\\/tienda\\\/dvds-motociclismo2014-05-23-20-50-24\\\/\",\"url\":\"https:\\\/\\\/todotrial.com\\\/tienda\\\/dvds-motociclismo2014-05-23-20-50-24\\\/\",\"name\":\"Bike Grands Prix of the 1980s (10 DVD) Boxset - Tienda de todotrial\",\"isPartOf\":{\"@id\":\"https:\\\/\\\/todotrial.com\\\/tienda\\\/#website\"},\"primaryImageOfPage\":{\"@id\":\"https:\\\/\\\/todotrial.com\\\/tienda\\\/dvds-motociclismo2014-05-23-20-50-24\\\/#primaryimage\"},\"image\":{\"@id\":\"https:\\\/\\\/todotrial.com\\\/tienda\\\/dvds-motociclismo2014-05-23-20-50-24\\\/#primaryimage\"},\"thumbnailUrl\":\"https:\\\/\\\/todotrial.com\\\/tienda\\\/wp-content\\\/uploads\\\/2020\\\/07\\\/bike_grand_prix_80s.jpg\",\"datePublished\":\"2020-07-02T15:55:18+00:00\",\"dateModified\":\"2025-02-20T16:31:43+00:00\",\"breadcrumb\":{\"@id\":\"https:\\\/\\\/todotrial.com\\\/tienda\\\/dvds-motociclismo2014-05-23-20-50-24\\\/#breadcrumb\"},\"inLanguage\":\"es\",\"potentialAction\":[{\"@type\":\"ReadAction\",\"target\":[\"https:\\\/\\\/todotrial.com\\\/tienda\\\/dvds-motociclismo2014-05-23-20-50-24\\\/\"]}]},{\"@type\":\"ImageObject\",\"inLanguage\":\"es\",\"@id\":\"https:\\\/\\\/todotrial.com\\\/tienda\\\/dvds-motociclismo2014-05-23-20-50-24\\\/#primaryimage\",\"url\":\"https:\\\/\\\/todotrial.com\\\/tienda\\\/wp-content\\\/uploads\\\/2020\\\/07\\\/bike_grand_prix_80s.jpg\",\"contentUrl\":\"https:\\\/\\\/todotrial.com\\\/tienda\\\/wp-content\\\/uploads\\\/2020\\\/07\\\/bike_grand_prix_80s.jpg\",\"width\":360,\"height\":415},{\"@type\":\"BreadcrumbList\",\"@id\":\"https:\\\/\\\/todotrial.com\\\/tienda\\\/dvds-motociclismo2014-05-23-20-50-24\\\/#breadcrumb\",\"itemListElement\":[{\"@type\":\"ListItem\",\"position\":1,\"name\":\"Portada\",\"item\":\"https:\\\/\\\/todotrial.com\\\/tienda\\\/\"},{\"@type\":\"ListItem\",\"position\":2,\"name\":\"Shop\",\"item\":\"https:\\\/\\\/todotrial.com\\\/tienda\\\/shop\\\/\"},{\"@type\":\"ListItem\",\"position\":3,\"name\":\"Bike Grands Prix of the 1980s (10 DVD) Boxset\"}]},{\"@type\":\"WebSite\",\"@id\":\"https:\\\/\\\/todotrial.com\\\/tienda\\\/#website\",\"url\":\"https:\\\/\\\/todotrial.com\\\/tienda\\\/\",\"name\":\"Tienda de todotrial\",\"description\":\"\",\"potentialAction\":[{\"@type\":\"SearchAction\",\"target\":{\"@type\":\"EntryPoint\",\"urlTemplate\":\"https:\\\/\\\/todotrial.com\\\/tienda\\\/?s={search_term_string}\"},\"query-input\":{\"@type\":\"PropertyValueSpecification\",\"valueRequired\":true,\"valueName\":\"search_term_string\"}}],\"inLanguage\":\"es\"}]}<\/script>\n<!-- \/ Yoast SEO Premium plugin. -->","yoast_head_json":{"title":"Bike Grands Prix of the 1980s (10 DVD) Boxset - Tienda de todotrial","robots":{"index":"index","follow":"follow","max-snippet":"max-snippet:-1","max-image-preview":"max-image-preview:large","max-video-preview":"max-video-preview:-1"},"canonical":"https:\/\/todotrial.com\/tienda\/dvds-motociclismo2014-05-23-20-50-24\/","og_locale":"es_ES","og_type":"article","og_title":"Bike Grands Prix of the 1980s (10 DVD) Boxset","og_description":"Bike Grands Prix of the 1980s (10 DVD) Boxset 549 minutos del GP.Incluye el GP en Espa\u00f1a de 1987. OFERTA ESPECIAL UNICA, limitada.","og_url":"https:\/\/todotrial.com\/tienda\/dvds-motociclismo2014-05-23-20-50-24\/","og_site_name":"Tienda de todotrial","article_modified_time":"2025-02-20T16:31:43+00:00","og_image":[{"width":360,"height":415,"url":"https:\/\/todotrial.com\/tienda\/wp-content\/uploads\/2020\/07\/bike_grand_prix_80s.jpg","type":"image\/jpeg"}],"twitter_card":"summary_large_image","twitter_misc":{"Tiempo de lectura":"1 minuto"},"schema":{"@context":"https:\/\/schema.org","@graph":[{"@type":"WebPage","@id":"https:\/\/todotrial.com\/tienda\/dvds-motociclismo2014-05-23-20-50-24\/","url":"https:\/\/todotrial.com\/tienda\/dvds-motociclismo2014-05-23-20-50-24\/","name":"Bike Grands Prix of the 1980s (10 DVD) Boxset - Tienda de todotrial","isPartOf":{"@id":"https:\/\/todotrial.com\/tienda\/#website"},"primaryImageOfPage":{"@id":"https:\/\/todotrial.com\/tienda\/dvds-motociclismo2014-05-23-20-50-24\/#primaryimage"},"image":{"@id":"https:\/\/todotrial.com\/tienda\/dvds-motociclismo2014-05-23-20-50-24\/#primaryimage"},"thumbnailUrl":"https:\/\/todotrial.com\/tienda\/wp-content\/uploads\/2020\/07\/bike_grand_prix_80s.jpg","datePublished":"2020-07-02T15:55:18+00:00","dateModified":"2025-02-20T16:31:43+00:00","breadcrumb":{"@id":"https:\/\/todotrial.com\/tienda\/dvds-motociclismo2014-05-23-20-50-24\/#breadcrumb"},"inLanguage":"es","potentialAction":[{"@type":"ReadAction","target":["https:\/\/todotrial.com\/tienda\/dvds-motociclismo2014-05-23-20-50-24\/"]}]},{"@type":"ImageObject","inLanguage":"es","@id":"https:\/\/todotrial.com\/tienda\/dvds-motociclismo2014-05-23-20-50-24\/#primaryimage","url":"https:\/\/todotrial.com\/tienda\/wp-content\/uploads\/2020\/07\/bike_grand_prix_80s.jpg","contentUrl":"https:\/\/todotrial.com\/tienda\/wp-content\/uploads\/2020\/07\/bike_grand_prix_80s.jpg","width":360,"height":415},{"@type":"BreadcrumbList","@id":"https:\/\/todotrial.com\/tienda\/dvds-motociclismo2014-05-23-20-50-24\/#breadcrumb","itemListElement":[{"@type":"ListItem","position":1,"name":"Portada","item":"https:\/\/todotrial.com\/tienda\/"},{"@type":"ListItem","position":2,"name":"Shop","item":"https:\/\/todotrial.com\/tienda\/shop\/"},{"@type":"ListItem","position":3,"name":"Bike Grands Prix of the 1980s (10 DVD) Boxset"}]},{"@type":"WebSite","@id":"https:\/\/todotrial.com\/tienda\/#website","url":"https:\/\/todotrial.com\/tienda\/","name":"Tienda de todotrial","description":"","potentialAction":[{"@type":"SearchAction","target":{"@type":"EntryPoint","urlTemplate":"https:\/\/todotrial.com\/tienda\/?s={search_term_string}"},"query-input":{"@type":"PropertyValueSpecification","valueRequired":true,"valueName":"search_term_string"}}],"inLanguage":"es"}]}},"_links":{"self":[{"href":"https:\/\/todotrial.com\/tienda\/wp-json\/wp\/v2\/product\/1622","targetHints":{"allow":["GET"]}}],"collection":[{"href":"https:\/\/todotrial.com\/tienda\/wp-json\/wp\/v2\/product"}],"about":[{"href":"https:\/\/todotrial.com\/tienda\/wp-json\/wp\/v2\/types\/product"}],"replies":[{"embeddable":true,"href":"https:\/\/todotrial.com\/tienda\/wp-json\/wp\/v2\/comments?post=1622"}],"version-history":[{"count":0,"href":"https:\/\/todotrial.com\/tienda\/wp-json\/wp\/v2\/product\/1622\/revisions"}],"wp:featuredmedia":[{"embeddable":true,"href":"https:\/\/todotrial.com\/tienda\/wp-json\/wp\/v2\/media\/1621"}],"wp:attachment":[{"href":"https:\/\/todotrial.com\/tienda\/wp-json\/wp\/v2\/media?parent=1622"}],"wp:term":[{"taxonomy":"product_brand","embeddable":true,"href":"https:\/\/todotrial.com\/tienda\/wp-json\/wp\/v2\/product_brand?post=1622"},{"taxonomy":"product_cat","embeddable":true,"href":"https:\/\/todotrial.com\/tienda\/wp-json\/wp\/v2\/product_cat?post=1622"},{"taxonomy":"product_tag","embeddable":true,"href":"https:\/\/todotrial.com\/tienda\/wp-json\/wp\/v2\/product_tag?post=1622"}],"curies":[{"name":"wp","href":"https:\/\/api.w.org\/{rel}","templated":true}]}}