{"id":15702,"date":"2020-04-26T21:33:20","date_gmt":"2020-04-26T21:33:20","guid":{"rendered":"https:\/\/todotrial.com\/tienda\/product\/deposito2020-04-26-21-33-20\/"},"modified":"2025-02-20T17:36:10","modified_gmt":"2025-02-20T16:36:10","slug":"deposito2020-04-26-21-33-20","status":"publish","type":"product","link":"https:\/\/todotrial.com\/tienda\/deposito2020-04-26-21-33-20\/","title":{"rendered":"Dep\u00f3sito de gasolina original Bultaco Alpina NOS original para adaptarse al modelo Alpina 213 (350cc)"},"content":{"rendered":"<p>Dep\u00f3sito de gasolina original Bultaco Alpina NOS original para adaptarse al modelo Alpina 213 (350cc)<\/p>\n<p>Hecho de acero<\/p>\n<p>N\u00famero de pieza Bultaco 213.00.031-1<\/p>\n<p>\u00a1Tenemos stock limitado de estos!<\/p>\n<p>(Los grifos de combustible, las tapas y las insignias del tanque no est\u00e1n incluidas, se venden por separado)<\/p>\n<p>TENGA EN CUENTA: estos tanques de gasolina son NUEVOS STOCK ANTIGUOS originales y han estado sentados en el estante durante 40 a\u00f1os, por lo que pueden no ser perfectos, nunca se han montado en una bicicleta o han tenido gasolina.<br \/>Peso 3 kgs.<\/p>\n","protected":false},"excerpt":{"rendered":"<p>Dep\u00f3sito de gasolina original Bultaco Alpina NOS original para adaptarse al modelo Alpina 213 (350cc)<\/p>\n<p>Hecho de acero<\/p>\n<p>N\u00famero de pieza Bultaco 213.00.031-1<\/p>\n<p>\u00a1Tenemos stock limitado de estos!<\/p>\n<p>(Los grifos de combustible, las tapas y las insignias del tanque no est\u00e1n incluidas, se venden por separado)<\/p>\n<p>TENGA EN CUENTA: estos tanques de gasolina son NUEVOS STOCK ANTIGUOS originales y han estado sentados en el estante durante 40 a\u00f1os, por lo que pueden no ser perfectos, nunca se han montado en una moto o han tenido gasolina.<\/p>\n","protected":false},"featured_media":15701,"comment_status":"open","ping_status":"closed","template":"","meta":[],"product_brand":[],"product_cat":[15],"product_tag":[],"class_list":{"0":"post-15702","1":"product","2":"type-product","3":"status-publish","4":"has-post-thumbnail","6":"product_cat-uncategorized","8":"first","9":"outofstock","10":"taxable","11":"shipping-taxable","12":"purchasable","13":"product-type-simple"},"yoast_head":"<!-- This site is optimized with the Yoast SEO Premium plugin v21.2 (Yoast SEO v27.3) - https:\/\/yoast.com\/product\/yoast-seo-premium-wordpress\/ -->\n<title>Dep\u00f3sito de gasolina original Bultaco Alpina NOS original para adaptarse al modelo Alpina 213 (350cc) - Tienda de todotrial<\/title>\n<meta name=\"robots\" content=\"index, follow, max-snippet:-1, max-image-preview:large, max-video-preview:-1\" \/>\n<link rel=\"canonical\" href=\"https:\/\/todotrial.com\/tienda\/deposito2020-04-26-21-33-20\/\" \/>\n<meta property=\"og:locale\" content=\"es_ES\" \/>\n<meta property=\"og:type\" content=\"article\" \/>\n<meta property=\"og:title\" content=\"Dep\u00f3sito de gasolina original Bultaco Alpina NOS original para adaptarse al modelo Alpina 213 (350cc)\" \/>\n<meta property=\"og:description\" content=\"Dep\u00f3sito de gasolina original Bultaco Alpina NOS original para adaptarse al modelo Alpina 213 (350cc)  Hecho de acero  N\u00famero de pieza Bultaco 213.00.031-1  \u00a1Tenemos stock limitado de estos!  (Los grifos de combustible, las tapas y las insignias del tanque no est\u00e1n incluidas, se venden por separado)  TENGA EN CUENTA: estos tanques de gasolina son NUEVOS STOCK ANTIGUOS originales y han estado sentados en el estante durante 40 a\u00f1os, por lo que pueden no ser perfectos, nunca se han montado en una moto o han tenido gasolina.\" \/>\n<meta property=\"og:url\" content=\"https:\/\/todotrial.com\/tienda\/deposito2020-04-26-21-33-20\/\" \/>\n<meta property=\"og:site_name\" content=\"Tienda de todotrial\" \/>\n<meta property=\"article:modified_time\" content=\"2025-02-20T16:36:10+00:00\" \/>\n<meta property=\"og:image\" content=\"https:\/\/todotrial.com\/tienda\/wp-content\/uploads\/2020\/04\/deposito_alpina_213_acero.jpg\" \/>\n\t<meta property=\"og:image:width\" content=\"812\" \/>\n\t<meta property=\"og:image:height\" content=\"731\" \/>\n\t<meta property=\"og:image:type\" content=\"image\/jpeg\" \/>\n<meta name=\"twitter:card\" content=\"summary_large_image\" \/>\n<script type=\"application\/ld+json\" class=\"yoast-schema-graph\">{\"@context\":\"https:\\\/\\\/schema.org\",\"@graph\":[{\"@type\":\"WebPage\",\"@id\":\"https:\\\/\\\/todotrial.com\\\/tienda\\\/deposito2020-04-26-21-33-20\\\/\",\"url\":\"https:\\\/\\\/todotrial.com\\\/tienda\\\/deposito2020-04-26-21-33-20\\\/\",\"name\":\"Dep\u00f3sito de gasolina original Bultaco Alpina NOS original para adaptarse al modelo Alpina 213 (350cc) - Tienda de todotrial\",\"isPartOf\":{\"@id\":\"https:\\\/\\\/todotrial.com\\\/tienda\\\/#website\"},\"primaryImageOfPage\":{\"@id\":\"https:\\\/\\\/todotrial.com\\\/tienda\\\/deposito2020-04-26-21-33-20\\\/#primaryimage\"},\"image\":{\"@id\":\"https:\\\/\\\/todotrial.com\\\/tienda\\\/deposito2020-04-26-21-33-20\\\/#primaryimage\"},\"thumbnailUrl\":\"https:\\\/\\\/todotrial.com\\\/tienda\\\/wp-content\\\/uploads\\\/2020\\\/04\\\/deposito_alpina_213_acero.jpg\",\"datePublished\":\"2020-04-26T21:33:20+00:00\",\"dateModified\":\"2025-02-20T16:36:10+00:00\",\"breadcrumb\":{\"@id\":\"https:\\\/\\\/todotrial.com\\\/tienda\\\/deposito2020-04-26-21-33-20\\\/#breadcrumb\"},\"inLanguage\":\"es\",\"potentialAction\":[{\"@type\":\"ReadAction\",\"target\":[\"https:\\\/\\\/todotrial.com\\\/tienda\\\/deposito2020-04-26-21-33-20\\\/\"]}]},{\"@type\":\"ImageObject\",\"inLanguage\":\"es\",\"@id\":\"https:\\\/\\\/todotrial.com\\\/tienda\\\/deposito2020-04-26-21-33-20\\\/#primaryimage\",\"url\":\"https:\\\/\\\/todotrial.com\\\/tienda\\\/wp-content\\\/uploads\\\/2020\\\/04\\\/deposito_alpina_213_acero.jpg\",\"contentUrl\":\"https:\\\/\\\/todotrial.com\\\/tienda\\\/wp-content\\\/uploads\\\/2020\\\/04\\\/deposito_alpina_213_acero.jpg\",\"width\":812,\"height\":731},{\"@type\":\"BreadcrumbList\",\"@id\":\"https:\\\/\\\/todotrial.com\\\/tienda\\\/deposito2020-04-26-21-33-20\\\/#breadcrumb\",\"itemListElement\":[{\"@type\":\"ListItem\",\"position\":1,\"name\":\"Portada\",\"item\":\"https:\\\/\\\/todotrial.com\\\/tienda\\\/\"},{\"@type\":\"ListItem\",\"position\":2,\"name\":\"Shop\",\"item\":\"https:\\\/\\\/todotrial.com\\\/tienda\\\/shop\\\/\"},{\"@type\":\"ListItem\",\"position\":3,\"name\":\"Dep\u00f3sito de gasolina original Bultaco Alpina NOS original para adaptarse al modelo Alpina 213 (350cc)\"}]},{\"@type\":\"WebSite\",\"@id\":\"https:\\\/\\\/todotrial.com\\\/tienda\\\/#website\",\"url\":\"https:\\\/\\\/todotrial.com\\\/tienda\\\/\",\"name\":\"Tienda de todotrial\",\"description\":\"\",\"potentialAction\":[{\"@type\":\"SearchAction\",\"target\":{\"@type\":\"EntryPoint\",\"urlTemplate\":\"https:\\\/\\\/todotrial.com\\\/tienda\\\/?s={search_term_string}\"},\"query-input\":{\"@type\":\"PropertyValueSpecification\",\"valueRequired\":true,\"valueName\":\"search_term_string\"}}],\"inLanguage\":\"es\"}]}<\/script>\n<!-- \/ Yoast SEO Premium plugin. -->","yoast_head_json":{"title":"Dep\u00f3sito de gasolina original Bultaco Alpina NOS original para adaptarse al modelo Alpina 213 (350cc) - Tienda de todotrial","robots":{"index":"index","follow":"follow","max-snippet":"max-snippet:-1","max-image-preview":"max-image-preview:large","max-video-preview":"max-video-preview:-1"},"canonical":"https:\/\/todotrial.com\/tienda\/deposito2020-04-26-21-33-20\/","og_locale":"es_ES","og_type":"article","og_title":"Dep\u00f3sito de gasolina original Bultaco Alpina NOS original para adaptarse al modelo Alpina 213 (350cc)","og_description":"Dep\u00f3sito de gasolina original Bultaco Alpina NOS original para adaptarse al modelo Alpina 213 (350cc)  Hecho de acero  N\u00famero de pieza Bultaco 213.00.031-1  \u00a1Tenemos stock limitado de estos!  (Los grifos de combustible, las tapas y las insignias del tanque no est\u00e1n incluidas, se venden por separado)  TENGA EN CUENTA: estos tanques de gasolina son NUEVOS STOCK ANTIGUOS originales y han estado sentados en el estante durante 40 a\u00f1os, por lo que pueden no ser perfectos, nunca se han montado en una moto o han tenido gasolina.","og_url":"https:\/\/todotrial.com\/tienda\/deposito2020-04-26-21-33-20\/","og_site_name":"Tienda de todotrial","article_modified_time":"2025-02-20T16:36:10+00:00","og_image":[{"width":812,"height":731,"url":"https:\/\/todotrial.com\/tienda\/wp-content\/uploads\/2020\/04\/deposito_alpina_213_acero.jpg","type":"image\/jpeg"}],"twitter_card":"summary_large_image","schema":{"@context":"https:\/\/schema.org","@graph":[{"@type":"WebPage","@id":"https:\/\/todotrial.com\/tienda\/deposito2020-04-26-21-33-20\/","url":"https:\/\/todotrial.com\/tienda\/deposito2020-04-26-21-33-20\/","name":"Dep\u00f3sito de gasolina original Bultaco Alpina NOS original para adaptarse al modelo Alpina 213 (350cc) - Tienda de todotrial","isPartOf":{"@id":"https:\/\/todotrial.com\/tienda\/#website"},"primaryImageOfPage":{"@id":"https:\/\/todotrial.com\/tienda\/deposito2020-04-26-21-33-20\/#primaryimage"},"image":{"@id":"https:\/\/todotrial.com\/tienda\/deposito2020-04-26-21-33-20\/#primaryimage"},"thumbnailUrl":"https:\/\/todotrial.com\/tienda\/wp-content\/uploads\/2020\/04\/deposito_alpina_213_acero.jpg","datePublished":"2020-04-26T21:33:20+00:00","dateModified":"2025-02-20T16:36:10+00:00","breadcrumb":{"@id":"https:\/\/todotrial.com\/tienda\/deposito2020-04-26-21-33-20\/#breadcrumb"},"inLanguage":"es","potentialAction":[{"@type":"ReadAction","target":["https:\/\/todotrial.com\/tienda\/deposito2020-04-26-21-33-20\/"]}]},{"@type":"ImageObject","inLanguage":"es","@id":"https:\/\/todotrial.com\/tienda\/deposito2020-04-26-21-33-20\/#primaryimage","url":"https:\/\/todotrial.com\/tienda\/wp-content\/uploads\/2020\/04\/deposito_alpina_213_acero.jpg","contentUrl":"https:\/\/todotrial.com\/tienda\/wp-content\/uploads\/2020\/04\/deposito_alpina_213_acero.jpg","width":812,"height":731},{"@type":"BreadcrumbList","@id":"https:\/\/todotrial.com\/tienda\/deposito2020-04-26-21-33-20\/#breadcrumb","itemListElement":[{"@type":"ListItem","position":1,"name":"Portada","item":"https:\/\/todotrial.com\/tienda\/"},{"@type":"ListItem","position":2,"name":"Shop","item":"https:\/\/todotrial.com\/tienda\/shop\/"},{"@type":"ListItem","position":3,"name":"Dep\u00f3sito de gasolina original Bultaco Alpina NOS original para adaptarse al modelo Alpina 213 (350cc)"}]},{"@type":"WebSite","@id":"https:\/\/todotrial.com\/tienda\/#website","url":"https:\/\/todotrial.com\/tienda\/","name":"Tienda de todotrial","description":"","potentialAction":[{"@type":"SearchAction","target":{"@type":"EntryPoint","urlTemplate":"https:\/\/todotrial.com\/tienda\/?s={search_term_string}"},"query-input":{"@type":"PropertyValueSpecification","valueRequired":true,"valueName":"search_term_string"}}],"inLanguage":"es"}]}},"_links":{"self":[{"href":"https:\/\/todotrial.com\/tienda\/wp-json\/wp\/v2\/product\/15702","targetHints":{"allow":["GET"]}}],"collection":[{"href":"https:\/\/todotrial.com\/tienda\/wp-json\/wp\/v2\/product"}],"about":[{"href":"https:\/\/todotrial.com\/tienda\/wp-json\/wp\/v2\/types\/product"}],"replies":[{"embeddable":true,"href":"https:\/\/todotrial.com\/tienda\/wp-json\/wp\/v2\/comments?post=15702"}],"version-history":[{"count":0,"href":"https:\/\/todotrial.com\/tienda\/wp-json\/wp\/v2\/product\/15702\/revisions"}],"wp:featuredmedia":[{"embeddable":true,"href":"https:\/\/todotrial.com\/tienda\/wp-json\/wp\/v2\/media\/15701"}],"wp:attachment":[{"href":"https:\/\/todotrial.com\/tienda\/wp-json\/wp\/v2\/media?parent=15702"}],"wp:term":[{"taxonomy":"product_brand","embeddable":true,"href":"https:\/\/todotrial.com\/tienda\/wp-json\/wp\/v2\/product_brand?post=15702"},{"taxonomy":"product_cat","embeddable":true,"href":"https:\/\/todotrial.com\/tienda\/wp-json\/wp\/v2\/product_cat?post=15702"},{"taxonomy":"product_tag","embeddable":true,"href":"https:\/\/todotrial.com\/tienda\/wp-json\/wp\/v2\/product_tag?post=15702"}],"curies":[{"name":"wp","href":"https:\/\/api.w.org\/{rel}","templated":true}]}}