{"id":15678,"date":"2020-04-24T09:35:08","date_gmt":"2020-04-24T09:35:08","guid":{"rendered":"https:\/\/todotrial.com\/tienda\/product\/chaqueta2020-04-24-09-35-08\/"},"modified":"2025-02-20T17:36:17","modified_gmt":"2025-02-20T16:36:17","slug":"chaqueta2020-04-24-09-35-08","status":"publish","type":"product","link":"https:\/\/todotrial.com\/tienda\/chaqueta2020-04-24-09-35-08\/","title":{"rendered":"CORTAVIENTO T\u00c9CNICO 100% AERO (NEGRO)"},"content":{"rendered":"<p>CORTAVIENTO T\u00c9CNICO 100% AERO (NEGRO)<\/p>\n<p>Nuestros atletas est\u00e1n acostumbrados a los productos de primera calidad en la pista, y ahora les ofrecemos una colecci\u00f3n de ropa de entrenamiento para apoyar sus programas de ejercicios intensos. Dise\u00f1ada con los mejores materiales, la linea 100% Athletic ofrece una comodidad superior y una sensaci\u00f3n de ligereza llevada al m\u00e1s alto nivel. Este cortaviento t\u00e9cnico est\u00e1 fabricado con un cuerpo de nylon ligero que es resistente al agua y auto-compactable. La parte trasera es m\u00e1s larga, proporcionando una cobertura adicional, los bloqueos de cable ofrecen un ajuste seguro y los elementos reflectantes proporcionan visibilidad cuando hay poca luz.<\/p>\n<p>&nbsp;<\/p>\n<p>&nbsp;<\/p>\n","protected":false},"excerpt":{"rendered":"<p>CORTAVIENTO T\u00c9CNICO 100% AERO (NEGRO)<br \/>\nTallas: S,M,L,XL<\/p>\n","protected":false},"featured_media":15677,"comment_status":"open","ping_status":"closed","template":"","meta":[],"product_brand":[],"product_cat":[15],"product_tag":[],"class_list":{"0":"post-15678","1":"product","2":"type-product","3":"status-publish","4":"has-post-thumbnail","6":"product_cat-uncategorized","8":"first","9":"instock","10":"taxable","11":"shipping-taxable","12":"purchasable","13":"product-type-simple"},"yoast_head":"<!-- This site is optimized with the Yoast SEO Premium plugin v21.2 (Yoast SEO v27.3) - https:\/\/yoast.com\/product\/yoast-seo-premium-wordpress\/ -->\n<title>CORTAVIENTO T\u00c9CNICO 100% AERO (NEGRO) - Tienda de todotrial<\/title>\n<meta name=\"robots\" content=\"index, follow, max-snippet:-1, max-image-preview:large, max-video-preview:-1\" \/>\n<link rel=\"canonical\" href=\"https:\/\/todotrial.com\/tienda\/chaqueta2020-04-24-09-35-08\/\" \/>\n<meta property=\"og:locale\" content=\"es_ES\" \/>\n<meta property=\"og:type\" content=\"article\" \/>\n<meta property=\"og:title\" content=\"CORTAVIENTO T\u00c9CNICO 100% AERO (NEGRO)\" \/>\n<meta property=\"og:description\" content=\"CORTAVIENTO T\u00c9CNICO 100% AERO (NEGRO) Tallas: S,M,L,XL\" \/>\n<meta property=\"og:url\" content=\"https:\/\/todotrial.com\/tienda\/chaqueta2020-04-24-09-35-08\/\" \/>\n<meta property=\"og:site_name\" content=\"Tienda de todotrial\" \/>\n<meta property=\"article:modified_time\" content=\"2025-02-20T16:36:17+00:00\" \/>\n<meta property=\"og:image\" content=\"https:\/\/todotrial.com\/tienda\/wp-content\/uploads\/2020\/04\/chaqueta_cortaviento_negra.jpg\" \/>\n\t<meta property=\"og:image:width\" content=\"470\" \/>\n\t<meta property=\"og:image:height\" content=\"413\" \/>\n\t<meta property=\"og:image:type\" content=\"image\/jpeg\" \/>\n<meta name=\"twitter:card\" content=\"summary_large_image\" \/>\n<meta name=\"twitter:label1\" content=\"Tiempo de lectura\" \/>\n\t<meta name=\"twitter:data1\" content=\"1 minuto\" \/>\n<script type=\"application\/ld+json\" class=\"yoast-schema-graph\">{\"@context\":\"https:\\\/\\\/schema.org\",\"@graph\":[{\"@type\":\"WebPage\",\"@id\":\"https:\\\/\\\/todotrial.com\\\/tienda\\\/chaqueta2020-04-24-09-35-08\\\/\",\"url\":\"https:\\\/\\\/todotrial.com\\\/tienda\\\/chaqueta2020-04-24-09-35-08\\\/\",\"name\":\"CORTAVIENTO T\u00c9CNICO 100% AERO (NEGRO) - Tienda de todotrial\",\"isPartOf\":{\"@id\":\"https:\\\/\\\/todotrial.com\\\/tienda\\\/#website\"},\"primaryImageOfPage\":{\"@id\":\"https:\\\/\\\/todotrial.com\\\/tienda\\\/chaqueta2020-04-24-09-35-08\\\/#primaryimage\"},\"image\":{\"@id\":\"https:\\\/\\\/todotrial.com\\\/tienda\\\/chaqueta2020-04-24-09-35-08\\\/#primaryimage\"},\"thumbnailUrl\":\"https:\\\/\\\/todotrial.com\\\/tienda\\\/wp-content\\\/uploads\\\/2020\\\/04\\\/chaqueta_cortaviento_negra.jpg\",\"datePublished\":\"2020-04-24T09:35:08+00:00\",\"dateModified\":\"2025-02-20T16:36:17+00:00\",\"breadcrumb\":{\"@id\":\"https:\\\/\\\/todotrial.com\\\/tienda\\\/chaqueta2020-04-24-09-35-08\\\/#breadcrumb\"},\"inLanguage\":\"es\",\"potentialAction\":[{\"@type\":\"ReadAction\",\"target\":[\"https:\\\/\\\/todotrial.com\\\/tienda\\\/chaqueta2020-04-24-09-35-08\\\/\"]}]},{\"@type\":\"ImageObject\",\"inLanguage\":\"es\",\"@id\":\"https:\\\/\\\/todotrial.com\\\/tienda\\\/chaqueta2020-04-24-09-35-08\\\/#primaryimage\",\"url\":\"https:\\\/\\\/todotrial.com\\\/tienda\\\/wp-content\\\/uploads\\\/2020\\\/04\\\/chaqueta_cortaviento_negra.jpg\",\"contentUrl\":\"https:\\\/\\\/todotrial.com\\\/tienda\\\/wp-content\\\/uploads\\\/2020\\\/04\\\/chaqueta_cortaviento_negra.jpg\",\"width\":470,\"height\":413},{\"@type\":\"BreadcrumbList\",\"@id\":\"https:\\\/\\\/todotrial.com\\\/tienda\\\/chaqueta2020-04-24-09-35-08\\\/#breadcrumb\",\"itemListElement\":[{\"@type\":\"ListItem\",\"position\":1,\"name\":\"Portada\",\"item\":\"https:\\\/\\\/todotrial.com\\\/tienda\\\/\"},{\"@type\":\"ListItem\",\"position\":2,\"name\":\"Shop\",\"item\":\"https:\\\/\\\/todotrial.com\\\/tienda\\\/shop\\\/\"},{\"@type\":\"ListItem\",\"position\":3,\"name\":\"CORTAVIENTO T\u00c9CNICO 100% AERO (NEGRO)\"}]},{\"@type\":\"WebSite\",\"@id\":\"https:\\\/\\\/todotrial.com\\\/tienda\\\/#website\",\"url\":\"https:\\\/\\\/todotrial.com\\\/tienda\\\/\",\"name\":\"Tienda de todotrial\",\"description\":\"\",\"potentialAction\":[{\"@type\":\"SearchAction\",\"target\":{\"@type\":\"EntryPoint\",\"urlTemplate\":\"https:\\\/\\\/todotrial.com\\\/tienda\\\/?s={search_term_string}\"},\"query-input\":{\"@type\":\"PropertyValueSpecification\",\"valueRequired\":true,\"valueName\":\"search_term_string\"}}],\"inLanguage\":\"es\"}]}<\/script>\n<!-- \/ Yoast SEO Premium plugin. -->","yoast_head_json":{"title":"CORTAVIENTO T\u00c9CNICO 100% AERO (NEGRO) - Tienda de todotrial","robots":{"index":"index","follow":"follow","max-snippet":"max-snippet:-1","max-image-preview":"max-image-preview:large","max-video-preview":"max-video-preview:-1"},"canonical":"https:\/\/todotrial.com\/tienda\/chaqueta2020-04-24-09-35-08\/","og_locale":"es_ES","og_type":"article","og_title":"CORTAVIENTO T\u00c9CNICO 100% AERO (NEGRO)","og_description":"CORTAVIENTO T\u00c9CNICO 100% AERO (NEGRO) Tallas: S,M,L,XL","og_url":"https:\/\/todotrial.com\/tienda\/chaqueta2020-04-24-09-35-08\/","og_site_name":"Tienda de todotrial","article_modified_time":"2025-02-20T16:36:17+00:00","og_image":[{"width":470,"height":413,"url":"https:\/\/todotrial.com\/tienda\/wp-content\/uploads\/2020\/04\/chaqueta_cortaviento_negra.jpg","type":"image\/jpeg"}],"twitter_card":"summary_large_image","twitter_misc":{"Tiempo de lectura":"1 minuto"},"schema":{"@context":"https:\/\/schema.org","@graph":[{"@type":"WebPage","@id":"https:\/\/todotrial.com\/tienda\/chaqueta2020-04-24-09-35-08\/","url":"https:\/\/todotrial.com\/tienda\/chaqueta2020-04-24-09-35-08\/","name":"CORTAVIENTO T\u00c9CNICO 100% AERO (NEGRO) - Tienda de todotrial","isPartOf":{"@id":"https:\/\/todotrial.com\/tienda\/#website"},"primaryImageOfPage":{"@id":"https:\/\/todotrial.com\/tienda\/chaqueta2020-04-24-09-35-08\/#primaryimage"},"image":{"@id":"https:\/\/todotrial.com\/tienda\/chaqueta2020-04-24-09-35-08\/#primaryimage"},"thumbnailUrl":"https:\/\/todotrial.com\/tienda\/wp-content\/uploads\/2020\/04\/chaqueta_cortaviento_negra.jpg","datePublished":"2020-04-24T09:35:08+00:00","dateModified":"2025-02-20T16:36:17+00:00","breadcrumb":{"@id":"https:\/\/todotrial.com\/tienda\/chaqueta2020-04-24-09-35-08\/#breadcrumb"},"inLanguage":"es","potentialAction":[{"@type":"ReadAction","target":["https:\/\/todotrial.com\/tienda\/chaqueta2020-04-24-09-35-08\/"]}]},{"@type":"ImageObject","inLanguage":"es","@id":"https:\/\/todotrial.com\/tienda\/chaqueta2020-04-24-09-35-08\/#primaryimage","url":"https:\/\/todotrial.com\/tienda\/wp-content\/uploads\/2020\/04\/chaqueta_cortaviento_negra.jpg","contentUrl":"https:\/\/todotrial.com\/tienda\/wp-content\/uploads\/2020\/04\/chaqueta_cortaviento_negra.jpg","width":470,"height":413},{"@type":"BreadcrumbList","@id":"https:\/\/todotrial.com\/tienda\/chaqueta2020-04-24-09-35-08\/#breadcrumb","itemListElement":[{"@type":"ListItem","position":1,"name":"Portada","item":"https:\/\/todotrial.com\/tienda\/"},{"@type":"ListItem","position":2,"name":"Shop","item":"https:\/\/todotrial.com\/tienda\/shop\/"},{"@type":"ListItem","position":3,"name":"CORTAVIENTO T\u00c9CNICO 100% AERO (NEGRO)"}]},{"@type":"WebSite","@id":"https:\/\/todotrial.com\/tienda\/#website","url":"https:\/\/todotrial.com\/tienda\/","name":"Tienda de todotrial","description":"","potentialAction":[{"@type":"SearchAction","target":{"@type":"EntryPoint","urlTemplate":"https:\/\/todotrial.com\/tienda\/?s={search_term_string}"},"query-input":{"@type":"PropertyValueSpecification","valueRequired":true,"valueName":"search_term_string"}}],"inLanguage":"es"}]}},"_links":{"self":[{"href":"https:\/\/todotrial.com\/tienda\/wp-json\/wp\/v2\/product\/15678","targetHints":{"allow":["GET"]}}],"collection":[{"href":"https:\/\/todotrial.com\/tienda\/wp-json\/wp\/v2\/product"}],"about":[{"href":"https:\/\/todotrial.com\/tienda\/wp-json\/wp\/v2\/types\/product"}],"replies":[{"embeddable":true,"href":"https:\/\/todotrial.com\/tienda\/wp-json\/wp\/v2\/comments?post=15678"}],"version-history":[{"count":0,"href":"https:\/\/todotrial.com\/tienda\/wp-json\/wp\/v2\/product\/15678\/revisions"}],"wp:featuredmedia":[{"embeddable":true,"href":"https:\/\/todotrial.com\/tienda\/wp-json\/wp\/v2\/media\/15677"}],"wp:attachment":[{"href":"https:\/\/todotrial.com\/tienda\/wp-json\/wp\/v2\/media?parent=15678"}],"wp:term":[{"taxonomy":"product_brand","embeddable":true,"href":"https:\/\/todotrial.com\/tienda\/wp-json\/wp\/v2\/product_brand?post=15678"},{"taxonomy":"product_cat","embeddable":true,"href":"https:\/\/todotrial.com\/tienda\/wp-json\/wp\/v2\/product_cat?post=15678"},{"taxonomy":"product_tag","embeddable":true,"href":"https:\/\/todotrial.com\/tienda\/wp-json\/wp\/v2\/product_tag?post=15678"}],"curies":[{"name":"wp","href":"https:\/\/api.w.org\/{rel}","templated":true}]}}