{"id":15676,"date":"2020-04-24T09:29:53","date_gmt":"2020-04-24T09:29:53","guid":{"rendered":"https:\/\/todotrial.com\/tienda\/product\/chaqueta2020-04-24-09-29-53\/"},"modified":"2025-02-20T17:36:18","modified_gmt":"2025-02-20T16:36:18","slug":"chaqueta2020-04-24-09-29-53","status":"publish","type":"product","link":"https:\/\/todotrial.com\/tienda\/chaqueta2020-04-24-09-29-53\/","title":{"rendered":"CHAQUETA SOFTSHELL CON CAPUCHA 100% MISSION (GRIS)"},"content":{"rendered":"<p>CHAQUETA SOFTSHELL CON CAPUCHA 100% MISSION (GRIS)<\/p>\n<p>Das el 100% sobre tu moto o bici, pero no tienes porque hacer el mismo esfuerzo para lucir bien cuando te bajas de ella. Para ayudarte est\u00e1 nuestra l\u00ednea premium de ropa deportiva casual, dise\u00f1ada para un clima fresco y con un ajuste atl\u00e9tico.<\/p>\n<p>&#8211; Chaqueta softshell de 3 capas, con cremallera<br \/>&#8211; Laminaci\u00f3n 5K\/3K con interior de forro polar cuadriculado<br \/>&#8211; Bolsillos con costura termosellada y cierre por cremallera<br \/>&#8211; Capucha con cord\u00f3n el\u00e1stico<br \/>&#8211; Peso: +- 400 gramos<\/p>\n","protected":false},"excerpt":{"rendered":"<p>CHAQUETA SOFTSHELL CON CAPUCHA 100% MISSION (GRIS)<br \/>\nTallas M, XL<\/p>\n","protected":false},"featured_media":15675,"comment_status":"open","ping_status":"closed","template":"","meta":[],"product_brand":[],"product_cat":[15],"product_tag":[],"class_list":{"0":"post-15676","1":"product","2":"type-product","3":"status-publish","4":"has-post-thumbnail","6":"product_cat-uncategorized","8":"first","9":"instock","10":"taxable","11":"shipping-taxable","12":"purchasable","13":"product-type-simple"},"yoast_head":"<!-- This site is optimized with the Yoast SEO Premium plugin v21.2 (Yoast SEO v27.3) - https:\/\/yoast.com\/product\/yoast-seo-premium-wordpress\/ -->\n<title>CHAQUETA SOFTSHELL CON CAPUCHA 100% MISSION (GRIS) - Tienda de todotrial<\/title>\n<meta name=\"robots\" content=\"index, follow, max-snippet:-1, max-image-preview:large, max-video-preview:-1\" \/>\n<link rel=\"canonical\" href=\"https:\/\/todotrial.com\/tienda\/chaqueta2020-04-24-09-29-53\/\" \/>\n<meta property=\"og:locale\" content=\"es_ES\" \/>\n<meta property=\"og:type\" content=\"article\" \/>\n<meta property=\"og:title\" content=\"CHAQUETA SOFTSHELL CON CAPUCHA 100% MISSION (GRIS)\" \/>\n<meta property=\"og:description\" content=\"CHAQUETA SOFTSHELL CON CAPUCHA 100% MISSION (GRIS) Tallas M, XL\" \/>\n<meta property=\"og:url\" content=\"https:\/\/todotrial.com\/tienda\/chaqueta2020-04-24-09-29-53\/\" \/>\n<meta property=\"og:site_name\" content=\"Tienda de todotrial\" \/>\n<meta property=\"article:modified_time\" content=\"2025-02-20T16:36:18+00:00\" \/>\n<meta property=\"og:image\" content=\"https:\/\/todotrial.com\/tienda\/wp-content\/uploads\/2020\/04\/chaqueta_soft_shell_gris.jpg\" \/>\n\t<meta property=\"og:image:width\" content=\"521\" \/>\n\t<meta property=\"og:image:height\" content=\"432\" \/>\n\t<meta property=\"og:image:type\" content=\"image\/jpeg\" \/>\n<meta name=\"twitter:card\" content=\"summary_large_image\" \/>\n<script type=\"application\/ld+json\" class=\"yoast-schema-graph\">{\"@context\":\"https:\\\/\\\/schema.org\",\"@graph\":[{\"@type\":\"WebPage\",\"@id\":\"https:\\\/\\\/todotrial.com\\\/tienda\\\/chaqueta2020-04-24-09-29-53\\\/\",\"url\":\"https:\\\/\\\/todotrial.com\\\/tienda\\\/chaqueta2020-04-24-09-29-53\\\/\",\"name\":\"CHAQUETA SOFTSHELL CON CAPUCHA 100% MISSION (GRIS) - Tienda de todotrial\",\"isPartOf\":{\"@id\":\"https:\\\/\\\/todotrial.com\\\/tienda\\\/#website\"},\"primaryImageOfPage\":{\"@id\":\"https:\\\/\\\/todotrial.com\\\/tienda\\\/chaqueta2020-04-24-09-29-53\\\/#primaryimage\"},\"image\":{\"@id\":\"https:\\\/\\\/todotrial.com\\\/tienda\\\/chaqueta2020-04-24-09-29-53\\\/#primaryimage\"},\"thumbnailUrl\":\"https:\\\/\\\/todotrial.com\\\/tienda\\\/wp-content\\\/uploads\\\/2020\\\/04\\\/chaqueta_soft_shell_gris.jpg\",\"datePublished\":\"2020-04-24T09:29:53+00:00\",\"dateModified\":\"2025-02-20T16:36:18+00:00\",\"breadcrumb\":{\"@id\":\"https:\\\/\\\/todotrial.com\\\/tienda\\\/chaqueta2020-04-24-09-29-53\\\/#breadcrumb\"},\"inLanguage\":\"es\",\"potentialAction\":[{\"@type\":\"ReadAction\",\"target\":[\"https:\\\/\\\/todotrial.com\\\/tienda\\\/chaqueta2020-04-24-09-29-53\\\/\"]}]},{\"@type\":\"ImageObject\",\"inLanguage\":\"es\",\"@id\":\"https:\\\/\\\/todotrial.com\\\/tienda\\\/chaqueta2020-04-24-09-29-53\\\/#primaryimage\",\"url\":\"https:\\\/\\\/todotrial.com\\\/tienda\\\/wp-content\\\/uploads\\\/2020\\\/04\\\/chaqueta_soft_shell_gris.jpg\",\"contentUrl\":\"https:\\\/\\\/todotrial.com\\\/tienda\\\/wp-content\\\/uploads\\\/2020\\\/04\\\/chaqueta_soft_shell_gris.jpg\",\"width\":521,\"height\":432},{\"@type\":\"BreadcrumbList\",\"@id\":\"https:\\\/\\\/todotrial.com\\\/tienda\\\/chaqueta2020-04-24-09-29-53\\\/#breadcrumb\",\"itemListElement\":[{\"@type\":\"ListItem\",\"position\":1,\"name\":\"Portada\",\"item\":\"https:\\\/\\\/todotrial.com\\\/tienda\\\/\"},{\"@type\":\"ListItem\",\"position\":2,\"name\":\"Shop\",\"item\":\"https:\\\/\\\/todotrial.com\\\/tienda\\\/shop\\\/\"},{\"@type\":\"ListItem\",\"position\":3,\"name\":\"CHAQUETA SOFTSHELL CON CAPUCHA 100% MISSION (GRIS)\"}]},{\"@type\":\"WebSite\",\"@id\":\"https:\\\/\\\/todotrial.com\\\/tienda\\\/#website\",\"url\":\"https:\\\/\\\/todotrial.com\\\/tienda\\\/\",\"name\":\"Tienda de todotrial\",\"description\":\"\",\"potentialAction\":[{\"@type\":\"SearchAction\",\"target\":{\"@type\":\"EntryPoint\",\"urlTemplate\":\"https:\\\/\\\/todotrial.com\\\/tienda\\\/?s={search_term_string}\"},\"query-input\":{\"@type\":\"PropertyValueSpecification\",\"valueRequired\":true,\"valueName\":\"search_term_string\"}}],\"inLanguage\":\"es\"}]}<\/script>\n<!-- \/ Yoast SEO Premium plugin. -->","yoast_head_json":{"title":"CHAQUETA SOFTSHELL CON CAPUCHA 100% MISSION (GRIS) - Tienda de todotrial","robots":{"index":"index","follow":"follow","max-snippet":"max-snippet:-1","max-image-preview":"max-image-preview:large","max-video-preview":"max-video-preview:-1"},"canonical":"https:\/\/todotrial.com\/tienda\/chaqueta2020-04-24-09-29-53\/","og_locale":"es_ES","og_type":"article","og_title":"CHAQUETA SOFTSHELL CON CAPUCHA 100% MISSION (GRIS)","og_description":"CHAQUETA SOFTSHELL CON CAPUCHA 100% MISSION (GRIS) Tallas M, XL","og_url":"https:\/\/todotrial.com\/tienda\/chaqueta2020-04-24-09-29-53\/","og_site_name":"Tienda de todotrial","article_modified_time":"2025-02-20T16:36:18+00:00","og_image":[{"width":521,"height":432,"url":"https:\/\/todotrial.com\/tienda\/wp-content\/uploads\/2020\/04\/chaqueta_soft_shell_gris.jpg","type":"image\/jpeg"}],"twitter_card":"summary_large_image","schema":{"@context":"https:\/\/schema.org","@graph":[{"@type":"WebPage","@id":"https:\/\/todotrial.com\/tienda\/chaqueta2020-04-24-09-29-53\/","url":"https:\/\/todotrial.com\/tienda\/chaqueta2020-04-24-09-29-53\/","name":"CHAQUETA SOFTSHELL CON CAPUCHA 100% MISSION (GRIS) - Tienda de todotrial","isPartOf":{"@id":"https:\/\/todotrial.com\/tienda\/#website"},"primaryImageOfPage":{"@id":"https:\/\/todotrial.com\/tienda\/chaqueta2020-04-24-09-29-53\/#primaryimage"},"image":{"@id":"https:\/\/todotrial.com\/tienda\/chaqueta2020-04-24-09-29-53\/#primaryimage"},"thumbnailUrl":"https:\/\/todotrial.com\/tienda\/wp-content\/uploads\/2020\/04\/chaqueta_soft_shell_gris.jpg","datePublished":"2020-04-24T09:29:53+00:00","dateModified":"2025-02-20T16:36:18+00:00","breadcrumb":{"@id":"https:\/\/todotrial.com\/tienda\/chaqueta2020-04-24-09-29-53\/#breadcrumb"},"inLanguage":"es","potentialAction":[{"@type":"ReadAction","target":["https:\/\/todotrial.com\/tienda\/chaqueta2020-04-24-09-29-53\/"]}]},{"@type":"ImageObject","inLanguage":"es","@id":"https:\/\/todotrial.com\/tienda\/chaqueta2020-04-24-09-29-53\/#primaryimage","url":"https:\/\/todotrial.com\/tienda\/wp-content\/uploads\/2020\/04\/chaqueta_soft_shell_gris.jpg","contentUrl":"https:\/\/todotrial.com\/tienda\/wp-content\/uploads\/2020\/04\/chaqueta_soft_shell_gris.jpg","width":521,"height":432},{"@type":"BreadcrumbList","@id":"https:\/\/todotrial.com\/tienda\/chaqueta2020-04-24-09-29-53\/#breadcrumb","itemListElement":[{"@type":"ListItem","position":1,"name":"Portada","item":"https:\/\/todotrial.com\/tienda\/"},{"@type":"ListItem","position":2,"name":"Shop","item":"https:\/\/todotrial.com\/tienda\/shop\/"},{"@type":"ListItem","position":3,"name":"CHAQUETA SOFTSHELL CON CAPUCHA 100% MISSION (GRIS)"}]},{"@type":"WebSite","@id":"https:\/\/todotrial.com\/tienda\/#website","url":"https:\/\/todotrial.com\/tienda\/","name":"Tienda de todotrial","description":"","potentialAction":[{"@type":"SearchAction","target":{"@type":"EntryPoint","urlTemplate":"https:\/\/todotrial.com\/tienda\/?s={search_term_string}"},"query-input":{"@type":"PropertyValueSpecification","valueRequired":true,"valueName":"search_term_string"}}],"inLanguage":"es"}]}},"_links":{"self":[{"href":"https:\/\/todotrial.com\/tienda\/wp-json\/wp\/v2\/product\/15676","targetHints":{"allow":["GET"]}}],"collection":[{"href":"https:\/\/todotrial.com\/tienda\/wp-json\/wp\/v2\/product"}],"about":[{"href":"https:\/\/todotrial.com\/tienda\/wp-json\/wp\/v2\/types\/product"}],"replies":[{"embeddable":true,"href":"https:\/\/todotrial.com\/tienda\/wp-json\/wp\/v2\/comments?post=15676"}],"version-history":[{"count":0,"href":"https:\/\/todotrial.com\/tienda\/wp-json\/wp\/v2\/product\/15676\/revisions"}],"wp:featuredmedia":[{"embeddable":true,"href":"https:\/\/todotrial.com\/tienda\/wp-json\/wp\/v2\/media\/15675"}],"wp:attachment":[{"href":"https:\/\/todotrial.com\/tienda\/wp-json\/wp\/v2\/media?parent=15676"}],"wp:term":[{"taxonomy":"product_brand","embeddable":true,"href":"https:\/\/todotrial.com\/tienda\/wp-json\/wp\/v2\/product_brand?post=15676"},{"taxonomy":"product_cat","embeddable":true,"href":"https:\/\/todotrial.com\/tienda\/wp-json\/wp\/v2\/product_cat?post=15676"},{"taxonomy":"product_tag","embeddable":true,"href":"https:\/\/todotrial.com\/tienda\/wp-json\/wp\/v2\/product_tag?post=15676"}],"curies":[{"name":"wp","href":"https:\/\/api.w.org\/{rel}","templated":true}]}}