{"id":15665,"date":"2020-04-23T16:26:44","date_gmt":"2020-04-23T16:26:44","guid":{"rendered":"https:\/\/todotrial.com\/tienda\/product\/cascos2020-04-23-16-26-44\/"},"modified":"2025-05-14T09:06:56","modified_gmt":"2025-05-14T08:06:56","slug":"cascos2020-04-23-16-26-44","status":"publish","type":"product","link":"https:\/\/todotrial.com\/tienda\/cascos2020-04-23-16-26-44\/","title":{"rendered":"CASCOs TRIAL NAU N400 OVERALL"},"content":{"rendered":"<p>CASCOs TRIAL NAU N400 OVERALL<br \/>COLORES: blanco\/gris ,negro\/rojo ,rosa\/gris ,amarillo\/gris, naranja\/gris<\/p>\n<p>El casco Nau Overall cuenta con la aprobaci\u00f3n del certificado de seguridad ECE 22.05. La capa exterior est\u00e1 fabricada de termopl\u00e1stico que proporciona una gran resistencia. Tiene un acabado barnizado de alta calidad. El forro interior ofrece una gran comodidad adem\u00e1s de ser extra\u00edble y lavable. Cuenta con una visera ajustable, una correa de sujeci\u00f3n con cierre r\u00e1pido y varias entradas de ventilaci\u00f3n. Tallas: , S, M, L, XL .&nbsp;<\/p>\n","protected":false},"excerpt":{"rendered":"<p>CASCOs TRIAL NAU N400 OVERALL<br \/>\nCOLORES: blanco\/gris ,negro\/rojo ,rosa\/gris ,amarillo\/gris, naranja\/gris<\/p>\n","protected":false},"featured_media":15660,"comment_status":"open","ping_status":"closed","template":"","meta":[],"product_brand":[],"product_cat":[11423],"product_tag":[],"class_list":{"0":"post-15665","1":"product","2":"type-product","3":"status-publish","4":"has-post-thumbnail","6":"product_cat-cascos-equipacion","8":"first","9":"instock","10":"taxable","11":"shipping-taxable","12":"purchasable","13":"product-type-simple"},"yoast_head":"<!-- This site is optimized with the Yoast SEO Premium plugin v21.2 (Yoast SEO v27.3) - https:\/\/yoast.com\/product\/yoast-seo-premium-wordpress\/ -->\n<title>CASCOs TRIAL NAU N400 OVERALL - Tienda de todotrial<\/title>\n<meta name=\"robots\" content=\"index, follow, max-snippet:-1, max-image-preview:large, max-video-preview:-1\" \/>\n<link rel=\"canonical\" href=\"https:\/\/todotrial.com\/tienda\/cascos2020-04-23-16-26-44\/\" \/>\n<meta property=\"og:locale\" content=\"es_ES\" \/>\n<meta property=\"og:type\" content=\"article\" \/>\n<meta property=\"og:title\" content=\"CASCOs TRIAL NAU N400 OVERALL\" \/>\n<meta property=\"og:description\" content=\"CASCOs TRIAL NAU N400 OVERALL COLORES: blanco\/gris ,negro\/rojo ,rosa\/gris ,amarillo\/gris, naranja\/gris\" \/>\n<meta property=\"og:url\" content=\"https:\/\/todotrial.com\/tienda\/cascos2020-04-23-16-26-44\/\" \/>\n<meta property=\"og:site_name\" content=\"Tienda de todotrial\" \/>\n<meta property=\"article:modified_time\" content=\"2025-05-14T08:06:56+00:00\" \/>\n<meta property=\"og:image\" content=\"https:\/\/todotrial.com\/tienda\/wp-content\/uploads\/2020\/04\/casco_overall_blanco_gris.jpg\" \/>\n\t<meta property=\"og:image:width\" content=\"319\" \/>\n\t<meta property=\"og:image:height\" content=\"349\" \/>\n\t<meta property=\"og:image:type\" content=\"image\/jpeg\" \/>\n<meta name=\"twitter:card\" content=\"summary_large_image\" \/>\n<script type=\"application\/ld+json\" class=\"yoast-schema-graph\">{\"@context\":\"https:\\\/\\\/schema.org\",\"@graph\":[{\"@type\":\"WebPage\",\"@id\":\"https:\\\/\\\/todotrial.com\\\/tienda\\\/cascos2020-04-23-16-26-44\\\/\",\"url\":\"https:\\\/\\\/todotrial.com\\\/tienda\\\/cascos2020-04-23-16-26-44\\\/\",\"name\":\"CASCOs TRIAL NAU N400 OVERALL - Tienda de todotrial\",\"isPartOf\":{\"@id\":\"https:\\\/\\\/todotrial.com\\\/tienda\\\/#website\"},\"primaryImageOfPage\":{\"@id\":\"https:\\\/\\\/todotrial.com\\\/tienda\\\/cascos2020-04-23-16-26-44\\\/#primaryimage\"},\"image\":{\"@id\":\"https:\\\/\\\/todotrial.com\\\/tienda\\\/cascos2020-04-23-16-26-44\\\/#primaryimage\"},\"thumbnailUrl\":\"https:\\\/\\\/todotrial.com\\\/tienda\\\/wp-content\\\/uploads\\\/2020\\\/04\\\/casco_overall_blanco_gris.jpg\",\"datePublished\":\"2020-04-23T16:26:44+00:00\",\"dateModified\":\"2025-05-14T08:06:56+00:00\",\"breadcrumb\":{\"@id\":\"https:\\\/\\\/todotrial.com\\\/tienda\\\/cascos2020-04-23-16-26-44\\\/#breadcrumb\"},\"inLanguage\":\"es\",\"potentialAction\":[{\"@type\":\"ReadAction\",\"target\":[\"https:\\\/\\\/todotrial.com\\\/tienda\\\/cascos2020-04-23-16-26-44\\\/\"]}]},{\"@type\":\"ImageObject\",\"inLanguage\":\"es\",\"@id\":\"https:\\\/\\\/todotrial.com\\\/tienda\\\/cascos2020-04-23-16-26-44\\\/#primaryimage\",\"url\":\"https:\\\/\\\/todotrial.com\\\/tienda\\\/wp-content\\\/uploads\\\/2020\\\/04\\\/casco_overall_blanco_gris.jpg\",\"contentUrl\":\"https:\\\/\\\/todotrial.com\\\/tienda\\\/wp-content\\\/uploads\\\/2020\\\/04\\\/casco_overall_blanco_gris.jpg\",\"width\":319,\"height\":349},{\"@type\":\"BreadcrumbList\",\"@id\":\"https:\\\/\\\/todotrial.com\\\/tienda\\\/cascos2020-04-23-16-26-44\\\/#breadcrumb\",\"itemListElement\":[{\"@type\":\"ListItem\",\"position\":1,\"name\":\"Portada\",\"item\":\"https:\\\/\\\/todotrial.com\\\/tienda\\\/\"},{\"@type\":\"ListItem\",\"position\":2,\"name\":\"Shop\",\"item\":\"https:\\\/\\\/todotrial.com\\\/tienda\\\/shop\\\/\"},{\"@type\":\"ListItem\",\"position\":3,\"name\":\"CASCOs TRIAL NAU N400 OVERALL\"}]},{\"@type\":\"WebSite\",\"@id\":\"https:\\\/\\\/todotrial.com\\\/tienda\\\/#website\",\"url\":\"https:\\\/\\\/todotrial.com\\\/tienda\\\/\",\"name\":\"Tienda de todotrial\",\"description\":\"\",\"potentialAction\":[{\"@type\":\"SearchAction\",\"target\":{\"@type\":\"EntryPoint\",\"urlTemplate\":\"https:\\\/\\\/todotrial.com\\\/tienda\\\/?s={search_term_string}\"},\"query-input\":{\"@type\":\"PropertyValueSpecification\",\"valueRequired\":true,\"valueName\":\"search_term_string\"}}],\"inLanguage\":\"es\"}]}<\/script>\n<!-- \/ Yoast SEO Premium plugin. -->","yoast_head_json":{"title":"CASCOs TRIAL NAU N400 OVERALL - Tienda de todotrial","robots":{"index":"index","follow":"follow","max-snippet":"max-snippet:-1","max-image-preview":"max-image-preview:large","max-video-preview":"max-video-preview:-1"},"canonical":"https:\/\/todotrial.com\/tienda\/cascos2020-04-23-16-26-44\/","og_locale":"es_ES","og_type":"article","og_title":"CASCOs TRIAL NAU N400 OVERALL","og_description":"CASCOs TRIAL NAU N400 OVERALL COLORES: blanco\/gris ,negro\/rojo ,rosa\/gris ,amarillo\/gris, naranja\/gris","og_url":"https:\/\/todotrial.com\/tienda\/cascos2020-04-23-16-26-44\/","og_site_name":"Tienda de todotrial","article_modified_time":"2025-05-14T08:06:56+00:00","og_image":[{"width":319,"height":349,"url":"https:\/\/todotrial.com\/tienda\/wp-content\/uploads\/2020\/04\/casco_overall_blanco_gris.jpg","type":"image\/jpeg"}],"twitter_card":"summary_large_image","schema":{"@context":"https:\/\/schema.org","@graph":[{"@type":"WebPage","@id":"https:\/\/todotrial.com\/tienda\/cascos2020-04-23-16-26-44\/","url":"https:\/\/todotrial.com\/tienda\/cascos2020-04-23-16-26-44\/","name":"CASCOs TRIAL NAU N400 OVERALL - Tienda de todotrial","isPartOf":{"@id":"https:\/\/todotrial.com\/tienda\/#website"},"primaryImageOfPage":{"@id":"https:\/\/todotrial.com\/tienda\/cascos2020-04-23-16-26-44\/#primaryimage"},"image":{"@id":"https:\/\/todotrial.com\/tienda\/cascos2020-04-23-16-26-44\/#primaryimage"},"thumbnailUrl":"https:\/\/todotrial.com\/tienda\/wp-content\/uploads\/2020\/04\/casco_overall_blanco_gris.jpg","datePublished":"2020-04-23T16:26:44+00:00","dateModified":"2025-05-14T08:06:56+00:00","breadcrumb":{"@id":"https:\/\/todotrial.com\/tienda\/cascos2020-04-23-16-26-44\/#breadcrumb"},"inLanguage":"es","potentialAction":[{"@type":"ReadAction","target":["https:\/\/todotrial.com\/tienda\/cascos2020-04-23-16-26-44\/"]}]},{"@type":"ImageObject","inLanguage":"es","@id":"https:\/\/todotrial.com\/tienda\/cascos2020-04-23-16-26-44\/#primaryimage","url":"https:\/\/todotrial.com\/tienda\/wp-content\/uploads\/2020\/04\/casco_overall_blanco_gris.jpg","contentUrl":"https:\/\/todotrial.com\/tienda\/wp-content\/uploads\/2020\/04\/casco_overall_blanco_gris.jpg","width":319,"height":349},{"@type":"BreadcrumbList","@id":"https:\/\/todotrial.com\/tienda\/cascos2020-04-23-16-26-44\/#breadcrumb","itemListElement":[{"@type":"ListItem","position":1,"name":"Portada","item":"https:\/\/todotrial.com\/tienda\/"},{"@type":"ListItem","position":2,"name":"Shop","item":"https:\/\/todotrial.com\/tienda\/shop\/"},{"@type":"ListItem","position":3,"name":"CASCOs TRIAL NAU N400 OVERALL"}]},{"@type":"WebSite","@id":"https:\/\/todotrial.com\/tienda\/#website","url":"https:\/\/todotrial.com\/tienda\/","name":"Tienda de todotrial","description":"","potentialAction":[{"@type":"SearchAction","target":{"@type":"EntryPoint","urlTemplate":"https:\/\/todotrial.com\/tienda\/?s={search_term_string}"},"query-input":{"@type":"PropertyValueSpecification","valueRequired":true,"valueName":"search_term_string"}}],"inLanguage":"es"}]}},"_links":{"self":[{"href":"https:\/\/todotrial.com\/tienda\/wp-json\/wp\/v2\/product\/15665","targetHints":{"allow":["GET"]}}],"collection":[{"href":"https:\/\/todotrial.com\/tienda\/wp-json\/wp\/v2\/product"}],"about":[{"href":"https:\/\/todotrial.com\/tienda\/wp-json\/wp\/v2\/types\/product"}],"replies":[{"embeddable":true,"href":"https:\/\/todotrial.com\/tienda\/wp-json\/wp\/v2\/comments?post=15665"}],"version-history":[{"count":1,"href":"https:\/\/todotrial.com\/tienda\/wp-json\/wp\/v2\/product\/15665\/revisions"}],"predecessor-version":[{"id":55249,"href":"https:\/\/todotrial.com\/tienda\/wp-json\/wp\/v2\/product\/15665\/revisions\/55249"}],"wp:featuredmedia":[{"embeddable":true,"href":"https:\/\/todotrial.com\/tienda\/wp-json\/wp\/v2\/media\/15660"}],"wp:attachment":[{"href":"https:\/\/todotrial.com\/tienda\/wp-json\/wp\/v2\/media?parent=15665"}],"wp:term":[{"taxonomy":"product_brand","embeddable":true,"href":"https:\/\/todotrial.com\/tienda\/wp-json\/wp\/v2\/product_brand?post=15665"},{"taxonomy":"product_cat","embeddable":true,"href":"https:\/\/todotrial.com\/tienda\/wp-json\/wp\/v2\/product_cat?post=15665"},{"taxonomy":"product_tag","embeddable":true,"href":"https:\/\/todotrial.com\/tienda\/wp-json\/wp\/v2\/product_tag?post=15665"}],"curies":[{"name":"wp","href":"https:\/\/api.w.org\/{rel}","templated":true}]}}