{"id":15634,"date":"2020-04-21T16:52:34","date_gmt":"2020-04-21T16:52:34","guid":{"rendered":"https:\/\/todotrial.com\/tienda\/product\/aguja-flotador\/"},"modified":"2025-02-20T17:36:30","modified_gmt":"2025-02-20T16:36:30","slug":"aguja-flotador","status":"publish","type":"product","link":"https:\/\/todotrial.com\/tienda\/aguja-flotador\/","title":{"rendered":"AGUJA FLOTADOR CARBURADORES MIKUNI"},"content":{"rendered":"<p>AGUJA FLOTADOR CARBURADORES MIKUNI<br \/>La misi\u00f3n de la aguja flotador es mantener constante el nivel del combustible para evitar que el combustible se derrame por el movimiento e inclinaci\u00f3n del veh\u00edculo.<\/p>\n<p>As\u00ed pues las cubetas de los carburadores no deben perder gasolina. Si se observa que de la boca del carburador esta saliendo combustible significa que la v\u00e1lvula del flotador no esta bien y se debe reemplazar.<\/p>\n","protected":false},"excerpt":{"rendered":"<p>AGUJA FLOTADOR CARBURADORES MIKUNI<br \/>\nLa misi\u00f3n de la aguja flotador es mantener constante el nivel del combustible para  evitar que el combustible se derrame por el movimiento e inclinaci\u00f3n del veh\u00edculo.<\/p>\n<p>As\u00ed pues las cubetas de los carburadores no deben perder gasolina. Si se observa que de la boca del carburador esta saliendo combustible significa que la v\u00e1lvula del flotador no esta bien y se debe reemplazar.<\/p>\n","protected":false},"featured_media":15633,"comment_status":"open","ping_status":"closed","template":"","meta":[],"product_brand":[],"product_cat":[15],"product_tag":[],"class_list":{"0":"post-15634","1":"product","2":"type-product","3":"status-publish","4":"has-post-thumbnail","6":"product_cat-uncategorized","8":"first","9":"instock","10":"taxable","11":"shipping-taxable","12":"purchasable","13":"product-type-simple"},"yoast_head":"<!-- This site is optimized with the Yoast SEO Premium plugin v21.2 (Yoast SEO v27.3) - https:\/\/yoast.com\/product\/yoast-seo-premium-wordpress\/ -->\n<title>AGUJA FLOTADOR CARBURADORES MIKUNI - Tienda de todotrial<\/title>\n<meta name=\"robots\" content=\"index, follow, max-snippet:-1, max-image-preview:large, max-video-preview:-1\" \/>\n<link rel=\"canonical\" href=\"https:\/\/todotrial.com\/tienda\/aguja-flotador\/\" \/>\n<meta property=\"og:locale\" content=\"es_ES\" \/>\n<meta property=\"og:type\" content=\"article\" \/>\n<meta property=\"og:title\" content=\"AGUJA FLOTADOR CARBURADORES MIKUNI\" \/>\n<meta property=\"og:description\" content=\"AGUJA FLOTADOR CARBURADORES MIKUNI La misi\u00f3n de la aguja flotador es mantener constante el nivel del combustible para evitar que el combustible se derrame por el movimiento e inclinaci\u00f3n del veh\u00edculo.  As\u00ed pues las cubetas de los carburadores no deben perder gasolina. Si se observa que de la boca del carburador esta saliendo combustible significa que la v\u00e1lvula del flotador no esta bien y se debe reemplazar.\" \/>\n<meta property=\"og:url\" content=\"https:\/\/todotrial.com\/tienda\/aguja-flotador\/\" \/>\n<meta property=\"og:site_name\" content=\"Tienda de todotrial\" \/>\n<meta property=\"article:modified_time\" content=\"2025-02-20T16:36:30+00:00\" \/>\n<meta property=\"og:image\" content=\"https:\/\/todotrial.com\/tienda\/wp-content\/uploads\/2020\/04\/aguja_flotador_mikuni.jpg\" \/>\n\t<meta property=\"og:image:width\" content=\"501\" \/>\n\t<meta property=\"og:image:height\" content=\"499\" \/>\n\t<meta property=\"og:image:type\" content=\"image\/jpeg\" \/>\n<meta name=\"twitter:card\" content=\"summary_large_image\" \/>\n<script type=\"application\/ld+json\" class=\"yoast-schema-graph\">{\"@context\":\"https:\\\/\\\/schema.org\",\"@graph\":[{\"@type\":\"WebPage\",\"@id\":\"https:\\\/\\\/todotrial.com\\\/tienda\\\/aguja-flotador\\\/\",\"url\":\"https:\\\/\\\/todotrial.com\\\/tienda\\\/aguja-flotador\\\/\",\"name\":\"AGUJA FLOTADOR CARBURADORES MIKUNI - Tienda de todotrial\",\"isPartOf\":{\"@id\":\"https:\\\/\\\/todotrial.com\\\/tienda\\\/#website\"},\"primaryImageOfPage\":{\"@id\":\"https:\\\/\\\/todotrial.com\\\/tienda\\\/aguja-flotador\\\/#primaryimage\"},\"image\":{\"@id\":\"https:\\\/\\\/todotrial.com\\\/tienda\\\/aguja-flotador\\\/#primaryimage\"},\"thumbnailUrl\":\"https:\\\/\\\/todotrial.com\\\/tienda\\\/wp-content\\\/uploads\\\/2020\\\/04\\\/aguja_flotador_mikuni.jpg\",\"datePublished\":\"2020-04-21T16:52:34+00:00\",\"dateModified\":\"2025-02-20T16:36:30+00:00\",\"breadcrumb\":{\"@id\":\"https:\\\/\\\/todotrial.com\\\/tienda\\\/aguja-flotador\\\/#breadcrumb\"},\"inLanguage\":\"es\",\"potentialAction\":[{\"@type\":\"ReadAction\",\"target\":[\"https:\\\/\\\/todotrial.com\\\/tienda\\\/aguja-flotador\\\/\"]}]},{\"@type\":\"ImageObject\",\"inLanguage\":\"es\",\"@id\":\"https:\\\/\\\/todotrial.com\\\/tienda\\\/aguja-flotador\\\/#primaryimage\",\"url\":\"https:\\\/\\\/todotrial.com\\\/tienda\\\/wp-content\\\/uploads\\\/2020\\\/04\\\/aguja_flotador_mikuni.jpg\",\"contentUrl\":\"https:\\\/\\\/todotrial.com\\\/tienda\\\/wp-content\\\/uploads\\\/2020\\\/04\\\/aguja_flotador_mikuni.jpg\",\"width\":501,\"height\":499},{\"@type\":\"BreadcrumbList\",\"@id\":\"https:\\\/\\\/todotrial.com\\\/tienda\\\/aguja-flotador\\\/#breadcrumb\",\"itemListElement\":[{\"@type\":\"ListItem\",\"position\":1,\"name\":\"Portada\",\"item\":\"https:\\\/\\\/todotrial.com\\\/tienda\\\/\"},{\"@type\":\"ListItem\",\"position\":2,\"name\":\"Shop\",\"item\":\"https:\\\/\\\/todotrial.com\\\/tienda\\\/shop\\\/\"},{\"@type\":\"ListItem\",\"position\":3,\"name\":\"AGUJA FLOTADOR CARBURADORES MIKUNI\"}]},{\"@type\":\"WebSite\",\"@id\":\"https:\\\/\\\/todotrial.com\\\/tienda\\\/#website\",\"url\":\"https:\\\/\\\/todotrial.com\\\/tienda\\\/\",\"name\":\"Tienda de todotrial\",\"description\":\"\",\"potentialAction\":[{\"@type\":\"SearchAction\",\"target\":{\"@type\":\"EntryPoint\",\"urlTemplate\":\"https:\\\/\\\/todotrial.com\\\/tienda\\\/?s={search_term_string}\"},\"query-input\":{\"@type\":\"PropertyValueSpecification\",\"valueRequired\":true,\"valueName\":\"search_term_string\"}}],\"inLanguage\":\"es\"}]}<\/script>\n<!-- \/ Yoast SEO Premium plugin. -->","yoast_head_json":{"title":"AGUJA FLOTADOR CARBURADORES MIKUNI - Tienda de todotrial","robots":{"index":"index","follow":"follow","max-snippet":"max-snippet:-1","max-image-preview":"max-image-preview:large","max-video-preview":"max-video-preview:-1"},"canonical":"https:\/\/todotrial.com\/tienda\/aguja-flotador\/","og_locale":"es_ES","og_type":"article","og_title":"AGUJA FLOTADOR CARBURADORES MIKUNI","og_description":"AGUJA FLOTADOR CARBURADORES MIKUNI La misi\u00f3n de la aguja flotador es mantener constante el nivel del combustible para evitar que el combustible se derrame por el movimiento e inclinaci\u00f3n del veh\u00edculo.  As\u00ed pues las cubetas de los carburadores no deben perder gasolina. Si se observa que de la boca del carburador esta saliendo combustible significa que la v\u00e1lvula del flotador no esta bien y se debe reemplazar.","og_url":"https:\/\/todotrial.com\/tienda\/aguja-flotador\/","og_site_name":"Tienda de todotrial","article_modified_time":"2025-02-20T16:36:30+00:00","og_image":[{"width":501,"height":499,"url":"https:\/\/todotrial.com\/tienda\/wp-content\/uploads\/2020\/04\/aguja_flotador_mikuni.jpg","type":"image\/jpeg"}],"twitter_card":"summary_large_image","schema":{"@context":"https:\/\/schema.org","@graph":[{"@type":"WebPage","@id":"https:\/\/todotrial.com\/tienda\/aguja-flotador\/","url":"https:\/\/todotrial.com\/tienda\/aguja-flotador\/","name":"AGUJA FLOTADOR CARBURADORES MIKUNI - Tienda de todotrial","isPartOf":{"@id":"https:\/\/todotrial.com\/tienda\/#website"},"primaryImageOfPage":{"@id":"https:\/\/todotrial.com\/tienda\/aguja-flotador\/#primaryimage"},"image":{"@id":"https:\/\/todotrial.com\/tienda\/aguja-flotador\/#primaryimage"},"thumbnailUrl":"https:\/\/todotrial.com\/tienda\/wp-content\/uploads\/2020\/04\/aguja_flotador_mikuni.jpg","datePublished":"2020-04-21T16:52:34+00:00","dateModified":"2025-02-20T16:36:30+00:00","breadcrumb":{"@id":"https:\/\/todotrial.com\/tienda\/aguja-flotador\/#breadcrumb"},"inLanguage":"es","potentialAction":[{"@type":"ReadAction","target":["https:\/\/todotrial.com\/tienda\/aguja-flotador\/"]}]},{"@type":"ImageObject","inLanguage":"es","@id":"https:\/\/todotrial.com\/tienda\/aguja-flotador\/#primaryimage","url":"https:\/\/todotrial.com\/tienda\/wp-content\/uploads\/2020\/04\/aguja_flotador_mikuni.jpg","contentUrl":"https:\/\/todotrial.com\/tienda\/wp-content\/uploads\/2020\/04\/aguja_flotador_mikuni.jpg","width":501,"height":499},{"@type":"BreadcrumbList","@id":"https:\/\/todotrial.com\/tienda\/aguja-flotador\/#breadcrumb","itemListElement":[{"@type":"ListItem","position":1,"name":"Portada","item":"https:\/\/todotrial.com\/tienda\/"},{"@type":"ListItem","position":2,"name":"Shop","item":"https:\/\/todotrial.com\/tienda\/shop\/"},{"@type":"ListItem","position":3,"name":"AGUJA FLOTADOR CARBURADORES MIKUNI"}]},{"@type":"WebSite","@id":"https:\/\/todotrial.com\/tienda\/#website","url":"https:\/\/todotrial.com\/tienda\/","name":"Tienda de todotrial","description":"","potentialAction":[{"@type":"SearchAction","target":{"@type":"EntryPoint","urlTemplate":"https:\/\/todotrial.com\/tienda\/?s={search_term_string}"},"query-input":{"@type":"PropertyValueSpecification","valueRequired":true,"valueName":"search_term_string"}}],"inLanguage":"es"}]}},"_links":{"self":[{"href":"https:\/\/todotrial.com\/tienda\/wp-json\/wp\/v2\/product\/15634","targetHints":{"allow":["GET"]}}],"collection":[{"href":"https:\/\/todotrial.com\/tienda\/wp-json\/wp\/v2\/product"}],"about":[{"href":"https:\/\/todotrial.com\/tienda\/wp-json\/wp\/v2\/types\/product"}],"replies":[{"embeddable":true,"href":"https:\/\/todotrial.com\/tienda\/wp-json\/wp\/v2\/comments?post=15634"}],"version-history":[{"count":0,"href":"https:\/\/todotrial.com\/tienda\/wp-json\/wp\/v2\/product\/15634\/revisions"}],"wp:featuredmedia":[{"embeddable":true,"href":"https:\/\/todotrial.com\/tienda\/wp-json\/wp\/v2\/media\/15633"}],"wp:attachment":[{"href":"https:\/\/todotrial.com\/tienda\/wp-json\/wp\/v2\/media?parent=15634"}],"wp:term":[{"taxonomy":"product_brand","embeddable":true,"href":"https:\/\/todotrial.com\/tienda\/wp-json\/wp\/v2\/product_brand?post=15634"},{"taxonomy":"product_cat","embeddable":true,"href":"https:\/\/todotrial.com\/tienda\/wp-json\/wp\/v2\/product_cat?post=15634"},{"taxonomy":"product_tag","embeddable":true,"href":"https:\/\/todotrial.com\/tienda\/wp-json\/wp\/v2\/product_tag?post=15634"}],"curies":[{"name":"wp","href":"https:\/\/api.w.org\/{rel}","templated":true}]}}