{"id":15604,"date":"2020-04-20T10:31:05","date_gmt":"2020-04-20T10:31:05","guid":{"rendered":"https:\/\/todotrial.com\/tienda\/product\/camiseta2020-04-20-10-31-05\/"},"modified":"2025-02-20T17:36:39","modified_gmt":"2025-02-20T16:36:39","slug":"camiseta2020-04-20-10-31-05","status":"publish","type":"product","link":"https:\/\/todotrial.com\/tienda\/camiseta2020-04-20-10-31-05\/","title":{"rendered":"CAMISETA OSSA TRIAL verde\/blanca"},"content":{"rendered":"<p>Camisa de montar OSSA VERDE \/ BLANCO<\/p>\n<p>Alta calidad con cuello en V, hecho en Italia.<\/p>\n<p>Estas son las medidas rectas a trav\u00e9s del pecho por debajo del brazo, para ordenar el tama\u00f1o correcto, ver a continuaci\u00f3n:<\/p>\n<p>Grande 56cm<\/p>\n<p>XLarge 59cm<\/p>\n<p>XXLarge 62cm<\/p>\n<p>3XLarge 63.5cm<\/p>\n<p>4XLarge 65cm<\/p>\n<p>5XLarge 68cm<\/p>\n","protected":false},"excerpt":{"rendered":"<p>Camisa de montar OSSA VERDE \/ BLANCO<\/p>\n<p>Alta calidad con cuello en V, hecho en Italia.<\/p>\n<p>Estas son las medidas rectas a trav\u00e9s del pecho por debajo del brazo, para ordenar el tama\u00f1o correcto, ver a continuaci\u00f3n:<\/p>\n<p>Grande 56cm<\/p>\n<p>XLarge 59cm<\/p>\n<p>XXLarge 62cm<\/p>\n<p>3XLarge 63.5cm<\/p>\n<p>4XLarge 65cm<\/p>\n<p>5XLarge 68cm<\/p>\n","protected":false},"featured_media":15603,"comment_status":"open","ping_status":"closed","template":"","meta":[],"product_brand":[],"product_cat":[15],"product_tag":[],"class_list":{"0":"post-15604","1":"product","2":"type-product","3":"status-publish","4":"has-post-thumbnail","6":"product_cat-uncategorized","8":"first","9":"outofstock","10":"taxable","11":"shipping-taxable","12":"purchasable","13":"product-type-simple"},"yoast_head":"<!-- This site is optimized with the Yoast SEO Premium plugin v21.2 (Yoast SEO v27.3) - https:\/\/yoast.com\/product\/yoast-seo-premium-wordpress\/ -->\n<title>CAMISETA OSSA TRIAL verde\/blanca - Tienda de todotrial<\/title>\n<meta name=\"robots\" content=\"index, follow, max-snippet:-1, max-image-preview:large, max-video-preview:-1\" \/>\n<link rel=\"canonical\" href=\"https:\/\/todotrial.com\/tienda\/camiseta2020-04-20-10-31-05\/\" \/>\n<meta property=\"og:locale\" content=\"es_ES\" \/>\n<meta property=\"og:type\" content=\"article\" \/>\n<meta property=\"og:title\" content=\"CAMISETA OSSA TRIAL verde\/blanca\" \/>\n<meta property=\"og:description\" content=\"Camisa de montar OSSA VERDE \/ BLANCO  Alta calidad con cuello en V, hecho en Italia.    Estas son las medidas rectas a trav\u00e9s del pecho por debajo del brazo, para ordenar el tama\u00f1o correcto, ver a continuaci\u00f3n:  Grande 56cm  XLarge 59cm  XXLarge 62cm  3XLarge 63.5cm  4XLarge 65cm  5XLarge 68cm\" \/>\n<meta property=\"og:url\" content=\"https:\/\/todotrial.com\/tienda\/camiseta2020-04-20-10-31-05\/\" \/>\n<meta property=\"og:site_name\" content=\"Tienda de todotrial\" \/>\n<meta property=\"article:modified_time\" content=\"2025-02-20T16:36:39+00:00\" \/>\n<meta property=\"og:image\" content=\"https:\/\/todotrial.com\/tienda\/wp-content\/uploads\/2020\/04\/camiseta_ossa_trial.jpg\" \/>\n\t<meta property=\"og:image:width\" content=\"796\" \/>\n\t<meta property=\"og:image:height\" content=\"737\" \/>\n\t<meta property=\"og:image:type\" content=\"image\/jpeg\" \/>\n<meta name=\"twitter:card\" content=\"summary_large_image\" \/>\n<script type=\"application\/ld+json\" class=\"yoast-schema-graph\">{\"@context\":\"https:\\\/\\\/schema.org\",\"@graph\":[{\"@type\":\"WebPage\",\"@id\":\"https:\\\/\\\/todotrial.com\\\/tienda\\\/camiseta2020-04-20-10-31-05\\\/\",\"url\":\"https:\\\/\\\/todotrial.com\\\/tienda\\\/camiseta2020-04-20-10-31-05\\\/\",\"name\":\"CAMISETA OSSA TRIAL verde\\\/blanca - Tienda de todotrial\",\"isPartOf\":{\"@id\":\"https:\\\/\\\/todotrial.com\\\/tienda\\\/#website\"},\"primaryImageOfPage\":{\"@id\":\"https:\\\/\\\/todotrial.com\\\/tienda\\\/camiseta2020-04-20-10-31-05\\\/#primaryimage\"},\"image\":{\"@id\":\"https:\\\/\\\/todotrial.com\\\/tienda\\\/camiseta2020-04-20-10-31-05\\\/#primaryimage\"},\"thumbnailUrl\":\"https:\\\/\\\/todotrial.com\\\/tienda\\\/wp-content\\\/uploads\\\/2020\\\/04\\\/camiseta_ossa_trial.jpg\",\"datePublished\":\"2020-04-20T10:31:05+00:00\",\"dateModified\":\"2025-02-20T16:36:39+00:00\",\"breadcrumb\":{\"@id\":\"https:\\\/\\\/todotrial.com\\\/tienda\\\/camiseta2020-04-20-10-31-05\\\/#breadcrumb\"},\"inLanguage\":\"es\",\"potentialAction\":[{\"@type\":\"ReadAction\",\"target\":[\"https:\\\/\\\/todotrial.com\\\/tienda\\\/camiseta2020-04-20-10-31-05\\\/\"]}]},{\"@type\":\"ImageObject\",\"inLanguage\":\"es\",\"@id\":\"https:\\\/\\\/todotrial.com\\\/tienda\\\/camiseta2020-04-20-10-31-05\\\/#primaryimage\",\"url\":\"https:\\\/\\\/todotrial.com\\\/tienda\\\/wp-content\\\/uploads\\\/2020\\\/04\\\/camiseta_ossa_trial.jpg\",\"contentUrl\":\"https:\\\/\\\/todotrial.com\\\/tienda\\\/wp-content\\\/uploads\\\/2020\\\/04\\\/camiseta_ossa_trial.jpg\",\"width\":796,\"height\":737},{\"@type\":\"BreadcrumbList\",\"@id\":\"https:\\\/\\\/todotrial.com\\\/tienda\\\/camiseta2020-04-20-10-31-05\\\/#breadcrumb\",\"itemListElement\":[{\"@type\":\"ListItem\",\"position\":1,\"name\":\"Portada\",\"item\":\"https:\\\/\\\/todotrial.com\\\/tienda\\\/\"},{\"@type\":\"ListItem\",\"position\":2,\"name\":\"Shop\",\"item\":\"https:\\\/\\\/todotrial.com\\\/tienda\\\/shop\\\/\"},{\"@type\":\"ListItem\",\"position\":3,\"name\":\"CAMISETA OSSA TRIAL verde\\\/blanca\"}]},{\"@type\":\"WebSite\",\"@id\":\"https:\\\/\\\/todotrial.com\\\/tienda\\\/#website\",\"url\":\"https:\\\/\\\/todotrial.com\\\/tienda\\\/\",\"name\":\"Tienda de todotrial\",\"description\":\"\",\"potentialAction\":[{\"@type\":\"SearchAction\",\"target\":{\"@type\":\"EntryPoint\",\"urlTemplate\":\"https:\\\/\\\/todotrial.com\\\/tienda\\\/?s={search_term_string}\"},\"query-input\":{\"@type\":\"PropertyValueSpecification\",\"valueRequired\":true,\"valueName\":\"search_term_string\"}}],\"inLanguage\":\"es\"}]}<\/script>\n<!-- \/ Yoast SEO Premium plugin. -->","yoast_head_json":{"title":"CAMISETA OSSA TRIAL verde\/blanca - Tienda de todotrial","robots":{"index":"index","follow":"follow","max-snippet":"max-snippet:-1","max-image-preview":"max-image-preview:large","max-video-preview":"max-video-preview:-1"},"canonical":"https:\/\/todotrial.com\/tienda\/camiseta2020-04-20-10-31-05\/","og_locale":"es_ES","og_type":"article","og_title":"CAMISETA OSSA TRIAL verde\/blanca","og_description":"Camisa de montar OSSA VERDE \/ BLANCO  Alta calidad con cuello en V, hecho en Italia.    Estas son las medidas rectas a trav\u00e9s del pecho por debajo del brazo, para ordenar el tama\u00f1o correcto, ver a continuaci\u00f3n:  Grande 56cm  XLarge 59cm  XXLarge 62cm  3XLarge 63.5cm  4XLarge 65cm  5XLarge 68cm","og_url":"https:\/\/todotrial.com\/tienda\/camiseta2020-04-20-10-31-05\/","og_site_name":"Tienda de todotrial","article_modified_time":"2025-02-20T16:36:39+00:00","og_image":[{"width":796,"height":737,"url":"https:\/\/todotrial.com\/tienda\/wp-content\/uploads\/2020\/04\/camiseta_ossa_trial.jpg","type":"image\/jpeg"}],"twitter_card":"summary_large_image","schema":{"@context":"https:\/\/schema.org","@graph":[{"@type":"WebPage","@id":"https:\/\/todotrial.com\/tienda\/camiseta2020-04-20-10-31-05\/","url":"https:\/\/todotrial.com\/tienda\/camiseta2020-04-20-10-31-05\/","name":"CAMISETA OSSA TRIAL verde\/blanca - Tienda de todotrial","isPartOf":{"@id":"https:\/\/todotrial.com\/tienda\/#website"},"primaryImageOfPage":{"@id":"https:\/\/todotrial.com\/tienda\/camiseta2020-04-20-10-31-05\/#primaryimage"},"image":{"@id":"https:\/\/todotrial.com\/tienda\/camiseta2020-04-20-10-31-05\/#primaryimage"},"thumbnailUrl":"https:\/\/todotrial.com\/tienda\/wp-content\/uploads\/2020\/04\/camiseta_ossa_trial.jpg","datePublished":"2020-04-20T10:31:05+00:00","dateModified":"2025-02-20T16:36:39+00:00","breadcrumb":{"@id":"https:\/\/todotrial.com\/tienda\/camiseta2020-04-20-10-31-05\/#breadcrumb"},"inLanguage":"es","potentialAction":[{"@type":"ReadAction","target":["https:\/\/todotrial.com\/tienda\/camiseta2020-04-20-10-31-05\/"]}]},{"@type":"ImageObject","inLanguage":"es","@id":"https:\/\/todotrial.com\/tienda\/camiseta2020-04-20-10-31-05\/#primaryimage","url":"https:\/\/todotrial.com\/tienda\/wp-content\/uploads\/2020\/04\/camiseta_ossa_trial.jpg","contentUrl":"https:\/\/todotrial.com\/tienda\/wp-content\/uploads\/2020\/04\/camiseta_ossa_trial.jpg","width":796,"height":737},{"@type":"BreadcrumbList","@id":"https:\/\/todotrial.com\/tienda\/camiseta2020-04-20-10-31-05\/#breadcrumb","itemListElement":[{"@type":"ListItem","position":1,"name":"Portada","item":"https:\/\/todotrial.com\/tienda\/"},{"@type":"ListItem","position":2,"name":"Shop","item":"https:\/\/todotrial.com\/tienda\/shop\/"},{"@type":"ListItem","position":3,"name":"CAMISETA OSSA TRIAL verde\/blanca"}]},{"@type":"WebSite","@id":"https:\/\/todotrial.com\/tienda\/#website","url":"https:\/\/todotrial.com\/tienda\/","name":"Tienda de todotrial","description":"","potentialAction":[{"@type":"SearchAction","target":{"@type":"EntryPoint","urlTemplate":"https:\/\/todotrial.com\/tienda\/?s={search_term_string}"},"query-input":{"@type":"PropertyValueSpecification","valueRequired":true,"valueName":"search_term_string"}}],"inLanguage":"es"}]}},"_links":{"self":[{"href":"https:\/\/todotrial.com\/tienda\/wp-json\/wp\/v2\/product\/15604","targetHints":{"allow":["GET"]}}],"collection":[{"href":"https:\/\/todotrial.com\/tienda\/wp-json\/wp\/v2\/product"}],"about":[{"href":"https:\/\/todotrial.com\/tienda\/wp-json\/wp\/v2\/types\/product"}],"replies":[{"embeddable":true,"href":"https:\/\/todotrial.com\/tienda\/wp-json\/wp\/v2\/comments?post=15604"}],"version-history":[{"count":0,"href":"https:\/\/todotrial.com\/tienda\/wp-json\/wp\/v2\/product\/15604\/revisions"}],"wp:featuredmedia":[{"embeddable":true,"href":"https:\/\/todotrial.com\/tienda\/wp-json\/wp\/v2\/media\/15603"}],"wp:attachment":[{"href":"https:\/\/todotrial.com\/tienda\/wp-json\/wp\/v2\/media?parent=15604"}],"wp:term":[{"taxonomy":"product_brand","embeddable":true,"href":"https:\/\/todotrial.com\/tienda\/wp-json\/wp\/v2\/product_brand?post=15604"},{"taxonomy":"product_cat","embeddable":true,"href":"https:\/\/todotrial.com\/tienda\/wp-json\/wp\/v2\/product_cat?post=15604"},{"taxonomy":"product_tag","embeddable":true,"href":"https:\/\/todotrial.com\/tienda\/wp-json\/wp\/v2\/product_tag?post=15604"}],"curies":[{"name":"wp","href":"https:\/\/api.w.org\/{rel}","templated":true}]}}