{"id":15577,"date":"2020-04-19T11:36:11","date_gmt":"2020-04-19T11:36:11","guid":{"rendered":"https:\/\/todotrial.com\/tienda\/product\/barras-horquilla\/"},"modified":"2025-02-20T17:36:50","modified_gmt":"2025-02-20T16:36:50","slug":"barras-horquilla","status":"publish","type":"product","link":"https:\/\/todotrial.com\/tienda\/barras-horquilla\/","title":{"rendered":"Barras aluminio alta calidad para Horquilla Teck Trial"},"content":{"rendered":"<p>Barras aluminio 39 mm. alta calidad para Horquilla Teck Trial<\/p>\n<p>Horquilla Jitsie Tech de 39 mm. Horquillas de aluminio (PAR).<\/p>\n<p>El tubo de horquilla superior Jitsie en aluminio para la horquilla delantera de aluminio Tech 39mm es una gran alternativa al tubo original al tiempo que agrega un aspecto de f\u00e1brica a su bicicleta.<\/p>\n<p>caracteristicas:<br \/>* tubo de horquilla de aluminio con gr\u00e1fico Jitsie<br \/>* marcadores de indicaci\u00f3n de altura para una f\u00e1cil alineaci\u00f3n dentro de la abrazadera triple<br \/>* solo se debe usar para reemplazar un tubo de horquilla de aluminio est\u00e1ndar (no es adecuado para reemplazar un tubo de horquilla Tech 39mm de acero ya que las partes internas son diferentes y no encajan)<\/p>\n","protected":false},"excerpt":{"rendered":"<p>Barras aluminio 39 mm. alta calidad para Horquilla Teck Trial<\/p>\n<p>Horquilla Jitsie Tech de 39 mm. Horquillas de aluminio (PAR).<\/p>\n<p>El tubo de horquilla superior Jitsie en aluminio para la horquilla delantera de aluminio Tech 39mm es una gran alternativa al tubo original al tiempo que agrega un aspecto de f\u00e1brica a su bicicleta.<\/p>\n<p>caracteristicas:<br \/>\n* tubo de horquilla de aluminio con gr\u00e1fico Jitsie<br \/>\n* marcadores de indicaci\u00f3n de altura para una f\u00e1cil alineaci\u00f3n dentro de la abrazadera triple<br \/>\n* solo se debe usar para reemplazar un tubo de horquilla de aluminio est\u00e1ndar (no es adecuado para reemplazar un tubo de horquilla Tech 39mm de acero ya que las partes internas son diferentes y no encajan)<\/p>\n","protected":false},"featured_media":15576,"comment_status":"open","ping_status":"closed","template":"","meta":[],"product_brand":[],"product_cat":[15],"product_tag":[],"class_list":{"0":"post-15577","1":"product","2":"type-product","3":"status-publish","4":"has-post-thumbnail","6":"product_cat-uncategorized","8":"first","9":"instock","10":"taxable","11":"shipping-taxable","12":"purchasable","13":"product-type-simple"},"yoast_head":"<!-- This site is optimized with the Yoast SEO Premium plugin v21.2 (Yoast SEO v27.5) - https:\/\/yoast.com\/product\/yoast-seo-premium-wordpress\/ -->\n<title>Barras aluminio alta calidad para Horquilla Teck Trial - Tienda de todotrial<\/title>\n<meta name=\"robots\" content=\"index, follow, max-snippet:-1, max-image-preview:large, max-video-preview:-1\" \/>\n<link rel=\"canonical\" href=\"https:\/\/todotrial.com\/tienda\/barras-horquilla\/\" \/>\n<meta property=\"og:locale\" content=\"es_ES\" \/>\n<meta property=\"og:type\" content=\"article\" \/>\n<meta property=\"og:title\" content=\"Barras aluminio alta calidad para Horquilla Teck Trial\" \/>\n<meta property=\"og:description\" content=\"Barras aluminio 39 mm. alta calidad para Horquilla Teck Trial  Horquilla Jitsie Tech de 39 mm. Horquillas de aluminio (PAR).  El tubo de horquilla superior Jitsie en aluminio para la horquilla delantera de aluminio Tech 39mm es una gran alternativa al tubo original al tiempo que agrega un aspecto de f\u00e1brica a su bicicleta.  caracteristicas: * tubo de horquilla de aluminio con gr\u00e1fico Jitsie * marcadores de indicaci\u00f3n de altura para una f\u00e1cil alineaci\u00f3n dentro de la abrazadera triple * solo se debe usar para reemplazar un tubo de horquilla de aluminio est\u00e1ndar (no es adecuado para reemplazar un tubo de horquilla Tech 39mm de acero ya que las partes internas son diferentes y no encajan)\" \/>\n<meta property=\"og:url\" content=\"https:\/\/todotrial.com\/tienda\/barras-horquilla\/\" \/>\n<meta property=\"og:site_name\" content=\"Tienda de todotrial\" \/>\n<meta property=\"article:modified_time\" content=\"2025-02-20T16:36:50+00:00\" \/>\n<meta property=\"og:image\" content=\"https:\/\/todotrial.com\/tienda\/wp-content\/uploads\/2020\/04\/barras_horquilla_teck_trial.jpg\" \/>\n\t<meta property=\"og:image:width\" content=\"458\" \/>\n\t<meta property=\"og:image:height\" content=\"678\" \/>\n\t<meta property=\"og:image:type\" content=\"image\/jpeg\" \/>\n<meta name=\"twitter:card\" content=\"summary_large_image\" \/>\n<meta name=\"twitter:label1\" content=\"Tiempo de lectura\" \/>\n\t<meta name=\"twitter:data1\" content=\"1 minuto\" \/>\n<script type=\"application\/ld+json\" class=\"yoast-schema-graph\">{\"@context\":\"https:\\\/\\\/schema.org\",\"@graph\":[{\"@type\":\"WebPage\",\"@id\":\"https:\\\/\\\/todotrial.com\\\/tienda\\\/barras-horquilla\\\/\",\"url\":\"https:\\\/\\\/todotrial.com\\\/tienda\\\/barras-horquilla\\\/\",\"name\":\"Barras aluminio alta calidad para Horquilla Teck Trial - Tienda de todotrial\",\"isPartOf\":{\"@id\":\"https:\\\/\\\/todotrial.com\\\/tienda\\\/#website\"},\"primaryImageOfPage\":{\"@id\":\"https:\\\/\\\/todotrial.com\\\/tienda\\\/barras-horquilla\\\/#primaryimage\"},\"image\":{\"@id\":\"https:\\\/\\\/todotrial.com\\\/tienda\\\/barras-horquilla\\\/#primaryimage\"},\"thumbnailUrl\":\"https:\\\/\\\/todotrial.com\\\/tienda\\\/wp-content\\\/uploads\\\/2020\\\/04\\\/barras_horquilla_teck_trial.jpg\",\"datePublished\":\"2020-04-19T11:36:11+00:00\",\"dateModified\":\"2025-02-20T16:36:50+00:00\",\"breadcrumb\":{\"@id\":\"https:\\\/\\\/todotrial.com\\\/tienda\\\/barras-horquilla\\\/#breadcrumb\"},\"inLanguage\":\"es\",\"potentialAction\":[{\"@type\":\"ReadAction\",\"target\":[\"https:\\\/\\\/todotrial.com\\\/tienda\\\/barras-horquilla\\\/\"]}]},{\"@type\":\"ImageObject\",\"inLanguage\":\"es\",\"@id\":\"https:\\\/\\\/todotrial.com\\\/tienda\\\/barras-horquilla\\\/#primaryimage\",\"url\":\"https:\\\/\\\/todotrial.com\\\/tienda\\\/wp-content\\\/uploads\\\/2020\\\/04\\\/barras_horquilla_teck_trial.jpg\",\"contentUrl\":\"https:\\\/\\\/todotrial.com\\\/tienda\\\/wp-content\\\/uploads\\\/2020\\\/04\\\/barras_horquilla_teck_trial.jpg\",\"width\":458,\"height\":678},{\"@type\":\"BreadcrumbList\",\"@id\":\"https:\\\/\\\/todotrial.com\\\/tienda\\\/barras-horquilla\\\/#breadcrumb\",\"itemListElement\":[{\"@type\":\"ListItem\",\"position\":1,\"name\":\"Portada\",\"item\":\"https:\\\/\\\/todotrial.com\\\/tienda\\\/\"},{\"@type\":\"ListItem\",\"position\":2,\"name\":\"Shop\",\"item\":\"https:\\\/\\\/todotrial.com\\\/tienda\\\/shop\\\/\"},{\"@type\":\"ListItem\",\"position\":3,\"name\":\"Barras aluminio alta calidad para Horquilla Teck Trial\"}]},{\"@type\":\"WebSite\",\"@id\":\"https:\\\/\\\/todotrial.com\\\/tienda\\\/#website\",\"url\":\"https:\\\/\\\/todotrial.com\\\/tienda\\\/\",\"name\":\"Tienda de todotrial\",\"description\":\"\",\"potentialAction\":[{\"@type\":\"SearchAction\",\"target\":{\"@type\":\"EntryPoint\",\"urlTemplate\":\"https:\\\/\\\/todotrial.com\\\/tienda\\\/?s={search_term_string}\"},\"query-input\":{\"@type\":\"PropertyValueSpecification\",\"valueRequired\":true,\"valueName\":\"search_term_string\"}}],\"inLanguage\":\"es\"}]}<\/script>\n<!-- \/ Yoast SEO Premium plugin. -->","yoast_head_json":{"title":"Barras aluminio alta calidad para Horquilla Teck Trial - Tienda de todotrial","robots":{"index":"index","follow":"follow","max-snippet":"max-snippet:-1","max-image-preview":"max-image-preview:large","max-video-preview":"max-video-preview:-1"},"canonical":"https:\/\/todotrial.com\/tienda\/barras-horquilla\/","og_locale":"es_ES","og_type":"article","og_title":"Barras aluminio alta calidad para Horquilla Teck Trial","og_description":"Barras aluminio 39 mm. alta calidad para Horquilla Teck Trial  Horquilla Jitsie Tech de 39 mm. Horquillas de aluminio (PAR).  El tubo de horquilla superior Jitsie en aluminio para la horquilla delantera de aluminio Tech 39mm es una gran alternativa al tubo original al tiempo que agrega un aspecto de f\u00e1brica a su bicicleta.  caracteristicas: * tubo de horquilla de aluminio con gr\u00e1fico Jitsie * marcadores de indicaci\u00f3n de altura para una f\u00e1cil alineaci\u00f3n dentro de la abrazadera triple * solo se debe usar para reemplazar un tubo de horquilla de aluminio est\u00e1ndar (no es adecuado para reemplazar un tubo de horquilla Tech 39mm de acero ya que las partes internas son diferentes y no encajan)","og_url":"https:\/\/todotrial.com\/tienda\/barras-horquilla\/","og_site_name":"Tienda de todotrial","article_modified_time":"2025-02-20T16:36:50+00:00","og_image":[{"width":458,"height":678,"url":"https:\/\/todotrial.com\/tienda\/wp-content\/uploads\/2020\/04\/barras_horquilla_teck_trial.jpg","type":"image\/jpeg"}],"twitter_card":"summary_large_image","twitter_misc":{"Tiempo de lectura":"1 minuto"},"schema":{"@context":"https:\/\/schema.org","@graph":[{"@type":"WebPage","@id":"https:\/\/todotrial.com\/tienda\/barras-horquilla\/","url":"https:\/\/todotrial.com\/tienda\/barras-horquilla\/","name":"Barras aluminio alta calidad para Horquilla Teck Trial - Tienda de todotrial","isPartOf":{"@id":"https:\/\/todotrial.com\/tienda\/#website"},"primaryImageOfPage":{"@id":"https:\/\/todotrial.com\/tienda\/barras-horquilla\/#primaryimage"},"image":{"@id":"https:\/\/todotrial.com\/tienda\/barras-horquilla\/#primaryimage"},"thumbnailUrl":"https:\/\/todotrial.com\/tienda\/wp-content\/uploads\/2020\/04\/barras_horquilla_teck_trial.jpg","datePublished":"2020-04-19T11:36:11+00:00","dateModified":"2025-02-20T16:36:50+00:00","breadcrumb":{"@id":"https:\/\/todotrial.com\/tienda\/barras-horquilla\/#breadcrumb"},"inLanguage":"es","potentialAction":[{"@type":"ReadAction","target":["https:\/\/todotrial.com\/tienda\/barras-horquilla\/"]}]},{"@type":"ImageObject","inLanguage":"es","@id":"https:\/\/todotrial.com\/tienda\/barras-horquilla\/#primaryimage","url":"https:\/\/todotrial.com\/tienda\/wp-content\/uploads\/2020\/04\/barras_horquilla_teck_trial.jpg","contentUrl":"https:\/\/todotrial.com\/tienda\/wp-content\/uploads\/2020\/04\/barras_horquilla_teck_trial.jpg","width":458,"height":678},{"@type":"BreadcrumbList","@id":"https:\/\/todotrial.com\/tienda\/barras-horquilla\/#breadcrumb","itemListElement":[{"@type":"ListItem","position":1,"name":"Portada","item":"https:\/\/todotrial.com\/tienda\/"},{"@type":"ListItem","position":2,"name":"Shop","item":"https:\/\/todotrial.com\/tienda\/shop\/"},{"@type":"ListItem","position":3,"name":"Barras aluminio alta calidad para Horquilla Teck Trial"}]},{"@type":"WebSite","@id":"https:\/\/todotrial.com\/tienda\/#website","url":"https:\/\/todotrial.com\/tienda\/","name":"Tienda de todotrial","description":"","potentialAction":[{"@type":"SearchAction","target":{"@type":"EntryPoint","urlTemplate":"https:\/\/todotrial.com\/tienda\/?s={search_term_string}"},"query-input":{"@type":"PropertyValueSpecification","valueRequired":true,"valueName":"search_term_string"}}],"inLanguage":"es"}]}},"_links":{"self":[{"href":"https:\/\/todotrial.com\/tienda\/wp-json\/wp\/v2\/product\/15577","targetHints":{"allow":["GET"]}}],"collection":[{"href":"https:\/\/todotrial.com\/tienda\/wp-json\/wp\/v2\/product"}],"about":[{"href":"https:\/\/todotrial.com\/tienda\/wp-json\/wp\/v2\/types\/product"}],"replies":[{"embeddable":true,"href":"https:\/\/todotrial.com\/tienda\/wp-json\/wp\/v2\/comments?post=15577"}],"version-history":[{"count":0,"href":"https:\/\/todotrial.com\/tienda\/wp-json\/wp\/v2\/product\/15577\/revisions"}],"wp:featuredmedia":[{"embeddable":true,"href":"https:\/\/todotrial.com\/tienda\/wp-json\/wp\/v2\/media\/15576"}],"wp:attachment":[{"href":"https:\/\/todotrial.com\/tienda\/wp-json\/wp\/v2\/media?parent=15577"}],"wp:term":[{"taxonomy":"product_brand","embeddable":true,"href":"https:\/\/todotrial.com\/tienda\/wp-json\/wp\/v2\/product_brand?post=15577"},{"taxonomy":"product_cat","embeddable":true,"href":"https:\/\/todotrial.com\/tienda\/wp-json\/wp\/v2\/product_cat?post=15577"},{"taxonomy":"product_tag","embeddable":true,"href":"https:\/\/todotrial.com\/tienda\/wp-json\/wp\/v2\/product_tag?post=15577"}],"curies":[{"name":"wp","href":"https:\/\/api.w.org\/{rel}","templated":true}]}}