{"id":15561,"date":"2020-04-16T18:50:16","date_gmt":"2020-04-16T18:50:16","guid":{"rendered":"https:\/\/todotrial.com\/tienda\/product\/protector-tobillo\/"},"modified":"2025-02-20T17:36:55","modified_gmt":"2025-02-20T16:36:55","slug":"protector-tobillo","status":"publish","type":"product","link":"https:\/\/todotrial.com\/tienda\/protector-tobillo\/","title":{"rendered":"PROTECTOR DE TOBILLO para Moto LIGERO Y FLEXIBLE TRIAL. MX, ENDURO"},"content":{"rendered":"<p>PROTECTOR DE TOBILLO para Moto LIGERO Y FLEXIBLE TRIAL. MX, ENDURO<\/p>\n<p>Protectores de tobillo Jitsie. Son ideales para todos los deportes y est\u00e1n dise\u00f1ados teniendo en cuenta el peso y la flexibilidad. Simplemente desl\u00edzate sobre tus pies y queda muy bien. \u00a1Las rese\u00f1as de los clientes dicen que son extremadamente c\u00f3modas y una vez que est\u00e1s en \u00e9l ni siquiera sabes que est\u00e1n all\u00ed! \u00a1Ofrece protecci\u00f3n y soporte exactamente donde se necesita!<\/p>\n<p>Ideal para trial, motocross, enduro y ciclismo. \u00a1Pero adecuado para cualquier cosa para la que necesite protecci\u00f3n!<\/p>\n","protected":false},"excerpt":{"rendered":"<p>PROTECTOR DE TOBILLO para Moto LIGERO Y FLEXIBLE TRIAL. MX, ENDURO<\/p>\n","protected":false},"featured_media":15560,"comment_status":"open","ping_status":"closed","template":"","meta":[],"product_brand":[],"product_cat":[15],"product_tag":[],"class_list":{"0":"post-15561","1":"product","2":"type-product","3":"status-publish","4":"has-post-thumbnail","6":"product_cat-uncategorized","8":"first","9":"instock","10":"taxable","11":"shipping-taxable","12":"purchasable","13":"product-type-simple"},"yoast_head":"<!-- This site is optimized with the Yoast SEO Premium plugin v21.2 (Yoast SEO v27.3) - https:\/\/yoast.com\/product\/yoast-seo-premium-wordpress\/ -->\n<title>PROTECTOR DE TOBILLO para Moto LIGERO Y FLEXIBLE TRIAL. MX, ENDURO - Tienda de todotrial<\/title>\n<meta name=\"robots\" content=\"index, follow, max-snippet:-1, max-image-preview:large, max-video-preview:-1\" \/>\n<link rel=\"canonical\" href=\"https:\/\/todotrial.com\/tienda\/protector-tobillo\/\" \/>\n<meta property=\"og:locale\" content=\"es_ES\" \/>\n<meta property=\"og:type\" content=\"article\" \/>\n<meta property=\"og:title\" content=\"PROTECTOR DE TOBILLO para Moto LIGERO Y FLEXIBLE TRIAL. MX, ENDURO\" \/>\n<meta property=\"og:description\" content=\"PROTECTOR DE TOBILLO para Moto LIGERO Y FLEXIBLE TRIAL. MX, ENDURO\" \/>\n<meta property=\"og:url\" content=\"https:\/\/todotrial.com\/tienda\/protector-tobillo\/\" \/>\n<meta property=\"og:site_name\" content=\"Tienda de todotrial\" \/>\n<meta property=\"article:modified_time\" content=\"2025-02-20T16:36:55+00:00\" \/>\n<meta property=\"og:image\" content=\"https:\/\/todotrial.com\/tienda\/wp-content\/uploads\/2020\/04\/protector_tobillo_trial_mx_.jpg\" \/>\n\t<meta property=\"og:image:width\" content=\"650\" \/>\n\t<meta property=\"og:image:height\" content=\"597\" \/>\n\t<meta property=\"og:image:type\" content=\"image\/jpeg\" \/>\n<meta name=\"twitter:card\" content=\"summary_large_image\" \/>\n<script type=\"application\/ld+json\" class=\"yoast-schema-graph\">{\"@context\":\"https:\\\/\\\/schema.org\",\"@graph\":[{\"@type\":\"WebPage\",\"@id\":\"https:\\\/\\\/todotrial.com\\\/tienda\\\/protector-tobillo\\\/\",\"url\":\"https:\\\/\\\/todotrial.com\\\/tienda\\\/protector-tobillo\\\/\",\"name\":\"PROTECTOR DE TOBILLO para Moto LIGERO Y FLEXIBLE TRIAL. MX, ENDURO - Tienda de todotrial\",\"isPartOf\":{\"@id\":\"https:\\\/\\\/todotrial.com\\\/tienda\\\/#website\"},\"primaryImageOfPage\":{\"@id\":\"https:\\\/\\\/todotrial.com\\\/tienda\\\/protector-tobillo\\\/#primaryimage\"},\"image\":{\"@id\":\"https:\\\/\\\/todotrial.com\\\/tienda\\\/protector-tobillo\\\/#primaryimage\"},\"thumbnailUrl\":\"https:\\\/\\\/todotrial.com\\\/tienda\\\/wp-content\\\/uploads\\\/2020\\\/04\\\/protector_tobillo_trial_mx_.jpg\",\"datePublished\":\"2020-04-16T18:50:16+00:00\",\"dateModified\":\"2025-02-20T16:36:55+00:00\",\"breadcrumb\":{\"@id\":\"https:\\\/\\\/todotrial.com\\\/tienda\\\/protector-tobillo\\\/#breadcrumb\"},\"inLanguage\":\"es\",\"potentialAction\":[{\"@type\":\"ReadAction\",\"target\":[\"https:\\\/\\\/todotrial.com\\\/tienda\\\/protector-tobillo\\\/\"]}]},{\"@type\":\"ImageObject\",\"inLanguage\":\"es\",\"@id\":\"https:\\\/\\\/todotrial.com\\\/tienda\\\/protector-tobillo\\\/#primaryimage\",\"url\":\"https:\\\/\\\/todotrial.com\\\/tienda\\\/wp-content\\\/uploads\\\/2020\\\/04\\\/protector_tobillo_trial_mx_.jpg\",\"contentUrl\":\"https:\\\/\\\/todotrial.com\\\/tienda\\\/wp-content\\\/uploads\\\/2020\\\/04\\\/protector_tobillo_trial_mx_.jpg\",\"width\":650,\"height\":597},{\"@type\":\"BreadcrumbList\",\"@id\":\"https:\\\/\\\/todotrial.com\\\/tienda\\\/protector-tobillo\\\/#breadcrumb\",\"itemListElement\":[{\"@type\":\"ListItem\",\"position\":1,\"name\":\"Portada\",\"item\":\"https:\\\/\\\/todotrial.com\\\/tienda\\\/\"},{\"@type\":\"ListItem\",\"position\":2,\"name\":\"Shop\",\"item\":\"https:\\\/\\\/todotrial.com\\\/tienda\\\/shop\\\/\"},{\"@type\":\"ListItem\",\"position\":3,\"name\":\"PROTECTOR DE TOBILLO para Moto LIGERO Y FLEXIBLE TRIAL. MX, ENDURO\"}]},{\"@type\":\"WebSite\",\"@id\":\"https:\\\/\\\/todotrial.com\\\/tienda\\\/#website\",\"url\":\"https:\\\/\\\/todotrial.com\\\/tienda\\\/\",\"name\":\"Tienda de todotrial\",\"description\":\"\",\"potentialAction\":[{\"@type\":\"SearchAction\",\"target\":{\"@type\":\"EntryPoint\",\"urlTemplate\":\"https:\\\/\\\/todotrial.com\\\/tienda\\\/?s={search_term_string}\"},\"query-input\":{\"@type\":\"PropertyValueSpecification\",\"valueRequired\":true,\"valueName\":\"search_term_string\"}}],\"inLanguage\":\"es\"}]}<\/script>\n<!-- \/ Yoast SEO Premium plugin. -->","yoast_head_json":{"title":"PROTECTOR DE TOBILLO para Moto LIGERO Y FLEXIBLE TRIAL. MX, ENDURO - Tienda de todotrial","robots":{"index":"index","follow":"follow","max-snippet":"max-snippet:-1","max-image-preview":"max-image-preview:large","max-video-preview":"max-video-preview:-1"},"canonical":"https:\/\/todotrial.com\/tienda\/protector-tobillo\/","og_locale":"es_ES","og_type":"article","og_title":"PROTECTOR DE TOBILLO para Moto LIGERO Y FLEXIBLE TRIAL. MX, ENDURO","og_description":"PROTECTOR DE TOBILLO para Moto LIGERO Y FLEXIBLE TRIAL. MX, ENDURO","og_url":"https:\/\/todotrial.com\/tienda\/protector-tobillo\/","og_site_name":"Tienda de todotrial","article_modified_time":"2025-02-20T16:36:55+00:00","og_image":[{"width":650,"height":597,"url":"https:\/\/todotrial.com\/tienda\/wp-content\/uploads\/2020\/04\/protector_tobillo_trial_mx_.jpg","type":"image\/jpeg"}],"twitter_card":"summary_large_image","schema":{"@context":"https:\/\/schema.org","@graph":[{"@type":"WebPage","@id":"https:\/\/todotrial.com\/tienda\/protector-tobillo\/","url":"https:\/\/todotrial.com\/tienda\/protector-tobillo\/","name":"PROTECTOR DE TOBILLO para Moto LIGERO Y FLEXIBLE TRIAL. MX, ENDURO - Tienda de todotrial","isPartOf":{"@id":"https:\/\/todotrial.com\/tienda\/#website"},"primaryImageOfPage":{"@id":"https:\/\/todotrial.com\/tienda\/protector-tobillo\/#primaryimage"},"image":{"@id":"https:\/\/todotrial.com\/tienda\/protector-tobillo\/#primaryimage"},"thumbnailUrl":"https:\/\/todotrial.com\/tienda\/wp-content\/uploads\/2020\/04\/protector_tobillo_trial_mx_.jpg","datePublished":"2020-04-16T18:50:16+00:00","dateModified":"2025-02-20T16:36:55+00:00","breadcrumb":{"@id":"https:\/\/todotrial.com\/tienda\/protector-tobillo\/#breadcrumb"},"inLanguage":"es","potentialAction":[{"@type":"ReadAction","target":["https:\/\/todotrial.com\/tienda\/protector-tobillo\/"]}]},{"@type":"ImageObject","inLanguage":"es","@id":"https:\/\/todotrial.com\/tienda\/protector-tobillo\/#primaryimage","url":"https:\/\/todotrial.com\/tienda\/wp-content\/uploads\/2020\/04\/protector_tobillo_trial_mx_.jpg","contentUrl":"https:\/\/todotrial.com\/tienda\/wp-content\/uploads\/2020\/04\/protector_tobillo_trial_mx_.jpg","width":650,"height":597},{"@type":"BreadcrumbList","@id":"https:\/\/todotrial.com\/tienda\/protector-tobillo\/#breadcrumb","itemListElement":[{"@type":"ListItem","position":1,"name":"Portada","item":"https:\/\/todotrial.com\/tienda\/"},{"@type":"ListItem","position":2,"name":"Shop","item":"https:\/\/todotrial.com\/tienda\/shop\/"},{"@type":"ListItem","position":3,"name":"PROTECTOR DE TOBILLO para Moto LIGERO Y FLEXIBLE TRIAL. MX, ENDURO"}]},{"@type":"WebSite","@id":"https:\/\/todotrial.com\/tienda\/#website","url":"https:\/\/todotrial.com\/tienda\/","name":"Tienda de todotrial","description":"","potentialAction":[{"@type":"SearchAction","target":{"@type":"EntryPoint","urlTemplate":"https:\/\/todotrial.com\/tienda\/?s={search_term_string}"},"query-input":{"@type":"PropertyValueSpecification","valueRequired":true,"valueName":"search_term_string"}}],"inLanguage":"es"}]}},"_links":{"self":[{"href":"https:\/\/todotrial.com\/tienda\/wp-json\/wp\/v2\/product\/15561","targetHints":{"allow":["GET"]}}],"collection":[{"href":"https:\/\/todotrial.com\/tienda\/wp-json\/wp\/v2\/product"}],"about":[{"href":"https:\/\/todotrial.com\/tienda\/wp-json\/wp\/v2\/types\/product"}],"replies":[{"embeddable":true,"href":"https:\/\/todotrial.com\/tienda\/wp-json\/wp\/v2\/comments?post=15561"}],"version-history":[{"count":0,"href":"https:\/\/todotrial.com\/tienda\/wp-json\/wp\/v2\/product\/15561\/revisions"}],"wp:featuredmedia":[{"embeddable":true,"href":"https:\/\/todotrial.com\/tienda\/wp-json\/wp\/v2\/media\/15560"}],"wp:attachment":[{"href":"https:\/\/todotrial.com\/tienda\/wp-json\/wp\/v2\/media?parent=15561"}],"wp:term":[{"taxonomy":"product_brand","embeddable":true,"href":"https:\/\/todotrial.com\/tienda\/wp-json\/wp\/v2\/product_brand?post=15561"},{"taxonomy":"product_cat","embeddable":true,"href":"https:\/\/todotrial.com\/tienda\/wp-json\/wp\/v2\/product_cat?post=15561"},{"taxonomy":"product_tag","embeddable":true,"href":"https:\/\/todotrial.com\/tienda\/wp-json\/wp\/v2\/product_tag?post=15561"}],"curies":[{"name":"wp","href":"https:\/\/api.w.org\/{rel}","templated":true}]}}