{"id":14584,"date":"2019-03-20T22:06:08","date_gmt":"2019-03-20T22:06:08","guid":{"rendered":"https:\/\/todotrial.com\/tienda\/product\/pegatinas2019-03-20-22-06-08\/"},"modified":"2025-03-21T16:35:22","modified_gmt":"2025-03-21T15:35:22","slug":"pegatinas2019-03-20-22-06-08","status":"publish","type":"product","link":"https:\/\/todotrial.com\/tienda\/pegatinas2019-03-20-22-06-08\/","title":{"rendered":"MV AGUSTA Pegatinas Sueltas"},"content":{"rendered":"<p>MV AGUSTA Pegatinas Sueltas.<\/p>\n<p>1.-leyenda emeuve para guardabarros delantero.<br \/>Anagrama EMEUVE para guardabarros delantero modelos con motor de cuatro tiempos (excepto las tres 125 cc). Est\u00e1 realizado en calca tipo agua y el precio aqu\u00ed indicado es por la unidad.<\/p>\n<p>2.-anagrama suspensi\u00f3n delantera modelo 150 Sella Sport).<br \/>Anagrama para fundas superiores de la suspensi\u00f3n delantera del modelo Sella. Est\u00e1 realizado en poliester troquelado y el precio aqu\u00ed indicado es por la unidad (la motocicleta lleva dos).<\/p>\n<p>3.-Banderas t\u00edtulos en un mastil.<br \/>Pareja de anagramas victorias para parte superior dep\u00f3sito gasolina en modelos MV AUGUSTA fabricados entre noviembre de 1959 y octubre de 1960. Est\u00e1n realizados en calca tipo agua y el precio aqu\u00ed indicado es por la unidad. PRECIO 22 \u20ac<\/p>\n<p>4.-pareja leyendas emeuve para soporte estribos pasajero).<br \/>Pareja de anagramas EMEUVE para soportes estriberas pasajero. Est\u00e1n realizadas en calca tipo agua y el precio aqu\u00ed indicado es por la pareja. Caso de solicitarse una unidad suelta debe de indicarse el lado sentido marcha por tener mano.<\/p>\n<p>5.-leyenda emeuve para guardabarros delantero.<br \/>Anagrama EMEUVE para guardabarros delantero modelos Turismo y Sport con motor de dos tiempos y modelos 125 cc con motor de cuatro tiempos. Est\u00e1 realizado en calca tipo agua y el precio aqu\u00ed indicado es por la unidad.<\/p>\n","protected":false},"excerpt":{"rendered":"<p>MV AGUSTA Pegatinas Sueltas<\/p>\n","protected":false},"featured_media":14582,"comment_status":"open","ping_status":"closed","template":"","meta":[],"product_brand":[],"product_cat":[11780,15],"product_tag":[],"class_list":{"0":"post-14584","1":"product","2":"type-product","3":"status-publish","4":"has-post-thumbnail","6":"product_cat-adhesivos-clasicas","7":"product_cat-uncategorized","9":"first","10":"instock","11":"taxable","12":"shipping-taxable","13":"purchasable","14":"product-type-simple"},"yoast_head":"<!-- This site is optimized with the Yoast SEO Premium plugin v21.2 (Yoast SEO v27.3) - https:\/\/yoast.com\/product\/yoast-seo-premium-wordpress\/ -->\n<title>MV AGUSTA Pegatinas Sueltas - Tienda de todotrial<\/title>\n<meta name=\"robots\" content=\"index, follow, max-snippet:-1, max-image-preview:large, max-video-preview:-1\" \/>\n<link rel=\"canonical\" href=\"https:\/\/todotrial.com\/tienda\/pegatinas2019-03-20-22-06-08\/\" \/>\n<meta property=\"og:locale\" content=\"es_ES\" \/>\n<meta property=\"og:type\" content=\"article\" \/>\n<meta property=\"og:title\" content=\"MV AGUSTA Pegatinas Sueltas\" \/>\n<meta property=\"og:description\" content=\"MV AGUSTA Pegatinas Sueltas\" \/>\n<meta property=\"og:url\" content=\"https:\/\/todotrial.com\/tienda\/pegatinas2019-03-20-22-06-08\/\" \/>\n<meta property=\"og:site_name\" content=\"Tienda de todotrial\" \/>\n<meta property=\"article:modified_time\" content=\"2025-03-21T15:35:22+00:00\" \/>\n<meta property=\"og:image\" content=\"https:\/\/todotrial.com\/tienda\/wp-content\/uploads\/2019\/03\/mv-agusta_emeuve.jpg\" \/>\n\t<meta property=\"og:image:width\" content=\"366\" \/>\n\t<meta property=\"og:image:height\" content=\"270\" \/>\n\t<meta property=\"og:image:type\" content=\"image\/jpeg\" \/>\n<meta name=\"twitter:card\" content=\"summary_large_image\" \/>\n<meta name=\"twitter:label1\" content=\"Tiempo de lectura\" \/>\n\t<meta name=\"twitter:data1\" content=\"1 minuto\" \/>\n<script type=\"application\/ld+json\" class=\"yoast-schema-graph\">{\"@context\":\"https:\\\/\\\/schema.org\",\"@graph\":[{\"@type\":\"WebPage\",\"@id\":\"https:\\\/\\\/todotrial.com\\\/tienda\\\/pegatinas2019-03-20-22-06-08\\\/\",\"url\":\"https:\\\/\\\/todotrial.com\\\/tienda\\\/pegatinas2019-03-20-22-06-08\\\/\",\"name\":\"MV AGUSTA Pegatinas Sueltas - Tienda de todotrial\",\"isPartOf\":{\"@id\":\"https:\\\/\\\/todotrial.com\\\/tienda\\\/#website\"},\"primaryImageOfPage\":{\"@id\":\"https:\\\/\\\/todotrial.com\\\/tienda\\\/pegatinas2019-03-20-22-06-08\\\/#primaryimage\"},\"image\":{\"@id\":\"https:\\\/\\\/todotrial.com\\\/tienda\\\/pegatinas2019-03-20-22-06-08\\\/#primaryimage\"},\"thumbnailUrl\":\"https:\\\/\\\/todotrial.com\\\/tienda\\\/wp-content\\\/uploads\\\/2019\\\/03\\\/mv-agusta_emeuve.jpg\",\"datePublished\":\"2019-03-20T22:06:08+00:00\",\"dateModified\":\"2025-03-21T15:35:22+00:00\",\"breadcrumb\":{\"@id\":\"https:\\\/\\\/todotrial.com\\\/tienda\\\/pegatinas2019-03-20-22-06-08\\\/#breadcrumb\"},\"inLanguage\":\"es\",\"potentialAction\":[{\"@type\":\"ReadAction\",\"target\":[\"https:\\\/\\\/todotrial.com\\\/tienda\\\/pegatinas2019-03-20-22-06-08\\\/\"]}]},{\"@type\":\"ImageObject\",\"inLanguage\":\"es\",\"@id\":\"https:\\\/\\\/todotrial.com\\\/tienda\\\/pegatinas2019-03-20-22-06-08\\\/#primaryimage\",\"url\":\"https:\\\/\\\/todotrial.com\\\/tienda\\\/wp-content\\\/uploads\\\/2019\\\/03\\\/mv-agusta_emeuve.jpg\",\"contentUrl\":\"https:\\\/\\\/todotrial.com\\\/tienda\\\/wp-content\\\/uploads\\\/2019\\\/03\\\/mv-agusta_emeuve.jpg\",\"width\":366,\"height\":270},{\"@type\":\"BreadcrumbList\",\"@id\":\"https:\\\/\\\/todotrial.com\\\/tienda\\\/pegatinas2019-03-20-22-06-08\\\/#breadcrumb\",\"itemListElement\":[{\"@type\":\"ListItem\",\"position\":1,\"name\":\"Portada\",\"item\":\"https:\\\/\\\/todotrial.com\\\/tienda\\\/\"},{\"@type\":\"ListItem\",\"position\":2,\"name\":\"Shop\",\"item\":\"https:\\\/\\\/todotrial.com\\\/tienda\\\/shop\\\/\"},{\"@type\":\"ListItem\",\"position\":3,\"name\":\"MV AGUSTA Pegatinas Sueltas\"}]},{\"@type\":\"WebSite\",\"@id\":\"https:\\\/\\\/todotrial.com\\\/tienda\\\/#website\",\"url\":\"https:\\\/\\\/todotrial.com\\\/tienda\\\/\",\"name\":\"Tienda de todotrial\",\"description\":\"\",\"potentialAction\":[{\"@type\":\"SearchAction\",\"target\":{\"@type\":\"EntryPoint\",\"urlTemplate\":\"https:\\\/\\\/todotrial.com\\\/tienda\\\/?s={search_term_string}\"},\"query-input\":{\"@type\":\"PropertyValueSpecification\",\"valueRequired\":true,\"valueName\":\"search_term_string\"}}],\"inLanguage\":\"es\"}]}<\/script>\n<!-- \/ Yoast SEO Premium plugin. -->","yoast_head_json":{"title":"MV AGUSTA Pegatinas Sueltas - Tienda de todotrial","robots":{"index":"index","follow":"follow","max-snippet":"max-snippet:-1","max-image-preview":"max-image-preview:large","max-video-preview":"max-video-preview:-1"},"canonical":"https:\/\/todotrial.com\/tienda\/pegatinas2019-03-20-22-06-08\/","og_locale":"es_ES","og_type":"article","og_title":"MV AGUSTA Pegatinas Sueltas","og_description":"MV AGUSTA Pegatinas Sueltas","og_url":"https:\/\/todotrial.com\/tienda\/pegatinas2019-03-20-22-06-08\/","og_site_name":"Tienda de todotrial","article_modified_time":"2025-03-21T15:35:22+00:00","og_image":[{"width":366,"height":270,"url":"https:\/\/todotrial.com\/tienda\/wp-content\/uploads\/2019\/03\/mv-agusta_emeuve.jpg","type":"image\/jpeg"}],"twitter_card":"summary_large_image","twitter_misc":{"Tiempo de lectura":"1 minuto"},"schema":{"@context":"https:\/\/schema.org","@graph":[{"@type":"WebPage","@id":"https:\/\/todotrial.com\/tienda\/pegatinas2019-03-20-22-06-08\/","url":"https:\/\/todotrial.com\/tienda\/pegatinas2019-03-20-22-06-08\/","name":"MV AGUSTA Pegatinas Sueltas - Tienda de todotrial","isPartOf":{"@id":"https:\/\/todotrial.com\/tienda\/#website"},"primaryImageOfPage":{"@id":"https:\/\/todotrial.com\/tienda\/pegatinas2019-03-20-22-06-08\/#primaryimage"},"image":{"@id":"https:\/\/todotrial.com\/tienda\/pegatinas2019-03-20-22-06-08\/#primaryimage"},"thumbnailUrl":"https:\/\/todotrial.com\/tienda\/wp-content\/uploads\/2019\/03\/mv-agusta_emeuve.jpg","datePublished":"2019-03-20T22:06:08+00:00","dateModified":"2025-03-21T15:35:22+00:00","breadcrumb":{"@id":"https:\/\/todotrial.com\/tienda\/pegatinas2019-03-20-22-06-08\/#breadcrumb"},"inLanguage":"es","potentialAction":[{"@type":"ReadAction","target":["https:\/\/todotrial.com\/tienda\/pegatinas2019-03-20-22-06-08\/"]}]},{"@type":"ImageObject","inLanguage":"es","@id":"https:\/\/todotrial.com\/tienda\/pegatinas2019-03-20-22-06-08\/#primaryimage","url":"https:\/\/todotrial.com\/tienda\/wp-content\/uploads\/2019\/03\/mv-agusta_emeuve.jpg","contentUrl":"https:\/\/todotrial.com\/tienda\/wp-content\/uploads\/2019\/03\/mv-agusta_emeuve.jpg","width":366,"height":270},{"@type":"BreadcrumbList","@id":"https:\/\/todotrial.com\/tienda\/pegatinas2019-03-20-22-06-08\/#breadcrumb","itemListElement":[{"@type":"ListItem","position":1,"name":"Portada","item":"https:\/\/todotrial.com\/tienda\/"},{"@type":"ListItem","position":2,"name":"Shop","item":"https:\/\/todotrial.com\/tienda\/shop\/"},{"@type":"ListItem","position":3,"name":"MV AGUSTA Pegatinas Sueltas"}]},{"@type":"WebSite","@id":"https:\/\/todotrial.com\/tienda\/#website","url":"https:\/\/todotrial.com\/tienda\/","name":"Tienda de todotrial","description":"","potentialAction":[{"@type":"SearchAction","target":{"@type":"EntryPoint","urlTemplate":"https:\/\/todotrial.com\/tienda\/?s={search_term_string}"},"query-input":{"@type":"PropertyValueSpecification","valueRequired":true,"valueName":"search_term_string"}}],"inLanguage":"es"}]}},"_links":{"self":[{"href":"https:\/\/todotrial.com\/tienda\/wp-json\/wp\/v2\/product\/14584","targetHints":{"allow":["GET"]}}],"collection":[{"href":"https:\/\/todotrial.com\/tienda\/wp-json\/wp\/v2\/product"}],"about":[{"href":"https:\/\/todotrial.com\/tienda\/wp-json\/wp\/v2\/types\/product"}],"replies":[{"embeddable":true,"href":"https:\/\/todotrial.com\/tienda\/wp-json\/wp\/v2\/comments?post=14584"}],"version-history":[{"count":1,"href":"https:\/\/todotrial.com\/tienda\/wp-json\/wp\/v2\/product\/14584\/revisions"}],"predecessor-version":[{"id":53713,"href":"https:\/\/todotrial.com\/tienda\/wp-json\/wp\/v2\/product\/14584\/revisions\/53713"}],"wp:featuredmedia":[{"embeddable":true,"href":"https:\/\/todotrial.com\/tienda\/wp-json\/wp\/v2\/media\/14582"}],"wp:attachment":[{"href":"https:\/\/todotrial.com\/tienda\/wp-json\/wp\/v2\/media?parent=14584"}],"wp:term":[{"taxonomy":"product_brand","embeddable":true,"href":"https:\/\/todotrial.com\/tienda\/wp-json\/wp\/v2\/product_brand?post=14584"},{"taxonomy":"product_cat","embeddable":true,"href":"https:\/\/todotrial.com\/tienda\/wp-json\/wp\/v2\/product_cat?post=14584"},{"taxonomy":"product_tag","embeddable":true,"href":"https:\/\/todotrial.com\/tienda\/wp-json\/wp\/v2\/product_tag?post=14584"}],"curies":[{"name":"wp","href":"https:\/\/api.w.org\/{rel}","templated":true}]}}