{"id":14574,"date":"2019-03-20T20:00:27","date_gmt":"2019-03-20T20:00:27","guid":{"rendered":"https:\/\/todotrial.com\/tienda\/product\/pegatinas2019-03-20-20-00-27\/"},"modified":"2025-03-22T00:50:37","modified_gmt":"2025-03-21T23:50:37","slug":"pegatinas2019-03-20-20-00-27","status":"publish","type":"product","link":"https:\/\/todotrial.com\/tienda\/pegatinas2019-03-20-20-00-27\/","title":{"rendered":"RIEJU Pegatinas Sueltas"},"content":{"rendered":"<p>RIEJU Pegatinas Sueltas<\/p>\n<p>1.- leyenda Rieju dep\u00f3sito, guardabarros y tapas cajas).<br \/>Leyenda RIEJU para dep\u00f3sito gasolina, guardabarros y cajas herramientas de diversos modelos. Est\u00e1 realizada en calca tipo agua y el precio aqu\u00ed indicado es por la unidad.<\/p>\n<p>2.-escudo para dep\u00f3sito modelo Jaca 125).<br \/>Anagrama para dep\u00f3sito gasolina modelo Jaca 125 cc. Est\u00e1 realizada en calca tipo agua y el precio aqu\u00ed indicado es por la unidad.<\/p>\n","protected":false},"excerpt":{"rendered":"<p>RIEJU Pegatinas Sueltas<\/p>\n","protected":false},"featured_media":0,"comment_status":"open","ping_status":"closed","template":"","meta":[],"product_brand":[],"product_cat":[11780,15],"product_tag":[],"class_list":{"0":"post-14574","1":"product","2":"type-product","3":"status-publish","5":"product_cat-adhesivos-clasicas","6":"product_cat-uncategorized","8":"first","9":"instock","10":"taxable","11":"shipping-taxable","12":"purchasable","13":"product-type-simple"},"yoast_head":"<!-- This site is optimized with the Yoast SEO Premium plugin v21.2 (Yoast SEO v27.4) - https:\/\/yoast.com\/product\/yoast-seo-premium-wordpress\/ -->\n<title>RIEJU Pegatinas Sueltas - Tienda de todotrial<\/title>\n<meta name=\"robots\" content=\"index, follow, max-snippet:-1, max-image-preview:large, max-video-preview:-1\" \/>\n<link rel=\"canonical\" href=\"https:\/\/todotrial.com\/tienda\/pegatinas2019-03-20-20-00-27\/\" \/>\n<meta property=\"og:locale\" content=\"es_ES\" \/>\n<meta property=\"og:type\" content=\"article\" \/>\n<meta property=\"og:title\" content=\"RIEJU Pegatinas Sueltas\" \/>\n<meta property=\"og:description\" content=\"RIEJU Pegatinas Sueltas\" \/>\n<meta property=\"og:url\" content=\"https:\/\/todotrial.com\/tienda\/pegatinas2019-03-20-20-00-27\/\" \/>\n<meta property=\"og:site_name\" content=\"Tienda de todotrial\" \/>\n<meta property=\"article:modified_time\" content=\"2025-03-21T23:50:37+00:00\" \/>\n<meta name=\"twitter:card\" content=\"summary_large_image\" \/>\n<script type=\"application\/ld+json\" class=\"yoast-schema-graph\">{\"@context\":\"https:\\\/\\\/schema.org\",\"@graph\":[{\"@type\":\"WebPage\",\"@id\":\"https:\\\/\\\/todotrial.com\\\/tienda\\\/pegatinas2019-03-20-20-00-27\\\/\",\"url\":\"https:\\\/\\\/todotrial.com\\\/tienda\\\/pegatinas2019-03-20-20-00-27\\\/\",\"name\":\"RIEJU Pegatinas Sueltas - Tienda de todotrial\",\"isPartOf\":{\"@id\":\"https:\\\/\\\/todotrial.com\\\/tienda\\\/#website\"},\"datePublished\":\"2019-03-20T20:00:27+00:00\",\"dateModified\":\"2025-03-21T23:50:37+00:00\",\"breadcrumb\":{\"@id\":\"https:\\\/\\\/todotrial.com\\\/tienda\\\/pegatinas2019-03-20-20-00-27\\\/#breadcrumb\"},\"inLanguage\":\"es\",\"potentialAction\":[{\"@type\":\"ReadAction\",\"target\":[\"https:\\\/\\\/todotrial.com\\\/tienda\\\/pegatinas2019-03-20-20-00-27\\\/\"]}]},{\"@type\":\"BreadcrumbList\",\"@id\":\"https:\\\/\\\/todotrial.com\\\/tienda\\\/pegatinas2019-03-20-20-00-27\\\/#breadcrumb\",\"itemListElement\":[{\"@type\":\"ListItem\",\"position\":1,\"name\":\"Portada\",\"item\":\"https:\\\/\\\/todotrial.com\\\/tienda\\\/\"},{\"@type\":\"ListItem\",\"position\":2,\"name\":\"Shop\",\"item\":\"https:\\\/\\\/todotrial.com\\\/tienda\\\/shop\\\/\"},{\"@type\":\"ListItem\",\"position\":3,\"name\":\"RIEJU Pegatinas Sueltas\"}]},{\"@type\":\"WebSite\",\"@id\":\"https:\\\/\\\/todotrial.com\\\/tienda\\\/#website\",\"url\":\"https:\\\/\\\/todotrial.com\\\/tienda\\\/\",\"name\":\"Tienda de todotrial\",\"description\":\"\",\"potentialAction\":[{\"@type\":\"SearchAction\",\"target\":{\"@type\":\"EntryPoint\",\"urlTemplate\":\"https:\\\/\\\/todotrial.com\\\/tienda\\\/?s={search_term_string}\"},\"query-input\":{\"@type\":\"PropertyValueSpecification\",\"valueRequired\":true,\"valueName\":\"search_term_string\"}}],\"inLanguage\":\"es\"}]}<\/script>\n<!-- \/ Yoast SEO Premium plugin. -->","yoast_head_json":{"title":"RIEJU Pegatinas Sueltas - Tienda de todotrial","robots":{"index":"index","follow":"follow","max-snippet":"max-snippet:-1","max-image-preview":"max-image-preview:large","max-video-preview":"max-video-preview:-1"},"canonical":"https:\/\/todotrial.com\/tienda\/pegatinas2019-03-20-20-00-27\/","og_locale":"es_ES","og_type":"article","og_title":"RIEJU Pegatinas Sueltas","og_description":"RIEJU Pegatinas Sueltas","og_url":"https:\/\/todotrial.com\/tienda\/pegatinas2019-03-20-20-00-27\/","og_site_name":"Tienda de todotrial","article_modified_time":"2025-03-21T23:50:37+00:00","twitter_card":"summary_large_image","schema":{"@context":"https:\/\/schema.org","@graph":[{"@type":"WebPage","@id":"https:\/\/todotrial.com\/tienda\/pegatinas2019-03-20-20-00-27\/","url":"https:\/\/todotrial.com\/tienda\/pegatinas2019-03-20-20-00-27\/","name":"RIEJU Pegatinas Sueltas - Tienda de todotrial","isPartOf":{"@id":"https:\/\/todotrial.com\/tienda\/#website"},"datePublished":"2019-03-20T20:00:27+00:00","dateModified":"2025-03-21T23:50:37+00:00","breadcrumb":{"@id":"https:\/\/todotrial.com\/tienda\/pegatinas2019-03-20-20-00-27\/#breadcrumb"},"inLanguage":"es","potentialAction":[{"@type":"ReadAction","target":["https:\/\/todotrial.com\/tienda\/pegatinas2019-03-20-20-00-27\/"]}]},{"@type":"BreadcrumbList","@id":"https:\/\/todotrial.com\/tienda\/pegatinas2019-03-20-20-00-27\/#breadcrumb","itemListElement":[{"@type":"ListItem","position":1,"name":"Portada","item":"https:\/\/todotrial.com\/tienda\/"},{"@type":"ListItem","position":2,"name":"Shop","item":"https:\/\/todotrial.com\/tienda\/shop\/"},{"@type":"ListItem","position":3,"name":"RIEJU Pegatinas Sueltas"}]},{"@type":"WebSite","@id":"https:\/\/todotrial.com\/tienda\/#website","url":"https:\/\/todotrial.com\/tienda\/","name":"Tienda de todotrial","description":"","potentialAction":[{"@type":"SearchAction","target":{"@type":"EntryPoint","urlTemplate":"https:\/\/todotrial.com\/tienda\/?s={search_term_string}"},"query-input":{"@type":"PropertyValueSpecification","valueRequired":true,"valueName":"search_term_string"}}],"inLanguage":"es"}]}},"_links":{"self":[{"href":"https:\/\/todotrial.com\/tienda\/wp-json\/wp\/v2\/product\/14574","targetHints":{"allow":["GET"]}}],"collection":[{"href":"https:\/\/todotrial.com\/tienda\/wp-json\/wp\/v2\/product"}],"about":[{"href":"https:\/\/todotrial.com\/tienda\/wp-json\/wp\/v2\/types\/product"}],"replies":[{"embeddable":true,"href":"https:\/\/todotrial.com\/tienda\/wp-json\/wp\/v2\/comments?post=14574"}],"version-history":[{"count":1,"href":"https:\/\/todotrial.com\/tienda\/wp-json\/wp\/v2\/product\/14574\/revisions"}],"predecessor-version":[{"id":53714,"href":"https:\/\/todotrial.com\/tienda\/wp-json\/wp\/v2\/product\/14574\/revisions\/53714"}],"wp:attachment":[{"href":"https:\/\/todotrial.com\/tienda\/wp-json\/wp\/v2\/media?parent=14574"}],"wp:term":[{"taxonomy":"product_brand","embeddable":true,"href":"https:\/\/todotrial.com\/tienda\/wp-json\/wp\/v2\/product_brand?post=14574"},{"taxonomy":"product_cat","embeddable":true,"href":"https:\/\/todotrial.com\/tienda\/wp-json\/wp\/v2\/product_cat?post=14574"},{"taxonomy":"product_tag","embeddable":true,"href":"https:\/\/todotrial.com\/tienda\/wp-json\/wp\/v2\/product_tag?post=14574"}],"curies":[{"name":"wp","href":"https:\/\/api.w.org\/{rel}","templated":true}]}}