{"id":14571,"date":"2019-03-20T19:43:23","date_gmt":"2019-03-20T19:43:23","guid":{"rendered":"https:\/\/todotrial.com\/tienda\/product\/pegatinas2019-03-20-19-43-23\/"},"modified":"2025-09-22T16:33:46","modified_gmt":"2025-09-22T15:33:46","slug":"pegatinas2019-03-20-19-43-23","status":"publish","type":"product","link":"https:\/\/todotrial.com\/tienda\/pegatinas2019-03-20-19-43-23\/","title":{"rendered":"RIEJU Confort 401. Pareja anagramas dep\u00f3sito"},"content":{"rendered":"<p>RIEJU pareja anagramas dep\u00f3sito modelo Confort 401.<br \/>\nPareja de anagramas RIEJU para dep\u00f3sito gasolina ciclomotores Confort 401. El precio aqu\u00ed indicado es por la pareja, caso de solicitar una unidad suelta debe indicarse lado sentido marcha por tener mano y est\u00e1n realizadas en vinilo con transportador.<\/p>\n","protected":false},"excerpt":{"rendered":"<p>RIEJU pareja anagramas dep\u00f3sito modelo Confort 401<\/p>\n","protected":false},"featured_media":14570,"comment_status":"open","ping_status":"closed","template":"","meta":[],"product_brand":[],"product_cat":[11780,15],"product_tag":[],"class_list":{"0":"post-14571","1":"product","2":"type-product","3":"status-publish","4":"has-post-thumbnail","6":"product_cat-adhesivos-clasicas","7":"product_cat-uncategorized","9":"first","10":"outofstock","11":"taxable","12":"shipping-taxable","13":"purchasable","14":"product-type-simple"},"yoast_head":"<!-- This site is optimized with the Yoast SEO Premium plugin v21.2 (Yoast SEO v27.4) - https:\/\/yoast.com\/product\/yoast-seo-premium-wordpress\/ -->\n<title>RIEJU Confort 401. Pareja anagramas dep\u00f3sito - Tienda de todotrial<\/title>\n<meta name=\"robots\" content=\"index, follow, max-snippet:-1, max-image-preview:large, max-video-preview:-1\" \/>\n<link rel=\"canonical\" href=\"https:\/\/todotrial.com\/tienda\/pegatinas2019-03-20-19-43-23\/\" \/>\n<meta property=\"og:locale\" content=\"es_ES\" \/>\n<meta property=\"og:type\" content=\"article\" \/>\n<meta property=\"og:title\" content=\"RIEJU Confort 401. Pareja anagramas dep\u00f3sito\" \/>\n<meta property=\"og:description\" content=\"RIEJU pareja anagramas dep\u00f3sito modelo Confort 401\" \/>\n<meta property=\"og:url\" content=\"https:\/\/todotrial.com\/tienda\/pegatinas2019-03-20-19-43-23\/\" \/>\n<meta property=\"og:site_name\" content=\"Tienda de todotrial\" \/>\n<meta property=\"article:modified_time\" content=\"2025-09-22T15:33:46+00:00\" \/>\n<meta property=\"og:image\" content=\"https:\/\/todotrial.com\/tienda\/wp-content\/uploads\/2019\/03\/rieju_pegatinas_deposito.jpg\" \/>\n\t<meta property=\"og:image:width\" content=\"362\" \/>\n\t<meta property=\"og:image:height\" content=\"282\" \/>\n\t<meta property=\"og:image:type\" content=\"image\/jpeg\" \/>\n<meta name=\"twitter:card\" content=\"summary_large_image\" \/>\n<meta name=\"twitter:label1\" content=\"Tiempo de lectura\" \/>\n\t<meta name=\"twitter:data1\" content=\"1 minuto\" \/>\n<script type=\"application\/ld+json\" class=\"yoast-schema-graph\">{\"@context\":\"https:\\\/\\\/schema.org\",\"@graph\":[{\"@type\":\"WebPage\",\"@id\":\"https:\\\/\\\/todotrial.com\\\/tienda\\\/pegatinas2019-03-20-19-43-23\\\/\",\"url\":\"https:\\\/\\\/todotrial.com\\\/tienda\\\/pegatinas2019-03-20-19-43-23\\\/\",\"name\":\"RIEJU Confort 401. Pareja anagramas dep\u00f3sito - Tienda de todotrial\",\"isPartOf\":{\"@id\":\"https:\\\/\\\/todotrial.com\\\/tienda\\\/#website\"},\"primaryImageOfPage\":{\"@id\":\"https:\\\/\\\/todotrial.com\\\/tienda\\\/pegatinas2019-03-20-19-43-23\\\/#primaryimage\"},\"image\":{\"@id\":\"https:\\\/\\\/todotrial.com\\\/tienda\\\/pegatinas2019-03-20-19-43-23\\\/#primaryimage\"},\"thumbnailUrl\":\"https:\\\/\\\/todotrial.com\\\/tienda\\\/wp-content\\\/uploads\\\/2019\\\/03\\\/rieju_pegatinas_deposito.jpg\",\"datePublished\":\"2019-03-20T19:43:23+00:00\",\"dateModified\":\"2025-09-22T15:33:46+00:00\",\"breadcrumb\":{\"@id\":\"https:\\\/\\\/todotrial.com\\\/tienda\\\/pegatinas2019-03-20-19-43-23\\\/#breadcrumb\"},\"inLanguage\":\"es\",\"potentialAction\":[{\"@type\":\"ReadAction\",\"target\":[\"https:\\\/\\\/todotrial.com\\\/tienda\\\/pegatinas2019-03-20-19-43-23\\\/\"]}]},{\"@type\":\"ImageObject\",\"inLanguage\":\"es\",\"@id\":\"https:\\\/\\\/todotrial.com\\\/tienda\\\/pegatinas2019-03-20-19-43-23\\\/#primaryimage\",\"url\":\"https:\\\/\\\/todotrial.com\\\/tienda\\\/wp-content\\\/uploads\\\/2019\\\/03\\\/rieju_pegatinas_deposito.jpg\",\"contentUrl\":\"https:\\\/\\\/todotrial.com\\\/tienda\\\/wp-content\\\/uploads\\\/2019\\\/03\\\/rieju_pegatinas_deposito.jpg\",\"width\":362,\"height\":282},{\"@type\":\"BreadcrumbList\",\"@id\":\"https:\\\/\\\/todotrial.com\\\/tienda\\\/pegatinas2019-03-20-19-43-23\\\/#breadcrumb\",\"itemListElement\":[{\"@type\":\"ListItem\",\"position\":1,\"name\":\"Portada\",\"item\":\"https:\\\/\\\/todotrial.com\\\/tienda\\\/\"},{\"@type\":\"ListItem\",\"position\":2,\"name\":\"Shop\",\"item\":\"https:\\\/\\\/todotrial.com\\\/tienda\\\/shop\\\/\"},{\"@type\":\"ListItem\",\"position\":3,\"name\":\"RIEJU Confort 401. Pareja anagramas dep\u00f3sito\"}]},{\"@type\":\"WebSite\",\"@id\":\"https:\\\/\\\/todotrial.com\\\/tienda\\\/#website\",\"url\":\"https:\\\/\\\/todotrial.com\\\/tienda\\\/\",\"name\":\"Tienda de todotrial\",\"description\":\"\",\"potentialAction\":[{\"@type\":\"SearchAction\",\"target\":{\"@type\":\"EntryPoint\",\"urlTemplate\":\"https:\\\/\\\/todotrial.com\\\/tienda\\\/?s={search_term_string}\"},\"query-input\":{\"@type\":\"PropertyValueSpecification\",\"valueRequired\":true,\"valueName\":\"search_term_string\"}}],\"inLanguage\":\"es\"}]}<\/script>\n<!-- \/ Yoast SEO Premium plugin. -->","yoast_head_json":{"title":"RIEJU Confort 401. Pareja anagramas dep\u00f3sito - Tienda de todotrial","robots":{"index":"index","follow":"follow","max-snippet":"max-snippet:-1","max-image-preview":"max-image-preview:large","max-video-preview":"max-video-preview:-1"},"canonical":"https:\/\/todotrial.com\/tienda\/pegatinas2019-03-20-19-43-23\/","og_locale":"es_ES","og_type":"article","og_title":"RIEJU Confort 401. Pareja anagramas dep\u00f3sito","og_description":"RIEJU pareja anagramas dep\u00f3sito modelo Confort 401","og_url":"https:\/\/todotrial.com\/tienda\/pegatinas2019-03-20-19-43-23\/","og_site_name":"Tienda de todotrial","article_modified_time":"2025-09-22T15:33:46+00:00","og_image":[{"width":362,"height":282,"url":"https:\/\/todotrial.com\/tienda\/wp-content\/uploads\/2019\/03\/rieju_pegatinas_deposito.jpg","type":"image\/jpeg"}],"twitter_card":"summary_large_image","twitter_misc":{"Tiempo de lectura":"1 minuto"},"schema":{"@context":"https:\/\/schema.org","@graph":[{"@type":"WebPage","@id":"https:\/\/todotrial.com\/tienda\/pegatinas2019-03-20-19-43-23\/","url":"https:\/\/todotrial.com\/tienda\/pegatinas2019-03-20-19-43-23\/","name":"RIEJU Confort 401. Pareja anagramas dep\u00f3sito - Tienda de todotrial","isPartOf":{"@id":"https:\/\/todotrial.com\/tienda\/#website"},"primaryImageOfPage":{"@id":"https:\/\/todotrial.com\/tienda\/pegatinas2019-03-20-19-43-23\/#primaryimage"},"image":{"@id":"https:\/\/todotrial.com\/tienda\/pegatinas2019-03-20-19-43-23\/#primaryimage"},"thumbnailUrl":"https:\/\/todotrial.com\/tienda\/wp-content\/uploads\/2019\/03\/rieju_pegatinas_deposito.jpg","datePublished":"2019-03-20T19:43:23+00:00","dateModified":"2025-09-22T15:33:46+00:00","breadcrumb":{"@id":"https:\/\/todotrial.com\/tienda\/pegatinas2019-03-20-19-43-23\/#breadcrumb"},"inLanguage":"es","potentialAction":[{"@type":"ReadAction","target":["https:\/\/todotrial.com\/tienda\/pegatinas2019-03-20-19-43-23\/"]}]},{"@type":"ImageObject","inLanguage":"es","@id":"https:\/\/todotrial.com\/tienda\/pegatinas2019-03-20-19-43-23\/#primaryimage","url":"https:\/\/todotrial.com\/tienda\/wp-content\/uploads\/2019\/03\/rieju_pegatinas_deposito.jpg","contentUrl":"https:\/\/todotrial.com\/tienda\/wp-content\/uploads\/2019\/03\/rieju_pegatinas_deposito.jpg","width":362,"height":282},{"@type":"BreadcrumbList","@id":"https:\/\/todotrial.com\/tienda\/pegatinas2019-03-20-19-43-23\/#breadcrumb","itemListElement":[{"@type":"ListItem","position":1,"name":"Portada","item":"https:\/\/todotrial.com\/tienda\/"},{"@type":"ListItem","position":2,"name":"Shop","item":"https:\/\/todotrial.com\/tienda\/shop\/"},{"@type":"ListItem","position":3,"name":"RIEJU Confort 401. Pareja anagramas dep\u00f3sito"}]},{"@type":"WebSite","@id":"https:\/\/todotrial.com\/tienda\/#website","url":"https:\/\/todotrial.com\/tienda\/","name":"Tienda de todotrial","description":"","potentialAction":[{"@type":"SearchAction","target":{"@type":"EntryPoint","urlTemplate":"https:\/\/todotrial.com\/tienda\/?s={search_term_string}"},"query-input":{"@type":"PropertyValueSpecification","valueRequired":true,"valueName":"search_term_string"}}],"inLanguage":"es"}]}},"_links":{"self":[{"href":"https:\/\/todotrial.com\/tienda\/wp-json\/wp\/v2\/product\/14571","targetHints":{"allow":["GET"]}}],"collection":[{"href":"https:\/\/todotrial.com\/tienda\/wp-json\/wp\/v2\/product"}],"about":[{"href":"https:\/\/todotrial.com\/tienda\/wp-json\/wp\/v2\/types\/product"}],"replies":[{"embeddable":true,"href":"https:\/\/todotrial.com\/tienda\/wp-json\/wp\/v2\/comments?post=14571"}],"version-history":[{"count":3,"href":"https:\/\/todotrial.com\/tienda\/wp-json\/wp\/v2\/product\/14571\/revisions"}],"predecessor-version":[{"id":56046,"href":"https:\/\/todotrial.com\/tienda\/wp-json\/wp\/v2\/product\/14571\/revisions\/56046"}],"wp:featuredmedia":[{"embeddable":true,"href":"https:\/\/todotrial.com\/tienda\/wp-json\/wp\/v2\/media\/14570"}],"wp:attachment":[{"href":"https:\/\/todotrial.com\/tienda\/wp-json\/wp\/v2\/media?parent=14571"}],"wp:term":[{"taxonomy":"product_brand","embeddable":true,"href":"https:\/\/todotrial.com\/tienda\/wp-json\/wp\/v2\/product_brand?post=14571"},{"taxonomy":"product_cat","embeddable":true,"href":"https:\/\/todotrial.com\/tienda\/wp-json\/wp\/v2\/product_cat?post=14571"},{"taxonomy":"product_tag","embeddable":true,"href":"https:\/\/todotrial.com\/tienda\/wp-json\/wp\/v2\/product_tag?post=14571"}],"curies":[{"name":"wp","href":"https:\/\/api.w.org\/{rel}","templated":true}]}}