{"id":14335,"date":"2019-03-03T11:49:14","date_gmt":"2019-03-03T11:49:14","guid":{"rendered":"https:\/\/todotrial.com\/tienda\/product\/escudos-metalicos2019-03-03-11-49-14\/"},"modified":"2025-03-22T00:35:59","modified_gmt":"2025-03-21T23:35:59","slug":"escudos-metalicos2019-03-03-11-49-14","status":"publish","type":"product","link":"https:\/\/todotrial.com\/tienda\/escudos-metalicos2019-03-03-11-49-14\/","title":{"rendered":"pareja escudos dep\u00f3sito Ducati 98S, italiana"},"content":{"rendered":"<p>pareja de anagramas en metal para dep\u00f3sito gasolina modelo 98 sport (normalmente pintado en color rojo). el precio aqu\u00ed indicado es por la pareja y caso de solicitarse solo una unidad debe de indicarse el lado sentido marcha por tener mano. precio por la pareja 46 \u20ac, precio por una unidad 28 \u20ac<\/p>\n","protected":false},"excerpt":{"rendered":"<p>pareja de anagramas en metal para dep\u00f3sito gasolina modelo 98 sport (normalmente pintado en color rojo). el precio aqu\u00ed indicado es por la pareja y caso de solicitarse solo una unidad debe de indicarse el lado sentido marcha por tener mano. precio por la pareja 46 \u20ac, precio por una unidad 28 \u20ac<\/p>\n","protected":false},"featured_media":14334,"comment_status":"open","ping_status":"closed","template":"","meta":[],"product_brand":[],"product_cat":[11780,15],"product_tag":[],"class_list":{"0":"post-14335","1":"product","2":"type-product","3":"status-publish","4":"has-post-thumbnail","6":"product_cat-adhesivos-clasicas","7":"product_cat-uncategorized","9":"first","10":"instock","11":"taxable","12":"shipping-taxable","13":"purchasable","14":"product-type-simple"},"yoast_head":"<!-- This site is optimized with the Yoast SEO Premium plugin v21.2 (Yoast SEO v27.3) - https:\/\/yoast.com\/product\/yoast-seo-premium-wordpress\/ -->\n<title>pareja escudos dep\u00f3sito Ducati 98S, italiana - Tienda de todotrial<\/title>\n<meta name=\"robots\" content=\"index, follow, max-snippet:-1, max-image-preview:large, max-video-preview:-1\" \/>\n<link rel=\"canonical\" href=\"https:\/\/todotrial.com\/tienda\/escudos-metalicos2019-03-03-11-49-14\/\" \/>\n<meta property=\"og:locale\" content=\"es_ES\" \/>\n<meta property=\"og:type\" content=\"article\" \/>\n<meta property=\"og:title\" content=\"pareja escudos dep\u00f3sito Ducati 98S, italiana\" \/>\n<meta property=\"og:description\" content=\"pareja de anagramas en metal para dep\u00f3sito gasolina modelo 98 sport (normalmente pintado en color rojo). el precio aqu\u00ed indicado es por la pareja y caso de solicitarse solo una unidad debe de indicarse el lado sentido marcha por tener mano. precio por la pareja 46 \u20ac, precio por una unidad 28 \u20ac\" \/>\n<meta property=\"og:url\" content=\"https:\/\/todotrial.com\/tienda\/escudos-metalicos2019-03-03-11-49-14\/\" \/>\n<meta property=\"og:site_name\" content=\"Tienda de todotrial\" \/>\n<meta property=\"article:modified_time\" content=\"2025-03-21T23:35:59+00:00\" \/>\n<meta property=\"og:image\" content=\"https:\/\/todotrial.com\/tienda\/wp-content\/uploads\/2019\/03\/escudos_deposito_ducati.jpg\" \/>\n\t<meta property=\"og:image:width\" content=\"464\" \/>\n\t<meta property=\"og:image:height\" content=\"330\" \/>\n\t<meta property=\"og:image:type\" content=\"image\/jpeg\" \/>\n<meta name=\"twitter:card\" content=\"summary_large_image\" \/>\n<script type=\"application\/ld+json\" class=\"yoast-schema-graph\">{\"@context\":\"https:\\\/\\\/schema.org\",\"@graph\":[{\"@type\":\"WebPage\",\"@id\":\"https:\\\/\\\/todotrial.com\\\/tienda\\\/escudos-metalicos2019-03-03-11-49-14\\\/\",\"url\":\"https:\\\/\\\/todotrial.com\\\/tienda\\\/escudos-metalicos2019-03-03-11-49-14\\\/\",\"name\":\"pareja escudos dep\u00f3sito Ducati 98S, italiana - Tienda de todotrial\",\"isPartOf\":{\"@id\":\"https:\\\/\\\/todotrial.com\\\/tienda\\\/#website\"},\"primaryImageOfPage\":{\"@id\":\"https:\\\/\\\/todotrial.com\\\/tienda\\\/escudos-metalicos2019-03-03-11-49-14\\\/#primaryimage\"},\"image\":{\"@id\":\"https:\\\/\\\/todotrial.com\\\/tienda\\\/escudos-metalicos2019-03-03-11-49-14\\\/#primaryimage\"},\"thumbnailUrl\":\"https:\\\/\\\/todotrial.com\\\/tienda\\\/wp-content\\\/uploads\\\/2019\\\/03\\\/escudos_deposito_ducati.jpg\",\"datePublished\":\"2019-03-03T11:49:14+00:00\",\"dateModified\":\"2025-03-21T23:35:59+00:00\",\"breadcrumb\":{\"@id\":\"https:\\\/\\\/todotrial.com\\\/tienda\\\/escudos-metalicos2019-03-03-11-49-14\\\/#breadcrumb\"},\"inLanguage\":\"es\",\"potentialAction\":[{\"@type\":\"ReadAction\",\"target\":[\"https:\\\/\\\/todotrial.com\\\/tienda\\\/escudos-metalicos2019-03-03-11-49-14\\\/\"]}]},{\"@type\":\"ImageObject\",\"inLanguage\":\"es\",\"@id\":\"https:\\\/\\\/todotrial.com\\\/tienda\\\/escudos-metalicos2019-03-03-11-49-14\\\/#primaryimage\",\"url\":\"https:\\\/\\\/todotrial.com\\\/tienda\\\/wp-content\\\/uploads\\\/2019\\\/03\\\/escudos_deposito_ducati.jpg\",\"contentUrl\":\"https:\\\/\\\/todotrial.com\\\/tienda\\\/wp-content\\\/uploads\\\/2019\\\/03\\\/escudos_deposito_ducati.jpg\",\"width\":464,\"height\":330},{\"@type\":\"BreadcrumbList\",\"@id\":\"https:\\\/\\\/todotrial.com\\\/tienda\\\/escudos-metalicos2019-03-03-11-49-14\\\/#breadcrumb\",\"itemListElement\":[{\"@type\":\"ListItem\",\"position\":1,\"name\":\"Portada\",\"item\":\"https:\\\/\\\/todotrial.com\\\/tienda\\\/\"},{\"@type\":\"ListItem\",\"position\":2,\"name\":\"Shop\",\"item\":\"https:\\\/\\\/todotrial.com\\\/tienda\\\/shop\\\/\"},{\"@type\":\"ListItem\",\"position\":3,\"name\":\"pareja escudos dep\u00f3sito Ducati 98S, italiana\"}]},{\"@type\":\"WebSite\",\"@id\":\"https:\\\/\\\/todotrial.com\\\/tienda\\\/#website\",\"url\":\"https:\\\/\\\/todotrial.com\\\/tienda\\\/\",\"name\":\"Tienda de todotrial\",\"description\":\"\",\"potentialAction\":[{\"@type\":\"SearchAction\",\"target\":{\"@type\":\"EntryPoint\",\"urlTemplate\":\"https:\\\/\\\/todotrial.com\\\/tienda\\\/?s={search_term_string}\"},\"query-input\":{\"@type\":\"PropertyValueSpecification\",\"valueRequired\":true,\"valueName\":\"search_term_string\"}}],\"inLanguage\":\"es\"}]}<\/script>\n<!-- \/ Yoast SEO Premium plugin. -->","yoast_head_json":{"title":"pareja escudos dep\u00f3sito Ducati 98S, italiana - Tienda de todotrial","robots":{"index":"index","follow":"follow","max-snippet":"max-snippet:-1","max-image-preview":"max-image-preview:large","max-video-preview":"max-video-preview:-1"},"canonical":"https:\/\/todotrial.com\/tienda\/escudos-metalicos2019-03-03-11-49-14\/","og_locale":"es_ES","og_type":"article","og_title":"pareja escudos dep\u00f3sito Ducati 98S, italiana","og_description":"pareja de anagramas en metal para dep\u00f3sito gasolina modelo 98 sport (normalmente pintado en color rojo). el precio aqu\u00ed indicado es por la pareja y caso de solicitarse solo una unidad debe de indicarse el lado sentido marcha por tener mano. precio por la pareja 46 \u20ac, precio por una unidad 28 \u20ac","og_url":"https:\/\/todotrial.com\/tienda\/escudos-metalicos2019-03-03-11-49-14\/","og_site_name":"Tienda de todotrial","article_modified_time":"2025-03-21T23:35:59+00:00","og_image":[{"width":464,"height":330,"url":"https:\/\/todotrial.com\/tienda\/wp-content\/uploads\/2019\/03\/escudos_deposito_ducati.jpg","type":"image\/jpeg"}],"twitter_card":"summary_large_image","schema":{"@context":"https:\/\/schema.org","@graph":[{"@type":"WebPage","@id":"https:\/\/todotrial.com\/tienda\/escudos-metalicos2019-03-03-11-49-14\/","url":"https:\/\/todotrial.com\/tienda\/escudos-metalicos2019-03-03-11-49-14\/","name":"pareja escudos dep\u00f3sito Ducati 98S, italiana - Tienda de todotrial","isPartOf":{"@id":"https:\/\/todotrial.com\/tienda\/#website"},"primaryImageOfPage":{"@id":"https:\/\/todotrial.com\/tienda\/escudos-metalicos2019-03-03-11-49-14\/#primaryimage"},"image":{"@id":"https:\/\/todotrial.com\/tienda\/escudos-metalicos2019-03-03-11-49-14\/#primaryimage"},"thumbnailUrl":"https:\/\/todotrial.com\/tienda\/wp-content\/uploads\/2019\/03\/escudos_deposito_ducati.jpg","datePublished":"2019-03-03T11:49:14+00:00","dateModified":"2025-03-21T23:35:59+00:00","breadcrumb":{"@id":"https:\/\/todotrial.com\/tienda\/escudos-metalicos2019-03-03-11-49-14\/#breadcrumb"},"inLanguage":"es","potentialAction":[{"@type":"ReadAction","target":["https:\/\/todotrial.com\/tienda\/escudos-metalicos2019-03-03-11-49-14\/"]}]},{"@type":"ImageObject","inLanguage":"es","@id":"https:\/\/todotrial.com\/tienda\/escudos-metalicos2019-03-03-11-49-14\/#primaryimage","url":"https:\/\/todotrial.com\/tienda\/wp-content\/uploads\/2019\/03\/escudos_deposito_ducati.jpg","contentUrl":"https:\/\/todotrial.com\/tienda\/wp-content\/uploads\/2019\/03\/escudos_deposito_ducati.jpg","width":464,"height":330},{"@type":"BreadcrumbList","@id":"https:\/\/todotrial.com\/tienda\/escudos-metalicos2019-03-03-11-49-14\/#breadcrumb","itemListElement":[{"@type":"ListItem","position":1,"name":"Portada","item":"https:\/\/todotrial.com\/tienda\/"},{"@type":"ListItem","position":2,"name":"Shop","item":"https:\/\/todotrial.com\/tienda\/shop\/"},{"@type":"ListItem","position":3,"name":"pareja escudos dep\u00f3sito Ducati 98S, italiana"}]},{"@type":"WebSite","@id":"https:\/\/todotrial.com\/tienda\/#website","url":"https:\/\/todotrial.com\/tienda\/","name":"Tienda de todotrial","description":"","potentialAction":[{"@type":"SearchAction","target":{"@type":"EntryPoint","urlTemplate":"https:\/\/todotrial.com\/tienda\/?s={search_term_string}"},"query-input":{"@type":"PropertyValueSpecification","valueRequired":true,"valueName":"search_term_string"}}],"inLanguage":"es"}]}},"_links":{"self":[{"href":"https:\/\/todotrial.com\/tienda\/wp-json\/wp\/v2\/product\/14335","targetHints":{"allow":["GET"]}}],"collection":[{"href":"https:\/\/todotrial.com\/tienda\/wp-json\/wp\/v2\/product"}],"about":[{"href":"https:\/\/todotrial.com\/tienda\/wp-json\/wp\/v2\/types\/product"}],"replies":[{"embeddable":true,"href":"https:\/\/todotrial.com\/tienda\/wp-json\/wp\/v2\/comments?post=14335"}],"version-history":[{"count":1,"href":"https:\/\/todotrial.com\/tienda\/wp-json\/wp\/v2\/product\/14335\/revisions"}],"predecessor-version":[{"id":54096,"href":"https:\/\/todotrial.com\/tienda\/wp-json\/wp\/v2\/product\/14335\/revisions\/54096"}],"wp:featuredmedia":[{"embeddable":true,"href":"https:\/\/todotrial.com\/tienda\/wp-json\/wp\/v2\/media\/14334"}],"wp:attachment":[{"href":"https:\/\/todotrial.com\/tienda\/wp-json\/wp\/v2\/media?parent=14335"}],"wp:term":[{"taxonomy":"product_brand","embeddable":true,"href":"https:\/\/todotrial.com\/tienda\/wp-json\/wp\/v2\/product_brand?post=14335"},{"taxonomy":"product_cat","embeddable":true,"href":"https:\/\/todotrial.com\/tienda\/wp-json\/wp\/v2\/product_cat?post=14335"},{"taxonomy":"product_tag","embeddable":true,"href":"https:\/\/todotrial.com\/tienda\/wp-json\/wp\/v2\/product_tag?post=14335"}],"curies":[{"name":"wp","href":"https:\/\/api.w.org\/{rel}","templated":true}]}}