{"id":14249,"date":"2019-02-17T22:02:00","date_gmt":"2019-02-17T22:02:00","guid":{"rendered":"https:\/\/todotrial.com\/tienda\/product\/manillar2019-02-17-22-02-00\/"},"modified":"2025-02-20T17:45:43","modified_gmt":"2025-02-20T16:45:43","slug":"manillar2019-02-17-22-02-00","status":"publish","type":"product","link":"https:\/\/todotrial.com\/tienda\/manillar2019-02-17-22-02-00\/","title":{"rendered":"Beta,Sherco,Gas Gas,Scorpa,Montesa,Vertigo Trial Kit de 8 piezas Elevador del Manillar FATBAR"},"content":{"rendered":"<p>Beta,Sherco,Gas Gas,Scorpa,Montesa,Vertigo Trial Kit de 8 piezas Elevador del Manillar FATBAR.<\/p>\n<p>Este kit consta de un espaciador plano de 5 mm, espaciador plano de 10 mm, espaciador macho de 5 mm, espaciador hembra de 5 mm. Todos los espaciadores se pueden usar juntos, por ejemplo, el macho y la hembra se pueden usar juntos para hacer un espaciador plano de 25 mm, los otros espaciadores planos se pueden agregar para dar a\u00fan m\u00e1s altura. El espaciador macho tambi\u00e9n se puede usar para colocar una abrazadera inferior fija, etc. \u00a1Las posibilidades son infinitas! Este es un kit de 8 piezas (4 para cada abrazadera de barra) que incluye 12 pernos de 3 longitudes diferentes para diferentes configuraciones de espaciador. Estos son un dise\u00f1o absolutamente brillante. Un producto de primera calidad fabricado en aluminio forjado.<\/p>\n","protected":false},"excerpt":{"rendered":"<p>Beta,Sherco,Gas Gas,Scorpa,Montesa,Vertigo Trial Kit de 8 piezas Elevador del Manillar FATBAR.<br \/>\nVer detalles.<\/p>\n","protected":false},"featured_media":14248,"comment_status":"open","ping_status":"closed","template":"","meta":[],"product_brand":[],"product_cat":[15],"product_tag":[],"class_list":{"0":"post-14249","1":"product","2":"type-product","3":"status-publish","4":"has-post-thumbnail","6":"product_cat-uncategorized","8":"first","9":"instock","10":"taxable","11":"shipping-taxable","12":"purchasable","13":"product-type-simple"},"yoast_head":"<!-- This site is optimized with the Yoast SEO Premium plugin v21.2 (Yoast SEO v27.3) - https:\/\/yoast.com\/product\/yoast-seo-premium-wordpress\/ -->\n<title>Beta,Sherco,Gas Gas,Scorpa,Montesa,Vertigo Trial Kit de 8 piezas Elevador del Manillar FATBAR - Tienda de todotrial<\/title>\n<meta name=\"robots\" content=\"index, follow, max-snippet:-1, max-image-preview:large, max-video-preview:-1\" \/>\n<link rel=\"canonical\" href=\"https:\/\/todotrial.com\/tienda\/manillar2019-02-17-22-02-00\/\" \/>\n<meta property=\"og:locale\" content=\"es_ES\" \/>\n<meta property=\"og:type\" content=\"article\" \/>\n<meta property=\"og:title\" content=\"Beta,Sherco,Gas Gas,Scorpa,Montesa,Vertigo Trial Kit de 8 piezas Elevador del Manillar FATBAR\" \/>\n<meta property=\"og:description\" content=\"Beta,Sherco,Gas Gas,Scorpa,Montesa,Vertigo Trial Kit de 8 piezas Elevador del Manillar FATBAR. Ver detalles.\" \/>\n<meta property=\"og:url\" content=\"https:\/\/todotrial.com\/tienda\/manillar2019-02-17-22-02-00\/\" \/>\n<meta property=\"og:site_name\" content=\"Tienda de todotrial\" \/>\n<meta property=\"article:modified_time\" content=\"2025-02-20T16:45:43+00:00\" \/>\n<meta property=\"og:image\" content=\"https:\/\/todotrial.com\/tienda\/wp-content\/uploads\/2019\/02\/kit_elevador_de_manillar.jpg\" \/>\n\t<meta property=\"og:image:width\" content=\"376\" \/>\n\t<meta property=\"og:image:height\" content=\"602\" \/>\n\t<meta property=\"og:image:type\" content=\"image\/jpeg\" \/>\n<meta name=\"twitter:card\" content=\"summary_large_image\" \/>\n<meta name=\"twitter:label1\" content=\"Tiempo de lectura\" \/>\n\t<meta name=\"twitter:data1\" content=\"1 minuto\" \/>\n<script type=\"application\/ld+json\" class=\"yoast-schema-graph\">{\"@context\":\"https:\\\/\\\/schema.org\",\"@graph\":[{\"@type\":\"WebPage\",\"@id\":\"https:\\\/\\\/todotrial.com\\\/tienda\\\/manillar2019-02-17-22-02-00\\\/\",\"url\":\"https:\\\/\\\/todotrial.com\\\/tienda\\\/manillar2019-02-17-22-02-00\\\/\",\"name\":\"Beta,Sherco,Gas Gas,Scorpa,Montesa,Vertigo Trial Kit de 8 piezas Elevador del Manillar FATBAR - Tienda de todotrial\",\"isPartOf\":{\"@id\":\"https:\\\/\\\/todotrial.com\\\/tienda\\\/#website\"},\"primaryImageOfPage\":{\"@id\":\"https:\\\/\\\/todotrial.com\\\/tienda\\\/manillar2019-02-17-22-02-00\\\/#primaryimage\"},\"image\":{\"@id\":\"https:\\\/\\\/todotrial.com\\\/tienda\\\/manillar2019-02-17-22-02-00\\\/#primaryimage\"},\"thumbnailUrl\":\"https:\\\/\\\/todotrial.com\\\/tienda\\\/wp-content\\\/uploads\\\/2019\\\/02\\\/kit_elevador_de_manillar.jpg\",\"datePublished\":\"2019-02-17T22:02:00+00:00\",\"dateModified\":\"2025-02-20T16:45:43+00:00\",\"breadcrumb\":{\"@id\":\"https:\\\/\\\/todotrial.com\\\/tienda\\\/manillar2019-02-17-22-02-00\\\/#breadcrumb\"},\"inLanguage\":\"es\",\"potentialAction\":[{\"@type\":\"ReadAction\",\"target\":[\"https:\\\/\\\/todotrial.com\\\/tienda\\\/manillar2019-02-17-22-02-00\\\/\"]}]},{\"@type\":\"ImageObject\",\"inLanguage\":\"es\",\"@id\":\"https:\\\/\\\/todotrial.com\\\/tienda\\\/manillar2019-02-17-22-02-00\\\/#primaryimage\",\"url\":\"https:\\\/\\\/todotrial.com\\\/tienda\\\/wp-content\\\/uploads\\\/2019\\\/02\\\/kit_elevador_de_manillar.jpg\",\"contentUrl\":\"https:\\\/\\\/todotrial.com\\\/tienda\\\/wp-content\\\/uploads\\\/2019\\\/02\\\/kit_elevador_de_manillar.jpg\",\"width\":376,\"height\":602},{\"@type\":\"BreadcrumbList\",\"@id\":\"https:\\\/\\\/todotrial.com\\\/tienda\\\/manillar2019-02-17-22-02-00\\\/#breadcrumb\",\"itemListElement\":[{\"@type\":\"ListItem\",\"position\":1,\"name\":\"Portada\",\"item\":\"https:\\\/\\\/todotrial.com\\\/tienda\\\/\"},{\"@type\":\"ListItem\",\"position\":2,\"name\":\"Shop\",\"item\":\"https:\\\/\\\/todotrial.com\\\/tienda\\\/shop\\\/\"},{\"@type\":\"ListItem\",\"position\":3,\"name\":\"Beta,Sherco,Gas Gas,Scorpa,Montesa,Vertigo Trial Kit de 8 piezas Elevador del Manillar FATBAR\"}]},{\"@type\":\"WebSite\",\"@id\":\"https:\\\/\\\/todotrial.com\\\/tienda\\\/#website\",\"url\":\"https:\\\/\\\/todotrial.com\\\/tienda\\\/\",\"name\":\"Tienda de todotrial\",\"description\":\"\",\"potentialAction\":[{\"@type\":\"SearchAction\",\"target\":{\"@type\":\"EntryPoint\",\"urlTemplate\":\"https:\\\/\\\/todotrial.com\\\/tienda\\\/?s={search_term_string}\"},\"query-input\":{\"@type\":\"PropertyValueSpecification\",\"valueRequired\":true,\"valueName\":\"search_term_string\"}}],\"inLanguage\":\"es\"}]}<\/script>\n<!-- \/ Yoast SEO Premium plugin. -->","yoast_head_json":{"title":"Beta,Sherco,Gas Gas,Scorpa,Montesa,Vertigo Trial Kit de 8 piezas Elevador del Manillar FATBAR - Tienda de todotrial","robots":{"index":"index","follow":"follow","max-snippet":"max-snippet:-1","max-image-preview":"max-image-preview:large","max-video-preview":"max-video-preview:-1"},"canonical":"https:\/\/todotrial.com\/tienda\/manillar2019-02-17-22-02-00\/","og_locale":"es_ES","og_type":"article","og_title":"Beta,Sherco,Gas Gas,Scorpa,Montesa,Vertigo Trial Kit de 8 piezas Elevador del Manillar FATBAR","og_description":"Beta,Sherco,Gas Gas,Scorpa,Montesa,Vertigo Trial Kit de 8 piezas Elevador del Manillar FATBAR. Ver detalles.","og_url":"https:\/\/todotrial.com\/tienda\/manillar2019-02-17-22-02-00\/","og_site_name":"Tienda de todotrial","article_modified_time":"2025-02-20T16:45:43+00:00","og_image":[{"width":376,"height":602,"url":"https:\/\/todotrial.com\/tienda\/wp-content\/uploads\/2019\/02\/kit_elevador_de_manillar.jpg","type":"image\/jpeg"}],"twitter_card":"summary_large_image","twitter_misc":{"Tiempo de lectura":"1 minuto"},"schema":{"@context":"https:\/\/schema.org","@graph":[{"@type":"WebPage","@id":"https:\/\/todotrial.com\/tienda\/manillar2019-02-17-22-02-00\/","url":"https:\/\/todotrial.com\/tienda\/manillar2019-02-17-22-02-00\/","name":"Beta,Sherco,Gas Gas,Scorpa,Montesa,Vertigo Trial Kit de 8 piezas Elevador del Manillar FATBAR - Tienda de todotrial","isPartOf":{"@id":"https:\/\/todotrial.com\/tienda\/#website"},"primaryImageOfPage":{"@id":"https:\/\/todotrial.com\/tienda\/manillar2019-02-17-22-02-00\/#primaryimage"},"image":{"@id":"https:\/\/todotrial.com\/tienda\/manillar2019-02-17-22-02-00\/#primaryimage"},"thumbnailUrl":"https:\/\/todotrial.com\/tienda\/wp-content\/uploads\/2019\/02\/kit_elevador_de_manillar.jpg","datePublished":"2019-02-17T22:02:00+00:00","dateModified":"2025-02-20T16:45:43+00:00","breadcrumb":{"@id":"https:\/\/todotrial.com\/tienda\/manillar2019-02-17-22-02-00\/#breadcrumb"},"inLanguage":"es","potentialAction":[{"@type":"ReadAction","target":["https:\/\/todotrial.com\/tienda\/manillar2019-02-17-22-02-00\/"]}]},{"@type":"ImageObject","inLanguage":"es","@id":"https:\/\/todotrial.com\/tienda\/manillar2019-02-17-22-02-00\/#primaryimage","url":"https:\/\/todotrial.com\/tienda\/wp-content\/uploads\/2019\/02\/kit_elevador_de_manillar.jpg","contentUrl":"https:\/\/todotrial.com\/tienda\/wp-content\/uploads\/2019\/02\/kit_elevador_de_manillar.jpg","width":376,"height":602},{"@type":"BreadcrumbList","@id":"https:\/\/todotrial.com\/tienda\/manillar2019-02-17-22-02-00\/#breadcrumb","itemListElement":[{"@type":"ListItem","position":1,"name":"Portada","item":"https:\/\/todotrial.com\/tienda\/"},{"@type":"ListItem","position":2,"name":"Shop","item":"https:\/\/todotrial.com\/tienda\/shop\/"},{"@type":"ListItem","position":3,"name":"Beta,Sherco,Gas Gas,Scorpa,Montesa,Vertigo Trial Kit de 8 piezas Elevador del Manillar FATBAR"}]},{"@type":"WebSite","@id":"https:\/\/todotrial.com\/tienda\/#website","url":"https:\/\/todotrial.com\/tienda\/","name":"Tienda de todotrial","description":"","potentialAction":[{"@type":"SearchAction","target":{"@type":"EntryPoint","urlTemplate":"https:\/\/todotrial.com\/tienda\/?s={search_term_string}"},"query-input":{"@type":"PropertyValueSpecification","valueRequired":true,"valueName":"search_term_string"}}],"inLanguage":"es"}]}},"_links":{"self":[{"href":"https:\/\/todotrial.com\/tienda\/wp-json\/wp\/v2\/product\/14249","targetHints":{"allow":["GET"]}}],"collection":[{"href":"https:\/\/todotrial.com\/tienda\/wp-json\/wp\/v2\/product"}],"about":[{"href":"https:\/\/todotrial.com\/tienda\/wp-json\/wp\/v2\/types\/product"}],"replies":[{"embeddable":true,"href":"https:\/\/todotrial.com\/tienda\/wp-json\/wp\/v2\/comments?post=14249"}],"version-history":[{"count":0,"href":"https:\/\/todotrial.com\/tienda\/wp-json\/wp\/v2\/product\/14249\/revisions"}],"wp:featuredmedia":[{"embeddable":true,"href":"https:\/\/todotrial.com\/tienda\/wp-json\/wp\/v2\/media\/14248"}],"wp:attachment":[{"href":"https:\/\/todotrial.com\/tienda\/wp-json\/wp\/v2\/media?parent=14249"}],"wp:term":[{"taxonomy":"product_brand","embeddable":true,"href":"https:\/\/todotrial.com\/tienda\/wp-json\/wp\/v2\/product_brand?post=14249"},{"taxonomy":"product_cat","embeddable":true,"href":"https:\/\/todotrial.com\/tienda\/wp-json\/wp\/v2\/product_cat?post=14249"},{"taxonomy":"product_tag","embeddable":true,"href":"https:\/\/todotrial.com\/tienda\/wp-json\/wp\/v2\/product_tag?post=14249"}],"curies":[{"name":"wp","href":"https:\/\/api.w.org\/{rel}","templated":true}]}}