{"id":14245,"date":"2019-02-17T21:40:57","date_gmt":"2019-02-17T21:40:57","guid":{"rendered":"https:\/\/todotrial.com\/tienda\/product\/motor2019-02-17-21-40-57\/"},"modified":"2025-02-20T17:45:46","modified_gmt":"2025-02-20T16:45:46","slug":"motor2019-02-17-21-40-57","status":"publish","type":"product","link":"https:\/\/todotrial.com\/tienda\/motor2019-02-17-21-40-57\/","title":{"rendered":"BETA REV\/EVO TRIAL 2002-2019 Junta cabeza de cilindro \u00abtodos los tama\u00f1os\u00bb"},"content":{"rendered":"<p>BETA REV\/EVO TRIAL 2002-2019 Junta cabeza de cilindro \u00abtodos los tama\u00f1os\u00bb,<br \/>Por favor, av\u00edsenos en el proceso de pago qu\u00e9 tama\u00f1o de motor tiene su moto (en cc) para que podamos estar seguros de que recibir\u00e1 la junta correcta.<\/p>\n","protected":false},"excerpt":{"rendered":"<p>BETA REV\/EVO TRIAL 2002-2019 Junta cabeza de cilindro \u00abtodos los tama\u00f1os\u00bb,<br \/>\nPor favor, av\u00edsenos en el proceso de pago qu\u00e9 tama\u00f1o de motor tiene su moto (en cc) para que podamos estar seguros de que recibir\u00e1 la junta correcta.<\/p>\n","protected":false},"featured_media":14244,"comment_status":"open","ping_status":"closed","template":"","meta":[],"product_brand":[],"product_cat":[15],"product_tag":[],"class_list":{"0":"post-14245","1":"product","2":"type-product","3":"status-publish","4":"has-post-thumbnail","6":"product_cat-uncategorized","8":"first","9":"instock","10":"taxable","11":"shipping-taxable","12":"purchasable","13":"product-type-simple"},"yoast_head":"<!-- This site is optimized with the Yoast SEO Premium plugin v21.2 (Yoast SEO v27.3) - https:\/\/yoast.com\/product\/yoast-seo-premium-wordpress\/ -->\n<title>BETA REV\/EVO TRIAL 2002-2019 Junta cabeza de cilindro &quot;todos los tama\u00f1os&quot; - Tienda de todotrial<\/title>\n<meta name=\"robots\" content=\"index, follow, max-snippet:-1, max-image-preview:large, max-video-preview:-1\" \/>\n<link rel=\"canonical\" href=\"https:\/\/todotrial.com\/tienda\/motor2019-02-17-21-40-57\/\" \/>\n<meta property=\"og:locale\" content=\"es_ES\" \/>\n<meta property=\"og:type\" content=\"article\" \/>\n<meta property=\"og:title\" content=\"BETA REV\/EVO TRIAL 2002-2019 Junta cabeza de cilindro &quot;todos los tama\u00f1os&quot;\" \/>\n<meta property=\"og:description\" content=\"BETA REV\/EVO TRIAL 2002-2019 Junta cabeza de cilindro &quot;todos los tama\u00f1os&quot;, Por favor, av\u00edsenos en el proceso de pago qu\u00e9 tama\u00f1o de motor tiene su moto (en cc) para que podamos estar seguros de que recibir\u00e1 la junta correcta.\" \/>\n<meta property=\"og:url\" content=\"https:\/\/todotrial.com\/tienda\/motor2019-02-17-21-40-57\/\" \/>\n<meta property=\"og:site_name\" content=\"Tienda de todotrial\" \/>\n<meta property=\"article:modified_time\" content=\"2025-02-20T16:45:46+00:00\" \/>\n<meta property=\"og:image\" content=\"https:\/\/todotrial.com\/tienda\/wp-content\/uploads\/2019\/02\/beta_junta_cabeza_cilindro.jpg\" \/>\n\t<meta property=\"og:image:width\" content=\"796\" \/>\n\t<meta property=\"og:image:height\" content=\"478\" \/>\n\t<meta property=\"og:image:type\" content=\"image\/jpeg\" \/>\n<meta name=\"twitter:card\" content=\"summary_large_image\" \/>\n<script type=\"application\/ld+json\" class=\"yoast-schema-graph\">{\"@context\":\"https:\\\/\\\/schema.org\",\"@graph\":[{\"@type\":\"WebPage\",\"@id\":\"https:\\\/\\\/todotrial.com\\\/tienda\\\/motor2019-02-17-21-40-57\\\/\",\"url\":\"https:\\\/\\\/todotrial.com\\\/tienda\\\/motor2019-02-17-21-40-57\\\/\",\"name\":\"BETA REV\\\/EVO TRIAL 2002-2019 Junta cabeza de cilindro \\\"todos los tama\u00f1os\\\" - Tienda de todotrial\",\"isPartOf\":{\"@id\":\"https:\\\/\\\/todotrial.com\\\/tienda\\\/#website\"},\"primaryImageOfPage\":{\"@id\":\"https:\\\/\\\/todotrial.com\\\/tienda\\\/motor2019-02-17-21-40-57\\\/#primaryimage\"},\"image\":{\"@id\":\"https:\\\/\\\/todotrial.com\\\/tienda\\\/motor2019-02-17-21-40-57\\\/#primaryimage\"},\"thumbnailUrl\":\"https:\\\/\\\/todotrial.com\\\/tienda\\\/wp-content\\\/uploads\\\/2019\\\/02\\\/beta_junta_cabeza_cilindro.jpg\",\"datePublished\":\"2019-02-17T21:40:57+00:00\",\"dateModified\":\"2025-02-20T16:45:46+00:00\",\"breadcrumb\":{\"@id\":\"https:\\\/\\\/todotrial.com\\\/tienda\\\/motor2019-02-17-21-40-57\\\/#breadcrumb\"},\"inLanguage\":\"es\",\"potentialAction\":[{\"@type\":\"ReadAction\",\"target\":[\"https:\\\/\\\/todotrial.com\\\/tienda\\\/motor2019-02-17-21-40-57\\\/\"]}]},{\"@type\":\"ImageObject\",\"inLanguage\":\"es\",\"@id\":\"https:\\\/\\\/todotrial.com\\\/tienda\\\/motor2019-02-17-21-40-57\\\/#primaryimage\",\"url\":\"https:\\\/\\\/todotrial.com\\\/tienda\\\/wp-content\\\/uploads\\\/2019\\\/02\\\/beta_junta_cabeza_cilindro.jpg\",\"contentUrl\":\"https:\\\/\\\/todotrial.com\\\/tienda\\\/wp-content\\\/uploads\\\/2019\\\/02\\\/beta_junta_cabeza_cilindro.jpg\",\"width\":796,\"height\":478},{\"@type\":\"BreadcrumbList\",\"@id\":\"https:\\\/\\\/todotrial.com\\\/tienda\\\/motor2019-02-17-21-40-57\\\/#breadcrumb\",\"itemListElement\":[{\"@type\":\"ListItem\",\"position\":1,\"name\":\"Portada\",\"item\":\"https:\\\/\\\/todotrial.com\\\/tienda\\\/\"},{\"@type\":\"ListItem\",\"position\":2,\"name\":\"Shop\",\"item\":\"https:\\\/\\\/todotrial.com\\\/tienda\\\/shop\\\/\"},{\"@type\":\"ListItem\",\"position\":3,\"name\":\"BETA REV\\\/EVO TRIAL 2002-2019 Junta cabeza de cilindro \u00abtodos los tama\u00f1os\u00bb\"}]},{\"@type\":\"WebSite\",\"@id\":\"https:\\\/\\\/todotrial.com\\\/tienda\\\/#website\",\"url\":\"https:\\\/\\\/todotrial.com\\\/tienda\\\/\",\"name\":\"Tienda de todotrial\",\"description\":\"\",\"potentialAction\":[{\"@type\":\"SearchAction\",\"target\":{\"@type\":\"EntryPoint\",\"urlTemplate\":\"https:\\\/\\\/todotrial.com\\\/tienda\\\/?s={search_term_string}\"},\"query-input\":{\"@type\":\"PropertyValueSpecification\",\"valueRequired\":true,\"valueName\":\"search_term_string\"}}],\"inLanguage\":\"es\"}]}<\/script>\n<!-- \/ Yoast SEO Premium plugin. -->","yoast_head_json":{"title":"BETA REV\/EVO TRIAL 2002-2019 Junta cabeza de cilindro \"todos los tama\u00f1os\" - Tienda de todotrial","robots":{"index":"index","follow":"follow","max-snippet":"max-snippet:-1","max-image-preview":"max-image-preview:large","max-video-preview":"max-video-preview:-1"},"canonical":"https:\/\/todotrial.com\/tienda\/motor2019-02-17-21-40-57\/","og_locale":"es_ES","og_type":"article","og_title":"BETA REV\/EVO TRIAL 2002-2019 Junta cabeza de cilindro \"todos los tama\u00f1os\"","og_description":"BETA REV\/EVO TRIAL 2002-2019 Junta cabeza de cilindro \"todos los tama\u00f1os\", Por favor, av\u00edsenos en el proceso de pago qu\u00e9 tama\u00f1o de motor tiene su moto (en cc) para que podamos estar seguros de que recibir\u00e1 la junta correcta.","og_url":"https:\/\/todotrial.com\/tienda\/motor2019-02-17-21-40-57\/","og_site_name":"Tienda de todotrial","article_modified_time":"2025-02-20T16:45:46+00:00","og_image":[{"width":796,"height":478,"url":"https:\/\/todotrial.com\/tienda\/wp-content\/uploads\/2019\/02\/beta_junta_cabeza_cilindro.jpg","type":"image\/jpeg"}],"twitter_card":"summary_large_image","schema":{"@context":"https:\/\/schema.org","@graph":[{"@type":"WebPage","@id":"https:\/\/todotrial.com\/tienda\/motor2019-02-17-21-40-57\/","url":"https:\/\/todotrial.com\/tienda\/motor2019-02-17-21-40-57\/","name":"BETA REV\/EVO TRIAL 2002-2019 Junta cabeza de cilindro \"todos los tama\u00f1os\" - Tienda de todotrial","isPartOf":{"@id":"https:\/\/todotrial.com\/tienda\/#website"},"primaryImageOfPage":{"@id":"https:\/\/todotrial.com\/tienda\/motor2019-02-17-21-40-57\/#primaryimage"},"image":{"@id":"https:\/\/todotrial.com\/tienda\/motor2019-02-17-21-40-57\/#primaryimage"},"thumbnailUrl":"https:\/\/todotrial.com\/tienda\/wp-content\/uploads\/2019\/02\/beta_junta_cabeza_cilindro.jpg","datePublished":"2019-02-17T21:40:57+00:00","dateModified":"2025-02-20T16:45:46+00:00","breadcrumb":{"@id":"https:\/\/todotrial.com\/tienda\/motor2019-02-17-21-40-57\/#breadcrumb"},"inLanguage":"es","potentialAction":[{"@type":"ReadAction","target":["https:\/\/todotrial.com\/tienda\/motor2019-02-17-21-40-57\/"]}]},{"@type":"ImageObject","inLanguage":"es","@id":"https:\/\/todotrial.com\/tienda\/motor2019-02-17-21-40-57\/#primaryimage","url":"https:\/\/todotrial.com\/tienda\/wp-content\/uploads\/2019\/02\/beta_junta_cabeza_cilindro.jpg","contentUrl":"https:\/\/todotrial.com\/tienda\/wp-content\/uploads\/2019\/02\/beta_junta_cabeza_cilindro.jpg","width":796,"height":478},{"@type":"BreadcrumbList","@id":"https:\/\/todotrial.com\/tienda\/motor2019-02-17-21-40-57\/#breadcrumb","itemListElement":[{"@type":"ListItem","position":1,"name":"Portada","item":"https:\/\/todotrial.com\/tienda\/"},{"@type":"ListItem","position":2,"name":"Shop","item":"https:\/\/todotrial.com\/tienda\/shop\/"},{"@type":"ListItem","position":3,"name":"BETA REV\/EVO TRIAL 2002-2019 Junta cabeza de cilindro \u00abtodos los tama\u00f1os\u00bb"}]},{"@type":"WebSite","@id":"https:\/\/todotrial.com\/tienda\/#website","url":"https:\/\/todotrial.com\/tienda\/","name":"Tienda de todotrial","description":"","potentialAction":[{"@type":"SearchAction","target":{"@type":"EntryPoint","urlTemplate":"https:\/\/todotrial.com\/tienda\/?s={search_term_string}"},"query-input":{"@type":"PropertyValueSpecification","valueRequired":true,"valueName":"search_term_string"}}],"inLanguage":"es"}]}},"_links":{"self":[{"href":"https:\/\/todotrial.com\/tienda\/wp-json\/wp\/v2\/product\/14245","targetHints":{"allow":["GET"]}}],"collection":[{"href":"https:\/\/todotrial.com\/tienda\/wp-json\/wp\/v2\/product"}],"about":[{"href":"https:\/\/todotrial.com\/tienda\/wp-json\/wp\/v2\/types\/product"}],"replies":[{"embeddable":true,"href":"https:\/\/todotrial.com\/tienda\/wp-json\/wp\/v2\/comments?post=14245"}],"version-history":[{"count":0,"href":"https:\/\/todotrial.com\/tienda\/wp-json\/wp\/v2\/product\/14245\/revisions"}],"wp:featuredmedia":[{"embeddable":true,"href":"https:\/\/todotrial.com\/tienda\/wp-json\/wp\/v2\/media\/14244"}],"wp:attachment":[{"href":"https:\/\/todotrial.com\/tienda\/wp-json\/wp\/v2\/media?parent=14245"}],"wp:term":[{"taxonomy":"product_brand","embeddable":true,"href":"https:\/\/todotrial.com\/tienda\/wp-json\/wp\/v2\/product_brand?post=14245"},{"taxonomy":"product_cat","embeddable":true,"href":"https:\/\/todotrial.com\/tienda\/wp-json\/wp\/v2\/product_cat?post=14245"},{"taxonomy":"product_tag","embeddable":true,"href":"https:\/\/todotrial.com\/tienda\/wp-json\/wp\/v2\/product_tag?post=14245"}],"curies":[{"name":"wp","href":"https:\/\/api.w.org\/{rel}","templated":true}]}}