{"id":14241,"date":"2019-02-17T21:18:40","date_gmt":"2019-02-17T21:18:40","guid":{"rendered":"https:\/\/todotrial.com\/tienda\/product\/tapa-embrague2019-02-17-21-18-40\/"},"modified":"2025-02-20T17:45:47","modified_gmt":"2025-02-20T16:45:47","slug":"tapa-embrague2019-02-17-21-18-40","status":"publish","type":"product","link":"https:\/\/todotrial.com\/tienda\/tapa-embrague2019-02-17-21-18-40\/","title":{"rendered":"BETA REV.3 y EVO todos los modelos trial 2002-2019 Cubierta completa del embrague"},"content":{"rendered":"<p>BETA REV.3 y EVO todos los modelos trial 2002-2019 Cubierta completa del embrague.<br \/>Est\u00e1 fabricada de pl\u00e1stico ABS de primera calidad con un efecto de fibra de carbono muy realista. Es muy fuerte, por lo que no se producen da\u00f1os en la cubierta del embrague vulnerable. \u00a1Un mod realmente agradable que es est\u00e9ticamente agradable adem\u00e1s de servir a un prop\u00f3sito! Simplemente se ajustan con el uso de los pernos existentes en la moto junto con 1 atadura de cables (suministrada).<\/p>\n","protected":false},"excerpt":{"rendered":"<p>BETA REV.3 y EVO todos los modelos trial 2002-2019 Cubierta completa del embrague<\/p>\n","protected":false},"featured_media":14240,"comment_status":"open","ping_status":"closed","template":"","meta":[],"product_brand":[],"product_cat":[15],"product_tag":[],"class_list":{"0":"post-14241","1":"product","2":"type-product","3":"status-publish","4":"has-post-thumbnail","6":"product_cat-uncategorized","8":"first","9":"instock","10":"taxable","11":"shipping-taxable","12":"purchasable","13":"product-type-simple"},"yoast_head":"<!-- This site is optimized with the Yoast SEO Premium plugin v21.2 (Yoast SEO v27.3) - https:\/\/yoast.com\/product\/yoast-seo-premium-wordpress\/ -->\n<title>BETA REV.3 y EVO todos los modelos trial 2002-2019 Cubierta completa del embrague - Tienda de todotrial<\/title>\n<meta name=\"robots\" content=\"index, follow, max-snippet:-1, max-image-preview:large, max-video-preview:-1\" \/>\n<link rel=\"canonical\" href=\"https:\/\/todotrial.com\/tienda\/tapa-embrague2019-02-17-21-18-40\/\" \/>\n<meta property=\"og:locale\" content=\"es_ES\" \/>\n<meta property=\"og:type\" content=\"article\" \/>\n<meta property=\"og:title\" content=\"BETA REV.3 y EVO todos los modelos trial 2002-2019 Cubierta completa del embrague\" \/>\n<meta property=\"og:description\" content=\"BETA REV.3 y EVO todos los modelos trial 2002-2019 Cubierta completa del embrague\" \/>\n<meta property=\"og:url\" content=\"https:\/\/todotrial.com\/tienda\/tapa-embrague2019-02-17-21-18-40\/\" \/>\n<meta property=\"og:site_name\" content=\"Tienda de todotrial\" \/>\n<meta property=\"article:modified_time\" content=\"2025-02-20T16:45:47+00:00\" \/>\n<meta property=\"og:image\" content=\"https:\/\/todotrial.com\/tienda\/wp-content\/uploads\/2019\/02\/beta_tapa_embrague.jpg\" \/>\n\t<meta property=\"og:image:width\" content=\"490\" \/>\n\t<meta property=\"og:image:height\" content=\"298\" \/>\n\t<meta property=\"og:image:type\" content=\"image\/jpeg\" \/>\n<meta name=\"twitter:card\" content=\"summary_large_image\" \/>\n<script type=\"application\/ld+json\" class=\"yoast-schema-graph\">{\"@context\":\"https:\\\/\\\/schema.org\",\"@graph\":[{\"@type\":\"WebPage\",\"@id\":\"https:\\\/\\\/todotrial.com\\\/tienda\\\/tapa-embrague2019-02-17-21-18-40\\\/\",\"url\":\"https:\\\/\\\/todotrial.com\\\/tienda\\\/tapa-embrague2019-02-17-21-18-40\\\/\",\"name\":\"BETA REV.3 y EVO todos los modelos trial 2002-2019 Cubierta completa del embrague - Tienda de todotrial\",\"isPartOf\":{\"@id\":\"https:\\\/\\\/todotrial.com\\\/tienda\\\/#website\"},\"primaryImageOfPage\":{\"@id\":\"https:\\\/\\\/todotrial.com\\\/tienda\\\/tapa-embrague2019-02-17-21-18-40\\\/#primaryimage\"},\"image\":{\"@id\":\"https:\\\/\\\/todotrial.com\\\/tienda\\\/tapa-embrague2019-02-17-21-18-40\\\/#primaryimage\"},\"thumbnailUrl\":\"https:\\\/\\\/todotrial.com\\\/tienda\\\/wp-content\\\/uploads\\\/2019\\\/02\\\/beta_tapa_embrague.jpg\",\"datePublished\":\"2019-02-17T21:18:40+00:00\",\"dateModified\":\"2025-02-20T16:45:47+00:00\",\"breadcrumb\":{\"@id\":\"https:\\\/\\\/todotrial.com\\\/tienda\\\/tapa-embrague2019-02-17-21-18-40\\\/#breadcrumb\"},\"inLanguage\":\"es\",\"potentialAction\":[{\"@type\":\"ReadAction\",\"target\":[\"https:\\\/\\\/todotrial.com\\\/tienda\\\/tapa-embrague2019-02-17-21-18-40\\\/\"]}]},{\"@type\":\"ImageObject\",\"inLanguage\":\"es\",\"@id\":\"https:\\\/\\\/todotrial.com\\\/tienda\\\/tapa-embrague2019-02-17-21-18-40\\\/#primaryimage\",\"url\":\"https:\\\/\\\/todotrial.com\\\/tienda\\\/wp-content\\\/uploads\\\/2019\\\/02\\\/beta_tapa_embrague.jpg\",\"contentUrl\":\"https:\\\/\\\/todotrial.com\\\/tienda\\\/wp-content\\\/uploads\\\/2019\\\/02\\\/beta_tapa_embrague.jpg\",\"width\":490,\"height\":298},{\"@type\":\"BreadcrumbList\",\"@id\":\"https:\\\/\\\/todotrial.com\\\/tienda\\\/tapa-embrague2019-02-17-21-18-40\\\/#breadcrumb\",\"itemListElement\":[{\"@type\":\"ListItem\",\"position\":1,\"name\":\"Portada\",\"item\":\"https:\\\/\\\/todotrial.com\\\/tienda\\\/\"},{\"@type\":\"ListItem\",\"position\":2,\"name\":\"Shop\",\"item\":\"https:\\\/\\\/todotrial.com\\\/tienda\\\/shop\\\/\"},{\"@type\":\"ListItem\",\"position\":3,\"name\":\"BETA REV.3 y EVO todos los modelos trial 2002-2019 Cubierta completa del embrague\"}]},{\"@type\":\"WebSite\",\"@id\":\"https:\\\/\\\/todotrial.com\\\/tienda\\\/#website\",\"url\":\"https:\\\/\\\/todotrial.com\\\/tienda\\\/\",\"name\":\"Tienda de todotrial\",\"description\":\"\",\"potentialAction\":[{\"@type\":\"SearchAction\",\"target\":{\"@type\":\"EntryPoint\",\"urlTemplate\":\"https:\\\/\\\/todotrial.com\\\/tienda\\\/?s={search_term_string}\"},\"query-input\":{\"@type\":\"PropertyValueSpecification\",\"valueRequired\":true,\"valueName\":\"search_term_string\"}}],\"inLanguage\":\"es\"}]}<\/script>\n<!-- \/ Yoast SEO Premium plugin. -->","yoast_head_json":{"title":"BETA REV.3 y EVO todos los modelos trial 2002-2019 Cubierta completa del embrague - Tienda de todotrial","robots":{"index":"index","follow":"follow","max-snippet":"max-snippet:-1","max-image-preview":"max-image-preview:large","max-video-preview":"max-video-preview:-1"},"canonical":"https:\/\/todotrial.com\/tienda\/tapa-embrague2019-02-17-21-18-40\/","og_locale":"es_ES","og_type":"article","og_title":"BETA REV.3 y EVO todos los modelos trial 2002-2019 Cubierta completa del embrague","og_description":"BETA REV.3 y EVO todos los modelos trial 2002-2019 Cubierta completa del embrague","og_url":"https:\/\/todotrial.com\/tienda\/tapa-embrague2019-02-17-21-18-40\/","og_site_name":"Tienda de todotrial","article_modified_time":"2025-02-20T16:45:47+00:00","og_image":[{"width":490,"height":298,"url":"https:\/\/todotrial.com\/tienda\/wp-content\/uploads\/2019\/02\/beta_tapa_embrague.jpg","type":"image\/jpeg"}],"twitter_card":"summary_large_image","schema":{"@context":"https:\/\/schema.org","@graph":[{"@type":"WebPage","@id":"https:\/\/todotrial.com\/tienda\/tapa-embrague2019-02-17-21-18-40\/","url":"https:\/\/todotrial.com\/tienda\/tapa-embrague2019-02-17-21-18-40\/","name":"BETA REV.3 y EVO todos los modelos trial 2002-2019 Cubierta completa del embrague - Tienda de todotrial","isPartOf":{"@id":"https:\/\/todotrial.com\/tienda\/#website"},"primaryImageOfPage":{"@id":"https:\/\/todotrial.com\/tienda\/tapa-embrague2019-02-17-21-18-40\/#primaryimage"},"image":{"@id":"https:\/\/todotrial.com\/tienda\/tapa-embrague2019-02-17-21-18-40\/#primaryimage"},"thumbnailUrl":"https:\/\/todotrial.com\/tienda\/wp-content\/uploads\/2019\/02\/beta_tapa_embrague.jpg","datePublished":"2019-02-17T21:18:40+00:00","dateModified":"2025-02-20T16:45:47+00:00","breadcrumb":{"@id":"https:\/\/todotrial.com\/tienda\/tapa-embrague2019-02-17-21-18-40\/#breadcrumb"},"inLanguage":"es","potentialAction":[{"@type":"ReadAction","target":["https:\/\/todotrial.com\/tienda\/tapa-embrague2019-02-17-21-18-40\/"]}]},{"@type":"ImageObject","inLanguage":"es","@id":"https:\/\/todotrial.com\/tienda\/tapa-embrague2019-02-17-21-18-40\/#primaryimage","url":"https:\/\/todotrial.com\/tienda\/wp-content\/uploads\/2019\/02\/beta_tapa_embrague.jpg","contentUrl":"https:\/\/todotrial.com\/tienda\/wp-content\/uploads\/2019\/02\/beta_tapa_embrague.jpg","width":490,"height":298},{"@type":"BreadcrumbList","@id":"https:\/\/todotrial.com\/tienda\/tapa-embrague2019-02-17-21-18-40\/#breadcrumb","itemListElement":[{"@type":"ListItem","position":1,"name":"Portada","item":"https:\/\/todotrial.com\/tienda\/"},{"@type":"ListItem","position":2,"name":"Shop","item":"https:\/\/todotrial.com\/tienda\/shop\/"},{"@type":"ListItem","position":3,"name":"BETA REV.3 y EVO todos los modelos trial 2002-2019 Cubierta completa del embrague"}]},{"@type":"WebSite","@id":"https:\/\/todotrial.com\/tienda\/#website","url":"https:\/\/todotrial.com\/tienda\/","name":"Tienda de todotrial","description":"","potentialAction":[{"@type":"SearchAction","target":{"@type":"EntryPoint","urlTemplate":"https:\/\/todotrial.com\/tienda\/?s={search_term_string}"},"query-input":{"@type":"PropertyValueSpecification","valueRequired":true,"valueName":"search_term_string"}}],"inLanguage":"es"}]}},"_links":{"self":[{"href":"https:\/\/todotrial.com\/tienda\/wp-json\/wp\/v2\/product\/14241","targetHints":{"allow":["GET"]}}],"collection":[{"href":"https:\/\/todotrial.com\/tienda\/wp-json\/wp\/v2\/product"}],"about":[{"href":"https:\/\/todotrial.com\/tienda\/wp-json\/wp\/v2\/types\/product"}],"replies":[{"embeddable":true,"href":"https:\/\/todotrial.com\/tienda\/wp-json\/wp\/v2\/comments?post=14241"}],"version-history":[{"count":0,"href":"https:\/\/todotrial.com\/tienda\/wp-json\/wp\/v2\/product\/14241\/revisions"}],"wp:featuredmedia":[{"embeddable":true,"href":"https:\/\/todotrial.com\/tienda\/wp-json\/wp\/v2\/media\/14240"}],"wp:attachment":[{"href":"https:\/\/todotrial.com\/tienda\/wp-json\/wp\/v2\/media?parent=14241"}],"wp:term":[{"taxonomy":"product_brand","embeddable":true,"href":"https:\/\/todotrial.com\/tienda\/wp-json\/wp\/v2\/product_brand?post=14241"},{"taxonomy":"product_cat","embeddable":true,"href":"https:\/\/todotrial.com\/tienda\/wp-json\/wp\/v2\/product_cat?post=14241"},{"taxonomy":"product_tag","embeddable":true,"href":"https:\/\/todotrial.com\/tienda\/wp-json\/wp\/v2\/product_tag?post=14241"}],"curies":[{"name":"wp","href":"https:\/\/api.w.org\/{rel}","templated":true}]}}